{"id":36260,"date":"2020-10-23T18:29:48","date_gmt":"2020-10-23T16:29:48","guid":{"rendered":"https:\/\/dein-ferienhaus-lapalma.de\/?page_id=36260"},"modified":"2021-07-16T10:12:56","modified_gmt":"2021-07-16T08:12:56","slug":"aktivitaeten","status":"publish","type":"page","link":"https:\/\/dein-ferienhaus-lapalma.de\/en\/aktivitaeten\/","title":{"rendered":"Activities"},"content":{"rendered":"<div data-elementor-type=\"wp-page\" data-elementor-id=\"36260\" class=\"elementor elementor-36260\" data-elementor-post-type=\"page\">\n\t\t\t\t\t\t<section class=\"elementor-section elementor-top-section elementor-element elementor-element-cf46cae elementor-section-boxed elementor-section-height-default elementor-section-height-default\" data-id=\"cf46cae\" data-element_type=\"section\">\n\t\t\t\t\t\t<div class=\"elementor-container elementor-column-gap-default\">\n\t\t\t\t\t<div class=\"elementor-column elementor-col-100 elementor-top-column elementor-element elementor-element-b861637\" data-id=\"b861637\" data-element_type=\"column\">\n\t\t\t<div class=\"elementor-widget-wrap elementor-element-populated\">\n\t\t\t\t\t\t<div class=\"elementor-element elementor-element-f6dcc30 elementor-widget elementor-widget-heading\" data-id=\"f6dcc30\" data-element_type=\"widget\" data-widget_type=\"heading.default\">\n\t\t\t\t<div class=\"elementor-widget-container\">\n\t\t\t<h2 class=\"elementor-heading-title elementor-size-default\">La Palma for active holidaymakers<\/h2>\t\t<\/div>\n\t\t\t\t<\/div>\n\t\t\t\t\t<\/div>\n\t\t<\/div>\n\t\t\t\t\t<\/div>\n\t\t<\/section>\n\t\t\t\t<section class=\"elementor-section elementor-top-section elementor-element elementor-element-fc9ed56 elementor-section-boxed elementor-section-height-default elementor-section-height-default\" data-id=\"fc9ed56\" data-element_type=\"section\">\n\t\t\t\t\t\t<div class=\"elementor-container elementor-column-gap-default\">\n\t\t\t\t\t<div class=\"elementor-column elementor-col-100 elementor-top-column elementor-element elementor-element-79e3d4e\" data-id=\"79e3d4e\" data-element_type=\"column\">\n\t\t\t<div class=\"elementor-widget-wrap elementor-element-populated\">\n\t\t\t\t\t\t<div class=\"elementor-element elementor-element-d1cde4a elementor-widget elementor-widget-text-editor\" data-id=\"d1cde4a\" data-element_type=\"widget\" data-widget_type=\"text-editor.default\">\n\t\t\t\t<div class=\"elementor-widget-container\">\n\t\t\t\t\t\t\t<p class=\"font_2\">La Palma is ideal for nature and sports lovers. You can contact us and we will put you in direct contact for hiking tours, bike tours, boat trips for sea watching, canoeing, paragliding, astronomical safaris and all kinds of outdoor sports activities.<br \/>\u00a0Because we respect nature, we treat it with respect during our tours. Fill out our form and we will offer you activities that will enrich your holiday on the island.<\/p>\t\t\t\t\t\t<\/div>\n\t\t\t\t<\/div>\n\t\t\t\t\t<\/div>\n\t\t<\/div>\n\t\t\t\t\t<\/div>\n\t\t<\/section>\n\t\t\t\t<section class=\"elementor-section elementor-top-section elementor-element elementor-element-f0983c6 elementor-section-boxed elementor-section-height-default elementor-section-height-default\" data-id=\"f0983c6\" data-element_type=\"section\">\n\t\t\t\t\t\t<div class=\"elementor-container elementor-column-gap-default\">\n\t\t\t\t\t<div class=\"elementor-column elementor-col-50 elementor-top-column elementor-element elementor-element-f44aeb2\" data-id=\"f44aeb2\" data-element_type=\"column\">\n\t\t\t<div class=\"elementor-widget-wrap elementor-element-populated\">\n\t\t\t\t\t\t<div class=\"elementor-element elementor-element-7237e6e elementor-position-top elementor-widget elementor-widget-image-box\" data-id=\"7237e6e\" data-element_type=\"widget\" data-widget_type=\"image-box.default\">\n\t\t\t\t<div class=\"elementor-widget-container\">\n\t\t\t<div class=\"elementor-image-box-wrapper\"><figure class=\"elementor-image-box-img\"><a href=\"https:\/\/dein-ferienhaus-lapalma.de\/en\/aktivitaeten\/wandern\/\" tabindex=\"-1\"><img fetchpriority=\"high\" decoding=\"async\" width=\"800\" height=\"800\" src=\"https:\/\/dein-ferienhaus-lapalma.de\/wp-content\/uploads\/2020\/10\/Aktivitaet-Resize-006.jpg\" class=\"attachment-full size-full wp-image-37641\" alt=\"\" srcset=\"https:\/\/dein-ferienhaus-lapalma.de\/wp-content\/uploads\/2020\/10\/Aktivitaet-Resize-006.jpg 800w, https:\/\/dein-ferienhaus-lapalma.de\/wp-content\/uploads\/2020\/10\/Aktivitaet-Resize-006-300x300.jpg 300w, https:\/\/dein-ferienhaus-lapalma.de\/wp-content\/uploads\/2020\/10\/Aktivitaet-Resize-006-150x150.jpg 150w, https:\/\/dein-ferienhaus-lapalma.de\/wp-content\/uploads\/2020\/10\/Aktivitaet-Resize-006-768x768.jpg 768w, https:\/\/dein-ferienhaus-lapalma.de\/wp-content\/uploads\/2020\/10\/Aktivitaet-Resize-006-50x50.jpg 50w, https:\/\/dein-ferienhaus-lapalma.de\/wp-content\/uploads\/2020\/10\/Aktivitaet-Resize-006-80x80.jpg 80w, https:\/\/dein-ferienhaus-lapalma.de\/wp-content\/uploads\/2020\/10\/Aktivitaet-Resize-006-394x394.jpg 394w, https:\/\/dein-ferienhaus-lapalma.de\/wp-content\/uploads\/2020\/10\/Aktivitaet-Resize-006-303x303.jpg 303w, https:\/\/dein-ferienhaus-lapalma.de\/wp-content\/uploads\/2020\/10\/Aktivitaet-Resize-006-605x605.jpg 605w, https:\/\/dein-ferienhaus-lapalma.de\/wp-content\/uploads\/2020\/10\/Aktivitaet-Resize-006-700x700.jpg 700w\" sizes=\"(max-width: 800px) 100vw, 800px\" \/><\/a><\/figure><div class=\"elementor-image-box-content\"><h3 class=\"elementor-image-box-title\"><a href=\"https:\/\/dein-ferienhaus-lapalma.de\/en\/aktivitaeten\/wandern\/\">Hiking<\/a><\/h3><p class=\"elementor-image-box-description\">Enjoy a walk on the island, in a little piece of paradise.<\/p><\/div><\/div>\t\t<\/div>\n\t\t\t\t<\/div>\n\t\t\t\t<div class=\"elementor-element elementor-element-ae72471 elementor-position-top elementor-widget elementor-widget-image-box\" data-id=\"ae72471\" data-element_type=\"widget\" data-widget_type=\"image-box.default\">\n\t\t\t\t<div class=\"elementor-widget-container\">\n\t\t\t<div class=\"elementor-image-box-wrapper\"><figure class=\"elementor-image-box-img\"><a href=\"https:\/\/dein-ferienhaus-lapalma.de\/en\/aktivitaeten\/biken\/\" tabindex=\"-1\"><img decoding=\"async\" width=\"800\" height=\"800\" src=\"https:\/\/dein-ferienhaus-lapalma.de\/wp-content\/uploads\/2020\/10\/Aktivitaet-Resize-007.jpg\" class=\"attachment-full size-full wp-image-37643\" alt=\"\" srcset=\"https:\/\/dein-ferienhaus-lapalma.de\/wp-content\/uploads\/2020\/10\/Aktivitaet-Resize-007.jpg 800w, https:\/\/dein-ferienhaus-lapalma.de\/wp-content\/uploads\/2020\/10\/Aktivitaet-Resize-007-300x300.jpg 300w, https:\/\/dein-ferienhaus-lapalma.de\/wp-content\/uploads\/2020\/10\/Aktivitaet-Resize-007-150x150.jpg 150w, https:\/\/dein-ferienhaus-lapalma.de\/wp-content\/uploads\/2020\/10\/Aktivitaet-Resize-007-768x768.jpg 768w, https:\/\/dein-ferienhaus-lapalma.de\/wp-content\/uploads\/2020\/10\/Aktivitaet-Resize-007-50x50.jpg 50w, https:\/\/dein-ferienhaus-lapalma.de\/wp-content\/uploads\/2020\/10\/Aktivitaet-Resize-007-80x80.jpg 80w, https:\/\/dein-ferienhaus-lapalma.de\/wp-content\/uploads\/2020\/10\/Aktivitaet-Resize-007-394x394.jpg 394w, https:\/\/dein-ferienhaus-lapalma.de\/wp-content\/uploads\/2020\/10\/Aktivitaet-Resize-007-303x303.jpg 303w, https:\/\/dein-ferienhaus-lapalma.de\/wp-content\/uploads\/2020\/10\/Aktivitaet-Resize-007-605x605.jpg 605w, https:\/\/dein-ferienhaus-lapalma.de\/wp-content\/uploads\/2020\/10\/Aktivitaet-Resize-007-700x700.jpg 700w\" sizes=\"(max-width: 800px) 100vw, 800px\" \/><\/a><\/figure><div class=\"elementor-image-box-content\"><h3 class=\"elementor-image-box-title\"><a href=\"https:\/\/dein-ferienhaus-lapalma.de\/en\/aktivitaeten\/biken\/\">Mountain bike<\/a><\/h3><p class=\"elementor-image-box-description\">Enjoy the island on two wheels.<\/p><\/div><\/div>\t\t<\/div>\n\t\t\t\t<\/div>\n\t\t\t\t<div class=\"elementor-element elementor-element-b276133 elementor-position-top elementor-widget elementor-widget-image-box\" data-id=\"b276133\" data-element_type=\"widget\" data-widget_type=\"image-box.default\">\n\t\t\t\t<div class=\"elementor-widget-container\">\n\t\t\t<div class=\"elementor-image-box-wrapper\"><figure class=\"elementor-image-box-img\"><a href=\"https:\/\/dein-ferienhaus-lapalma.de\/en\/aktivitaeten\/reiten\/\" tabindex=\"-1\"><img decoding=\"async\" width=\"800\" height=\"800\" src=\"https:\/\/dein-ferienhaus-lapalma.de\/wp-content\/uploads\/2020\/10\/Aktivitaet-Resize-001-e1604169453268.jpg\" class=\"attachment-full size-full wp-image-37636\" alt=\"\" srcset=\"https:\/\/dein-ferienhaus-lapalma.de\/wp-content\/uploads\/2020\/10\/Aktivitaet-Resize-001-e1604169453268.jpg 800w, https:\/\/dein-ferienhaus-lapalma.de\/wp-content\/uploads\/2020\/10\/Aktivitaet-Resize-001-e1604169453268-300x300.jpg 300w, https:\/\/dein-ferienhaus-lapalma.de\/wp-content\/uploads\/2020\/10\/Aktivitaet-Resize-001-e1604169453268-150x150.jpg 150w, https:\/\/dein-ferienhaus-lapalma.de\/wp-content\/uploads\/2020\/10\/Aktivitaet-Resize-001-e1604169453268-768x768.jpg 768w, https:\/\/dein-ferienhaus-lapalma.de\/wp-content\/uploads\/2020\/10\/Aktivitaet-Resize-001-e1604169453268-50x50.jpg 50w, https:\/\/dein-ferienhaus-lapalma.de\/wp-content\/uploads\/2020\/10\/Aktivitaet-Resize-001-e1604169453268-80x80.jpg 80w, https:\/\/dein-ferienhaus-lapalma.de\/wp-content\/uploads\/2020\/10\/Aktivitaet-Resize-001-e1604169453268-394x394.jpg 394w, https:\/\/dein-ferienhaus-lapalma.de\/wp-content\/uploads\/2020\/10\/Aktivitaet-Resize-001-e1604169453268-303x303.jpg 303w, https:\/\/dein-ferienhaus-lapalma.de\/wp-content\/uploads\/2020\/10\/Aktivitaet-Resize-001-e1604169453268-605x605.jpg 605w, https:\/\/dein-ferienhaus-lapalma.de\/wp-content\/uploads\/2020\/10\/Aktivitaet-Resize-001-e1604169453268-700x700.jpg 700w\" sizes=\"(max-width: 800px) 100vw, 800px\" \/><\/a><\/figure><div class=\"elementor-image-box-content\"><h3 class=\"elementor-image-box-title\"><a href=\"https:\/\/dein-ferienhaus-lapalma.de\/en\/aktivitaeten\/reiten\/\">Riding<\/a><\/h3><p class=\"elementor-image-box-description\">Horse riding on the trails and routes of the island.<\/p><\/div><\/div>\t\t<\/div>\n\t\t\t\t<\/div>\n\t\t\t\t\t<\/div>\n\t\t<\/div>\n\t\t\t\t<div class=\"elementor-column elementor-col-50 elementor-top-column elementor-element elementor-element-f37146e\" data-id=\"f37146e\" data-element_type=\"column\">\n\t\t\t<div class=\"elementor-widget-wrap elementor-element-populated\">\n\t\t\t\t\t\t<div class=\"elementor-element elementor-element-27a26a1 elementor-position-top elementor-widget elementor-widget-image-box\" data-id=\"27a26a1\" data-element_type=\"widget\" data-widget_type=\"image-box.default\">\n\t\t\t\t<div class=\"elementor-widget-container\">\n\t\t\t<div class=\"elementor-image-box-wrapper\"><figure class=\"elementor-image-box-img\"><a href=\"https:\/\/dein-ferienhaus-lapalma.de\/en\/aktivitaeten\/surfer-auf-la-palma\/\" tabindex=\"-1\"><img loading=\"lazy\" decoding=\"async\" width=\"800\" height=\"800\" src=\"https:\/\/dein-ferienhaus-lapalma.de\/wp-content\/uploads\/2020\/10\/Aktivitaet-Resize-003.jpg\" class=\"attachment-full size-full wp-image-37638\" alt=\"\" srcset=\"https:\/\/dein-ferienhaus-lapalma.de\/wp-content\/uploads\/2020\/10\/Aktivitaet-Resize-003.jpg 800w, https:\/\/dein-ferienhaus-lapalma.de\/wp-content\/uploads\/2020\/10\/Aktivitaet-Resize-003-300x300.jpg 300w, https:\/\/dein-ferienhaus-lapalma.de\/wp-content\/uploads\/2020\/10\/Aktivitaet-Resize-003-150x150.jpg 150w, https:\/\/dein-ferienhaus-lapalma.de\/wp-content\/uploads\/2020\/10\/Aktivitaet-Resize-003-768x768.jpg 768w, https:\/\/dein-ferienhaus-lapalma.de\/wp-content\/uploads\/2020\/10\/Aktivitaet-Resize-003-50x50.jpg 50w, https:\/\/dein-ferienhaus-lapalma.de\/wp-content\/uploads\/2020\/10\/Aktivitaet-Resize-003-80x80.jpg 80w, https:\/\/dein-ferienhaus-lapalma.de\/wp-content\/uploads\/2020\/10\/Aktivitaet-Resize-003-394x394.jpg 394w, https:\/\/dein-ferienhaus-lapalma.de\/wp-content\/uploads\/2020\/10\/Aktivitaet-Resize-003-303x303.jpg 303w, https:\/\/dein-ferienhaus-lapalma.de\/wp-content\/uploads\/2020\/10\/Aktivitaet-Resize-003-605x605.jpg 605w, https:\/\/dein-ferienhaus-lapalma.de\/wp-content\/uploads\/2020\/10\/Aktivitaet-Resize-003-700x700.jpg 700w\" sizes=\"(max-width: 800px) 100vw, 800px\" \/><\/a><\/figure><div class=\"elementor-image-box-content\"><h3 class=\"elementor-image-box-title\"><a href=\"https:\/\/dein-ferienhaus-lapalma.de\/en\/aktivitaeten\/surfer-auf-la-palma\/\">Water sports<\/a><\/h3><p class=\"elementor-image-box-description\">Dive into the island's waters and enjoy sports like surfing and skysurfing on La Palma.<\/p><\/div><\/div>\t\t<\/div>\n\t\t\t\t<\/div>\n\t\t\t\t<div class=\"elementor-element elementor-element-73f2543 elementor-position-top elementor-widget elementor-widget-image-box\" data-id=\"73f2543\" data-element_type=\"widget\" data-widget_type=\"image-box.default\">\n\t\t\t\t<div class=\"elementor-widget-container\">\n\t\t\t<div class=\"elementor-image-box-wrapper\"><figure class=\"elementor-image-box-img\"><a href=\"https:\/\/dein-ferienhaus-lapalma.de\/en\/aktivitaeten\/paragliding\/\" tabindex=\"-1\"><img loading=\"lazy\" decoding=\"async\" width=\"800\" height=\"800\" src=\"https:\/\/dein-ferienhaus-lapalma.de\/wp-content\/uploads\/2020\/10\/Aktivitaet-Resize-005.jpg\" class=\"attachment-full size-full wp-image-37640\" alt=\"\" srcset=\"https:\/\/dein-ferienhaus-lapalma.de\/wp-content\/uploads\/2020\/10\/Aktivitaet-Resize-005.jpg 800w, https:\/\/dein-ferienhaus-lapalma.de\/wp-content\/uploads\/2020\/10\/Aktivitaet-Resize-005-300x300.jpg 300w, https:\/\/dein-ferienhaus-lapalma.de\/wp-content\/uploads\/2020\/10\/Aktivitaet-Resize-005-150x150.jpg 150w, https:\/\/dein-ferienhaus-lapalma.de\/wp-content\/uploads\/2020\/10\/Aktivitaet-Resize-005-768x768.jpg 768w, https:\/\/dein-ferienhaus-lapalma.de\/wp-content\/uploads\/2020\/10\/Aktivitaet-Resize-005-50x50.jpg 50w, https:\/\/dein-ferienhaus-lapalma.de\/wp-content\/uploads\/2020\/10\/Aktivitaet-Resize-005-80x80.jpg 80w, https:\/\/dein-ferienhaus-lapalma.de\/wp-content\/uploads\/2020\/10\/Aktivitaet-Resize-005-394x394.jpg 394w, https:\/\/dein-ferienhaus-lapalma.de\/wp-content\/uploads\/2020\/10\/Aktivitaet-Resize-005-303x303.jpg 303w, https:\/\/dein-ferienhaus-lapalma.de\/wp-content\/uploads\/2020\/10\/Aktivitaet-Resize-005-605x605.jpg 605w, https:\/\/dein-ferienhaus-lapalma.de\/wp-content\/uploads\/2020\/10\/Aktivitaet-Resize-005-700x700.jpg 700w\" sizes=\"(max-width: 800px) 100vw, 800px\" \/><\/a><\/figure><div class=\"elementor-image-box-content\"><h3 class=\"elementor-image-box-title\"><a href=\"https:\/\/dein-ferienhaus-lapalma.de\/en\/aktivitaeten\/paragliding\/\">Paragliding<\/a><\/h3><p class=\"elementor-image-box-description\">Flying in the sky above the island.<\/p><\/div><\/div>\t\t<\/div>\n\t\t\t\t<\/div>\n\t\t\t\t<div class=\"elementor-element elementor-element-235493a elementor-position-top elementor-widget elementor-widget-image-box\" data-id=\"235493a\" data-element_type=\"widget\" data-widget_type=\"image-box.default\">\n\t\t\t\t<div class=\"elementor-widget-container\">\n\t\t\t<div class=\"elementor-image-box-wrapper\"><figure class=\"elementor-image-box-img\"><a href=\"https:\/\/dein-ferienhaus-lapalma.de\/en\/aktivitaeten\/tauchen\/\" tabindex=\"-1\"><img loading=\"lazy\" decoding=\"async\" width=\"800\" height=\"800\" src=\"https:\/\/dein-ferienhaus-lapalma.de\/wp-content\/uploads\/2020\/10\/Aktivitaet-Resize-004.jpg\" class=\"attachment-full size-full wp-image-37639\" alt=\"\" srcset=\"https:\/\/dein-ferienhaus-lapalma.de\/wp-content\/uploads\/2020\/10\/Aktivitaet-Resize-004.jpg 800w, https:\/\/dein-ferienhaus-lapalma.de\/wp-content\/uploads\/2020\/10\/Aktivitaet-Resize-004-300x300.jpg 300w, https:\/\/dein-ferienhaus-lapalma.de\/wp-content\/uploads\/2020\/10\/Aktivitaet-Resize-004-150x150.jpg 150w, https:\/\/dein-ferienhaus-lapalma.de\/wp-content\/uploads\/2020\/10\/Aktivitaet-Resize-004-768x768.jpg 768w, https:\/\/dein-ferienhaus-lapalma.de\/wp-content\/uploads\/2020\/10\/Aktivitaet-Resize-004-50x50.jpg 50w, https:\/\/dein-ferienhaus-lapalma.de\/wp-content\/uploads\/2020\/10\/Aktivitaet-Resize-004-80x80.jpg 80w, https:\/\/dein-ferienhaus-lapalma.de\/wp-content\/uploads\/2020\/10\/Aktivitaet-Resize-004-394x394.jpg 394w, https:\/\/dein-ferienhaus-lapalma.de\/wp-content\/uploads\/2020\/10\/Aktivitaet-Resize-004-303x303.jpg 303w, https:\/\/dein-ferienhaus-lapalma.de\/wp-content\/uploads\/2020\/10\/Aktivitaet-Resize-004-605x605.jpg 605w, https:\/\/dein-ferienhaus-lapalma.de\/wp-content\/uploads\/2020\/10\/Aktivitaet-Resize-004-700x700.jpg 700w\" sizes=\"(max-width: 800px) 100vw, 800px\" \/><\/a><\/figure><div class=\"elementor-image-box-content\"><h3 class=\"elementor-image-box-title\"><a href=\"https:\/\/dein-ferienhaus-lapalma.de\/en\/aktivitaeten\/tauchen\/\">Diving<\/a><\/h3><p class=\"elementor-image-box-description\">Enjoy the underwater depths of the island.<\/p><\/div><\/div>\t\t<\/div>\n\t\t\t\t<\/div>\n\t\t\t\t\t<\/div>\n\t\t<\/div>\n\t\t\t\t\t<\/div>\n\t\t<\/section>\n\t\t\t\t<\/div>","protected":false},"excerpt":{"rendered":"<p>La Palma for active holidaymakers La Palma is ideal for nature and sports lovers. You can get in touch with us and we will put you in direct contact for hiking tours, cycling tours, boat trips for sea observation, canoe trips, paragliding flights, astronomical safaris and all kinds ... <a href=\"https:\/\/dein-ferienhaus-lapalma.de\/en\/aktivitaeten\/\">Read More<\/a><\/p>","protected":false},"author":1,"featured_media":0,"parent":0,"menu_order":0,"comment_status":"closed","ping_status":"closed","template":"","meta":{"footnotes":""},"class_list":["post-36260","page","type-page","status-publish","hentry"],"yoast_head":"<!-- This site is optimized with the Yoast SEO Premium plugin v23.3 (Yoast SEO v27.4) - https:\/\/yoast.com\/product\/yoast-seo-premium-wordpress\/ -->\n<title>Aktivit\u00e4ten - dein-ferienhaus-lapalma.de<\/title>\n<meta name=\"robots\" content=\"index, follow, max-snippet:-1, max-image-preview:large, max-video-preview:-1\" \/>\n<link rel=\"canonical\" href=\"https:\/\/dein-ferienhaus-lapalma.de\/en\/aktivitaeten\/\" \/>\n<meta property=\"og:locale\" content=\"en_GB\" \/>\n<meta property=\"og:type\" content=\"article\" \/>\n<meta property=\"og:title\" content=\"Aktivit\u00e4ten\" \/>\n<meta property=\"og:description\" content=\"La Palma f\u00fcr Aktivurlauber La Palma ist ideal f\u00fcr Natur- und Sportliebhaber. Sie k\u00f6nnen sich mit uns in Verbindung setzen und wir vermitteln Ihnen den\" \/>\n<meta property=\"og:url\" content=\"https:\/\/dein-ferienhaus-lapalma.de\/en\/aktivitaeten\/\" \/>\n<meta property=\"og:site_name\" content=\"dein-ferienhaus-lapalma.de\" \/>\n<meta property=\"article:publisher\" content=\"https:\/\/www.facebook.com\/Dein-Ferienhaus-LaPalma-100755315590346\" \/>\n<meta property=\"article:modified_time\" content=\"2021-07-16T08:12:56+00:00\" \/>\n<meta property=\"og:image\" content=\"https:\/\/dein-ferienhaus-lapalma.de\/wp-content\/uploads\/2020\/10\/Aktivitaet-Resize-006.jpg\" \/>\n<meta name=\"twitter:card\" content=\"summary_large_image\" \/>\n<meta name=\"twitter:label1\" content=\"Estimated reading time\" \/>\n\t<meta name=\"twitter:data1\" content=\"2 minutes\" \/>\n<script type=\"application\/ld+json\" class=\"yoast-schema-graph\">{\"@context\":\"https:\\\/\\\/schema.org\",\"@graph\":[{\"@type\":\"WebPage\",\"@id\":\"https:\\\/\\\/dein-ferienhaus-lapalma.de\\\/en\\\/aktivitaeten\\\/\",\"url\":\"https:\\\/\\\/dein-ferienhaus-lapalma.de\\\/en\\\/aktivitaeten\\\/\",\"name\":\"Aktivit\u00e4ten - dein-ferienhaus-lapalma.de\",\"isPartOf\":{\"@id\":\"https:\\\/\\\/dein-ferienhaus-lapalma.de\\\/#website\"},\"primaryImageOfPage\":{\"@id\":\"https:\\\/\\\/dein-ferienhaus-lapalma.de\\\/en\\\/aktivitaeten\\\/#primaryimage\"},\"image\":{\"@id\":\"https:\\\/\\\/dein-ferienhaus-lapalma.de\\\/en\\\/aktivitaeten\\\/#primaryimage\"},\"thumbnailUrl\":\"https:\\\/\\\/dein-ferienhaus-lapalma.de\\\/wp-content\\\/uploads\\\/2020\\\/10\\\/Aktivitaet-Resize-006.jpg\",\"datePublished\":\"2020-10-23T16:29:48+00:00\",\"dateModified\":\"2021-07-16T08:12:56+00:00\",\"breadcrumb\":{\"@id\":\"https:\\\/\\\/dein-ferienhaus-lapalma.de\\\/en\\\/aktivitaeten\\\/#breadcrumb\"},\"inLanguage\":\"en-GB\",\"potentialAction\":[{\"@type\":\"ReadAction\",\"target\":[\"https:\\\/\\\/dein-ferienhaus-lapalma.de\\\/en\\\/aktivitaeten\\\/\"]}]},{\"@type\":\"ImageObject\",\"inLanguage\":\"en-GB\",\"@id\":\"https:\\\/\\\/dein-ferienhaus-lapalma.de\\\/en\\\/aktivitaeten\\\/#primaryimage\",\"url\":\"https:\\\/\\\/dein-ferienhaus-lapalma.de\\\/wp-content\\\/uploads\\\/2020\\\/10\\\/Aktivitaet-Resize-006.jpg\",\"contentUrl\":\"https:\\\/\\\/dein-ferienhaus-lapalma.de\\\/wp-content\\\/uploads\\\/2020\\\/10\\\/Aktivitaet-Resize-006.jpg\"},{\"@type\":\"BreadcrumbList\",\"@id\":\"https:\\\/\\\/dein-ferienhaus-lapalma.de\\\/en\\\/aktivitaeten\\\/#breadcrumb\",\"itemListElement\":[{\"@type\":\"ListItem\",\"position\":1,\"name\":\"Home\",\"item\":\"https:\\\/\\\/dein-ferienhaus-lapalma.de\\\/\"},{\"@type\":\"ListItem\",\"position\":2,\"name\":\"Aktivit\u00e4ten\"}]},{\"@type\":\"WebSite\",\"@id\":\"https:\\\/\\\/dein-ferienhaus-lapalma.de\\\/#website\",\"url\":\"https:\\\/\\\/dein-ferienhaus-lapalma.de\\\/\",\"name\":\"dein-ferienhaus-lapalma.de\",\"description\":\"Tolle Ferienh\u00e4user auf La Palma\",\"publisher\":{\"@id\":\"https:\\\/\\\/dein-ferienhaus-lapalma.de\\\/#organization\"},\"potentialAction\":[{\"@type\":\"SearchAction\",\"target\":{\"@type\":\"EntryPoint\",\"urlTemplate\":\"https:\\\/\\\/dein-ferienhaus-lapalma.de\\\/?s={search_term_string}\"},\"query-input\":{\"@type\":\"PropertyValueSpecification\",\"valueRequired\":true,\"valueName\":\"search_term_string\"}}],\"inLanguage\":\"en-GB\"},{\"@type\":\"Organization\",\"@id\":\"https:\\\/\\\/dein-ferienhaus-lapalma.de\\\/#organization\",\"name\":\"Dein Ferienhaus La Palma\",\"url\":\"https:\\\/\\\/dein-ferienhaus-lapalma.de\\\/\",\"logo\":{\"@type\":\"ImageObject\",\"inLanguage\":\"en-GB\",\"@id\":\"https:\\\/\\\/dein-ferienhaus-lapalma.de\\\/#\\\/schema\\\/logo\\\/image\\\/\",\"url\":\"\",\"contentUrl\":\"\",\"caption\":\"Dein Ferienhaus La Palma\"},\"image\":{\"@id\":\"https:\\\/\\\/dein-ferienhaus-lapalma.de\\\/#\\\/schema\\\/logo\\\/image\\\/\"},\"sameAs\":[\"https:\\\/\\\/www.facebook.com\\\/Dein-Ferienhaus-LaPalma-100755315590346\"]}]}<\/script>\n<!-- \/ Yoast SEO Premium plugin. -->","yoast_head_json":{"title":"Activities - your-holiday-home-lapalma.com","robots":{"index":"index","follow":"follow","max-snippet":"max-snippet:-1","max-image-preview":"max-image-preview:large","max-video-preview":"max-video-preview:-1"},"canonical":"https:\/\/dein-ferienhaus-lapalma.de\/en\/aktivitaeten\/","og_locale":"en_GB","og_type":"article","og_title":"Aktivit\u00e4ten","og_description":"La Palma f\u00fcr Aktivurlauber La Palma ist ideal f\u00fcr Natur- und Sportliebhaber. Sie k\u00f6nnen sich mit uns in Verbindung setzen und wir vermitteln Ihnen den","og_url":"https:\/\/dein-ferienhaus-lapalma.de\/en\/aktivitaeten\/","og_site_name":"dein-ferienhaus-lapalma.de","article_publisher":"https:\/\/www.facebook.com\/Dein-Ferienhaus-LaPalma-100755315590346","article_modified_time":"2021-07-16T08:12:56+00:00","og_image":[{"url":"https:\/\/dein-ferienhaus-lapalma.de\/wp-content\/uploads\/2020\/10\/Aktivitaet-Resize-006.jpg","type":"","width":"","height":""}],"twitter_card":"summary_large_image","twitter_misc":{"Estimated reading time":"2 minutes"},"schema":{"@context":"https:\/\/schema.org","@graph":[{"@type":"WebPage","@id":"https:\/\/dein-ferienhaus-lapalma.de\/en\/aktivitaeten\/","url":"https:\/\/dein-ferienhaus-lapalma.de\/en\/aktivitaeten\/","name":"Activities - your-holiday-home-lapalma.com","isPartOf":{"@id":"https:\/\/dein-ferienhaus-lapalma.de\/#website"},"primaryImageOfPage":{"@id":"https:\/\/dein-ferienhaus-lapalma.de\/en\/aktivitaeten\/#primaryimage"},"image":{"@id":"https:\/\/dein-ferienhaus-lapalma.de\/en\/aktivitaeten\/#primaryimage"},"thumbnailUrl":"https:\/\/dein-ferienhaus-lapalma.de\/wp-content\/uploads\/2020\/10\/Aktivitaet-Resize-006.jpg","datePublished":"2020-10-23T16:29:48+00:00","dateModified":"2021-07-16T08:12:56+00:00","breadcrumb":{"@id":"https:\/\/dein-ferienhaus-lapalma.de\/en\/aktivitaeten\/#breadcrumb"},"inLanguage":"en-GB","potentialAction":[{"@type":"ReadAction","target":["https:\/\/dein-ferienhaus-lapalma.de\/en\/aktivitaeten\/"]}]},{"@type":"ImageObject","inLanguage":"en-GB","@id":"https:\/\/dein-ferienhaus-lapalma.de\/en\/aktivitaeten\/#primaryimage","url":"https:\/\/dein-ferienhaus-lapalma.de\/wp-content\/uploads\/2020\/10\/Aktivitaet-Resize-006.jpg","contentUrl":"https:\/\/dein-ferienhaus-lapalma.de\/wp-content\/uploads\/2020\/10\/Aktivitaet-Resize-006.jpg"},{"@type":"BreadcrumbList","@id":"https:\/\/dein-ferienhaus-lapalma.de\/en\/aktivitaeten\/#breadcrumb","itemListElement":[{"@type":"ListItem","position":1,"name":"Home","item":"https:\/\/dein-ferienhaus-lapalma.de\/"},{"@type":"ListItem","position":2,"name":"Aktivit\u00e4ten"}]},{"@type":"WebSite","@id":"https:\/\/dein-ferienhaus-lapalma.de\/#website","url":"https:\/\/dein-ferienhaus-lapalma.de\/","name":"dein-ferienhaus-lapalma.de","description":"Great holiday homes on La Palma","publisher":{"@id":"https:\/\/dein-ferienhaus-lapalma.de\/#organization"},"potentialAction":[{"@type":"SearchAction","target":{"@type":"EntryPoint","urlTemplate":"https:\/\/dein-ferienhaus-lapalma.de\/?s={search_term_string}"},"query-input":{"@type":"PropertyValueSpecification","valueRequired":true,"valueName":"search_term_string"}}],"inLanguage":"en-GB"},{"@type":"Organization","@id":"https:\/\/dein-ferienhaus-lapalma.de\/#organization","name":"Your holiday home La Palma","url":"https:\/\/dein-ferienhaus-lapalma.de\/","logo":{"@type":"ImageObject","inLanguage":"en-GB","@id":"https:\/\/dein-ferienhaus-lapalma.de\/#\/schema\/logo\/image\/","url":"","contentUrl":"","caption":"Dein Ferienhaus La Palma"},"image":{"@id":"https:\/\/dein-ferienhaus-lapalma.de\/#\/schema\/logo\/image\/"},"sameAs":["https:\/\/www.facebook.com\/Dein-Ferienhaus-LaPalma-100755315590346"]}]}},"_links":{"self":[{"href":"https:\/\/dein-ferienhaus-lapalma.de\/en\/wp-json\/wp\/v2\/pages\/36260","targetHints":{"allow":["GET"]}}],"collection":[{"href":"https:\/\/dein-ferienhaus-lapalma.de\/en\/wp-json\/wp\/v2\/pages"}],"about":[{"href":"https:\/\/dein-ferienhaus-lapalma.de\/en\/wp-json\/wp\/v2\/types\/page"}],"author":[{"embeddable":true,"href":"https:\/\/dein-ferienhaus-lapalma.de\/en\/wp-json\/wp\/v2\/users\/1"}],"replies":[{"embeddable":true,"href":"https:\/\/dein-ferienhaus-lapalma.de\/en\/wp-json\/wp\/v2\/comments?post=36260"}],"version-history":[{"count":0,"href":"https:\/\/dein-ferienhaus-lapalma.de\/en\/wp-json\/wp\/v2\/pages\/36260\/revisions"}],"wp:attachment":[{"href":"https:\/\/dein-ferienhaus-lapalma.de\/en\/wp-json\/wp\/v2\/media?parent=36260"}],"curies":[{"name":"wp","href":"https:\/\/api.w.org\/{rel}","templated":true}]}}