{"id":36153,"date":"2020-10-23T16:36:25","date_gmt":"2020-10-23T14:36:25","guid":{"rendered":"https:\/\/dein-ferienhaus-lapalma.de\/?page_id=36153"},"modified":"2024-11-04T13:36:33","modified_gmt":"2024-11-04T12:36:33","slug":"elementor-36153","status":"publish","type":"page","link":"https:\/\/dein-ferienhaus-lapalma.de\/es\/unser-service\/elementor-36153\/","title":{"rendered":"Planificaci\u00f3n de viajes"},"content":{"rendered":"<div data-elementor-type=\"wp-page\" data-elementor-id=\"36153\" class=\"elementor elementor-36153\" data-elementor-post-type=\"page\">\n\t\t\t\t\t\t<section class=\"elementor-section elementor-top-section elementor-element elementor-element-677b654 elementor-section-boxed elementor-section-height-default elementor-section-height-default\" data-id=\"677b654\" data-element_type=\"section\">\n\t\t\t\t\t\t<div class=\"elementor-container elementor-column-gap-default\">\n\t\t\t\t\t<div class=\"elementor-column elementor-col-100 elementor-top-column elementor-element elementor-element-5f57f13\" data-id=\"5f57f13\" data-element_type=\"column\">\n\t\t\t<div class=\"elementor-widget-wrap elementor-element-populated\">\n\t\t\t\t\t\t<div class=\"elementor-element elementor-element-4be16d4 elementor-widget elementor-widget-heading\" data-id=\"4be16d4\" data-element_type=\"widget\" data-widget_type=\"heading.default\">\n\t\t\t\t<div class=\"elementor-widget-container\">\n\t\t\t<h3 class=\"elementor-heading-title elementor-size-default\">Planificaci\u00f3n de viajes<\/h3>\t\t<\/div>\n\t\t\t\t<\/div>\n\t\t\t\t<div class=\"elementor-element elementor-element-28d1991 elementor-widget elementor-widget-text-editor\" data-id=\"28d1991\" data-element_type=\"widget\" data-widget_type=\"text-editor.default\">\n\t\t\t\t<div class=\"elementor-widget-container\">\n\t\t\t\t\t\t\t<p><span style=\"color: #888888; white-space: pre-wrap;\">Una buena planificaci\u00f3n del viaje tambi\u00e9n es una ventaja si se viaja a un destino no muy lejano ni ex\u00f3tico. Ahorra estr\u00e9s y sorpresas desagradables. Por supuesto, nos gustar\u00eda ayudarle en esto, pues ya conoce nuestro lema: \u00a1Para nosotros, las vacaciones empiezan en el momento de la planificaci\u00f3n! El primer paso es siempre acotar su presupuesto y sus conexiones a\u00e9reas. Determine su presupuesto por separado para vuelos y alojamiento. Divida el presupuesto de alojamiento por el n\u00famero de d\u00edas de sus vacaciones, entonces sabr\u00e1 qu\u00e9 precio diario le conviene. Todos nuestros alojamientos se muestran claramente en la ventana de resumen. Por favor, tenga en cuenta: Si hay un precio inicial o una limpieza final, pero tambi\u00e9n si desea una piscina climatizada, por ejemplo, estos costes no se reflejan en el precio diario que aparece en la vista general. Una vez que haya hecho una preselecci\u00f3n, haga clic en la vista detallada del alojamiento (simplemente haga clic en la imagen o en el recuadro) y busque en la columna de la derecha, en \u201ePrecios y condiciones de alquiler\u201c. Aqu\u00ed encontrar\u00e1 los precios de temporada y los posibles gastos \u00fanicos de limpieza final, as\u00ed como los extras a pagar in situ, como la calefacci\u00f3n opcional de la piscina. Calcule el precio total seg\u00fan sus deseos y comp\u00e1relo con su presupuesto. Nota: La mayor\u00eda de los alojamientos en La Palma siguen teniendo un precio anual estandarizado.<\/span><\/p>\t\t\t\t\t\t<\/div>\n\t\t\t\t<\/div>\n\t\t\t\t<div class=\"elementor-element elementor-element-4993713 elementor-widget elementor-widget-heading\" data-id=\"4993713\" data-element_type=\"widget\" data-widget_type=\"heading.default\">\n\t\t\t\t<div class=\"elementor-widget-container\">\n\t\t\t<h3 class=\"elementor-heading-title elementor-size-default\">Un fin de semana en La Palma<\/h3>\t\t<\/div>\n\t\t\t\t<\/div>\n\t\t\t\t<div class=\"elementor-element elementor-element-ddf019a elementor-widget elementor-widget-text-editor\" data-id=\"ddf019a\" data-element_type=\"widget\" data-widget_type=\"text-editor.default\">\n\t\t\t\t<div class=\"elementor-widget-container\">\n\t\t\t\t\t\t\t<p><a href=\"https:\/\/dein-ferienhaus-lapalma.de\/wp-content\/uploads\/2020\/10\/pexels-photo-1051075-REISEPLANNUNG.jpeg\"><img fetchpriority=\"high\" decoding=\"async\" class=\"size-medium wp-image-36428 alignright\" src=\"https:\/\/dein-ferienhaus-lapalma.de\/wp-content\/uploads\/2020\/10\/pexels-photo-1051075-REISEPLANNUNG-292x300.jpeg\" alt=\"\" width=\"292\" height=\"300\" srcset=\"https:\/\/dein-ferienhaus-lapalma.de\/wp-content\/uploads\/2020\/10\/pexels-photo-1051075-REISEPLANNUNG-292x300.jpeg 292w, https:\/\/dein-ferienhaus-lapalma.de\/wp-content\/uploads\/2020\/10\/pexels-photo-1051075-REISEPLANNUNG-995x1024.jpeg 995w, https:\/\/dein-ferienhaus-lapalma.de\/wp-content\/uploads\/2020\/10\/pexels-photo-1051075-REISEPLANNUNG-768x790.jpeg 768w, https:\/\/dein-ferienhaus-lapalma.de\/wp-content\/uploads\/2020\/10\/pexels-photo-1051075-REISEPLANNUNG-49x50.jpeg 49w, https:\/\/dein-ferienhaus-lapalma.de\/wp-content\/uploads\/2020\/10\/pexels-photo-1051075-REISEPLANNUNG-78x80.jpeg 78w, https:\/\/dein-ferienhaus-lapalma.de\/wp-content\/uploads\/2020\/10\/pexels-photo-1051075-REISEPLANNUNG-295x303.jpeg 295w, https:\/\/dein-ferienhaus-lapalma.de\/wp-content\/uploads\/2020\/10\/pexels-photo-1051075-REISEPLANNUNG-680x700.jpeg 680w, https:\/\/dein-ferienhaus-lapalma.de\/wp-content\/uploads\/2020\/10\/pexels-photo-1051075-REISEPLANNUNG-923x950.jpeg 923w, https:\/\/dein-ferienhaus-lapalma.de\/wp-content\/uploads\/2020\/10\/pexels-photo-1051075-REISEPLANNUNG-1050x1080.jpeg 1050w, https:\/\/dein-ferienhaus-lapalma.de\/wp-content\/uploads\/2020\/10\/pexels-photo-1051075-REISEPLANNUNG.jpeg 1458w\" sizes=\"(max-width: 292px) 100vw, 292px\" \/><\/a><\/p><p>Un fin de semana probablemente no sea suficiente para conocer realmente la isla, pero es una buena oportunidad para descubrirla. Normalmente una o dos semanas es lo mejor.<\/p><p>La Palma le ofrece su <a href=\"https:\/\/dein-ferienhaus-lapalma.de\/es\/la-palma\/straende\/\">Playas<\/a> o lugares de ba\u00f1o donde a menudo se encuentran restaurantes de pescado donde se puede disfrutar de pescado fresco de la isla o una buena ensalada de aguacate.<br \/>Tambi\u00e9n ofrece espectaculares paseos entre los desfiladeros, con vistas al mar y a las monta\u00f1as. Encuentra gangas en la ciudad o visita sus <a href=\"https:\/\/dein-ferienhaus-lapalma.de\/es\/la-palma\/kultur-und-musik\/\">Museos<\/a>.<br \/>Debemos recordar siempre que los cient\u00edficos de todo el mundo, que viven y trabajan en la isla, observan el universo en el observatorio del Roque de los Muchachos, que hace que los placeres de la <a href=\"https:\/\/dein-ferienhaus-lapalma.de\/es\/aktivitaeten\/sternenhimmel\/\">Los amantes de la astronom\u00eda<\/a> ...es la diferencia.<\/p><p><strong>El primer d\u00eda:<\/strong> Una excursi\u00f3n con el <a href=\"https:\/\/dein-ferienhaus-lapalma.de\/es\/mietwagen\/\">Coche<\/a> de Santa Cruz. Haga una mini parada para tomar un barraquito (caf\u00e9 con leche y licor) en la iglesia de Las Nieves, observe la arquitectura colonial y suba a la cima de la isla donde los cient\u00edficos descubren nuevos planetas. Conduzca por Garafia y disfrute de la vista de la isla m\u00e1s natural y salvaje.<\/p><p><strong>D\u00eda dos:<\/strong> Descienda hacia el sur de la isla para llegar a los \u00faltimos volcanes activos, visite el museo del volc\u00e1n Teneguia y contin\u00fae descubriendo las salinas de la isla, donde podr\u00e1 darse un chapuz\u00f3n y disfrutar de un buen pescado isle\u00f1o con \u201epapas arrugadas\u201c. Eche un vistazo a las <a href=\"https:\/\/dein-ferienhaus-lapalma.de\/es\/la-palma\/restaurants\/\">Restaurantes<\/a> en nuestra p\u00e1gina web.<\/p><p>Una semana o m\u00e1s en la isla.<\/p><p>Aparte de eso, puedes aprovechar al m\u00e1ximo tus vacaciones con un extra como un <a href=\"https:\/\/dein-ferienhaus-lapalma.de\/es\/aktivitaeten\/boottour\/\">Gira<\/a> para la observaci\u00f3n de la fauna marina, un <a href=\"https:\/\/dein-ferienhaus-lapalma.de\/es\/aktivitaeten\/biken\/\">Tour en bicicleta de monta\u00f1a<\/a> a trav\u00e9s de las cenizas del volc\u00e1n, un vuelo <a href=\"https:\/\/dein-ferienhaus-lapalma.de\/es\/aktivitaeten\/paragliding\/\">Parapente<\/a> o un peque\u00f1o viaje a la <a href=\"https:\/\/dein-ferienhaus-lapalma.de\/es\/aktivitaeten\/la-palma-untenwasser\/\">Buceo<\/a> bajo las aguas de la isla.<\/p><p>El primer d\u00eda:<\/p>\t\t\t\t\t\t<\/div>\n\t\t\t\t<\/div>\n\t\t\t\t\t<\/div>\n\t\t<\/div>\n\t\t\t\t\t<\/div>\n\t\t<\/section>\n\t\t\t\t<section class=\"elementor-section elementor-top-section elementor-element elementor-element-8ddf360 elementor-section-boxed elementor-section-height-default elementor-section-height-default\" data-id=\"8ddf360\" data-element_type=\"section\">\n\t\t\t\t\t\t<div class=\"elementor-container elementor-column-gap-default\">\n\t\t\t\t\t<div class=\"elementor-column elementor-col-100 elementor-top-column elementor-element elementor-element-e7600b7\" data-id=\"e7600b7\" data-element_type=\"column\">\n\t\t\t<div class=\"elementor-widget-wrap\">\n\t\t\t\t\t\t\t<\/div>\n\t\t<\/div>\n\t\t\t\t\t<\/div>\n\t\t<\/section>\n\t\t\t\t<\/div>","protected":false},"excerpt":{"rendered":"<p>Planificaci\u00f3n del viaje Una buena planificaci\u00f3n del viaje tambi\u00e9n es una ventaja para un destino que no est\u00e1 lejos y no es ex\u00f3tico. Ahorra estr\u00e9s y sorpresas desagradables. Por supuesto, nos gustar\u00eda ayudarle en esto, porque ya conoce nuestro lema: Sus vacaciones empiezan con nosotros... <a href=\"https:\/\/dein-ferienhaus-lapalma.de\/es\/unser-service\/elementor-36153\/\">Seguir leyendo<\/a><\/p>","protected":false},"author":1,"featured_media":0,"parent":36142,"menu_order":3,"comment_status":"closed","ping_status":"closed","template":"","meta":{"footnotes":""},"class_list":["post-36153","page","type-page","status-publish","hentry"],"yoast_head":"<!-- This site is optimized with the Yoast SEO Premium plugin v23.3 (Yoast SEO v27.5) - https:\/\/yoast.com\/product\/yoast-seo-premium-wordpress\/ -->\n<title>Reiseplanung - dein-ferienhaus-lapalma.de<\/title>\n<meta name=\"robots\" content=\"index, follow, max-snippet:-1, max-image-preview:large, max-video-preview:-1\" \/>\n<link rel=\"canonical\" href=\"https:\/\/dein-ferienhaus-lapalma.de\/es\/unser-service\/elementor-36153\/\" \/>\n<meta property=\"og:locale\" content=\"es_ES\" \/>\n<meta property=\"og:type\" content=\"article\" \/>\n<meta property=\"og:title\" content=\"Reiseplanung\" \/>\n<meta property=\"og:description\" content=\"Reiseplanung Auch f\u00fcr ein nicht weit entferntes, nicht exotisches Reiseziel ist eine gute Reiseplanung von Vorteil. Sie erspart Stress und unliebsame\" \/>\n<meta property=\"og:url\" content=\"https:\/\/dein-ferienhaus-lapalma.de\/es\/unser-service\/elementor-36153\/\" \/>\n<meta property=\"og:site_name\" content=\"dein-ferienhaus-lapalma.de\" \/>\n<meta property=\"article:publisher\" content=\"https:\/\/www.facebook.com\/Dein-Ferienhaus-LaPalma-100755315590346\" \/>\n<meta property=\"article:modified_time\" content=\"2024-11-04T12:36:33+00:00\" \/>\n<meta property=\"og:image\" content=\"https:\/\/dein-ferienhaus-lapalma.de\/wp-content\/uploads\/2020\/10\/pexels-photo-1051075-REISEPLANNUNG.jpeg\" \/>\n\t<meta property=\"og:image:width\" content=\"1458\" \/>\n\t<meta property=\"og:image:height\" content=\"1500\" \/>\n\t<meta property=\"og:image:type\" content=\"image\/jpeg\" \/>\n<meta name=\"twitter:card\" content=\"summary_large_image\" \/>\n<meta name=\"twitter:label1\" content=\"Tiempo de lectura\" \/>\n\t<meta name=\"twitter:data1\" content=\"3 minutos\" \/>\n<script type=\"application\/ld+json\" class=\"yoast-schema-graph\">{\"@context\":\"https:\\\/\\\/schema.org\",\"@graph\":[{\"@type\":\"WebPage\",\"@id\":\"https:\\\/\\\/dein-ferienhaus-lapalma.de\\\/unser-service\\\/elementor-36153\\\/\",\"url\":\"https:\\\/\\\/dein-ferienhaus-lapalma.de\\\/unser-service\\\/elementor-36153\\\/\",\"name\":\"Reiseplanung - dein-ferienhaus-lapalma.de\",\"isPartOf\":{\"@id\":\"https:\\\/\\\/dein-ferienhaus-lapalma.de\\\/#website\"},\"primaryImageOfPage\":{\"@id\":\"https:\\\/\\\/dein-ferienhaus-lapalma.de\\\/unser-service\\\/elementor-36153\\\/#primaryimage\"},\"image\":{\"@id\":\"https:\\\/\\\/dein-ferienhaus-lapalma.de\\\/unser-service\\\/elementor-36153\\\/#primaryimage\"},\"thumbnailUrl\":\"https:\\\/\\\/dein-ferienhaus-lapalma.de\\\/wp-content\\\/uploads\\\/2020\\\/10\\\/pexels-photo-1051075-REISEPLANNUNG-292x300.jpeg\",\"datePublished\":\"2020-10-23T14:36:25+00:00\",\"dateModified\":\"2024-11-04T12:36:33+00:00\",\"breadcrumb\":{\"@id\":\"https:\\\/\\\/dein-ferienhaus-lapalma.de\\\/unser-service\\\/elementor-36153\\\/#breadcrumb\"},\"inLanguage\":\"es\",\"potentialAction\":[{\"@type\":\"ReadAction\",\"target\":[\"https:\\\/\\\/dein-ferienhaus-lapalma.de\\\/unser-service\\\/elementor-36153\\\/\"]}]},{\"@type\":\"ImageObject\",\"inLanguage\":\"es\",\"@id\":\"https:\\\/\\\/dein-ferienhaus-lapalma.de\\\/unser-service\\\/elementor-36153\\\/#primaryimage\",\"url\":\"https:\\\/\\\/dein-ferienhaus-lapalma.de\\\/wp-content\\\/uploads\\\/2020\\\/10\\\/pexels-photo-1051075-REISEPLANNUNG-292x300.jpeg\",\"contentUrl\":\"https:\\\/\\\/dein-ferienhaus-lapalma.de\\\/wp-content\\\/uploads\\\/2020\\\/10\\\/pexels-photo-1051075-REISEPLANNUNG-292x300.jpeg\"},{\"@type\":\"BreadcrumbList\",\"@id\":\"https:\\\/\\\/dein-ferienhaus-lapalma.de\\\/unser-service\\\/elementor-36153\\\/#breadcrumb\",\"itemListElement\":[{\"@type\":\"ListItem\",\"position\":1,\"name\":\"Home\",\"item\":\"https:\\\/\\\/dein-ferienhaus-lapalma.de\\\/\"},{\"@type\":\"ListItem\",\"position\":2,\"name\":\"Unser Service\",\"item\":\"https:\\\/\\\/dein-ferienhaus-lapalma.de\\\/unser-service\\\/\"},{\"@type\":\"ListItem\",\"position\":3,\"name\":\"Reiseplanung\"}]},{\"@type\":\"WebSite\",\"@id\":\"https:\\\/\\\/dein-ferienhaus-lapalma.de\\\/#website\",\"url\":\"https:\\\/\\\/dein-ferienhaus-lapalma.de\\\/\",\"name\":\"dein-ferienhaus-lapalma.de\",\"description\":\"Tolle Ferienh\u00e4user auf La Palma\",\"publisher\":{\"@id\":\"https:\\\/\\\/dein-ferienhaus-lapalma.de\\\/#organization\"},\"potentialAction\":[{\"@type\":\"SearchAction\",\"target\":{\"@type\":\"EntryPoint\",\"urlTemplate\":\"https:\\\/\\\/dein-ferienhaus-lapalma.de\\\/?s={search_term_string}\"},\"query-input\":{\"@type\":\"PropertyValueSpecification\",\"valueRequired\":true,\"valueName\":\"search_term_string\"}}],\"inLanguage\":\"es\"},{\"@type\":\"Organization\",\"@id\":\"https:\\\/\\\/dein-ferienhaus-lapalma.de\\\/#organization\",\"name\":\"Dein Ferienhaus La Palma\",\"url\":\"https:\\\/\\\/dein-ferienhaus-lapalma.de\\\/\",\"logo\":{\"@type\":\"ImageObject\",\"inLanguage\":\"es\",\"@id\":\"https:\\\/\\\/dein-ferienhaus-lapalma.de\\\/#\\\/schema\\\/logo\\\/image\\\/\",\"url\":\"\",\"contentUrl\":\"\",\"caption\":\"Dein Ferienhaus La Palma\"},\"image\":{\"@id\":\"https:\\\/\\\/dein-ferienhaus-lapalma.de\\\/#\\\/schema\\\/logo\\\/image\\\/\"},\"sameAs\":[\"https:\\\/\\\/www.facebook.com\\\/Dein-Ferienhaus-LaPalma-100755315590346\"]}]}<\/script>\n<!-- \/ Yoast SEO Premium plugin. -->","yoast_head_json":{"title":"planificaci\u00f3n de viajes - your-holiday-house-lapalma.com","robots":{"index":"index","follow":"follow","max-snippet":"max-snippet:-1","max-image-preview":"max-image-preview:large","max-video-preview":"max-video-preview:-1"},"canonical":"https:\/\/dein-ferienhaus-lapalma.de\/es\/unser-service\/elementor-36153\/","og_locale":"es_ES","og_type":"article","og_title":"Reiseplanung","og_description":"Reiseplanung Auch f\u00fcr ein nicht weit entferntes, nicht exotisches Reiseziel ist eine gute Reiseplanung von Vorteil. Sie erspart Stress und unliebsame","og_url":"https:\/\/dein-ferienhaus-lapalma.de\/es\/unser-service\/elementor-36153\/","og_site_name":"dein-ferienhaus-lapalma.de","article_publisher":"https:\/\/www.facebook.com\/Dein-Ferienhaus-LaPalma-100755315590346","article_modified_time":"2024-11-04T12:36:33+00:00","og_image":[{"width":1458,"height":1500,"url":"https:\/\/dein-ferienhaus-lapalma.de\/wp-content\/uploads\/2020\/10\/pexels-photo-1051075-REISEPLANNUNG.jpeg","type":"image\/jpeg"}],"twitter_card":"summary_large_image","twitter_misc":{"Tiempo de lectura":"3 minutos"},"schema":{"@context":"https:\/\/schema.org","@graph":[{"@type":"WebPage","@id":"https:\/\/dein-ferienhaus-lapalma.de\/unser-service\/elementor-36153\/","url":"https:\/\/dein-ferienhaus-lapalma.de\/unser-service\/elementor-36153\/","name":"planificaci\u00f3n de viajes - your-holiday-house-lapalma.com","isPartOf":{"@id":"https:\/\/dein-ferienhaus-lapalma.de\/#website"},"primaryImageOfPage":{"@id":"https:\/\/dein-ferienhaus-lapalma.de\/unser-service\/elementor-36153\/#primaryimage"},"image":{"@id":"https:\/\/dein-ferienhaus-lapalma.de\/unser-service\/elementor-36153\/#primaryimage"},"thumbnailUrl":"https:\/\/dein-ferienhaus-lapalma.de\/wp-content\/uploads\/2020\/10\/pexels-photo-1051075-REISEPLANNUNG-292x300.jpeg","datePublished":"2020-10-23T14:36:25+00:00","dateModified":"2024-11-04T12:36:33+00:00","breadcrumb":{"@id":"https:\/\/dein-ferienhaus-lapalma.de\/unser-service\/elementor-36153\/#breadcrumb"},"inLanguage":"es","potentialAction":[{"@type":"ReadAction","target":["https:\/\/dein-ferienhaus-lapalma.de\/unser-service\/elementor-36153\/"]}]},{"@type":"ImageObject","inLanguage":"es","@id":"https:\/\/dein-ferienhaus-lapalma.de\/unser-service\/elementor-36153\/#primaryimage","url":"https:\/\/dein-ferienhaus-lapalma.de\/wp-content\/uploads\/2020\/10\/pexels-photo-1051075-REISEPLANNUNG-292x300.jpeg","contentUrl":"https:\/\/dein-ferienhaus-lapalma.de\/wp-content\/uploads\/2020\/10\/pexels-photo-1051075-REISEPLANNUNG-292x300.jpeg"},{"@type":"BreadcrumbList","@id":"https:\/\/dein-ferienhaus-lapalma.de\/unser-service\/elementor-36153\/#breadcrumb","itemListElement":[{"@type":"ListItem","position":1,"name":"Home","item":"https:\/\/dein-ferienhaus-lapalma.de\/"},{"@type":"ListItem","position":2,"name":"Unser Service","item":"https:\/\/dein-ferienhaus-lapalma.de\/unser-service\/"},{"@type":"ListItem","position":3,"name":"Reiseplanung"}]},{"@type":"WebSite","@id":"https:\/\/dein-ferienhaus-lapalma.de\/#website","url":"https:\/\/dein-ferienhaus-lapalma.de\/","name":"dein-ferienhaus-lapalma.de","description":"Grandes casas de vacaciones en La Palma","publisher":{"@id":"https:\/\/dein-ferienhaus-lapalma.de\/#organization"},"potentialAction":[{"@type":"SearchAction","target":{"@type":"EntryPoint","urlTemplate":"https:\/\/dein-ferienhaus-lapalma.de\/?s={search_term_string}"},"query-input":{"@type":"PropertyValueSpecification","valueRequired":true,"valueName":"search_term_string"}}],"inLanguage":"es"},{"@type":"Organization","@id":"https:\/\/dein-ferienhaus-lapalma.de\/#organization","name":"Su casa de vacaciones La Palma","url":"https:\/\/dein-ferienhaus-lapalma.de\/","logo":{"@type":"ImageObject","inLanguage":"es","@id":"https:\/\/dein-ferienhaus-lapalma.de\/#\/schema\/logo\/image\/","url":"","contentUrl":"","caption":"Dein Ferienhaus La Palma"},"image":{"@id":"https:\/\/dein-ferienhaus-lapalma.de\/#\/schema\/logo\/image\/"},"sameAs":["https:\/\/www.facebook.com\/Dein-Ferienhaus-LaPalma-100755315590346"]}]}},"_links":{"self":[{"href":"https:\/\/dein-ferienhaus-lapalma.de\/es\/wp-json\/wp\/v2\/pages\/36153","targetHints":{"allow":["GET"]}}],"collection":[{"href":"https:\/\/dein-ferienhaus-lapalma.de\/es\/wp-json\/wp\/v2\/pages"}],"about":[{"href":"https:\/\/dein-ferienhaus-lapalma.de\/es\/wp-json\/wp\/v2\/types\/page"}],"author":[{"embeddable":true,"href":"https:\/\/dein-ferienhaus-lapalma.de\/es\/wp-json\/wp\/v2\/users\/1"}],"replies":[{"embeddable":true,"href":"https:\/\/dein-ferienhaus-lapalma.de\/es\/wp-json\/wp\/v2\/comments?post=36153"}],"version-history":[{"count":0,"href":"https:\/\/dein-ferienhaus-lapalma.de\/es\/wp-json\/wp\/v2\/pages\/36153\/revisions"}],"up":[{"embeddable":true,"href":"https:\/\/dein-ferienhaus-lapalma.de\/es\/wp-json\/wp\/v2\/pages\/36142"}],"wp:attachment":[{"href":"https:\/\/dein-ferienhaus-lapalma.de\/es\/wp-json\/wp\/v2\/media?parent=36153"}],"curies":[{"name":"wp","href":"https:\/\/api.w.org\/{rel}","templated":true}]}}