{"id":36157,"date":"2020-10-23T16:37:58","date_gmt":"2020-10-23T14:37:58","guid":{"rendered":"https:\/\/dein-ferienhaus-lapalma.de\/?page_id=36157"},"modified":"2024-11-04T13:36:34","modified_gmt":"2024-11-04T12:36:34","slug":"beratung","status":"publish","type":"page","link":"https:\/\/dein-ferienhaus-lapalma.de\/es\/unser-service\/beratung\/","title":{"rendered":"Asesoramiento"},"content":{"rendered":"<div data-elementor-type=\"wp-page\" data-elementor-id=\"36157\" class=\"elementor elementor-36157\" data-elementor-post-type=\"page\">\n\t\t\t\t\t\t<section class=\"elementor-section elementor-top-section elementor-element elementor-element-b15f818 elementor-section-boxed elementor-section-height-default elementor-section-height-default\" data-id=\"b15f818\" data-element_type=\"section\">\n\t\t\t\t\t\t<div class=\"elementor-container elementor-column-gap-default\">\n\t\t\t\t\t<div class=\"elementor-column elementor-col-100 elementor-top-column elementor-element elementor-element-bd8b623\" data-id=\"bd8b623\" data-element_type=\"column\">\n\t\t\t<div class=\"elementor-widget-wrap elementor-element-populated\">\n\t\t\t\t\t\t<div class=\"elementor-element elementor-element-b7a1b37 elementor-widget elementor-widget-heading\" data-id=\"b7a1b37\" data-element_type=\"widget\" data-widget_type=\"heading.default\">\n\t\t\t\t<div class=\"elementor-widget-container\">\n\t\t\t<h2 class=\"elementor-heading-title elementor-size-default\">Asesoramiento<\/h2>\t\t<\/div>\n\t\t\t\t<\/div>\n\t\t\t\t\t<\/div>\n\t\t<\/div>\n\t\t\t\t\t<\/div>\n\t\t<\/section>\n\t\t\t\t<section class=\"elementor-section elementor-top-section elementor-element elementor-element-d4d4ebb elementor-section-boxed elementor-section-height-default elementor-section-height-default\" data-id=\"d4d4ebb\" data-element_type=\"section\">\n\t\t\t\t\t\t<div class=\"elementor-container elementor-column-gap-default\">\n\t\t\t\t\t<div class=\"elementor-column elementor-col-100 elementor-top-column elementor-element elementor-element-4e62cc5\" data-id=\"4e62cc5\" data-element_type=\"column\">\n\t\t\t<div class=\"elementor-widget-wrap elementor-element-populated\">\n\t\t\t\t\t\t<div class=\"elementor-element elementor-element-8987c22 elementor-widget elementor-widget-text-editor\" data-id=\"8987c22\" data-element_type=\"widget\" data-widget_type=\"text-editor.default\">\n\t\t\t\t<div class=\"elementor-widget-container\">\n\t\t\t\t\t\t\t<p><a href=\"https:\/\/dein-ferienhaus-lapalma.de\/wp-content\/uploads\/2020\/10\/pexels-photo-1311518-BERATUNG.jpeg\"><img fetchpriority=\"high\" decoding=\"async\" class=\"wp-image-36431 alignright\" src=\"https:\/\/dein-ferienhaus-lapalma.de\/wp-content\/uploads\/2020\/10\/pexels-photo-1311518-BERATUNG-300x200.jpeg\" alt=\"\" width=\"381\" height=\"254\" srcset=\"https:\/\/dein-ferienhaus-lapalma.de\/wp-content\/uploads\/2020\/10\/pexels-photo-1311518-BERATUNG-300x200.jpeg 300w, https:\/\/dein-ferienhaus-lapalma.de\/wp-content\/uploads\/2020\/10\/pexels-photo-1311518-BERATUNG-1024x683.jpeg 1024w, https:\/\/dein-ferienhaus-lapalma.de\/wp-content\/uploads\/2020\/10\/pexels-photo-1311518-BERATUNG-768x512.jpeg 768w, https:\/\/dein-ferienhaus-lapalma.de\/wp-content\/uploads\/2020\/10\/pexels-photo-1311518-BERATUNG-1536x1024.jpeg 1536w, https:\/\/dein-ferienhaus-lapalma.de\/wp-content\/uploads\/2020\/10\/pexels-photo-1311518-BERATUNG-2048x1366.jpeg 2048w, https:\/\/dein-ferienhaus-lapalma.de\/wp-content\/uploads\/2020\/10\/pexels-photo-1311518-BERATUNG-75x50.jpeg 75w, https:\/\/dein-ferienhaus-lapalma.de\/wp-content\/uploads\/2020\/10\/pexels-photo-1311518-BERATUNG-120x80.jpeg 120w, https:\/\/dein-ferienhaus-lapalma.de\/wp-content\/uploads\/2020\/10\/pexels-photo-1311518-BERATUNG-394x263.jpeg 394w, https:\/\/dein-ferienhaus-lapalma.de\/wp-content\/uploads\/2020\/10\/pexels-photo-1311518-BERATUNG-915x610.jpeg 915w, https:\/\/dein-ferienhaus-lapalma.de\/wp-content\/uploads\/2020\/10\/pexels-photo-1311518-BERATUNG-1240x827.jpeg 1240w, https:\/\/dein-ferienhaus-lapalma.de\/wp-content\/uploads\/2020\/10\/pexels-photo-1311518-BERATUNG-1619x1080.jpeg 1619w\" sizes=\"(max-width: 381px) 100vw, 381px\" \/><\/a><\/p><p>Bien aconsejado<\/p><p>Conf\u00ede en nuestro equipo de expertos que le ofrecer\u00e1 uno de nuestros alojamientos o servicios.<\/p><p>Nuestro equipo vive en la isla para<\/p><p>Respondemos a sus preguntas y reservas de forma r\u00e1pida y fiable, a menudo en cuesti\u00f3n de minutos!<\/p><p>\u00bfTiene deseos especiales y preguntas sobre las vacaciones de sus sue\u00f1os?<br \/>\u00a1S\u00f3lo ll\u00e1manos! Estamos contentos de ayudar.<\/p><p>Mejora continua de nuestra oferta inmobiliaria a trav\u00e9s de una gesti\u00f3n de calidad constante. Tenemos la finca adecuada para ti.<\/p><p>Para sus vacaciones en La Palma encontrar\u00e1 en esta p\u00e1gina una amplia gama de fincas en todas las regiones de la isla. Casas de campo con o sin piscina, aptas para ni\u00f1os, cerca de la playa o con equipamiento especial - hay m\u00e1s de 40 propiedades disponibles. Su propiedad de vacaciones es ciertamente una de ellas.<\/p><p>Elija su finca personalmente o d\u00e9jenos darle un consejo experto. Puede contactarnos gratuitamente a trav\u00e9s de nuestra l\u00ednea directa de lunes a domingo de 09:00 a 21:00.<\/p><p>\u00a0<\/p>\t\t\t\t\t\t<\/div>\n\t\t\t\t<\/div>\n\t\t\t\t\t<\/div>\n\t\t<\/div>\n\t\t\t\t\t<\/div>\n\t\t<\/section>\n\t\t\t\t<\/div>","protected":false},"excerpt":{"rendered":"<p>Consejos Buenos consejos Conf\u00ede en nuestro equipo de expertos para ofrecerle uno de nuestros alojamientos o servicios. Nuestro equipo vive en la isla para responder a sus preguntas y reservas de forma r\u00e1pida y fiable, \u00a1a menudo en cuesti\u00f3n de minutos! \u00bfTiene peticiones especiales y ... <a href=\"https:\/\/dein-ferienhaus-lapalma.de\/es\/unser-service\/beratung\/\">Seguir leyendo<\/a><\/p>","protected":false},"author":1,"featured_media":0,"parent":36142,"menu_order":4,"comment_status":"closed","ping_status":"closed","template":"","meta":{"footnotes":""},"class_list":["post-36157","page","type-page","status-publish","hentry"],"yoast_head":"<!-- This site is optimized with the Yoast SEO Premium plugin v23.3 (Yoast SEO v27.4) - https:\/\/yoast.com\/product\/yoast-seo-premium-wordpress\/ -->\n<title>Beratung - dein-ferienhaus-lapalma.de<\/title>\n<meta name=\"robots\" content=\"index, follow, max-snippet:-1, max-image-preview:large, max-video-preview:-1\" \/>\n<link rel=\"canonical\" href=\"https:\/\/dein-ferienhaus-lapalma.de\/es\/unser-service\/beratung\/\" \/>\n<meta property=\"og:locale\" content=\"es_ES\" \/>\n<meta property=\"og:type\" content=\"article\" \/>\n<meta property=\"og:title\" content=\"Beratung\" \/>\n<meta property=\"og:description\" content=\"Beratung Gut beratenVertrauen Sie unserem Expertenteam, das Ihnen eine unserer Unterk\u00fcnfte oder Dienstleistungen anbietet.Unser Team lebt auf der Insel,\" \/>\n<meta property=\"og:url\" content=\"https:\/\/dein-ferienhaus-lapalma.de\/es\/unser-service\/beratung\/\" \/>\n<meta property=\"og:site_name\" content=\"dein-ferienhaus-lapalma.de\" \/>\n<meta property=\"article:publisher\" content=\"https:\/\/www.facebook.com\/Dein-Ferienhaus-LaPalma-100755315590346\" \/>\n<meta property=\"article:modified_time\" content=\"2024-11-04T12:36:34+00:00\" \/>\n<meta property=\"og:image\" content=\"https:\/\/dein-ferienhaus-lapalma.de\/wp-content\/uploads\/2020\/10\/pexels-photo-1311518-BERATUNG.jpeg\" \/>\n\t<meta property=\"og:image:width\" content=\"2249\" \/>\n\t<meta property=\"og:image:height\" content=\"1500\" \/>\n\t<meta property=\"og:image:type\" content=\"image\/jpeg\" \/>\n<meta name=\"twitter:card\" content=\"summary_large_image\" \/>\n<meta name=\"twitter:label1\" content=\"Tiempo de lectura\" \/>\n\t<meta name=\"twitter:data1\" content=\"1 minuto\" \/>\n<script type=\"application\/ld+json\" class=\"yoast-schema-graph\">{\"@context\":\"https:\\\/\\\/schema.org\",\"@graph\":[{\"@type\":\"WebPage\",\"@id\":\"https:\\\/\\\/dein-ferienhaus-lapalma.de\\\/unser-service\\\/beratung\\\/\",\"url\":\"https:\\\/\\\/dein-ferienhaus-lapalma.de\\\/unser-service\\\/beratung\\\/\",\"name\":\"Beratung - dein-ferienhaus-lapalma.de\",\"isPartOf\":{\"@id\":\"https:\\\/\\\/dein-ferienhaus-lapalma.de\\\/#website\"},\"primaryImageOfPage\":{\"@id\":\"https:\\\/\\\/dein-ferienhaus-lapalma.de\\\/unser-service\\\/beratung\\\/#primaryimage\"},\"image\":{\"@id\":\"https:\\\/\\\/dein-ferienhaus-lapalma.de\\\/unser-service\\\/beratung\\\/#primaryimage\"},\"thumbnailUrl\":\"https:\\\/\\\/dein-ferienhaus-lapalma.de\\\/wp-content\\\/uploads\\\/2020\\\/10\\\/pexels-photo-1311518-BERATUNG-300x200.jpeg\",\"datePublished\":\"2020-10-23T14:37:58+00:00\",\"dateModified\":\"2024-11-04T12:36:34+00:00\",\"breadcrumb\":{\"@id\":\"https:\\\/\\\/dein-ferienhaus-lapalma.de\\\/unser-service\\\/beratung\\\/#breadcrumb\"},\"inLanguage\":\"es\",\"potentialAction\":[{\"@type\":\"ReadAction\",\"target\":[\"https:\\\/\\\/dein-ferienhaus-lapalma.de\\\/unser-service\\\/beratung\\\/\"]}]},{\"@type\":\"ImageObject\",\"inLanguage\":\"es\",\"@id\":\"https:\\\/\\\/dein-ferienhaus-lapalma.de\\\/unser-service\\\/beratung\\\/#primaryimage\",\"url\":\"https:\\\/\\\/dein-ferienhaus-lapalma.de\\\/wp-content\\\/uploads\\\/2020\\\/10\\\/pexels-photo-1311518-BERATUNG-300x200.jpeg\",\"contentUrl\":\"https:\\\/\\\/dein-ferienhaus-lapalma.de\\\/wp-content\\\/uploads\\\/2020\\\/10\\\/pexels-photo-1311518-BERATUNG-300x200.jpeg\"},{\"@type\":\"BreadcrumbList\",\"@id\":\"https:\\\/\\\/dein-ferienhaus-lapalma.de\\\/unser-service\\\/beratung\\\/#breadcrumb\",\"itemListElement\":[{\"@type\":\"ListItem\",\"position\":1,\"name\":\"Home\",\"item\":\"https:\\\/\\\/dein-ferienhaus-lapalma.de\\\/\"},{\"@type\":\"ListItem\",\"position\":2,\"name\":\"Unser Service\",\"item\":\"https:\\\/\\\/dein-ferienhaus-lapalma.de\\\/unser-service\\\/\"},{\"@type\":\"ListItem\",\"position\":3,\"name\":\"Beratung\"}]},{\"@type\":\"WebSite\",\"@id\":\"https:\\\/\\\/dein-ferienhaus-lapalma.de\\\/#website\",\"url\":\"https:\\\/\\\/dein-ferienhaus-lapalma.de\\\/\",\"name\":\"dein-ferienhaus-lapalma.de\",\"description\":\"Tolle Ferienh\u00e4user auf La Palma\",\"publisher\":{\"@id\":\"https:\\\/\\\/dein-ferienhaus-lapalma.de\\\/#organization\"},\"potentialAction\":[{\"@type\":\"SearchAction\",\"target\":{\"@type\":\"EntryPoint\",\"urlTemplate\":\"https:\\\/\\\/dein-ferienhaus-lapalma.de\\\/?s={search_term_string}\"},\"query-input\":{\"@type\":\"PropertyValueSpecification\",\"valueRequired\":true,\"valueName\":\"search_term_string\"}}],\"inLanguage\":\"es\"},{\"@type\":\"Organization\",\"@id\":\"https:\\\/\\\/dein-ferienhaus-lapalma.de\\\/#organization\",\"name\":\"Dein Ferienhaus La Palma\",\"url\":\"https:\\\/\\\/dein-ferienhaus-lapalma.de\\\/\",\"logo\":{\"@type\":\"ImageObject\",\"inLanguage\":\"es\",\"@id\":\"https:\\\/\\\/dein-ferienhaus-lapalma.de\\\/#\\\/schema\\\/logo\\\/image\\\/\",\"url\":\"\",\"contentUrl\":\"\",\"caption\":\"Dein Ferienhaus La Palma\"},\"image\":{\"@id\":\"https:\\\/\\\/dein-ferienhaus-lapalma.de\\\/#\\\/schema\\\/logo\\\/image\\\/\"},\"sameAs\":[\"https:\\\/\\\/www.facebook.com\\\/Dein-Ferienhaus-LaPalma-100755315590346\"]}]}<\/script>\n<!-- \/ Yoast SEO Premium plugin. -->","yoast_head_json":{"title":"consejos - dein-ferienhaus-lapalma.de","robots":{"index":"index","follow":"follow","max-snippet":"max-snippet:-1","max-image-preview":"max-image-preview:large","max-video-preview":"max-video-preview:-1"},"canonical":"https:\/\/dein-ferienhaus-lapalma.de\/es\/unser-service\/beratung\/","og_locale":"es_ES","og_type":"article","og_title":"Beratung","og_description":"Beratung Gut beratenVertrauen Sie unserem Expertenteam, das Ihnen eine unserer Unterk\u00fcnfte oder Dienstleistungen anbietet.Unser Team lebt auf der Insel,","og_url":"https:\/\/dein-ferienhaus-lapalma.de\/es\/unser-service\/beratung\/","og_site_name":"dein-ferienhaus-lapalma.de","article_publisher":"https:\/\/www.facebook.com\/Dein-Ferienhaus-LaPalma-100755315590346","article_modified_time":"2024-11-04T12:36:34+00:00","og_image":[{"width":2249,"height":1500,"url":"https:\/\/dein-ferienhaus-lapalma.de\/wp-content\/uploads\/2020\/10\/pexels-photo-1311518-BERATUNG.jpeg","type":"image\/jpeg"}],"twitter_card":"summary_large_image","twitter_misc":{"Tiempo de lectura":"1 minuto"},"schema":{"@context":"https:\/\/schema.org","@graph":[{"@type":"WebPage","@id":"https:\/\/dein-ferienhaus-lapalma.de\/unser-service\/beratung\/","url":"https:\/\/dein-ferienhaus-lapalma.de\/unser-service\/beratung\/","name":"consejos - dein-ferienhaus-lapalma.de","isPartOf":{"@id":"https:\/\/dein-ferienhaus-lapalma.de\/#website"},"primaryImageOfPage":{"@id":"https:\/\/dein-ferienhaus-lapalma.de\/unser-service\/beratung\/#primaryimage"},"image":{"@id":"https:\/\/dein-ferienhaus-lapalma.de\/unser-service\/beratung\/#primaryimage"},"thumbnailUrl":"https:\/\/dein-ferienhaus-lapalma.de\/wp-content\/uploads\/2020\/10\/pexels-photo-1311518-BERATUNG-300x200.jpeg","datePublished":"2020-10-23T14:37:58+00:00","dateModified":"2024-11-04T12:36:34+00:00","breadcrumb":{"@id":"https:\/\/dein-ferienhaus-lapalma.de\/unser-service\/beratung\/#breadcrumb"},"inLanguage":"es","potentialAction":[{"@type":"ReadAction","target":["https:\/\/dein-ferienhaus-lapalma.de\/unser-service\/beratung\/"]}]},{"@type":"ImageObject","inLanguage":"es","@id":"https:\/\/dein-ferienhaus-lapalma.de\/unser-service\/beratung\/#primaryimage","url":"https:\/\/dein-ferienhaus-lapalma.de\/wp-content\/uploads\/2020\/10\/pexels-photo-1311518-BERATUNG-300x200.jpeg","contentUrl":"https:\/\/dein-ferienhaus-lapalma.de\/wp-content\/uploads\/2020\/10\/pexels-photo-1311518-BERATUNG-300x200.jpeg"},{"@type":"BreadcrumbList","@id":"https:\/\/dein-ferienhaus-lapalma.de\/unser-service\/beratung\/#breadcrumb","itemListElement":[{"@type":"ListItem","position":1,"name":"Home","item":"https:\/\/dein-ferienhaus-lapalma.de\/"},{"@type":"ListItem","position":2,"name":"Unser Service","item":"https:\/\/dein-ferienhaus-lapalma.de\/unser-service\/"},{"@type":"ListItem","position":3,"name":"Beratung"}]},{"@type":"WebSite","@id":"https:\/\/dein-ferienhaus-lapalma.de\/#website","url":"https:\/\/dein-ferienhaus-lapalma.de\/","name":"dein-ferienhaus-lapalma.de","description":"Grandes casas de vacaciones en La Palma","publisher":{"@id":"https:\/\/dein-ferienhaus-lapalma.de\/#organization"},"potentialAction":[{"@type":"SearchAction","target":{"@type":"EntryPoint","urlTemplate":"https:\/\/dein-ferienhaus-lapalma.de\/?s={search_term_string}"},"query-input":{"@type":"PropertyValueSpecification","valueRequired":true,"valueName":"search_term_string"}}],"inLanguage":"es"},{"@type":"Organization","@id":"https:\/\/dein-ferienhaus-lapalma.de\/#organization","name":"Su casa de vacaciones La Palma","url":"https:\/\/dein-ferienhaus-lapalma.de\/","logo":{"@type":"ImageObject","inLanguage":"es","@id":"https:\/\/dein-ferienhaus-lapalma.de\/#\/schema\/logo\/image\/","url":"","contentUrl":"","caption":"Dein Ferienhaus La Palma"},"image":{"@id":"https:\/\/dein-ferienhaus-lapalma.de\/#\/schema\/logo\/image\/"},"sameAs":["https:\/\/www.facebook.com\/Dein-Ferienhaus-LaPalma-100755315590346"]}]}},"_links":{"self":[{"href":"https:\/\/dein-ferienhaus-lapalma.de\/es\/wp-json\/wp\/v2\/pages\/36157","targetHints":{"allow":["GET"]}}],"collection":[{"href":"https:\/\/dein-ferienhaus-lapalma.de\/es\/wp-json\/wp\/v2\/pages"}],"about":[{"href":"https:\/\/dein-ferienhaus-lapalma.de\/es\/wp-json\/wp\/v2\/types\/page"}],"author":[{"embeddable":true,"href":"https:\/\/dein-ferienhaus-lapalma.de\/es\/wp-json\/wp\/v2\/users\/1"}],"replies":[{"embeddable":true,"href":"https:\/\/dein-ferienhaus-lapalma.de\/es\/wp-json\/wp\/v2\/comments?post=36157"}],"version-history":[{"count":0,"href":"https:\/\/dein-ferienhaus-lapalma.de\/es\/wp-json\/wp\/v2\/pages\/36157\/revisions"}],"up":[{"embeddable":true,"href":"https:\/\/dein-ferienhaus-lapalma.de\/es\/wp-json\/wp\/v2\/pages\/36142"}],"wp:attachment":[{"href":"https:\/\/dein-ferienhaus-lapalma.de\/es\/wp-json\/wp\/v2\/media?parent=36157"}],"curies":[{"name":"wp","href":"https:\/\/api.w.org\/{rel}","templated":true}]}}