{"id":36160,"date":"2020-10-23T16:39:03","date_gmt":"2020-10-23T14:39:03","guid":{"rendered":"https:\/\/dein-ferienhaus-lapalma.de\/?page_id=36160"},"modified":"2024-11-19T15:18:46","modified_gmt":"2024-11-19T14:18:46","slug":"mobilitaet","status":"publish","type":"page","link":"https:\/\/dein-ferienhaus-lapalma.de\/es\/unser-service\/mobilitaet\/","title":{"rendered":"Movilidad"},"content":{"rendered":"<div data-elementor-type=\"wp-page\" data-elementor-id=\"36160\" class=\"elementor elementor-36160\" data-elementor-post-type=\"page\">\n\t\t\t\t\t\t<section class=\"elementor-section elementor-top-section elementor-element elementor-element-1a228e4 elementor-section-boxed elementor-section-height-default elementor-section-height-default\" data-id=\"1a228e4\" data-element_type=\"section\">\n\t\t\t\t\t\t<div class=\"elementor-container elementor-column-gap-default\">\n\t\t\t\t\t<div class=\"elementor-column elementor-col-100 elementor-top-column elementor-element elementor-element-91af41a\" data-id=\"91af41a\" data-element_type=\"column\">\n\t\t\t<div class=\"elementor-widget-wrap elementor-element-populated\">\n\t\t\t\t\t\t<div class=\"elementor-element elementor-element-5cbd0da elementor-widget elementor-widget-heading\" data-id=\"5cbd0da\" data-element_type=\"widget\" data-widget_type=\"heading.default\">\n\t\t\t\t<div class=\"elementor-widget-container\">\n\t\t\t<h2 class=\"elementor-heading-title elementor-size-default\">M\u00f3vil en la Palma = \u00a1Viajar en el para\u00edso!<\/h2>\t\t<\/div>\n\t\t\t\t<\/div>\n\t\t\t\t\t<\/div>\n\t\t<\/div>\n\t\t\t\t\t<\/div>\n\t\t<\/section>\n\t\t\t\t<section class=\"elementor-section elementor-top-section elementor-element elementor-element-46777f1 elementor-section-boxed elementor-section-height-default elementor-section-height-default\" data-id=\"46777f1\" data-element_type=\"section\">\n\t\t\t\t\t\t<div class=\"elementor-container elementor-column-gap-default\">\n\t\t\t\t\t<div class=\"elementor-column elementor-col-50 elementor-top-column elementor-element elementor-element-98eab10\" data-id=\"98eab10\" data-element_type=\"column\">\n\t\t\t<div class=\"elementor-widget-wrap elementor-element-populated\">\n\t\t\t\t\t\t<div class=\"elementor-element elementor-element-283efd1 elementor-widget elementor-widget-image\" data-id=\"283efd1\" data-element_type=\"widget\" data-widget_type=\"image.default\">\n\t\t\t\t<div class=\"elementor-widget-container\">\n\t\t\t\t\t\t\t\t\t\t<figure class=\"wp-caption\">\n\t\t\t\t\t\t\t\t\t\t<img fetchpriority=\"high\" decoding=\"async\" width=\"500\" height=\"430\" src=\"https:\/\/dein-ferienhaus-lapalma.de\/wp-content\/uploads\/2024\/11\/mobil-auf-la-palma-02.jpg\" class=\"attachment-full size-full wp-image-68763\" alt=\"\" srcset=\"https:\/\/dein-ferienhaus-lapalma.de\/wp-content\/uploads\/2024\/11\/mobil-auf-la-palma-02.jpg 500w, https:\/\/dein-ferienhaus-lapalma.de\/wp-content\/uploads\/2024\/11\/mobil-auf-la-palma-02-300x258.jpg 300w, https:\/\/dein-ferienhaus-lapalma.de\/wp-content\/uploads\/2024\/11\/mobil-auf-la-palma-02-14x12.jpg 14w, https:\/\/dein-ferienhaus-lapalma.de\/wp-content\/uploads\/2024\/11\/mobil-auf-la-palma-02-50x43.jpg 50w, https:\/\/dein-ferienhaus-lapalma.de\/wp-content\/uploads\/2024\/11\/mobil-auf-la-palma-02-93x80.jpg 93w, https:\/\/dein-ferienhaus-lapalma.de\/wp-content\/uploads\/2024\/11\/mobil-auf-la-palma-02-352x303.jpg 352w\" sizes=\"(max-width: 500px) 100vw, 500px\" \/>\t\t\t\t\t\t\t\t\t\t\t<figcaption class=\"widget-image-caption wp-caption-text\">\u00bfNuestro tr\u00e1fico? Tan acogedor como un burro...! \ud83d\ude09<\/figcaption>\n\t\t\t\t\t\t\t\t\t\t<\/figure>\n\t\t\t\t\t\t\t<\/div>\n\t\t\t\t<\/div>\n\t\t\t\t\t<\/div>\n\t\t<\/div>\n\t\t\t\t<div class=\"elementor-column elementor-col-50 elementor-top-column elementor-element elementor-element-fa3d2bc\" data-id=\"fa3d2bc\" data-element_type=\"column\">\n\t\t\t<div class=\"elementor-widget-wrap elementor-element-populated\">\n\t\t\t\t\t\t<div class=\"elementor-element elementor-element-5b3fcab elementor-widget elementor-widget-text-editor\" data-id=\"5b3fcab\" data-element_type=\"widget\" data-widget_type=\"text-editor.default\">\n\t\t\t\t<div class=\"elementor-widget-container\">\n\t\t\t\t\t\t\t<p><strong>M\u00f3vil en La Palma - La mejor forma de moverse por la isla:<\/strong><\/p><p>La Palma es una hermosa isla perfecta para explorar. Para que disfrutes al m\u00e1ximo de la diversidad de esta isla canaria, <strong>m\u00f3vil en La Palma<\/strong> para estar en movimiento. Gracias a una infraestructura de transportes bien desarrollada y a diversas opciones de transporte, podr\u00e1 conocer la paradis\u00edaca isla a su propio ritmo.<\/p><p>Tanto si disfruta de los espectaculares paisajes monta\u00f1osos del <strong>Parque Nacional de la Caldera de Taburiente<\/strong> o descubra las pintorescas playas del oeste: los mejores lugares de inter\u00e9s s\u00f3lo son accesibles en coche. <strong>Coche de alquiler<\/strong> o a trav\u00e9s de <strong>Transporte p\u00fablico<\/strong> de f\u00e1cil acceso.<\/p><p class=\"font_7\">A nuestro <strong><span style=\"text-decoration: underline;\"><a href=\"https:\/\/dein-ferienhaus-lapalma.de\/es\/unterkuenfte\/\">Casas de vacaciones<\/a><\/span><\/strong> podemos organizar un coche de alquiler adecuado para usted. Ya sea peque\u00f1o para dos personas o grande para grupos de hasta ocho personas, podemos organizar casi cualquier coche para usted.<br \/>A largo plazo nos gustar\u00eda poder ofrecer coches el\u00e9ctricos respetuosos con el clima, que se cargan a trav\u00e9s de estaciones solares, y as\u00ed contribuir a la protecci\u00f3n del medio ambiente en La Palma.<\/p>\t\t\t\t\t\t<\/div>\n\t\t\t\t<\/div>\n\t\t\t\t\t<\/div>\n\t\t<\/div>\n\t\t\t\t\t<\/div>\n\t\t<\/section>\n\t\t\t\t<section class=\"elementor-section elementor-top-section elementor-element elementor-element-a07cca6 elementor-section-boxed elementor-section-height-default elementor-section-height-default\" data-id=\"a07cca6\" data-element_type=\"section\">\n\t\t\t\t\t\t<div class=\"elementor-container elementor-column-gap-default\">\n\t\t\t\t\t<div class=\"elementor-column elementor-col-50 elementor-top-column elementor-element elementor-element-c24a7aa\" data-id=\"c24a7aa\" data-element_type=\"column\">\n\t\t\t<div class=\"elementor-widget-wrap elementor-element-populated\">\n\t\t\t\t\t\t<div class=\"elementor-element elementor-element-7490142 elementor-widget elementor-widget-text-editor\" data-id=\"7490142\" data-element_type=\"widget\" data-widget_type=\"text-editor.default\">\n\t\t\t\t<div class=\"elementor-widget-container\">\n\t\t\t\t\t\t\t<p><strong>Alquiler de coches en La Palma: flexibilidad y libertad:<\/strong><\/p><p>El <a href=\"https:\/\/dein-ferienhaus-lapalma.de\/es\/autovermittlung\/\"><strong><span style=\"text-decoration: underline;\">Coche de alquiler<\/span><\/strong><\/a> es la opci\u00f3n m\u00e1s popular para los turistas que visitan La Palma. <strong>m\u00f3vil<\/strong> quiere estar. Las carreteras de la isla est\u00e1n bien desarrolladas, aunque a menudo serpentean por el macizo monta\u00f1oso. Esto significa que se puede viajar f\u00e1cilmente entre las distintas regiones, como el <strong>Sur<\/strong>el <strong>Oeste<\/strong> o el <strong>Este<\/strong> ir y venir sin tener que recurrir al transporte p\u00fablico.<\/p><p><strong>Transporte p\u00fablico en La Palma:<\/strong><\/p><p>Para los hu\u00e9spedes que prefieran tom\u00e1rselo con calma y no quieran recorrer largas distancias en coche, La Palma tambi\u00e9n ofrece un fiable <span style=\"text-decoration: underline;\"><a href=\"https:\/\/www.tilp.es\/en\/regular-lines\/\"><strong>Red de autobuses<\/strong><\/a><\/span>. Especialmente el <strong>Rutas de autob\u00fas<\/strong> de <strong>Los Llanos<\/strong> hasta <strong>Santa Cruz<\/strong> o en las regiones m\u00e1s rurales est\u00e1n bien desarrollados y permiten descubrir la isla de forma relajada. Pero lo mismo ocurre aqu\u00ed: si quiere vivir La Palma intensamente, un coche de alquiler o un traslado privado le llevar\u00e1n m\u00e1s r\u00e1pido a su destino.<\/p><p><strong>Ciclismo y senderismo: explora por tu cuenta:<\/strong><\/p><p>Si prefiere un medio de transporte sostenible y activo, tambi\u00e9n puede explorar la isla en bicicleta. <strong>Bicicleta<\/strong> o con un <strong>Caminata<\/strong> explorar por su cuenta. Para los deportistas, hay muchas excursiones en bicicleta de monta\u00f1a y rutas de senderismo que le llevar\u00e1n a trav\u00e9s de la impresionante naturaleza de La Palma.<\/p>\t\t\t\t\t\t<\/div>\n\t\t\t\t<\/div>\n\t\t\t\t\t<\/div>\n\t\t<\/div>\n\t\t\t\t<div class=\"elementor-column elementor-col-50 elementor-top-column elementor-element elementor-element-9a5330a\" data-id=\"9a5330a\" data-element_type=\"column\">\n\t\t\t<div class=\"elementor-widget-wrap elementor-element-populated\">\n\t\t\t\t\t\t<div class=\"elementor-element elementor-element-9330c76 elementor-widget elementor-widget-image\" data-id=\"9330c76\" data-element_type=\"widget\" data-widget_type=\"image.default\">\n\t\t\t\t<div class=\"elementor-widget-container\">\n\t\t\t\t\t\t\t\t\t\t<figure class=\"wp-caption\">\n\t\t\t\t\t\t\t\t\t\t<img decoding=\"async\" width=\"500\" height=\"430\" src=\"https:\/\/dein-ferienhaus-lapalma.de\/wp-content\/uploads\/2024\/11\/mobil-auf-la-palma-04.jpg\" class=\"attachment-full size-full wp-image-68765\" alt=\"\" srcset=\"https:\/\/dein-ferienhaus-lapalma.de\/wp-content\/uploads\/2024\/11\/mobil-auf-la-palma-04.jpg 500w, https:\/\/dein-ferienhaus-lapalma.de\/wp-content\/uploads\/2024\/11\/mobil-auf-la-palma-04-300x258.jpg 300w, https:\/\/dein-ferienhaus-lapalma.de\/wp-content\/uploads\/2024\/11\/mobil-auf-la-palma-04-14x12.jpg 14w, https:\/\/dein-ferienhaus-lapalma.de\/wp-content\/uploads\/2024\/11\/mobil-auf-la-palma-04-50x43.jpg 50w, https:\/\/dein-ferienhaus-lapalma.de\/wp-content\/uploads\/2024\/11\/mobil-auf-la-palma-04-93x80.jpg 93w, https:\/\/dein-ferienhaus-lapalma.de\/wp-content\/uploads\/2024\/11\/mobil-auf-la-palma-04-352x303.jpg 352w\" sizes=\"(max-width: 500px) 100vw, 500px\" \/>\t\t\t\t\t\t\t\t\t\t\t<figcaption class=\"widget-image-caption wp-caption-text\">Autob\u00fas y coche: los veh\u00edculos m\u00e1s comunes en La Palma<\/figcaption>\n\t\t\t\t\t\t\t\t\t\t<\/figure>\n\t\t\t\t\t\t\t<\/div>\n\t\t\t\t<\/div>\n\t\t\t\t\t<\/div>\n\t\t<\/div>\n\t\t\t\t\t<\/div>\n\t\t<\/section>\n\t\t\t\t<section class=\"elementor-section elementor-top-section elementor-element elementor-element-002d1ba elementor-section-boxed elementor-section-height-default elementor-section-height-default\" data-id=\"002d1ba\" data-element_type=\"section\">\n\t\t\t\t\t\t<div class=\"elementor-container elementor-column-gap-default\">\n\t\t\t\t\t<div class=\"elementor-column elementor-col-100 elementor-top-column elementor-element elementor-element-f8941ae\" data-id=\"f8941ae\" data-element_type=\"column\">\n\t\t\t<div class=\"elementor-widget-wrap elementor-element-populated\">\n\t\t\t\t\t\t\t<\/div>\n\t\t<\/div>\n\t\t\t\t\t<\/div>\n\t\t<\/section>\n\t\t\t\t<section class=\"elementor-section elementor-top-section elementor-element elementor-element-79b7358 elementor-section-boxed elementor-section-height-default elementor-section-height-default\" data-id=\"79b7358\" data-element_type=\"section\">\n\t\t\t\t\t\t<div class=\"elementor-container elementor-column-gap-default\">\n\t\t\t\t\t<div class=\"elementor-column elementor-col-100 elementor-top-column elementor-element elementor-element-a598f25\" data-id=\"a598f25\" data-element_type=\"column\">\n\t\t\t<div class=\"elementor-widget-wrap elementor-element-populated\">\n\t\t\t\t\t\t<div class=\"elementor-element elementor-element-a36836d elementor-widget elementor-widget-text-editor\" data-id=\"a36836d\" data-element_type=\"widget\" data-widget_type=\"text-editor.default\">\n\t\t\t\t<div class=\"elementor-widget-container\">\n\t\t\t\t\t\t\t<p>Hay un dicho muy conocido entre los lugare\u00f1os: <span style=\"color: #ff6600;\"><strong>\"a un palmero bien le gusta la curva\"<\/strong><\/span>que se traduce como: \"A los palmeros les gustan mucho las curvas\". <br \/>Aparte del gui\u00f1o displicente a la feminidad justa, aporta la <strong><span style=\"color: #ff6600;\">Disfrute del acogedor placer de conducir por las sinuosas carreteras<\/span><\/strong>que, sobre todo en el norte de la isla, serpentean a lo largo de pintorescos barrancos con maravillosas vistas. Tambi\u00e9n se agradece la ausencia de autopistas<\/p>\t\t\t\t\t\t<\/div>\n\t\t\t\t<\/div>\n\t\t\t\t\t<\/div>\n\t\t<\/div>\n\t\t\t\t\t<\/div>\n\t\t<\/section>\n\t\t\t\t<\/div>","protected":false},"excerpt":{"rendered":"<p>M\u00f3vil en la Palma = \u00a1Viajar en el para\u00edso! \u00bfNuestro tr\u00e1fico? Tan acogedor como un burro...! \ud83d\ude09 M\u00f3vil en La Palma - C\u00f3mo moverse por la isla: La Palma es una isla preciosa perfecta para explorar. ... <a href=\"https:\/\/dein-ferienhaus-lapalma.de\/es\/unser-service\/mobilitaet\/\">Seguir leyendo<\/a><\/p>","protected":false},"author":1,"featured_media":42660,"parent":36142,"menu_order":5,"comment_status":"closed","ping_status":"closed","template":"","meta":{"footnotes":""},"class_list":["post-36160","page","type-page","status-publish","has-post-thumbnail","hentry"],"yoast_head":"<!-- This site is optimized with the Yoast SEO Premium plugin v23.3 (Yoast SEO v27.4) - https:\/\/yoast.com\/product\/yoast-seo-premium-wordpress\/ -->\n<title>Mobilit\u00e4t - dein-ferienhaus-lapalma.de<\/title>\n<meta name=\"description\" content=\"Mobil unterwegs auf La Palma: mit dem Mietwagen, dem Bus, einem Taxi oder mit dem Fahrrad - es gibt viele Optionen, von A nach B zu kommen\" \/>\n<meta name=\"robots\" content=\"index, follow, max-snippet:-1, max-image-preview:large, max-video-preview:-1\" \/>\n<link rel=\"canonical\" href=\"https:\/\/dein-ferienhaus-lapalma.de\/es\/unser-service\/mobilitaet\/\" \/>\n<meta property=\"og:locale\" content=\"es_ES\" \/>\n<meta property=\"og:type\" content=\"article\" \/>\n<meta property=\"og:title\" content=\"Mobilit\u00e4t\" \/>\n<meta property=\"og:description\" content=\"Mobil auf la Palma = Unterwegs im Paradies! Unser Verkehr? Gem\u00fctlich wie ein Esel...! ;) Mobil auf La Palma \u2013 So kommen Sie auf der Insel bestens\" \/>\n<meta property=\"og:url\" content=\"https:\/\/dein-ferienhaus-lapalma.de\/es\/unser-service\/mobilitaet\/\" \/>\n<meta property=\"og:site_name\" content=\"dein-ferienhaus-lapalma.de\" \/>\n<meta property=\"article:publisher\" content=\"https:\/\/www.facebook.com\/Dein-Ferienhaus-LaPalma-100755315590346\" \/>\n<meta property=\"article:modified_time\" content=\"2024-11-19T14:18:46+00:00\" \/>\n<meta property=\"og:image\" content=\"https:\/\/dein-ferienhaus-lapalma.de\/wp-content\/uploads\/2020\/12\/Mietwagen-400x400-1.jpg\" \/>\n\t<meta property=\"og:image:width\" content=\"400\" \/>\n\t<meta property=\"og:image:height\" content=\"400\" \/>\n\t<meta property=\"og:image:type\" content=\"image\/jpeg\" \/>\n<meta name=\"twitter:card\" content=\"summary_large_image\" \/>\n<meta name=\"twitter:label1\" content=\"Tiempo de lectura\" \/>\n\t<meta name=\"twitter:data1\" content=\"3 minutos\" \/>\n<script type=\"application\/ld+json\" class=\"yoast-schema-graph\">{\"@context\":\"https:\\\/\\\/schema.org\",\"@graph\":[{\"@type\":\"WebPage\",\"@id\":\"https:\\\/\\\/dein-ferienhaus-lapalma.de\\\/unser-service\\\/mobilitaet\\\/\",\"url\":\"https:\\\/\\\/dein-ferienhaus-lapalma.de\\\/unser-service\\\/mobilitaet\\\/\",\"name\":\"Mobilit\u00e4t - dein-ferienhaus-lapalma.de\",\"isPartOf\":{\"@id\":\"https:\\\/\\\/dein-ferienhaus-lapalma.de\\\/#website\"},\"primaryImageOfPage\":{\"@id\":\"https:\\\/\\\/dein-ferienhaus-lapalma.de\\\/unser-service\\\/mobilitaet\\\/#primaryimage\"},\"image\":{\"@id\":\"https:\\\/\\\/dein-ferienhaus-lapalma.de\\\/unser-service\\\/mobilitaet\\\/#primaryimage\"},\"thumbnailUrl\":\"https:\\\/\\\/dein-ferienhaus-lapalma.de\\\/wp-content\\\/uploads\\\/2020\\\/12\\\/Mietwagen-400x400-1.jpg\",\"datePublished\":\"2020-10-23T14:39:03+00:00\",\"dateModified\":\"2024-11-19T14:18:46+00:00\",\"description\":\"Mobil unterwegs auf La Palma: mit dem Mietwagen, dem Bus, einem Taxi oder mit dem Fahrrad - es gibt viele Optionen, von A nach B zu kommen\",\"breadcrumb\":{\"@id\":\"https:\\\/\\\/dein-ferienhaus-lapalma.de\\\/unser-service\\\/mobilitaet\\\/#breadcrumb\"},\"inLanguage\":\"es\",\"potentialAction\":[{\"@type\":\"ReadAction\",\"target\":[\"https:\\\/\\\/dein-ferienhaus-lapalma.de\\\/unser-service\\\/mobilitaet\\\/\"]}]},{\"@type\":\"ImageObject\",\"inLanguage\":\"es\",\"@id\":\"https:\\\/\\\/dein-ferienhaus-lapalma.de\\\/unser-service\\\/mobilitaet\\\/#primaryimage\",\"url\":\"https:\\\/\\\/dein-ferienhaus-lapalma.de\\\/wp-content\\\/uploads\\\/2020\\\/12\\\/Mietwagen-400x400-1.jpg\",\"contentUrl\":\"https:\\\/\\\/dein-ferienhaus-lapalma.de\\\/wp-content\\\/uploads\\\/2020\\\/12\\\/Mietwagen-400x400-1.jpg\",\"width\":400,\"height\":400,\"caption\":\"mobilit\u00e4t auf la palma - mietwagen, bus, fahrrad, taxi\"},{\"@type\":\"BreadcrumbList\",\"@id\":\"https:\\\/\\\/dein-ferienhaus-lapalma.de\\\/unser-service\\\/mobilitaet\\\/#breadcrumb\",\"itemListElement\":[{\"@type\":\"ListItem\",\"position\":1,\"name\":\"Home\",\"item\":\"https:\\\/\\\/dein-ferienhaus-lapalma.de\\\/\"},{\"@type\":\"ListItem\",\"position\":2,\"name\":\"Unser Service\",\"item\":\"https:\\\/\\\/dein-ferienhaus-lapalma.de\\\/unser-service\\\/\"},{\"@type\":\"ListItem\",\"position\":3,\"name\":\"Mobilit\u00e4t\"}]},{\"@type\":\"WebSite\",\"@id\":\"https:\\\/\\\/dein-ferienhaus-lapalma.de\\\/#website\",\"url\":\"https:\\\/\\\/dein-ferienhaus-lapalma.de\\\/\",\"name\":\"dein-ferienhaus-lapalma.de\",\"description\":\"Tolle Ferienh\u00e4user auf La Palma\",\"publisher\":{\"@id\":\"https:\\\/\\\/dein-ferienhaus-lapalma.de\\\/#organization\"},\"potentialAction\":[{\"@type\":\"SearchAction\",\"target\":{\"@type\":\"EntryPoint\",\"urlTemplate\":\"https:\\\/\\\/dein-ferienhaus-lapalma.de\\\/?s={search_term_string}\"},\"query-input\":{\"@type\":\"PropertyValueSpecification\",\"valueRequired\":true,\"valueName\":\"search_term_string\"}}],\"inLanguage\":\"es\"},{\"@type\":\"Organization\",\"@id\":\"https:\\\/\\\/dein-ferienhaus-lapalma.de\\\/#organization\",\"name\":\"Dein Ferienhaus La Palma\",\"url\":\"https:\\\/\\\/dein-ferienhaus-lapalma.de\\\/\",\"logo\":{\"@type\":\"ImageObject\",\"inLanguage\":\"es\",\"@id\":\"https:\\\/\\\/dein-ferienhaus-lapalma.de\\\/#\\\/schema\\\/logo\\\/image\\\/\",\"url\":\"\",\"contentUrl\":\"\",\"caption\":\"Dein Ferienhaus La Palma\"},\"image\":{\"@id\":\"https:\\\/\\\/dein-ferienhaus-lapalma.de\\\/#\\\/schema\\\/logo\\\/image\\\/\"},\"sameAs\":[\"https:\\\/\\\/www.facebook.com\\\/Dein-Ferienhaus-LaPalma-100755315590346\"]}]}<\/script>\n<!-- \/ Yoast SEO Premium plugin. -->","yoast_head_json":{"title":"Movilidad - your-holiday-house-lapalma.com","description":"Desplazarse por La Palma: en coche de alquiler, autob\u00fas, taxi o bicicleta, hay muchas opciones para ir de A a B.","robots":{"index":"index","follow":"follow","max-snippet":"max-snippet:-1","max-image-preview":"max-image-preview:large","max-video-preview":"max-video-preview:-1"},"canonical":"https:\/\/dein-ferienhaus-lapalma.de\/es\/unser-service\/mobilitaet\/","og_locale":"es_ES","og_type":"article","og_title":"Mobilit\u00e4t","og_description":"Mobil auf la Palma = Unterwegs im Paradies! Unser Verkehr? Gem\u00fctlich wie ein Esel...! ;) Mobil auf La Palma \u2013 So kommen Sie auf der Insel bestens","og_url":"https:\/\/dein-ferienhaus-lapalma.de\/es\/unser-service\/mobilitaet\/","og_site_name":"dein-ferienhaus-lapalma.de","article_publisher":"https:\/\/www.facebook.com\/Dein-Ferienhaus-LaPalma-100755315590346","article_modified_time":"2024-11-19T14:18:46+00:00","og_image":[{"width":400,"height":400,"url":"https:\/\/dein-ferienhaus-lapalma.de\/wp-content\/uploads\/2020\/12\/Mietwagen-400x400-1.jpg","type":"image\/jpeg"}],"twitter_card":"summary_large_image","twitter_misc":{"Tiempo de lectura":"3 minutos"},"schema":{"@context":"https:\/\/schema.org","@graph":[{"@type":"WebPage","@id":"https:\/\/dein-ferienhaus-lapalma.de\/unser-service\/mobilitaet\/","url":"https:\/\/dein-ferienhaus-lapalma.de\/unser-service\/mobilitaet\/","name":"Movilidad - your-holiday-house-lapalma.com","isPartOf":{"@id":"https:\/\/dein-ferienhaus-lapalma.de\/#website"},"primaryImageOfPage":{"@id":"https:\/\/dein-ferienhaus-lapalma.de\/unser-service\/mobilitaet\/#primaryimage"},"image":{"@id":"https:\/\/dein-ferienhaus-lapalma.de\/unser-service\/mobilitaet\/#primaryimage"},"thumbnailUrl":"https:\/\/dein-ferienhaus-lapalma.de\/wp-content\/uploads\/2020\/12\/Mietwagen-400x400-1.jpg","datePublished":"2020-10-23T14:39:03+00:00","dateModified":"2024-11-19T14:18:46+00:00","description":"Desplazarse por La Palma: en coche de alquiler, autob\u00fas, taxi o bicicleta, hay muchas opciones para ir de A a B.","breadcrumb":{"@id":"https:\/\/dein-ferienhaus-lapalma.de\/unser-service\/mobilitaet\/#breadcrumb"},"inLanguage":"es","potentialAction":[{"@type":"ReadAction","target":["https:\/\/dein-ferienhaus-lapalma.de\/unser-service\/mobilitaet\/"]}]},{"@type":"ImageObject","inLanguage":"es","@id":"https:\/\/dein-ferienhaus-lapalma.de\/unser-service\/mobilitaet\/#primaryimage","url":"https:\/\/dein-ferienhaus-lapalma.de\/wp-content\/uploads\/2020\/12\/Mietwagen-400x400-1.jpg","contentUrl":"https:\/\/dein-ferienhaus-lapalma.de\/wp-content\/uploads\/2020\/12\/Mietwagen-400x400-1.jpg","width":400,"height":400,"caption":"mobilit\u00e4t auf la palma - mietwagen, bus, fahrrad, taxi"},{"@type":"BreadcrumbList","@id":"https:\/\/dein-ferienhaus-lapalma.de\/unser-service\/mobilitaet\/#breadcrumb","itemListElement":[{"@type":"ListItem","position":1,"name":"Home","item":"https:\/\/dein-ferienhaus-lapalma.de\/"},{"@type":"ListItem","position":2,"name":"Unser Service","item":"https:\/\/dein-ferienhaus-lapalma.de\/unser-service\/"},{"@type":"ListItem","position":3,"name":"Mobilit\u00e4t"}]},{"@type":"WebSite","@id":"https:\/\/dein-ferienhaus-lapalma.de\/#website","url":"https:\/\/dein-ferienhaus-lapalma.de\/","name":"dein-ferienhaus-lapalma.de","description":"Grandes casas de vacaciones en La Palma","publisher":{"@id":"https:\/\/dein-ferienhaus-lapalma.de\/#organization"},"potentialAction":[{"@type":"SearchAction","target":{"@type":"EntryPoint","urlTemplate":"https:\/\/dein-ferienhaus-lapalma.de\/?s={search_term_string}"},"query-input":{"@type":"PropertyValueSpecification","valueRequired":true,"valueName":"search_term_string"}}],"inLanguage":"es"},{"@type":"Organization","@id":"https:\/\/dein-ferienhaus-lapalma.de\/#organization","name":"Su casa de vacaciones La Palma","url":"https:\/\/dein-ferienhaus-lapalma.de\/","logo":{"@type":"ImageObject","inLanguage":"es","@id":"https:\/\/dein-ferienhaus-lapalma.de\/#\/schema\/logo\/image\/","url":"","contentUrl":"","caption":"Dein Ferienhaus La Palma"},"image":{"@id":"https:\/\/dein-ferienhaus-lapalma.de\/#\/schema\/logo\/image\/"},"sameAs":["https:\/\/www.facebook.com\/Dein-Ferienhaus-LaPalma-100755315590346"]}]}},"_links":{"self":[{"href":"https:\/\/dein-ferienhaus-lapalma.de\/es\/wp-json\/wp\/v2\/pages\/36160","targetHints":{"allow":["GET"]}}],"collection":[{"href":"https:\/\/dein-ferienhaus-lapalma.de\/es\/wp-json\/wp\/v2\/pages"}],"about":[{"href":"https:\/\/dein-ferienhaus-lapalma.de\/es\/wp-json\/wp\/v2\/types\/page"}],"author":[{"embeddable":true,"href":"https:\/\/dein-ferienhaus-lapalma.de\/es\/wp-json\/wp\/v2\/users\/1"}],"replies":[{"embeddable":true,"href":"https:\/\/dein-ferienhaus-lapalma.de\/es\/wp-json\/wp\/v2\/comments?post=36160"}],"version-history":[{"count":10,"href":"https:\/\/dein-ferienhaus-lapalma.de\/es\/wp-json\/wp\/v2\/pages\/36160\/revisions"}],"predecessor-version":[{"id":68828,"href":"https:\/\/dein-ferienhaus-lapalma.de\/es\/wp-json\/wp\/v2\/pages\/36160\/revisions\/68828"}],"up":[{"embeddable":true,"href":"https:\/\/dein-ferienhaus-lapalma.de\/es\/wp-json\/wp\/v2\/pages\/36142"}],"wp:featuredmedia":[{"embeddable":true,"href":"https:\/\/dein-ferienhaus-lapalma.de\/es\/wp-json\/wp\/v2\/media\/42660"}],"wp:attachment":[{"href":"https:\/\/dein-ferienhaus-lapalma.de\/es\/wp-json\/wp\/v2\/media?parent=36160"}],"curies":[{"name":"wp","href":"https:\/\/api.w.org\/{rel}","templated":true}]}}