{"id":36215,"date":"2020-10-23T16:54:44","date_gmt":"2020-10-23T14:54:44","guid":{"rendered":"https:\/\/dein-ferienhaus-lapalma.de\/?page_id=36215"},"modified":"2024-10-16T20:57:30","modified_gmt":"2024-10-16T18:57:30","slug":"la-palma","status":"publish","type":"page","link":"https:\/\/dein-ferienhaus-lapalma.de\/es\/la-palma\/","title":{"rendered":"La Palma"},"content":{"rendered":"<div data-elementor-type=\"wp-page\" data-elementor-id=\"36215\" class=\"elementor elementor-36215\" data-elementor-post-type=\"page\">\n\t\t\t\t\t\t<section class=\"elementor-section elementor-top-section elementor-element elementor-element-016ac04 elementor-section-boxed elementor-section-height-default elementor-section-height-default\" data-id=\"016ac04\" data-element_type=\"section\">\n\t\t\t\t\t\t<div class=\"elementor-container elementor-column-gap-default\">\n\t\t\t\t\t<div class=\"elementor-column elementor-col-100 elementor-top-column elementor-element elementor-element-d95f2f7\" data-id=\"d95f2f7\" data-element_type=\"column\">\n\t\t\t<div class=\"elementor-widget-wrap elementor-element-populated\">\n\t\t\t\t\t\t<div class=\"elementor-element elementor-element-08bcad7 elementor-widget__width-initial elementor-widget elementor-widget-video\" data-id=\"08bcad7\" data-element_type=\"widget\" data-settings=\"{&quot;video_type&quot;:&quot;hosted&quot;,&quot;autoplay&quot;:&quot;yes&quot;,&quot;play_on_mobile&quot;:&quot;yes&quot;,&quot;mute&quot;:&quot;yes&quot;,&quot;loop&quot;:&quot;yes&quot;}\" data-widget_type=\"video.default\">\n\t\t\t\t<div class=\"elementor-widget-container\">\n\t\t\t\t\t<div class=\"e-hosted-video elementor-wrapper elementor-open-inline\">\n\t\t\t\t\t<video class=\"elementor-video\" src=\"https:\/\/dein-ferienhaus-lapalma.de\/wp-content\/uploads\/2020\/10\/cascada-nubes-LA-PALMA-7-seg.mp4\" autoplay=\"\" loop=\"\" muted=\"muted\" playsinline=\"\" controlslist=\"nodownload\"><\/video>\n\t\t\t\t<\/div>\n\t\t\t\t<\/div>\n\t\t\t\t<\/div>\n\t\t\t\t<div class=\"elementor-element elementor-element-313db59 elementor-widget__width-initial elementor-widget elementor-widget-video\" data-id=\"313db59\" data-element_type=\"widget\" data-settings=\"{&quot;video_type&quot;:&quot;hosted&quot;,&quot;autoplay&quot;:&quot;yes&quot;,&quot;play_on_mobile&quot;:&quot;yes&quot;,&quot;mute&quot;:&quot;yes&quot;,&quot;loop&quot;:&quot;yes&quot;}\" data-widget_type=\"video.default\">\n\t\t\t\t<div class=\"elementor-widget-container\">\n\t\t\t\t\t<div class=\"e-hosted-video elementor-wrapper elementor-open-inline\">\n\t\t\t\t\t<video class=\"elementor-video\" src=\"https:\/\/dein-ferienhaus-lapalma.de\/wp-content\/uploads\/2020\/10\/cascada-nubes-LA-PALMA-7-seg.mp4\" autoplay=\"\" loop=\"\" muted=\"muted\" playsinline=\"\" controlslist=\"nodownload\"><\/video>\n\t\t\t\t<\/div>\n\t\t\t\t<\/div>\n\t\t\t\t<\/div>\n\t\t\t\t<div class=\"elementor-element elementor-element-f74b505 elementor-widget elementor-widget-heading\" data-id=\"f74b505\" data-element_type=\"widget\" data-widget_type=\"heading.default\">\n\t\t\t\t<div class=\"elementor-widget-container\">\n\t\t\t<h2 class=\"elementor-heading-title elementor-size-default\"><br>La Palma<\/h2>\t\t<\/div>\n\t\t\t\t<\/div>\n\t\t\t\t\t<\/div>\n\t\t<\/div>\n\t\t\t\t\t<\/div>\n\t\t<\/section>\n\t\t\t\t<section class=\"elementor-section elementor-top-section elementor-element elementor-element-ab296b0 elementor-section-boxed elementor-section-height-default elementor-section-height-default\" data-id=\"ab296b0\" data-element_type=\"section\">\n\t\t\t\t\t\t<div class=\"elementor-container elementor-column-gap-default\">\n\t\t\t\t\t<div class=\"elementor-column elementor-col-100 elementor-top-column elementor-element elementor-element-8d4ebba\" data-id=\"8d4ebba\" data-element_type=\"column\">\n\t\t\t<div class=\"elementor-widget-wrap elementor-element-populated\">\n\t\t\t\t\t\t<div class=\"elementor-element elementor-element-af25d71 elementor-widget elementor-widget-text-editor\" data-id=\"af25d71\" data-element_type=\"widget\" data-widget_type=\"text-editor.default\">\n\t\t\t\t<div class=\"elementor-widget-container\">\n\t\t\t\t\t\t\t<p>San Miguel de la Palma es la isla m\u00e1s noroccidental de las Islas Canarias en el Oc\u00e9ano Atl\u00e1ntico.  Su origen es volc\u00e1nico y se ha formado con muchos cr\u00e1teres volc\u00e1nicos y flujos de lava. En su centro, en el Parque Nacional Caldera de Taburiente, la mayor caldera volc\u00e1nica del mundo, se encuentra un volc\u00e1n inactivo.<\/p><p>La Palma es conocida como \u201ela Isla Bonita\u201c. Principalmente por sus bosques de laurisilva, los pinares canarios que recogen el agua directamente de las nubes, creando un fen\u00f3meno atmosf\u00e9rico conocido como lluvia horinzonal. El clima templado permite a los visitantes disfrutar de la isla. La isla cuenta con 11 microclimas diferentes. En el centro de la isla hay un t\u00fanel que atraviesa la cordillera que separa la isla, conocido como el t\u00fanel del tiempo \u201eel t\u00fanel del viento\u201c, en \u00e9l se puede entrar desde la niebla hasta el sol.<\/p><p>\u00a0<\/p><p>Lo que lo convierte en un lugar por su orograf\u00eda \u00fanico en el mundo y que enviar\u00e1 buenas energ\u00edas a tu alma.<\/p><p><a href=\"https:\/\/dein-ferienhaus-lapalma.de\/es\/aktivitaeten\/wandern\/\">Excursionistas<\/a>Los amantes de la naturaleza y del sol quedar\u00e1n encantados con su incomparable encanto.<\/p><p>Por su ubicaci\u00f3n en el mundo y por la limpieza del aire, los cient\u00edficos han instalado en el Roque de los Muchachos, con 2426m de altura la monta\u00f1a m\u00e1s alta de La Palma una cadena de observatorios de stene, uno de los cuales es el mayor telescopio astron\u00f3mico del hemisferio norte, el <a href=\"http:\/\/www.gtc.iac.es\/\">GRANTECAN<\/a> (Gran Telecopio de Canarias) con sus 10,40 metros de di\u00e1metro.o incluso telescopios Cherenkov para la medici\u00f3n de rayos gamma. En la actualidad, se est\u00e1 discutiendo la ubicaci\u00f3n del nuevo telescopio gigante TMT como emplazamiento alternativo en Hawai.<\/p><p>Los incendios forestales, debidos a las erupciones volc\u00e1nicas, han estimulado el crecimiento de una adaptaci\u00f3n del pino canario al medio, que se regenera en 8 a 10 a\u00f1os tras el paso del fuego. Despu\u00e9s de s\u00f3lo un a\u00f1o, las agujas de los pinos j\u00f3venes brotan de la corteza carbonizada de los pinos.<\/p><p>D\u00e9jese impresionar por los contrastes paisaj\u00edsticos de los bosques de pinos y laurisilva, <a href=\"https:\/\/dein-ferienhaus-lapalma.de\/es\/weine\/\">Vi\u00f1edos<\/a>plantaciones de pl\u00e1tanos, diversas plantaciones de frutas, especialmente tropicales debido al clima de la isla, hasta profundos barrancos o calas y escondidos <a href=\"https:\/\/dein-ferienhaus-lapalma.de\/es\/la-palma\/straende\/\">Playas<\/a>.<\/p><p>La Palma invita a sus veraneantes pasivos o activos a participar en actividades deportivas como <a href=\"https:\/\/dein-ferienhaus-lapalma.de\/es\/aktivitaeten\/wandern\/\">Senderismo<\/a>, <a href=\"https:\/\/dein-ferienhaus-lapalma.de\/es\/aktivitaeten\/biken\/\">Bicicleta de monta\u00f1a<\/a>- o <a href=\"https:\/\/dein-ferienhaus-lapalma.de\/es\/aktivitaeten\/\">Paseos a caballo<\/a> y mucho m\u00e1s, como un <a href=\"https:\/\/dein-ferienhaus-lapalma.de\/es\/aktivitaeten\/\">Viaje en barco<\/a>para conocer mejor la isla desde el mar, con avistamientos de delfines, ballenas y todo tipo de fauna marina.<\/p><p>Una de las caracter\u00edsticas de las Islas Canarias es su amable poblaci\u00f3n. Sus pueblos tienen un encanto especial y sus ciudades est\u00e1n llenas de tiendas donde se puede comprar un recuerdo, una blusa para comprar estas vacaciones o un vino de la isla. No se pierda los numerosos <a href=\"https:\/\/dein-ferienhaus-lapalma.de\/es\/la-palma\/restaurants\/\">Restaurantes en La Palma<\/a>, que, adem\u00e1s de la cocina t\u00edpica canaria con sus inconfundibles \u201epapas arrugadas\u201c y sus famosas salsas de \u201emojos\u201c y cocina de vanguardia, tambi\u00e9n ofrecen sorpresas como comida vegana y vegetariana y platos para al\u00e9rgicos a la lactosa y al gluten. Tambi\u00e9n puede visitar los peque\u00f1os restaurantes de la costa para degustar pescado fresco o marisco de la isla.<br \/>La arquitectura de sus casas o de nuestras casas de vacaciones tiene paredes de piedras de lava negra y sus techos son de madera de tea (el coraz\u00f3n de los pinos canarios).<br \/>Las playas de La Palma son de arena negra, ideales para los amantes del sol, y cuentan con peque\u00f1as calas donde ba\u00f1arse en el Atl\u00e1ntico, a menudo s\u00f3lo para uno mismo.<\/p><p>\u00a0<\/p>\t\t\t\t\t\t<\/div>\n\t\t\t\t<\/div>\n\t\t\t\t<section class=\"elementor-section elementor-inner-section elementor-element elementor-element-f01838d elementor-section-boxed elementor-section-height-default elementor-section-height-default\" data-id=\"f01838d\" data-element_type=\"section\">\n\t\t\t\t\t\t<div class=\"elementor-container elementor-column-gap-default\">\n\t\t\t\t\t<div class=\"elementor-column elementor-col-50 elementor-inner-column elementor-element elementor-element-75559ed\" data-id=\"75559ed\" data-element_type=\"column\">\n\t\t\t<div class=\"elementor-widget-wrap elementor-element-populated\">\n\t\t\t\t\t\t<div class=\"elementor-element elementor-element-ce9955a elementor-widget elementor-widget-text-editor\" data-id=\"ce9955a\" data-element_type=\"widget\" data-widget_type=\"text-editor.default\">\n\t\t\t\t<div class=\"elementor-widget-container\">\n\t\t\t\t\t\t\t<p class=\"font_8\">Nos gustar\u00eda recomendar un libro de un autor que vive en la isla para expresar este sentimiento que expresa la \u201eisla bonita\u201c.<\/p><p class=\"font_8\">\u00a0<\/p><p class=\"font_8\">\u00a0<\/p><p class=\"font_8\">\u00a0<\/p><p class=\"font_8\">\u00a0<\/p><p>\u00a0<\/p><p>\u00a0<\/p>\t\t\t\t\t\t<\/div>\n\t\t\t\t<\/div>\n\t\t\t\t\t<\/div>\n\t\t<\/div>\n\t\t\t\t<div class=\"elementor-column elementor-col-50 elementor-inner-column elementor-element elementor-element-2efcf35\" data-id=\"2efcf35\" data-element_type=\"column\">\n\t\t\t<div class=\"elementor-widget-wrap elementor-element-populated\">\n\t\t\t\t\t\t<div class=\"elementor-element elementor-element-c0e1133 elementor-widget__width-initial elementor-absolute elementor-widget elementor-widget-image\" data-id=\"c0e1133\" data-element_type=\"widget\" data-settings=\"{&quot;_position&quot;:&quot;absolute&quot;}\" data-widget_type=\"image.default\">\n\t\t\t\t<div class=\"elementor-widget-container\">\n\t\t\t\t\t\t\t\t\t\t\t\t\t\t<a href=\"https:\/\/ines-dietrich.jimdofree.com\/\">\n\t\t\t\t\t\t\t<img fetchpriority=\"high\" decoding=\"async\" width=\"189\" height=\"300\" src=\"https:\/\/dein-ferienhaus-lapalma.de\/wp-content\/uploads\/2020\/10\/LIBRO-INES-189x300.jpg\" class=\"attachment-medium size-medium wp-image-37424\" alt=\"\" srcset=\"https:\/\/dein-ferienhaus-lapalma.de\/wp-content\/uploads\/2020\/10\/LIBRO-INES-189x300.jpg 189w, https:\/\/dein-ferienhaus-lapalma.de\/wp-content\/uploads\/2020\/10\/LIBRO-INES-32x50.jpg 32w, https:\/\/dein-ferienhaus-lapalma.de\/wp-content\/uploads\/2020\/10\/LIBRO-INES-50x80.jpg 50w, https:\/\/dein-ferienhaus-lapalma.de\/wp-content\/uploads\/2020\/10\/LIBRO-INES-191x303.jpg 191w, https:\/\/dein-ferienhaus-lapalma.de\/wp-content\/uploads\/2020\/10\/LIBRO-INES-442x700.jpg 442w, https:\/\/dein-ferienhaus-lapalma.de\/wp-content\/uploads\/2020\/10\/LIBRO-INES-600x950.jpg 600w, https:\/\/dein-ferienhaus-lapalma.de\/wp-content\/uploads\/2020\/10\/LIBRO-INES.jpg 640w\" sizes=\"(max-width: 189px) 100vw, 189px\" \/>\t\t\t\t\t\t\t\t<\/a>\n\t\t\t\t\t\t\t\t\t\t\t\t\t<\/div>\n\t\t\t\t<\/div>\n\t\t\t\t\t<\/div>\n\t\t<\/div>\n\t\t\t\t\t<\/div>\n\t\t<\/section>\n\t\t\t\t\t<\/div>\n\t\t<\/div>\n\t\t\t\t\t<\/div>\n\t\t<\/section>\n\t\t\t\t<section class=\"elementor-section elementor-top-section elementor-element elementor-element-53dada7 elementor-section-boxed elementor-section-height-default elementor-section-height-default\" data-id=\"53dada7\" data-element_type=\"section\">\n\t\t\t\t\t\t<div class=\"elementor-container elementor-column-gap-default\">\n\t\t\t\t\t<div class=\"elementor-column elementor-col-100 elementor-top-column elementor-element elementor-element-256d159\" data-id=\"256d159\" data-element_type=\"column\">\n\t\t\t<div class=\"elementor-widget-wrap elementor-element-populated\">\n\t\t\t\t\t\t<div class=\"elementor-element elementor-element-e6cb652 elementor-widget__width-initial elementor-widget elementor-widget-text-editor\" data-id=\"e6cb652\" data-element_type=\"widget\" data-widget_type=\"text-editor.default\">\n\t\t\t\t<div class=\"elementor-widget-container\">\n\t\t\t\t\t\t\t<p class=\"font_8\">La Palma, con sus diversos escenarios y su naturaleza, es el lugar perfecto para el rodaje de pel\u00edculas, documentales, programas de televisi\u00f3n y anuncios publicitarios. Lo que desde el gobierno facilita estas producciones. Un ejemplo de ello es el rodaje de la <a href=\"https:\/\/www.facebook.com\/lapalmafilm\/\">Pel\u00edcula<\/a> \u201eLa Palma\u201c, del director Erec Brehmer, en la que participaron los actores Marlen Lohse y Daniel Strasse.<\/p><p class=\"font_8\">\u00a0<\/p>\t\t\t\t\t\t<\/div>\n\t\t\t\t<\/div>\n\t\t\t\t<div class=\"elementor-element elementor-element-4acc89d elementor-widget__width-initial elementor-widget elementor-widget-video\" data-id=\"4acc89d\" data-element_type=\"widget\" data-settings=\"{&quot;youtube_url&quot;:&quot;https:\\\/\\\/www.youtube.com\\\/watch?v=8hlPyeSZTvk&t=41s&quot;,&quot;mute&quot;:&quot;yes&quot;,&quot;video_type&quot;:&quot;youtube&quot;,&quot;controls&quot;:&quot;yes&quot;}\" data-widget_type=\"video.default\">\n\t\t\t\t<div class=\"elementor-widget-container\">\n\t\t\t\t\t<div class=\"elementor-wrapper elementor-open-inline\">\n\t\t\t<div class=\"elementor-video\"><\/div>\t\t<\/div>\n\t\t\t\t<\/div>\n\t\t\t\t<\/div>\n\t\t\t\t\t<\/div>\n\t\t<\/div>\n\t\t\t\t\t<\/div>\n\t\t<\/section>\n\t\t\t\t<\/div>","protected":false},"excerpt":{"rendered":"<p>https:\/\/dein-ferienhaus-lapalma.de\/wp-content\/uploads\/2020\/10\/cascada-nubes-LA-PALMA-7-seg.mp4https:\/\/dein-ferienhaus-lapalma.de\/wp-content\/uploads\/2020\/10\/cascada-nubes-LA-PALMA-7-seg.mp4 La Palma San Miguel de la Palma es la isla m\u00e1s noroccidental de las Islas Canarias en el Oc\u00e9ano Atl\u00e1ntico.  Es de origen volc\u00e1nico y se ha formado con numerosos cr\u00e1teres volc\u00e1nicos y coladas de lava. En su centro, en el Parque Nacional de la Caldera de Taburiente, ... <a href=\"https:\/\/dein-ferienhaus-lapalma.de\/es\/la-palma\/\">Seguir leyendo<\/a><\/p>","protected":false},"author":1,"featured_media":51794,"parent":0,"menu_order":0,"comment_status":"closed","ping_status":"closed","template":"","meta":{"footnotes":""},"class_list":["post-36215","page","type-page","status-publish","has-post-thumbnail","hentry"],"yoast_head":"<!-- This site is optimized with the Yoast SEO Premium plugin v23.3 (Yoast SEO v27.5) - https:\/\/yoast.com\/product\/yoast-seo-premium-wordpress\/ -->\n<title>La Palma - dein-ferienhaus-lapalma.de<\/title>\n<meta name=\"description\" content=\"La Palma, die wundersch\u00f6ne, authentische Kanareninsel im Atlantik mit ihrer vielf\u00e4ltigen Natur, den hohen Bergen, ihren herzlichen Menschen\" \/>\n<meta name=\"robots\" content=\"index, follow, max-snippet:-1, max-image-preview:large, max-video-preview:-1\" \/>\n<link rel=\"canonical\" href=\"https:\/\/dein-ferienhaus-lapalma.de\/es\/la-palma\/\" \/>\n<meta property=\"og:locale\" content=\"es_ES\" \/>\n<meta property=\"og:type\" content=\"article\" \/>\n<meta property=\"og:title\" content=\"La Palma\" \/>\n<meta property=\"og:description\" content=\"https:\/\/dein-ferienhaus-lapalma.de\/wp-content\/uploads\/2020\/10\/cascada-nubes-LA-PALMA-7-seg.mp4https:\/\/dein-ferienhaus-lapalma.de\/wp-content\/uploads\/2020\/10\/\" \/>\n<meta property=\"og:url\" content=\"https:\/\/dein-ferienhaus-lapalma.de\/es\/la-palma\/\" \/>\n<meta property=\"og:site_name\" content=\"dein-ferienhaus-lapalma.de\" \/>\n<meta property=\"article:publisher\" content=\"https:\/\/www.facebook.com\/Dein-Ferienhaus-LaPalma-100755315590346\" \/>\n<meta property=\"article:modified_time\" content=\"2024-10-16T18:57:30+00:00\" \/>\n<meta property=\"og:image\" content=\"https:\/\/dein-ferienhaus-lapalma.de\/wp-content\/uploads\/2022\/04\/pabellon-de-miramar-ferienhaus-lapalma-006.jpg\" \/>\n\t<meta property=\"og:image:width\" content=\"750\" \/>\n\t<meta property=\"og:image:height\" content=\"485\" \/>\n\t<meta property=\"og:image:type\" content=\"image\/jpeg\" \/>\n<meta name=\"twitter:card\" content=\"summary_large_image\" \/>\n<meta name=\"twitter:label1\" content=\"Tiempo de lectura\" \/>\n\t<meta name=\"twitter:data1\" content=\"4 minutos\" \/>\n<script type=\"application\/ld+json\" class=\"yoast-schema-graph\">{\"@context\":\"https:\\\/\\\/schema.org\",\"@graph\":[{\"@type\":\"WebPage\",\"@id\":\"https:\\\/\\\/dein-ferienhaus-lapalma.de\\\/la-palma\\\/\",\"url\":\"https:\\\/\\\/dein-ferienhaus-lapalma.de\\\/la-palma\\\/\",\"name\":\"La Palma - dein-ferienhaus-lapalma.de\",\"isPartOf\":{\"@id\":\"https:\\\/\\\/dein-ferienhaus-lapalma.de\\\/#website\"},\"primaryImageOfPage\":{\"@id\":\"https:\\\/\\\/dein-ferienhaus-lapalma.de\\\/la-palma\\\/#primaryimage\"},\"image\":{\"@id\":\"https:\\\/\\\/dein-ferienhaus-lapalma.de\\\/la-palma\\\/#primaryimage\"},\"thumbnailUrl\":\"https:\\\/\\\/dein-ferienhaus-lapalma.de\\\/wp-content\\\/uploads\\\/2022\\\/04\\\/pabellon-de-miramar-ferienhaus-lapalma-006.jpg\",\"datePublished\":\"2020-10-23T14:54:44+00:00\",\"dateModified\":\"2024-10-16T18:57:30+00:00\",\"description\":\"La Palma, die wundersch\u00f6ne, authentische Kanareninsel im Atlantik mit ihrer vielf\u00e4ltigen Natur, den hohen Bergen, ihren herzlichen Menschen\",\"breadcrumb\":{\"@id\":\"https:\\\/\\\/dein-ferienhaus-lapalma.de\\\/la-palma\\\/#breadcrumb\"},\"inLanguage\":\"es\",\"potentialAction\":[{\"@type\":\"ReadAction\",\"target\":[\"https:\\\/\\\/dein-ferienhaus-lapalma.de\\\/la-palma\\\/\"]}]},{\"@type\":\"ImageObject\",\"inLanguage\":\"es\",\"@id\":\"https:\\\/\\\/dein-ferienhaus-lapalma.de\\\/la-palma\\\/#primaryimage\",\"url\":\"https:\\\/\\\/dein-ferienhaus-lapalma.de\\\/wp-content\\\/uploads\\\/2022\\\/04\\\/pabellon-de-miramar-ferienhaus-lapalma-006.jpg\",\"contentUrl\":\"https:\\\/\\\/dein-ferienhaus-lapalma.de\\\/wp-content\\\/uploads\\\/2022\\\/04\\\/pabellon-de-miramar-ferienhaus-lapalma-006.jpg\",\"width\":750,\"height\":485},{\"@type\":\"BreadcrumbList\",\"@id\":\"https:\\\/\\\/dein-ferienhaus-lapalma.de\\\/la-palma\\\/#breadcrumb\",\"itemListElement\":[{\"@type\":\"ListItem\",\"position\":1,\"name\":\"Home\",\"item\":\"https:\\\/\\\/dein-ferienhaus-lapalma.de\\\/\"},{\"@type\":\"ListItem\",\"position\":2,\"name\":\"La Palma\"}]},{\"@type\":\"WebSite\",\"@id\":\"https:\\\/\\\/dein-ferienhaus-lapalma.de\\\/#website\",\"url\":\"https:\\\/\\\/dein-ferienhaus-lapalma.de\\\/\",\"name\":\"dein-ferienhaus-lapalma.de\",\"description\":\"Tolle Ferienh\u00e4user auf La Palma\",\"publisher\":{\"@id\":\"https:\\\/\\\/dein-ferienhaus-lapalma.de\\\/#organization\"},\"potentialAction\":[{\"@type\":\"SearchAction\",\"target\":{\"@type\":\"EntryPoint\",\"urlTemplate\":\"https:\\\/\\\/dein-ferienhaus-lapalma.de\\\/?s={search_term_string}\"},\"query-input\":{\"@type\":\"PropertyValueSpecification\",\"valueRequired\":true,\"valueName\":\"search_term_string\"}}],\"inLanguage\":\"es\"},{\"@type\":\"Organization\",\"@id\":\"https:\\\/\\\/dein-ferienhaus-lapalma.de\\\/#organization\",\"name\":\"Dein Ferienhaus La Palma\",\"url\":\"https:\\\/\\\/dein-ferienhaus-lapalma.de\\\/\",\"logo\":{\"@type\":\"ImageObject\",\"inLanguage\":\"es\",\"@id\":\"https:\\\/\\\/dein-ferienhaus-lapalma.de\\\/#\\\/schema\\\/logo\\\/image\\\/\",\"url\":\"\",\"contentUrl\":\"\",\"caption\":\"Dein Ferienhaus La Palma\"},\"image\":{\"@id\":\"https:\\\/\\\/dein-ferienhaus-lapalma.de\\\/#\\\/schema\\\/logo\\\/image\\\/\"},\"sameAs\":[\"https:\\\/\\\/www.facebook.com\\\/Dein-Ferienhaus-LaPalma-100755315590346\"]}]}<\/script>\n<!-- \/ Yoast SEO Premium plugin. -->","yoast_head_json":{"title":"La Palma - your-holiday-home-lapalma.co.uk","description":"La Palma, la bella y aut\u00e9ntica isla canaria en el oc\u00e9ano Atl\u00e1ntico, con su naturaleza diversa, sus altas monta\u00f1as y sus gentes amables","robots":{"index":"index","follow":"follow","max-snippet":"max-snippet:-1","max-image-preview":"max-image-preview:large","max-video-preview":"max-video-preview:-1"},"canonical":"https:\/\/dein-ferienhaus-lapalma.de\/es\/la-palma\/","og_locale":"es_ES","og_type":"article","og_title":"La Palma","og_description":"https:\/\/dein-ferienhaus-lapalma.de\/wp-content\/uploads\/2020\/10\/cascada-nubes-LA-PALMA-7-seg.mp4https:\/\/dein-ferienhaus-lapalma.de\/wp-content\/uploads\/2020\/10\/","og_url":"https:\/\/dein-ferienhaus-lapalma.de\/es\/la-palma\/","og_site_name":"dein-ferienhaus-lapalma.de","article_publisher":"https:\/\/www.facebook.com\/Dein-Ferienhaus-LaPalma-100755315590346","article_modified_time":"2024-10-16T18:57:30+00:00","og_image":[{"width":750,"height":485,"url":"https:\/\/dein-ferienhaus-lapalma.de\/wp-content\/uploads\/2022\/04\/pabellon-de-miramar-ferienhaus-lapalma-006.jpg","type":"image\/jpeg"}],"twitter_card":"summary_large_image","twitter_misc":{"Tiempo de lectura":"4 minutos"},"schema":{"@context":"https:\/\/schema.org","@graph":[{"@type":"WebPage","@id":"https:\/\/dein-ferienhaus-lapalma.de\/la-palma\/","url":"https:\/\/dein-ferienhaus-lapalma.de\/la-palma\/","name":"La Palma - your-holiday-home-lapalma.co.uk","isPartOf":{"@id":"https:\/\/dein-ferienhaus-lapalma.de\/#website"},"primaryImageOfPage":{"@id":"https:\/\/dein-ferienhaus-lapalma.de\/la-palma\/#primaryimage"},"image":{"@id":"https:\/\/dein-ferienhaus-lapalma.de\/la-palma\/#primaryimage"},"thumbnailUrl":"https:\/\/dein-ferienhaus-lapalma.de\/wp-content\/uploads\/2022\/04\/pabellon-de-miramar-ferienhaus-lapalma-006.jpg","datePublished":"2020-10-23T14:54:44+00:00","dateModified":"2024-10-16T18:57:30+00:00","description":"La Palma, la bella y aut\u00e9ntica isla canaria en el oc\u00e9ano Atl\u00e1ntico, con su naturaleza diversa, sus altas monta\u00f1as y sus gentes amables","breadcrumb":{"@id":"https:\/\/dein-ferienhaus-lapalma.de\/la-palma\/#breadcrumb"},"inLanguage":"es","potentialAction":[{"@type":"ReadAction","target":["https:\/\/dein-ferienhaus-lapalma.de\/la-palma\/"]}]},{"@type":"ImageObject","inLanguage":"es","@id":"https:\/\/dein-ferienhaus-lapalma.de\/la-palma\/#primaryimage","url":"https:\/\/dein-ferienhaus-lapalma.de\/wp-content\/uploads\/2022\/04\/pabellon-de-miramar-ferienhaus-lapalma-006.jpg","contentUrl":"https:\/\/dein-ferienhaus-lapalma.de\/wp-content\/uploads\/2022\/04\/pabellon-de-miramar-ferienhaus-lapalma-006.jpg","width":750,"height":485},{"@type":"BreadcrumbList","@id":"https:\/\/dein-ferienhaus-lapalma.de\/la-palma\/#breadcrumb","itemListElement":[{"@type":"ListItem","position":1,"name":"Home","item":"https:\/\/dein-ferienhaus-lapalma.de\/"},{"@type":"ListItem","position":2,"name":"La Palma"}]},{"@type":"WebSite","@id":"https:\/\/dein-ferienhaus-lapalma.de\/#website","url":"https:\/\/dein-ferienhaus-lapalma.de\/","name":"dein-ferienhaus-lapalma.de","description":"Grandes casas de vacaciones en La Palma","publisher":{"@id":"https:\/\/dein-ferienhaus-lapalma.de\/#organization"},"potentialAction":[{"@type":"SearchAction","target":{"@type":"EntryPoint","urlTemplate":"https:\/\/dein-ferienhaus-lapalma.de\/?s={search_term_string}"},"query-input":{"@type":"PropertyValueSpecification","valueRequired":true,"valueName":"search_term_string"}}],"inLanguage":"es"},{"@type":"Organization","@id":"https:\/\/dein-ferienhaus-lapalma.de\/#organization","name":"Su casa de vacaciones La Palma","url":"https:\/\/dein-ferienhaus-lapalma.de\/","logo":{"@type":"ImageObject","inLanguage":"es","@id":"https:\/\/dein-ferienhaus-lapalma.de\/#\/schema\/logo\/image\/","url":"","contentUrl":"","caption":"Dein Ferienhaus La Palma"},"image":{"@id":"https:\/\/dein-ferienhaus-lapalma.de\/#\/schema\/logo\/image\/"},"sameAs":["https:\/\/www.facebook.com\/Dein-Ferienhaus-LaPalma-100755315590346"]}]}},"_links":{"self":[{"href":"https:\/\/dein-ferienhaus-lapalma.de\/es\/wp-json\/wp\/v2\/pages\/36215","targetHints":{"allow":["GET"]}}],"collection":[{"href":"https:\/\/dein-ferienhaus-lapalma.de\/es\/wp-json\/wp\/v2\/pages"}],"about":[{"href":"https:\/\/dein-ferienhaus-lapalma.de\/es\/wp-json\/wp\/v2\/types\/page"}],"author":[{"embeddable":true,"href":"https:\/\/dein-ferienhaus-lapalma.de\/es\/wp-json\/wp\/v2\/users\/1"}],"replies":[{"embeddable":true,"href":"https:\/\/dein-ferienhaus-lapalma.de\/es\/wp-json\/wp\/v2\/comments?post=36215"}],"version-history":[{"count":1,"href":"https:\/\/dein-ferienhaus-lapalma.de\/es\/wp-json\/wp\/v2\/pages\/36215\/revisions"}],"predecessor-version":[{"id":65965,"href":"https:\/\/dein-ferienhaus-lapalma.de\/es\/wp-json\/wp\/v2\/pages\/36215\/revisions\/65965"}],"wp:featuredmedia":[{"embeddable":true,"href":"https:\/\/dein-ferienhaus-lapalma.de\/es\/wp-json\/wp\/v2\/media\/51794"}],"wp:attachment":[{"href":"https:\/\/dein-ferienhaus-lapalma.de\/es\/wp-json\/wp\/v2\/media?parent=36215"}],"curies":[{"name":"wp","href":"https:\/\/api.w.org\/{rel}","templated":true}]}}