{"id":36338,"date":"2020-10-23T19:24:50","date_gmt":"2020-10-23T17:24:50","guid":{"rendered":"https:\/\/dein-ferienhaus-lapalma.de\/?page_id=36338"},"modified":"2024-10-16T21:44:21","modified_gmt":"2024-10-16T19:44:21","slug":"weine","status":"publish","type":"page","link":"https:\/\/dein-ferienhaus-lapalma.de\/es\/weine\/","title":{"rendered":"Vino"},"content":{"rendered":"<div data-elementor-type=\"wp-page\" data-elementor-id=\"36338\" class=\"elementor elementor-36338\" data-elementor-post-type=\"page\">\n\t\t\t\t\t\t<section class=\"elementor-section elementor-top-section elementor-element elementor-element-231c37e elementor-section-boxed elementor-section-height-default elementor-section-height-default\" data-id=\"231c37e\" data-element_type=\"section\">\n\t\t\t\t\t\t<div class=\"elementor-container elementor-column-gap-default\">\n\t\t\t\t\t<div class=\"elementor-column elementor-col-100 elementor-top-column elementor-element elementor-element-23893b0\" data-id=\"23893b0\" data-element_type=\"column\">\n\t\t\t<div class=\"elementor-widget-wrap elementor-element-populated\">\n\t\t\t\t\t\t<div class=\"elementor-element elementor-element-1081c82 elementor-widget elementor-widget-heading\" data-id=\"1081c82\" data-element_type=\"widget\" data-widget_type=\"heading.default\">\n\t\t\t\t<div class=\"elementor-widget-container\">\n\t\t\t<h2 class=\"elementor-heading-title elementor-size-default\">Vinos de la isla<\/h2>\t\t<\/div>\n\t\t\t\t<\/div>\n\t\t\t\t\t<\/div>\n\t\t<\/div>\n\t\t\t\t\t<\/div>\n\t\t<\/section>\n\t\t\t\t<section class=\"elementor-section elementor-top-section elementor-element elementor-element-e12b05a elementor-section-boxed elementor-section-height-default elementor-section-height-default\" data-id=\"e12b05a\" data-element_type=\"section\">\n\t\t\t\t\t\t<div class=\"elementor-container elementor-column-gap-default\">\n\t\t\t\t\t<div class=\"elementor-column elementor-col-100 elementor-top-column elementor-element elementor-element-f47da40\" data-id=\"f47da40\" data-element_type=\"column\">\n\t\t\t<div class=\"elementor-widget-wrap elementor-element-populated\">\n\t\t\t\t\t\t<div class=\"elementor-element elementor-element-c80a2fb elementor-widget elementor-widget-text-editor\" data-id=\"c80a2fb\" data-element_type=\"widget\" data-widget_type=\"text-editor.default\">\n\t\t\t\t<div class=\"elementor-widget-container\">\n\t\t\t\t\t\t\t<p><a href=\"http:\/\/deutsch.vinoslapalma.com\/\"><img fetchpriority=\"high\" decoding=\"async\" class=\"alignright wp-image-36393 size-full\" src=\"https:\/\/dein-ferienhaus-lapalma.de\/wp-content\/uploads\/2020\/10\/41_dsc_1120_federico.jpg\" alt=\"\" width=\"750\" height=\"500\" srcset=\"https:\/\/dein-ferienhaus-lapalma.de\/wp-content\/uploads\/2020\/10\/41_dsc_1120_federico.jpg 750w, https:\/\/dein-ferienhaus-lapalma.de\/wp-content\/uploads\/2020\/10\/41_dsc_1120_federico-300x200.jpg 300w, https:\/\/dein-ferienhaus-lapalma.de\/wp-content\/uploads\/2020\/10\/41_dsc_1120_federico-75x50.jpg 75w, https:\/\/dein-ferienhaus-lapalma.de\/wp-content\/uploads\/2020\/10\/41_dsc_1120_federico-120x80.jpg 120w, https:\/\/dein-ferienhaus-lapalma.de\/wp-content\/uploads\/2020\/10\/41_dsc_1120_federico-394x263.jpg 394w\" sizes=\"(max-width: 750px) 100vw, 750px\" \/><\/a><\/p><p>El <a href=\"http:\/\/deutsch.vinoslapalma.com\/\">Vino<\/a> en <a href=\"https:\/\/dein-ferienhaus-lapalma.de\/es\/la-palma\/\">La Palma<\/a> siempre ha sido muy respetado por sus viajeros en general. Una curiosidad es que Shakespeare llam\u00f3 a los vinos Malvacias de Tenerife en una de sus obras.<\/p><p>Lo que las hace especiales es el hecho de que su zona de reproducci\u00f3n es la lava volc\u00e1nica y La Palma es una de las islas con una gran diferencia de altitud, desde el nivel del mar hasta las monta\u00f1as.<a href=\"https:\/\/dein-ferienhaus-lapalma.de\/wp-content\/uploads\/2020\/10\/pexels-photo-3953808-WEINKELLER.jpeg\"><img decoding=\"async\" class=\"alignright wp-image-36396 size-large\" src=\"https:\/\/dein-ferienhaus-lapalma.de\/wp-content\/uploads\/2020\/10\/pexels-photo-3953808-WEINKELLER-1024x768.jpeg\" alt=\"\" width=\"1024\" height=\"768\" \/><\/a><\/p><p>Dependiendo de la temporada, es posible lanzar bolas de nieve en la cumbre de la isla, el Roque de los Muchachos por la ma\u00f1ana y nadar en el mar al mediod\u00eda y tomar el sol con un buen vaso de vino de la isla.<\/p><p>Podr\u00e1n observar los vi\u00f1edos que se elevan sobre un mar de nubes.<\/p><p>Hay dos \u00e1reas de producci\u00f3n diferentes en el norte de la isla de La Palma, una en el noroeste y otra en el noreste. Ambos difieren en las t\u00e9cnicas de cultivo y de bodega utilizadas, as\u00ed como en las variedades de uva cultivadas, los m\u00e9todos de producci\u00f3n artesanales, etc.<\/p><p>En el noroeste, que comprende los municipios de Garaf\u00eda, Puntagorda y Tijarafe, se caracteriza por fuertes pendientes interrumpidas por numerosas \"barrancos\" profundas con vi\u00f1edos, en su mayor\u00eda por encima de las nubes, a altitudes entre 1000 y 1500 metros sobre el nivel del mar.<\/p><p>Debido a esta ubicaci\u00f3n de los vi\u00f1edos, las vides prosperan mejor debido a la menor incidencia de plagas y enfermedades. Esto se ve favorecido por un clima favorable al cultivo de la vid, con d\u00edas soleados y noches frescas, inviernos duros y veranos suaves influidos por los vientos alisios.<\/p><p>- VINOS BLANCOS (ligeros) Elaborados con uvas de las variedades List\u00e1n Blanco, Bujariego, Albillo, etc. Arom\u00e1tico, muy agradable, fresco y ligero, de gran delicadeza. Amarillo pajizo con matices verdosos de oro joven, limpio y brillante con l\u00e1grimas persistentes, aromas frutales con notas especiadas, denso, carnoso con extracto, lleno y elegante en la boca.<\/p><p>- ROSAS (alegre) Hecho de variedades: entre otras Negramol. De tonos rosados salm\u00f3n con tonos violetas con una capa media profunda, limpia y brillante, y aromas delicados, frescos con un ligero sabor a almendra. Son vinos alegres, ligeros y agradables.<\/p><p>- VINOS TINTOS (personal) Elaborados a partir de las variedades de uva Negramol, Almu\u00f1eco, List\u00e1n Prieto y otras y tras un proceso de maceraci\u00f3n, presentan las siguientes caracter\u00edsticas organol\u00e9pticas: de color rojo rub\u00ed con tonalidades viol\u00e1ceas de capa media, limpio y brillante, aromas de intensidad media con maduraci\u00f3n herb\u00e1cea, en boca resultan densos, con buena estructura, carnosos y con un persistente postgusto.<\/p><p>- VINOS DE T\u00c9 (artesanales) Hechos con uvas Negramol, List\u00e1n prieto y Albillo. T\u00e9 madurado en barriles (pino canario), lo que le da un aroma intenso y el t\u00edpico sabor resinoso. Son vinos de cereza de capas rojas suaves con tonalidades teja, con aromas frutales y herb\u00e1ceos integrados en un suelo resinoso. Por sus caracter\u00edsticas nos recuerdan a los vinos griegos \"Retzinas\".<\/p><p>- Vinos dulces NATURALES (incomparable) Hechos de variedades como: Sabro, Gual, Verdello, destacando la Malvas\u00eda. Son vinos de producci\u00f3n natural, de color dorado joven con tonos \u00e1mbar, limpios y brillantes de intensidad media-alta, con una potencia arom\u00e1tica muy pronunciada, en boca tiene una buena estructura con un dulzor equilibrado con una acidez fresca y viva, rica y persistente. Vino ideal y perfecto con el postre.<\/p><p>\u00a0<\/p>\t\t\t\t\t\t<\/div>\n\t\t\t\t<\/div>\n\t\t\t\t\t<\/div>\n\t\t<\/div>\n\t\t\t\t\t<\/div>\n\t\t<\/section>\n\t\t\t\t<\/div>","protected":false},"excerpt":{"rendered":"<p>Vinos de la isla El vino de la Palma siempre ha sido muy apreciado por los viajeros en general. Una curiosidad es que Shakespeare llam\u00f3 a los vinos Malvacias de Tenerife en una de sus obras. Lo que les da un sabor especial es el hecho de que su ... <a href=\"https:\/\/dein-ferienhaus-lapalma.de\/es\/weine\/\">Seguir leyendo<\/a><\/p>","protected":false},"author":1,"featured_media":42653,"parent":0,"menu_order":0,"comment_status":"closed","ping_status":"closed","template":"","meta":{"footnotes":""},"class_list":["post-36338","page","type-page","status-publish","has-post-thumbnail","hentry"],"yoast_head":"<!-- This site is optimized with the Yoast SEO Premium plugin v23.3 (Yoast SEO v27.4) - https:\/\/yoast.com\/product\/yoast-seo-premium-wordpress\/ -->\n<title>Wein - dein-ferienhaus-lapalma.de<\/title>\n<meta name=\"description\" content=\"La Palma w\u00e4chst stetig im Wettbewerb d. Winzer um den besten Wein. Ob Wei\u00dfwein oder Rotwein, die Bedingungen sind spitze! Lesen Sie selbst...\" \/>\n<meta name=\"robots\" content=\"index, follow, max-snippet:-1, max-image-preview:large, max-video-preview:-1\" \/>\n<link rel=\"canonical\" href=\"https:\/\/dein-ferienhaus-lapalma.de\/es\/weine\/\" \/>\n<meta property=\"og:locale\" content=\"es_ES\" \/>\n<meta property=\"og:type\" content=\"article\" \/>\n<meta property=\"og:title\" content=\"Wein\" \/>\n<meta property=\"og:description\" content=\"Insel-Weine Der Wein auf la Palma wurde von seinen Reisenden im Allgemeinen immer sehr gesch\u00e4tzt. Eine Kuriosit\u00e4t ist, dass Shakespeare in einem seiner\" \/>\n<meta property=\"og:url\" content=\"https:\/\/dein-ferienhaus-lapalma.de\/es\/weine\/\" \/>\n<meta property=\"og:site_name\" content=\"dein-ferienhaus-lapalma.de\" \/>\n<meta property=\"article:publisher\" content=\"https:\/\/www.facebook.com\/Dein-Ferienhaus-LaPalma-100755315590346\" \/>\n<meta property=\"article:modified_time\" content=\"2024-10-16T19:44:21+00:00\" \/>\n<meta property=\"og:image\" content=\"https:\/\/dein-ferienhaus-lapalma.de\/wp-content\/uploads\/2020\/12\/Wein-300x300-1.jpg\" \/>\n\t<meta property=\"og:image:width\" content=\"300\" \/>\n\t<meta property=\"og:image:height\" content=\"300\" \/>\n\t<meta property=\"og:image:type\" content=\"image\/jpeg\" \/>\n<meta name=\"twitter:card\" content=\"summary_large_image\" \/>\n<meta name=\"twitter:label1\" content=\"Tiempo de lectura\" \/>\n\t<meta name=\"twitter:data1\" content=\"4 minutos\" \/>\n<script type=\"application\/ld+json\" class=\"yoast-schema-graph\">{\"@context\":\"https:\\\/\\\/schema.org\",\"@graph\":[{\"@type\":\"WebPage\",\"@id\":\"https:\\\/\\\/dein-ferienhaus-lapalma.de\\\/weine\\\/\",\"url\":\"https:\\\/\\\/dein-ferienhaus-lapalma.de\\\/weine\\\/\",\"name\":\"Wein - dein-ferienhaus-lapalma.de\",\"isPartOf\":{\"@id\":\"https:\\\/\\\/dein-ferienhaus-lapalma.de\\\/#website\"},\"primaryImageOfPage\":{\"@id\":\"https:\\\/\\\/dein-ferienhaus-lapalma.de\\\/weine\\\/#primaryimage\"},\"image\":{\"@id\":\"https:\\\/\\\/dein-ferienhaus-lapalma.de\\\/weine\\\/#primaryimage\"},\"thumbnailUrl\":\"https:\\\/\\\/dein-ferienhaus-lapalma.de\\\/wp-content\\\/uploads\\\/2020\\\/12\\\/Wein-300x300-1.jpg\",\"datePublished\":\"2020-10-23T17:24:50+00:00\",\"dateModified\":\"2024-10-16T19:44:21+00:00\",\"description\":\"La Palma w\u00e4chst stetig im Wettbewerb d. Winzer um den besten Wein. Ob Wei\u00dfwein oder Rotwein, die Bedingungen sind spitze! Lesen Sie selbst...\",\"breadcrumb\":{\"@id\":\"https:\\\/\\\/dein-ferienhaus-lapalma.de\\\/weine\\\/#breadcrumb\"},\"inLanguage\":\"es\",\"potentialAction\":[{\"@type\":\"ReadAction\",\"target\":[\"https:\\\/\\\/dein-ferienhaus-lapalma.de\\\/weine\\\/\"]}]},{\"@type\":\"ImageObject\",\"inLanguage\":\"es\",\"@id\":\"https:\\\/\\\/dein-ferienhaus-lapalma.de\\\/weine\\\/#primaryimage\",\"url\":\"https:\\\/\\\/dein-ferienhaus-lapalma.de\\\/wp-content\\\/uploads\\\/2020\\\/12\\\/Wein-300x300-1.jpg\",\"contentUrl\":\"https:\\\/\\\/dein-ferienhaus-lapalma.de\\\/wp-content\\\/uploads\\\/2020\\\/12\\\/Wein-300x300-1.jpg\",\"width\":300,\"height\":300},{\"@type\":\"BreadcrumbList\",\"@id\":\"https:\\\/\\\/dein-ferienhaus-lapalma.de\\\/weine\\\/#breadcrumb\",\"itemListElement\":[{\"@type\":\"ListItem\",\"position\":1,\"name\":\"Home\",\"item\":\"https:\\\/\\\/dein-ferienhaus-lapalma.de\\\/\"},{\"@type\":\"ListItem\",\"position\":2,\"name\":\"Wein\"}]},{\"@type\":\"WebSite\",\"@id\":\"https:\\\/\\\/dein-ferienhaus-lapalma.de\\\/#website\",\"url\":\"https:\\\/\\\/dein-ferienhaus-lapalma.de\\\/\",\"name\":\"dein-ferienhaus-lapalma.de\",\"description\":\"Tolle Ferienh\u00e4user auf La Palma\",\"publisher\":{\"@id\":\"https:\\\/\\\/dein-ferienhaus-lapalma.de\\\/#organization\"},\"potentialAction\":[{\"@type\":\"SearchAction\",\"target\":{\"@type\":\"EntryPoint\",\"urlTemplate\":\"https:\\\/\\\/dein-ferienhaus-lapalma.de\\\/?s={search_term_string}\"},\"query-input\":{\"@type\":\"PropertyValueSpecification\",\"valueRequired\":true,\"valueName\":\"search_term_string\"}}],\"inLanguage\":\"es\"},{\"@type\":\"Organization\",\"@id\":\"https:\\\/\\\/dein-ferienhaus-lapalma.de\\\/#organization\",\"name\":\"Dein Ferienhaus La Palma\",\"url\":\"https:\\\/\\\/dein-ferienhaus-lapalma.de\\\/\",\"logo\":{\"@type\":\"ImageObject\",\"inLanguage\":\"es\",\"@id\":\"https:\\\/\\\/dein-ferienhaus-lapalma.de\\\/#\\\/schema\\\/logo\\\/image\\\/\",\"url\":\"\",\"contentUrl\":\"\",\"caption\":\"Dein Ferienhaus La Palma\"},\"image\":{\"@id\":\"https:\\\/\\\/dein-ferienhaus-lapalma.de\\\/#\\\/schema\\\/logo\\\/image\\\/\"},\"sameAs\":[\"https:\\\/\\\/www.facebook.com\\\/Dein-Ferienhaus-LaPalma-100755315590346\"]}]}<\/script>\n<!-- \/ Yoast SEO Premium plugin. -->","yoast_head_json":{"title":"vino - tu-casa de vacaciones-lapalma.com","description":"La Palma crece constantemente en la competencia entre viticultores por el mejor vino. Ya sea vino blanco o tinto, \u00a1las condiciones son excelentes! L\u00e9alo usted mismo...","robots":{"index":"index","follow":"follow","max-snippet":"max-snippet:-1","max-image-preview":"max-image-preview:large","max-video-preview":"max-video-preview:-1"},"canonical":"https:\/\/dein-ferienhaus-lapalma.de\/es\/weine\/","og_locale":"es_ES","og_type":"article","og_title":"Wein","og_description":"Insel-Weine Der Wein auf la Palma wurde von seinen Reisenden im Allgemeinen immer sehr gesch\u00e4tzt. Eine Kuriosit\u00e4t ist, dass Shakespeare in einem seiner","og_url":"https:\/\/dein-ferienhaus-lapalma.de\/es\/weine\/","og_site_name":"dein-ferienhaus-lapalma.de","article_publisher":"https:\/\/www.facebook.com\/Dein-Ferienhaus-LaPalma-100755315590346","article_modified_time":"2024-10-16T19:44:21+00:00","og_image":[{"width":300,"height":300,"url":"https:\/\/dein-ferienhaus-lapalma.de\/wp-content\/uploads\/2020\/12\/Wein-300x300-1.jpg","type":"image\/jpeg"}],"twitter_card":"summary_large_image","twitter_misc":{"Tiempo de lectura":"4 minutos"},"schema":{"@context":"https:\/\/schema.org","@graph":[{"@type":"WebPage","@id":"https:\/\/dein-ferienhaus-lapalma.de\/weine\/","url":"https:\/\/dein-ferienhaus-lapalma.de\/weine\/","name":"vino - tu-casa de vacaciones-lapalma.com","isPartOf":{"@id":"https:\/\/dein-ferienhaus-lapalma.de\/#website"},"primaryImageOfPage":{"@id":"https:\/\/dein-ferienhaus-lapalma.de\/weine\/#primaryimage"},"image":{"@id":"https:\/\/dein-ferienhaus-lapalma.de\/weine\/#primaryimage"},"thumbnailUrl":"https:\/\/dein-ferienhaus-lapalma.de\/wp-content\/uploads\/2020\/12\/Wein-300x300-1.jpg","datePublished":"2020-10-23T17:24:50+00:00","dateModified":"2024-10-16T19:44:21+00:00","description":"La Palma crece constantemente en la competencia entre viticultores por el mejor vino. Ya sea vino blanco o tinto, \u00a1las condiciones son excelentes! L\u00e9alo usted mismo...","breadcrumb":{"@id":"https:\/\/dein-ferienhaus-lapalma.de\/weine\/#breadcrumb"},"inLanguage":"es","potentialAction":[{"@type":"ReadAction","target":["https:\/\/dein-ferienhaus-lapalma.de\/weine\/"]}]},{"@type":"ImageObject","inLanguage":"es","@id":"https:\/\/dein-ferienhaus-lapalma.de\/weine\/#primaryimage","url":"https:\/\/dein-ferienhaus-lapalma.de\/wp-content\/uploads\/2020\/12\/Wein-300x300-1.jpg","contentUrl":"https:\/\/dein-ferienhaus-lapalma.de\/wp-content\/uploads\/2020\/12\/Wein-300x300-1.jpg","width":300,"height":300},{"@type":"BreadcrumbList","@id":"https:\/\/dein-ferienhaus-lapalma.de\/weine\/#breadcrumb","itemListElement":[{"@type":"ListItem","position":1,"name":"Home","item":"https:\/\/dein-ferienhaus-lapalma.de\/"},{"@type":"ListItem","position":2,"name":"Wein"}]},{"@type":"WebSite","@id":"https:\/\/dein-ferienhaus-lapalma.de\/#website","url":"https:\/\/dein-ferienhaus-lapalma.de\/","name":"dein-ferienhaus-lapalma.de","description":"Grandes casas de vacaciones en La Palma","publisher":{"@id":"https:\/\/dein-ferienhaus-lapalma.de\/#organization"},"potentialAction":[{"@type":"SearchAction","target":{"@type":"EntryPoint","urlTemplate":"https:\/\/dein-ferienhaus-lapalma.de\/?s={search_term_string}"},"query-input":{"@type":"PropertyValueSpecification","valueRequired":true,"valueName":"search_term_string"}}],"inLanguage":"es"},{"@type":"Organization","@id":"https:\/\/dein-ferienhaus-lapalma.de\/#organization","name":"Su casa de vacaciones La Palma","url":"https:\/\/dein-ferienhaus-lapalma.de\/","logo":{"@type":"ImageObject","inLanguage":"es","@id":"https:\/\/dein-ferienhaus-lapalma.de\/#\/schema\/logo\/image\/","url":"","contentUrl":"","caption":"Dein Ferienhaus La Palma"},"image":{"@id":"https:\/\/dein-ferienhaus-lapalma.de\/#\/schema\/logo\/image\/"},"sameAs":["https:\/\/www.facebook.com\/Dein-Ferienhaus-LaPalma-100755315590346"]}]}},"_links":{"self":[{"href":"https:\/\/dein-ferienhaus-lapalma.de\/es\/wp-json\/wp\/v2\/pages\/36338","targetHints":{"allow":["GET"]}}],"collection":[{"href":"https:\/\/dein-ferienhaus-lapalma.de\/es\/wp-json\/wp\/v2\/pages"}],"about":[{"href":"https:\/\/dein-ferienhaus-lapalma.de\/es\/wp-json\/wp\/v2\/types\/page"}],"author":[{"embeddable":true,"href":"https:\/\/dein-ferienhaus-lapalma.de\/es\/wp-json\/wp\/v2\/users\/1"}],"replies":[{"embeddable":true,"href":"https:\/\/dein-ferienhaus-lapalma.de\/es\/wp-json\/wp\/v2\/comments?post=36338"}],"version-history":[{"count":1,"href":"https:\/\/dein-ferienhaus-lapalma.de\/es\/wp-json\/wp\/v2\/pages\/36338\/revisions"}],"predecessor-version":[{"id":65978,"href":"https:\/\/dein-ferienhaus-lapalma.de\/es\/wp-json\/wp\/v2\/pages\/36338\/revisions\/65978"}],"wp:featuredmedia":[{"embeddable":true,"href":"https:\/\/dein-ferienhaus-lapalma.de\/es\/wp-json\/wp\/v2\/media\/42653"}],"wp:attachment":[{"href":"https:\/\/dein-ferienhaus-lapalma.de\/es\/wp-json\/wp\/v2\/media?parent=36338"}],"curies":[{"name":"wp","href":"https:\/\/api.w.org\/{rel}","templated":true}]}}