{"id":36351,"date":"2020-10-23T19:38:05","date_gmt":"2020-10-23T17:38:05","guid":{"rendered":"https:\/\/dein-ferienhaus-lapalma.de\/?page_id=36351"},"modified":"2020-11-22T01:32:36","modified_gmt":"2020-11-22T00:32:36","slug":"tauchen","status":"publish","type":"page","link":"https:\/\/dein-ferienhaus-lapalma.de\/es\/aktivitaeten\/tauchen\/","title":{"rendered":"Deportes acu\u00e1ticos"},"content":{"rendered":"<div data-elementor-type=\"wp-page\" data-elementor-id=\"36351\" class=\"elementor elementor-36351\" data-elementor-post-type=\"page\">\n\t\t\t\t\t\t<section class=\"elementor-section elementor-top-section elementor-element elementor-element-b6ffc23 elementor-section-boxed elementor-section-height-default elementor-section-height-default\" data-id=\"b6ffc23\" data-element_type=\"section\">\n\t\t\t\t\t\t<div class=\"elementor-container elementor-column-gap-default\">\n\t\t\t\t\t<div class=\"elementor-column elementor-col-100 elementor-top-column elementor-element elementor-element-aa5e734\" data-id=\"aa5e734\" data-element_type=\"column\">\n\t\t\t<div class=\"elementor-widget-wrap elementor-element-populated\">\n\t\t\t\t\t\t<div class=\"elementor-element elementor-element-0253c03 elementor-widget elementor-widget-heading\" data-id=\"0253c03\" data-element_type=\"widget\" data-widget_type=\"heading.default\">\n\t\t\t\t<div class=\"elementor-widget-container\">\n\t\t\t<h2 class=\"elementor-heading-title elementor-size-default\">Actividades en y sobre el agua<\/h2>\t\t<\/div>\n\t\t\t\t<\/div>\n\t\t\t\t\t<\/div>\n\t\t<\/div>\n\t\t\t\t\t<\/div>\n\t\t<\/section>\n\t\t\t\t<section class=\"elementor-section elementor-top-section elementor-element elementor-element-22133b1 elementor-section-boxed elementor-section-height-default elementor-section-height-default\" data-id=\"22133b1\" data-element_type=\"section\">\n\t\t\t\t\t\t<div class=\"elementor-container elementor-column-gap-default\">\n\t\t\t\t\t<div class=\"elementor-column elementor-col-100 elementor-top-column elementor-element elementor-element-98bc6f7\" data-id=\"98bc6f7\" data-element_type=\"column\">\n\t\t\t<div class=\"elementor-widget-wrap\">\n\t\t\t\t\t\t\t<\/div>\n\t\t<\/div>\n\t\t\t\t\t<\/div>\n\t\t<\/section>\n\t\t\t\t<section class=\"elementor-section elementor-top-section elementor-element elementor-element-38af51c elementor-section-boxed elementor-section-height-default elementor-section-height-default\" data-id=\"38af51c\" data-element_type=\"section\">\n\t\t\t\t\t\t<div class=\"elementor-container elementor-column-gap-default\">\n\t\t\t\t\t<div class=\"elementor-column elementor-col-50 elementor-top-column elementor-element elementor-element-2e3c18a\" data-id=\"2e3c18a\" data-element_type=\"column\">\n\t\t\t<div class=\"elementor-widget-wrap elementor-element-populated\">\n\t\t\t\t\t\t<div class=\"elementor-element elementor-element-973c6cc elementor-align-right elementor-widget elementor-widget-button\" data-id=\"973c6cc\" data-element_type=\"widget\" data-widget_type=\"button.default\">\n\t\t\t\t<div class=\"elementor-widget-container\">\n\t\t\t\t\t\t\t<div class=\"elementor-button-wrapper\">\n\t\t\t\t\t<a class=\"elementor-button elementor-button-link elementor-size-sm\" href=\"#\">\n\t\t\t\t\t\t<span class=\"elementor-button-content-wrapper\">\n\t\t\t\t\t\t\t\t\t<span class=\"elementor-button-text\">Formulario<\/span>\n\t\t\t\t\t<\/span>\n\t\t\t\t\t<\/a>\n\t\t\t\t<\/div>\n\t\t\t\t\t\t<\/div>\n\t\t\t\t<\/div>\n\t\t\t\t<div class=\"elementor-element elementor-element-b1cbd24 elementor-widget elementor-widget-heading\" data-id=\"b1cbd24\" data-element_type=\"widget\" data-widget_type=\"heading.default\">\n\t\t\t\t<div class=\"elementor-widget-container\">\n\t\t\t<h3 class=\"elementor-heading-title elementor-size-default\">Buceo <\/h3>\t\t<\/div>\n\t\t\t\t<\/div>\n\t\t\t\t<div class=\"elementor-element elementor-element-254a617 elementor-widget elementor-widget-text-editor\" data-id=\"254a617\" data-element_type=\"widget\" data-widget_type=\"text-editor.default\">\n\t\t\t\t<div class=\"elementor-widget-container\">\n\t\t\t\t\t\t\t<p>Como la isla es de origen volc\u00e1nico, es decir, fue creada de la nada en medio del Oc\u00e9ano Atl\u00e1ntico, todos (o la gran mayor\u00eda de ellos) pertenecen a los llamados de infanter\u00eda, es decir, los que entran en el mar desde la misma playa, y es que aqu\u00ed no hay arrecifes para buscar el mar. Aqu\u00ed, m\u00e1s adentro, s\u00f3lo hay un azul m\u00e1s profundo e intenso. Variedad de especies y rincones interesantes. Hay una gran variedad de clubes de buceo en la isla. D\u00e9jenos llevarle a las profundidades del Oc\u00e9ano Atl\u00e1ntico.<\/p>\t\t\t\t\t\t<\/div>\n\t\t\t\t<\/div>\n\t\t\t\t<div class=\"elementor-element elementor-element-e20fe44 elementor-widget elementor-widget-heading\" data-id=\"e20fe44\" data-element_type=\"widget\" data-widget_type=\"heading.default\">\n\t\t\t\t<div class=\"elementor-widget-container\">\n\t\t\t<h3 class=\"elementor-heading-title elementor-size-default\">Recorridos en kayak<\/h3>\t\t<\/div>\n\t\t\t\t<\/div>\n\t\t\t\t<div class=\"elementor-element elementor-element-ef48c22 elementor-widget elementor-widget-text-editor\" data-id=\"ef48c22\" data-element_type=\"widget\" data-widget_type=\"text-editor.default\">\n\t\t\t\t<div class=\"elementor-widget-container\">\n\t\t\t\t\t\t\t<p>Navegar en kayak a lo largo de la costa de La Palma es una experiencia inolvidable que est\u00e1 en tus manos. P\u00f3ngase en contacto con nosotros y le ofreceremos alquiler de canoas o excursiones planificadas a lo largo de la costa de la isla.<\/p>\t\t\t\t\t\t<\/div>\n\t\t\t\t<\/div>\n\t\t\t\t<div class=\"elementor-element elementor-element-8adb425 elementor-widget elementor-widget-heading\" data-id=\"8adb425\" data-element_type=\"widget\" data-widget_type=\"heading.default\">\n\t\t\t\t<div class=\"elementor-widget-container\">\n\t\t\t<h3 class=\"elementor-heading-title elementor-size-default\">Surf<\/h3>\t\t<\/div>\n\t\t\t\t<\/div>\n\t\t\t\t<div class=\"elementor-element elementor-element-74ffc04 elementor-widget elementor-widget-text-editor\" data-id=\"74ffc04\" data-element_type=\"widget\" data-widget_type=\"text-editor.default\">\n\t\t\t\t<div class=\"elementor-widget-container\">\n\t\t\t\t\t\t\t<p>Montando las olas desde la ma\u00f1ana hasta la noche. Este es el gran sue\u00f1o de todo reiter. Un sue\u00f1o que puede hacerse realidad en las Islas Canarias. Los largos d\u00edas soleados, el clima es estable y la temperatura del agua es de unos 20\u00ba todo el a\u00f1o, as\u00ed que puedes ir a surfear tantas horas como quieras cada d\u00eda. Por esta raz\u00f3n, las Islas Canarias ya se han convertido en un para\u00edso para el surf, atrayendo a surfistas de toda Europa. Adem\u00e1s, el gran n\u00famero de playas significa que se puede ir a diferentes lugares en muy poco tiempo en busca de la gran ola. En casi todos ellos es f\u00e1cil encontrar escuelas de surf, alquiler de equipo y por supuesto un ambiente amistoso donde cada surfista se siente como en casa.<\/p>\t\t\t\t\t\t<\/div>\n\t\t\t\t<\/div>\n\t\t\t\t<div class=\"elementor-element elementor-element-369be14 elementor-widget elementor-widget-heading\" data-id=\"369be14\" data-element_type=\"widget\" data-widget_type=\"heading.default\">\n\t\t\t\t<div class=\"elementor-widget-container\">\n\t\t\t<h3 class=\"elementor-heading-title elementor-size-default\">Kitesurfing<\/h3>\t\t<\/div>\n\t\t\t\t<\/div>\n\t\t\t\t<div class=\"elementor-element elementor-element-0734c06 elementor-widget elementor-widget-text-editor\" data-id=\"0734c06\" data-element_type=\"widget\" data-widget_type=\"text-editor.default\">\n\t\t\t\t<div class=\"elementor-widget-container\">\n\t\t\t\t\t\t\t<p>El <a href=\"https:\/\/dein-ferienhaus-lapalma.de\/es\/la-palma\/straende\/\">Playa<\/a> de Santa Cruz de La Palma tiene un lugar privilegiado para la pr\u00e1ctica del kitesurf y cuenta con una escuela donde se puede disfrutar de este deporte acu\u00e1tico y tener la sensaci\u00f3n de volar en el aire y cabalgar sobre las olas de la costa de la isla.\u00a0 <a href=\"https:\/\/www.facebook.com\/Kitesurfing-La-Palma-1527421200714560\/?modal=admin_todo_tour\">Curso de Kitesurf<\/a><\/p>\t\t\t\t\t\t<\/div>\n\t\t\t\t<\/div>\n\t\t\t\t\t<\/div>\n\t\t<\/div>\n\t\t\t\t<div class=\"elementor-column elementor-col-50 elementor-top-column elementor-element elementor-element-2602444\" data-id=\"2602444\" data-element_type=\"column\">\n\t\t\t<div class=\"elementor-widget-wrap elementor-element-populated\">\n\t\t\t\t\t\t<div class=\"elementor-element elementor-element-485d104 elementor-widget elementor-widget-image\" data-id=\"485d104\" data-element_type=\"widget\" data-widget_type=\"image.default\">\n\t\t\t\t<div class=\"elementor-widget-container\">\n\t\t\t\t\t\t\t\t\t\t\t\t\t<img fetchpriority=\"high\" decoding=\"async\" width=\"800\" height=\"800\" src=\"https:\/\/dein-ferienhaus-lapalma.de\/wp-content\/uploads\/2020\/10\/Aktivitaet-Resize-004.jpg\" class=\"attachment-large size-large wp-image-37639\" alt=\"\" srcset=\"https:\/\/dein-ferienhaus-lapalma.de\/wp-content\/uploads\/2020\/10\/Aktivitaet-Resize-004.jpg 800w, https:\/\/dein-ferienhaus-lapalma.de\/wp-content\/uploads\/2020\/10\/Aktivitaet-Resize-004-300x300.jpg 300w, https:\/\/dein-ferienhaus-lapalma.de\/wp-content\/uploads\/2020\/10\/Aktivitaet-Resize-004-150x150.jpg 150w, https:\/\/dein-ferienhaus-lapalma.de\/wp-content\/uploads\/2020\/10\/Aktivitaet-Resize-004-768x768.jpg 768w, https:\/\/dein-ferienhaus-lapalma.de\/wp-content\/uploads\/2020\/10\/Aktivitaet-Resize-004-50x50.jpg 50w, https:\/\/dein-ferienhaus-lapalma.de\/wp-content\/uploads\/2020\/10\/Aktivitaet-Resize-004-80x80.jpg 80w, https:\/\/dein-ferienhaus-lapalma.de\/wp-content\/uploads\/2020\/10\/Aktivitaet-Resize-004-394x394.jpg 394w, https:\/\/dein-ferienhaus-lapalma.de\/wp-content\/uploads\/2020\/10\/Aktivitaet-Resize-004-303x303.jpg 303w, https:\/\/dein-ferienhaus-lapalma.de\/wp-content\/uploads\/2020\/10\/Aktivitaet-Resize-004-605x605.jpg 605w, https:\/\/dein-ferienhaus-lapalma.de\/wp-content\/uploads\/2020\/10\/Aktivitaet-Resize-004-700x700.jpg 700w\" sizes=\"(max-width: 800px) 100vw, 800px\" \/>\t\t\t\t\t\t\t\t\t\t\t\t\t<\/div>\n\t\t\t\t<\/div>\n\t\t\t\t<div class=\"elementor-element elementor-element-43768e0 elementor-widget elementor-widget-image\" data-id=\"43768e0\" data-element_type=\"widget\" data-widget_type=\"image.default\">\n\t\t\t\t<div class=\"elementor-widget-container\">\n\t\t\t\t\t\t\t\t\t\t\t\t\t<img decoding=\"async\" width=\"1024\" height=\"725\" src=\"https:\/\/dein-ferienhaus-lapalma.de\/wp-content\/uploads\/2020\/11\/kayak-846078_1920-1024x725.jpg\" class=\"attachment-large size-large wp-image-41834\" alt=\"\" srcset=\"https:\/\/dein-ferienhaus-lapalma.de\/wp-content\/uploads\/2020\/11\/kayak-846078_1920-1024x725.jpg 1024w, https:\/\/dein-ferienhaus-lapalma.de\/wp-content\/uploads\/2020\/11\/kayak-846078_1920-300x212.jpg 300w, https:\/\/dein-ferienhaus-lapalma.de\/wp-content\/uploads\/2020\/11\/kayak-846078_1920-768x544.jpg 768w, https:\/\/dein-ferienhaus-lapalma.de\/wp-content\/uploads\/2020\/11\/kayak-846078_1920-1536x1087.jpg 1536w, https:\/\/dein-ferienhaus-lapalma.de\/wp-content\/uploads\/2020\/11\/kayak-846078_1920-61x43.jpg 61w, https:\/\/dein-ferienhaus-lapalma.de\/wp-content\/uploads\/2020\/11\/kayak-846078_1920-113x80.jpg 113w, https:\/\/dein-ferienhaus-lapalma.de\/wp-content\/uploads\/2020\/11\/kayak-846078_1920-394x279.jpg 394w, https:\/\/dein-ferienhaus-lapalma.de\/wp-content\/uploads\/2020\/11\/kayak-846078_1920-915x648.jpg 915w, https:\/\/dein-ferienhaus-lapalma.de\/wp-content\/uploads\/2020\/11\/kayak-846078_1920-1240x878.jpg 1240w, https:\/\/dein-ferienhaus-lapalma.de\/wp-content\/uploads\/2020\/11\/kayak-846078_1920-1526x1080.jpg 1526w, https:\/\/dein-ferienhaus-lapalma.de\/wp-content\/uploads\/2020\/11\/kayak-846078_1920.jpg 1200w\" sizes=\"(max-width: 1024px) 100vw, 1024px\" \/>\t\t\t\t\t\t\t\t\t\t\t\t\t<\/div>\n\t\t\t\t<\/div>\n\t\t\t\t<div class=\"elementor-element elementor-element-41b7035 elementor-widget elementor-widget-image\" data-id=\"41b7035\" data-element_type=\"widget\" data-widget_type=\"image.default\">\n\t\t\t\t<div class=\"elementor-widget-container\">\n\t\t\t\t\t\t\t\t\t\t\t\t\t<img decoding=\"async\" width=\"1024\" height=\"513\" src=\"https:\/\/dein-ferienhaus-lapalma.de\/wp-content\/uploads\/2020\/11\/surfer-1024x513.jpg\" class=\"attachment-large size-large wp-image-40811\" alt=\"\" srcset=\"https:\/\/dein-ferienhaus-lapalma.de\/wp-content\/uploads\/2020\/11\/surfer-1024x513.jpg 1024w, https:\/\/dein-ferienhaus-lapalma.de\/wp-content\/uploads\/2020\/11\/surfer-300x150.jpg 300w, https:\/\/dein-ferienhaus-lapalma.de\/wp-content\/uploads\/2020\/11\/surfer-768x385.jpg 768w, https:\/\/dein-ferienhaus-lapalma.de\/wp-content\/uploads\/2020\/11\/surfer-86x43.jpg 86w, https:\/\/dein-ferienhaus-lapalma.de\/wp-content\/uploads\/2020\/11\/surfer-160x80.jpg 160w, https:\/\/dein-ferienhaus-lapalma.de\/wp-content\/uploads\/2020\/11\/surfer-394x198.jpg 394w, https:\/\/dein-ferienhaus-lapalma.de\/wp-content\/uploads\/2020\/11\/surfer-915x459.jpg 915w, https:\/\/dein-ferienhaus-lapalma.de\/wp-content\/uploads\/2020\/11\/surfer.jpg 1097w\" sizes=\"(max-width: 1024px) 100vw, 1024px\" \/>\t\t\t\t\t\t\t\t\t\t\t\t\t<\/div>\n\t\t\t\t<\/div>\n\t\t\t\t<div class=\"elementor-element elementor-element-d502f7a elementor-widget elementor-widget-image\" data-id=\"d502f7a\" data-element_type=\"widget\" data-widget_type=\"image.default\">\n\t\t\t\t<div class=\"elementor-widget-container\">\n\t\t\t\t\t\t\t\t\t\t\t\t\t<img loading=\"lazy\" decoding=\"async\" width=\"1024\" height=\"703\" src=\"https:\/\/dein-ferienhaus-lapalma.de\/wp-content\/uploads\/2020\/10\/pexels-photo-1559392-KITESURF-1024x703.jpeg\" class=\"attachment-large size-large wp-image-36436\" alt=\"\" srcset=\"https:\/\/dein-ferienhaus-lapalma.de\/wp-content\/uploads\/2020\/10\/pexels-photo-1559392-KITESURF-1024x703.jpeg 1024w, https:\/\/dein-ferienhaus-lapalma.de\/wp-content\/uploads\/2020\/10\/pexels-photo-1559392-KITESURF-300x206.jpeg 300w, https:\/\/dein-ferienhaus-lapalma.de\/wp-content\/uploads\/2020\/10\/pexels-photo-1559392-KITESURF-768x527.jpeg 768w, https:\/\/dein-ferienhaus-lapalma.de\/wp-content\/uploads\/2020\/10\/pexels-photo-1559392-KITESURF-1536x1055.jpeg 1536w, https:\/\/dein-ferienhaus-lapalma.de\/wp-content\/uploads\/2020\/10\/pexels-photo-1559392-KITESURF-2048x1407.jpeg 2048w, https:\/\/dein-ferienhaus-lapalma.de\/wp-content\/uploads\/2020\/10\/pexels-photo-1559392-KITESURF-73x50.jpeg 73w, https:\/\/dein-ferienhaus-lapalma.de\/wp-content\/uploads\/2020\/10\/pexels-photo-1559392-KITESURF-116x80.jpeg 116w, https:\/\/dein-ferienhaus-lapalma.de\/wp-content\/uploads\/2020\/10\/pexels-photo-1559392-KITESURF-394x271.jpeg 394w, https:\/\/dein-ferienhaus-lapalma.de\/wp-content\/uploads\/2020\/10\/pexels-photo-1559392-KITESURF-915x628.jpeg 915w, https:\/\/dein-ferienhaus-lapalma.de\/wp-content\/uploads\/2020\/10\/pexels-photo-1559392-KITESURF-1240x852.jpeg 1240w, https:\/\/dein-ferienhaus-lapalma.de\/wp-content\/uploads\/2020\/10\/pexels-photo-1559392-KITESURF-1572x1080.jpeg 1572w\" sizes=\"(max-width: 1024px) 100vw, 1024px\" \/>\t\t\t\t\t\t\t\t\t\t\t\t\t<\/div>\n\t\t\t\t<\/div>\n\t\t\t\t\t<\/div>\n\t\t<\/div>\n\t\t\t\t\t<\/div>\n\t\t<\/section>\n\t\t\t\t<\/div>","protected":false},"excerpt":{"rendered":"<p>Actividades sobre y en el agua Formar Buceo Al ser la isla de origen volc\u00e1nico, es decir, formada de la nada en medio del oc\u00e9ano Atl\u00e1ntico, todas (o la gran mayor\u00eda) pertenecen a las denominadas ... <a href=\"https:\/\/dein-ferienhaus-lapalma.de\/es\/aktivitaeten\/tauchen\/\">Seguir leyendo<\/a><\/p>","protected":false},"author":1,"featured_media":0,"parent":36260,"menu_order":0,"comment_status":"closed","ping_status":"closed","template":"","meta":{"footnotes":""},"class_list":["post-36351","page","type-page","status-publish","hentry"],"yoast_head":"<!-- This site is optimized with the Yoast SEO Premium plugin v23.3 (Yoast SEO v27.4) - https:\/\/yoast.com\/product\/yoast-seo-premium-wordpress\/ -->\n<title>Wassersport - dein-ferienhaus-lapalma.de<\/title>\n<meta name=\"robots\" content=\"index, follow, max-snippet:-1, max-image-preview:large, max-video-preview:-1\" \/>\n<link rel=\"canonical\" href=\"https:\/\/dein-ferienhaus-lapalma.de\/es\/aktivitaeten\/tauchen\/\" \/>\n<meta property=\"og:locale\" content=\"es_ES\" \/>\n<meta property=\"og:type\" content=\"article\" \/>\n<meta property=\"og:title\" content=\"Wassersport\" \/>\n<meta property=\"og:description\" content=\"Aktivit\u00e4ten auf und im Wasser Formular Tauchen Da die Insel vulkanischen Ursprungs ist, d.h. aus dem Nichts mitten im Atlantischen Ozean entstanden ist,\" \/>\n<meta property=\"og:url\" content=\"https:\/\/dein-ferienhaus-lapalma.de\/es\/aktivitaeten\/tauchen\/\" \/>\n<meta property=\"og:site_name\" content=\"dein-ferienhaus-lapalma.de\" \/>\n<meta property=\"article:publisher\" content=\"https:\/\/www.facebook.com\/Dein-Ferienhaus-LaPalma-100755315590346\" \/>\n<meta property=\"article:modified_time\" content=\"2020-11-22T00:32:36+00:00\" \/>\n<meta property=\"og:image\" content=\"https:\/\/dein-ferienhaus-lapalma.de\/wp-content\/uploads\/2020\/10\/Aktivitaet-Resize-004.jpg\" \/>\n<meta name=\"twitter:card\" content=\"summary_large_image\" \/>\n<meta name=\"twitter:label1\" content=\"Tiempo de lectura\" \/>\n\t<meta name=\"twitter:data1\" content=\"2 minutos\" \/>\n<script type=\"application\/ld+json\" class=\"yoast-schema-graph\">{\"@context\":\"https:\\\/\\\/schema.org\",\"@graph\":[{\"@type\":\"WebPage\",\"@id\":\"https:\\\/\\\/dein-ferienhaus-lapalma.de\\\/en\\\/aktivitaeten\\\/tauchen\\\/\",\"url\":\"https:\\\/\\\/dein-ferienhaus-lapalma.de\\\/en\\\/aktivitaeten\\\/tauchen\\\/\",\"name\":\"Wassersport - dein-ferienhaus-lapalma.de\",\"isPartOf\":{\"@id\":\"https:\\\/\\\/dein-ferienhaus-lapalma.de\\\/#website\"},\"primaryImageOfPage\":{\"@id\":\"https:\\\/\\\/dein-ferienhaus-lapalma.de\\\/en\\\/aktivitaeten\\\/tauchen\\\/#primaryimage\"},\"image\":{\"@id\":\"https:\\\/\\\/dein-ferienhaus-lapalma.de\\\/en\\\/aktivitaeten\\\/tauchen\\\/#primaryimage\"},\"thumbnailUrl\":\"https:\\\/\\\/dein-ferienhaus-lapalma.de\\\/wp-content\\\/uploads\\\/2020\\\/10\\\/Aktivitaet-Resize-004.jpg\",\"datePublished\":\"2020-10-23T17:38:05+00:00\",\"dateModified\":\"2020-11-22T00:32:36+00:00\",\"breadcrumb\":{\"@id\":\"https:\\\/\\\/dein-ferienhaus-lapalma.de\\\/en\\\/aktivitaeten\\\/tauchen\\\/#breadcrumb\"},\"inLanguage\":\"es\",\"potentialAction\":[{\"@type\":\"ReadAction\",\"target\":[\"https:\\\/\\\/dein-ferienhaus-lapalma.de\\\/en\\\/aktivitaeten\\\/tauchen\\\/\"]}]},{\"@type\":\"ImageObject\",\"inLanguage\":\"es\",\"@id\":\"https:\\\/\\\/dein-ferienhaus-lapalma.de\\\/en\\\/aktivitaeten\\\/tauchen\\\/#primaryimage\",\"url\":\"https:\\\/\\\/dein-ferienhaus-lapalma.de\\\/wp-content\\\/uploads\\\/2020\\\/10\\\/Aktivitaet-Resize-004.jpg\",\"contentUrl\":\"https:\\\/\\\/dein-ferienhaus-lapalma.de\\\/wp-content\\\/uploads\\\/2020\\\/10\\\/Aktivitaet-Resize-004.jpg\"},{\"@type\":\"BreadcrumbList\",\"@id\":\"https:\\\/\\\/dein-ferienhaus-lapalma.de\\\/en\\\/aktivitaeten\\\/tauchen\\\/#breadcrumb\",\"itemListElement\":[{\"@type\":\"ListItem\",\"position\":1,\"name\":\"Home\",\"item\":\"https:\\\/\\\/dein-ferienhaus-lapalma.de\\\/\"},{\"@type\":\"ListItem\",\"position\":2,\"name\":\"Aktivit\u00e4ten\",\"item\":\"https:\\\/\\\/dein-ferienhaus-lapalma.de\\\/en\\\/aktivitaeten\\\/\"},{\"@type\":\"ListItem\",\"position\":3,\"name\":\"Wassersport\"}]},{\"@type\":\"WebSite\",\"@id\":\"https:\\\/\\\/dein-ferienhaus-lapalma.de\\\/#website\",\"url\":\"https:\\\/\\\/dein-ferienhaus-lapalma.de\\\/\",\"name\":\"dein-ferienhaus-lapalma.de\",\"description\":\"Tolle Ferienh\u00e4user auf La Palma\",\"publisher\":{\"@id\":\"https:\\\/\\\/dein-ferienhaus-lapalma.de\\\/#organization\"},\"potentialAction\":[{\"@type\":\"SearchAction\",\"target\":{\"@type\":\"EntryPoint\",\"urlTemplate\":\"https:\\\/\\\/dein-ferienhaus-lapalma.de\\\/?s={search_term_string}\"},\"query-input\":{\"@type\":\"PropertyValueSpecification\",\"valueRequired\":true,\"valueName\":\"search_term_string\"}}],\"inLanguage\":\"es\"},{\"@type\":\"Organization\",\"@id\":\"https:\\\/\\\/dein-ferienhaus-lapalma.de\\\/#organization\",\"name\":\"Dein Ferienhaus La Palma\",\"url\":\"https:\\\/\\\/dein-ferienhaus-lapalma.de\\\/\",\"logo\":{\"@type\":\"ImageObject\",\"inLanguage\":\"es\",\"@id\":\"https:\\\/\\\/dein-ferienhaus-lapalma.de\\\/#\\\/schema\\\/logo\\\/image\\\/\",\"url\":\"\",\"contentUrl\":\"\",\"caption\":\"Dein Ferienhaus La Palma\"},\"image\":{\"@id\":\"https:\\\/\\\/dein-ferienhaus-lapalma.de\\\/#\\\/schema\\\/logo\\\/image\\\/\"},\"sameAs\":[\"https:\\\/\\\/www.facebook.com\\\/Dein-Ferienhaus-LaPalma-100755315590346\"]}]}<\/script>\n<!-- \/ Yoast SEO Premium plugin. -->","yoast_head_json":{"title":"Deportes acu\u00e1ticos - your-holiday-house-lapalma.com","robots":{"index":"index","follow":"follow","max-snippet":"max-snippet:-1","max-image-preview":"max-image-preview:large","max-video-preview":"max-video-preview:-1"},"canonical":"https:\/\/dein-ferienhaus-lapalma.de\/es\/aktivitaeten\/tauchen\/","og_locale":"es_ES","og_type":"article","og_title":"Wassersport","og_description":"Aktivit\u00e4ten auf und im Wasser Formular Tauchen Da die Insel vulkanischen Ursprungs ist, d.h. aus dem Nichts mitten im Atlantischen Ozean entstanden ist,","og_url":"https:\/\/dein-ferienhaus-lapalma.de\/es\/aktivitaeten\/tauchen\/","og_site_name":"dein-ferienhaus-lapalma.de","article_publisher":"https:\/\/www.facebook.com\/Dein-Ferienhaus-LaPalma-100755315590346","article_modified_time":"2020-11-22T00:32:36+00:00","og_image":[{"url":"https:\/\/dein-ferienhaus-lapalma.de\/wp-content\/uploads\/2020\/10\/Aktivitaet-Resize-004.jpg","type":"","width":"","height":""}],"twitter_card":"summary_large_image","twitter_misc":{"Tiempo de lectura":"2 minutos"},"schema":{"@context":"https:\/\/schema.org","@graph":[{"@type":"WebPage","@id":"https:\/\/dein-ferienhaus-lapalma.de\/en\/aktivitaeten\/tauchen\/","url":"https:\/\/dein-ferienhaus-lapalma.de\/en\/aktivitaeten\/tauchen\/","name":"Deportes acu\u00e1ticos - your-holiday-house-lapalma.com","isPartOf":{"@id":"https:\/\/dein-ferienhaus-lapalma.de\/#website"},"primaryImageOfPage":{"@id":"https:\/\/dein-ferienhaus-lapalma.de\/en\/aktivitaeten\/tauchen\/#primaryimage"},"image":{"@id":"https:\/\/dein-ferienhaus-lapalma.de\/en\/aktivitaeten\/tauchen\/#primaryimage"},"thumbnailUrl":"https:\/\/dein-ferienhaus-lapalma.de\/wp-content\/uploads\/2020\/10\/Aktivitaet-Resize-004.jpg","datePublished":"2020-10-23T17:38:05+00:00","dateModified":"2020-11-22T00:32:36+00:00","breadcrumb":{"@id":"https:\/\/dein-ferienhaus-lapalma.de\/en\/aktivitaeten\/tauchen\/#breadcrumb"},"inLanguage":"es","potentialAction":[{"@type":"ReadAction","target":["https:\/\/dein-ferienhaus-lapalma.de\/en\/aktivitaeten\/tauchen\/"]}]},{"@type":"ImageObject","inLanguage":"es","@id":"https:\/\/dein-ferienhaus-lapalma.de\/en\/aktivitaeten\/tauchen\/#primaryimage","url":"https:\/\/dein-ferienhaus-lapalma.de\/wp-content\/uploads\/2020\/10\/Aktivitaet-Resize-004.jpg","contentUrl":"https:\/\/dein-ferienhaus-lapalma.de\/wp-content\/uploads\/2020\/10\/Aktivitaet-Resize-004.jpg"},{"@type":"BreadcrumbList","@id":"https:\/\/dein-ferienhaus-lapalma.de\/en\/aktivitaeten\/tauchen\/#breadcrumb","itemListElement":[{"@type":"ListItem","position":1,"name":"Home","item":"https:\/\/dein-ferienhaus-lapalma.de\/"},{"@type":"ListItem","position":2,"name":"Aktivit\u00e4ten","item":"https:\/\/dein-ferienhaus-lapalma.de\/en\/aktivitaeten\/"},{"@type":"ListItem","position":3,"name":"Wassersport"}]},{"@type":"WebSite","@id":"https:\/\/dein-ferienhaus-lapalma.de\/#website","url":"https:\/\/dein-ferienhaus-lapalma.de\/","name":"dein-ferienhaus-lapalma.de","description":"Grandes casas de vacaciones en La Palma","publisher":{"@id":"https:\/\/dein-ferienhaus-lapalma.de\/#organization"},"potentialAction":[{"@type":"SearchAction","target":{"@type":"EntryPoint","urlTemplate":"https:\/\/dein-ferienhaus-lapalma.de\/?s={search_term_string}"},"query-input":{"@type":"PropertyValueSpecification","valueRequired":true,"valueName":"search_term_string"}}],"inLanguage":"es"},{"@type":"Organization","@id":"https:\/\/dein-ferienhaus-lapalma.de\/#organization","name":"Su casa de vacaciones La Palma","url":"https:\/\/dein-ferienhaus-lapalma.de\/","logo":{"@type":"ImageObject","inLanguage":"es","@id":"https:\/\/dein-ferienhaus-lapalma.de\/#\/schema\/logo\/image\/","url":"","contentUrl":"","caption":"Dein Ferienhaus La Palma"},"image":{"@id":"https:\/\/dein-ferienhaus-lapalma.de\/#\/schema\/logo\/image\/"},"sameAs":["https:\/\/www.facebook.com\/Dein-Ferienhaus-LaPalma-100755315590346"]}]}},"_links":{"self":[{"href":"https:\/\/dein-ferienhaus-lapalma.de\/es\/wp-json\/wp\/v2\/pages\/36351","targetHints":{"allow":["GET"]}}],"collection":[{"href":"https:\/\/dein-ferienhaus-lapalma.de\/es\/wp-json\/wp\/v2\/pages"}],"about":[{"href":"https:\/\/dein-ferienhaus-lapalma.de\/es\/wp-json\/wp\/v2\/types\/page"}],"author":[{"embeddable":true,"href":"https:\/\/dein-ferienhaus-lapalma.de\/es\/wp-json\/wp\/v2\/users\/1"}],"replies":[{"embeddable":true,"href":"https:\/\/dein-ferienhaus-lapalma.de\/es\/wp-json\/wp\/v2\/comments?post=36351"}],"version-history":[{"count":0,"href":"https:\/\/dein-ferienhaus-lapalma.de\/es\/wp-json\/wp\/v2\/pages\/36351\/revisions"}],"up":[{"embeddable":true,"href":"https:\/\/dein-ferienhaus-lapalma.de\/es\/wp-json\/wp\/v2\/pages\/36260"}],"wp:attachment":[{"href":"https:\/\/dein-ferienhaus-lapalma.de\/es\/wp-json\/wp\/v2\/media?parent=36351"}],"curies":[{"name":"wp","href":"https:\/\/api.w.org\/{rel}","templated":true}]}}