{"id":36358,"date":"2020-10-23T19:43:02","date_gmt":"2020-10-23T17:43:02","guid":{"rendered":"https:\/\/dein-ferienhaus-lapalma.de\/?page_id=36358"},"modified":"2021-09-11T10:47:36","modified_gmt":"2021-09-11T08:47:36","slug":"paragliding","status":"publish","type":"page","link":"https:\/\/dein-ferienhaus-lapalma.de\/es\/aktivitaeten\/paragliding\/","title":{"rendered":"Parapente"},"content":{"rendered":"<div data-elementor-type=\"wp-page\" data-elementor-id=\"36358\" class=\"elementor elementor-36358\" data-elementor-post-type=\"page\">\n\t\t\t\t\t\t<section class=\"elementor-section elementor-top-section elementor-element elementor-element-3103263 elementor-section-boxed elementor-section-height-default elementor-section-height-default\" data-id=\"3103263\" data-element_type=\"section\">\n\t\t\t\t\t\t<div class=\"elementor-container elementor-column-gap-default\">\n\t\t\t\t\t<div class=\"elementor-column elementor-col-100 elementor-top-column elementor-element elementor-element-7105a1c\" data-id=\"7105a1c\" data-element_type=\"column\">\n\t\t\t<div class=\"elementor-widget-wrap elementor-element-populated\">\n\t\t\t\t\t\t<div class=\"elementor-element elementor-element-ea75eb5 elementor-widget elementor-widget-heading\" data-id=\"ea75eb5\" data-element_type=\"widget\" data-widget_type=\"heading.default\">\n\t\t\t\t<div class=\"elementor-widget-container\">\n\t\t\t<h2 class=\"elementor-heading-title elementor-size-default\">La Palma desde arriba: Parapente<\/h2>\t\t<\/div>\n\t\t\t\t<\/div>\n\t\t\t\t\t<\/div>\n\t\t<\/div>\n\t\t\t\t\t<\/div>\n\t\t<\/section>\n\t\t\t\t<section class=\"elementor-section elementor-top-section elementor-element elementor-element-1bc63f0 elementor-section-boxed elementor-section-height-default elementor-section-height-default\" data-id=\"1bc63f0\" data-element_type=\"section\">\n\t\t\t\t\t\t<div class=\"elementor-container elementor-column-gap-default\">\n\t\t\t\t\t<div class=\"elementor-column elementor-col-50 elementor-top-column elementor-element elementor-element-476c7d6\" data-id=\"476c7d6\" data-element_type=\"column\">\n\t\t\t<div class=\"elementor-widget-wrap elementor-element-populated\">\n\t\t\t\t\t\t<div class=\"elementor-element elementor-element-64d2c07 elementor-widget elementor-widget-text-editor\" data-id=\"64d2c07\" data-element_type=\"widget\" data-widget_type=\"text-editor.default\">\n\t\t\t\t<div class=\"elementor-widget-container\">\n\t\t\t\t\t\t\t<div id=\"comp-kfpqbplc\" class=\"style-kfpr1xoo\" data-is-absolute-layout=\"false\"><div id=\"comp-kfpqbplcinlineContent\" class=\"style-kfpr1xooinlineContent\"><div id=\"comp-kfpqbplcinlineContent-gridWrapper\" data-mesh-internal=\"true\"><div id=\"comp-kfpqbplcinlineContent-gridContainer\" data-mesh-internal=\"true\"><p id=\"comp-kfpqbplcinlineContent-wedge-4\" data-mesh-internal=\"true\">La isla de La Palma a vista de p\u00e1jaro es una de las actividades m\u00e1s populares de la isla debido a su orograf\u00eda. Ofrece varias opciones para el parapente o los vuelos en tandem. Disfruta del cielo de la isla.<\/p><p id=\"comp-kfpqbplcinlineContent-wedge-4\" data-mesh-internal=\"true\">Uno de los lugares privilegiados para este deporte es la zona de Puerto Naos. De hecho, hay un club all\u00ed.<\/p><\/div><\/div><\/div><\/div><div id=\"comp-kfpqbpoe\" class=\"txtNew\" data-packed=\"true\" data-vertical-text=\"false\"><p class=\"font_8\">\u00a0<\/p><\/div>\t\t\t\t\t\t<\/div>\n\t\t\t\t<\/div>\n\t\t\t\t\t<\/div>\n\t\t<\/div>\n\t\t\t\t<div class=\"elementor-column elementor-col-50 elementor-top-column elementor-element elementor-element-7006199\" data-id=\"7006199\" data-element_type=\"column\">\n\t\t\t<div class=\"elementor-widget-wrap elementor-element-populated\">\n\t\t\t\t\t\t<div class=\"elementor-element elementor-element-39a26aa elementor-widget elementor-widget-image\" data-id=\"39a26aa\" data-element_type=\"widget\" data-widget_type=\"image.default\">\n\t\t\t\t<div class=\"elementor-widget-container\">\n\t\t\t\t\t\t\t\t\t\t\t\t\t<img fetchpriority=\"high\" decoding=\"async\" width=\"1024\" height=\"768\" src=\"https:\/\/dein-ferienhaus-lapalma.de\/wp-content\/uploads\/2020\/10\/parachute-paragliding-extreme-sport-sport-68693-1024x768.jpeg\" class=\"attachment-large size-large wp-image-36422\" alt=\"\" srcset=\"https:\/\/dein-ferienhaus-lapalma.de\/wp-content\/uploads\/2020\/10\/parachute-paragliding-extreme-sport-sport-68693-1024x768.jpeg 1024w, https:\/\/dein-ferienhaus-lapalma.de\/wp-content\/uploads\/2020\/10\/parachute-paragliding-extreme-sport-sport-68693-300x225.jpeg 300w, https:\/\/dein-ferienhaus-lapalma.de\/wp-content\/uploads\/2020\/10\/parachute-paragliding-extreme-sport-sport-68693-768x576.jpeg 768w, https:\/\/dein-ferienhaus-lapalma.de\/wp-content\/uploads\/2020\/10\/parachute-paragliding-extreme-sport-sport-68693-1536x1152.jpeg 1536w, https:\/\/dein-ferienhaus-lapalma.de\/wp-content\/uploads\/2020\/10\/parachute-paragliding-extreme-sport-sport-68693-67x50.jpeg 67w, https:\/\/dein-ferienhaus-lapalma.de\/wp-content\/uploads\/2020\/10\/parachute-paragliding-extreme-sport-sport-68693-107x80.jpeg 107w, https:\/\/dein-ferienhaus-lapalma.de\/wp-content\/uploads\/2020\/10\/parachute-paragliding-extreme-sport-sport-68693-394x296.jpeg 394w, https:\/\/dein-ferienhaus-lapalma.de\/wp-content\/uploads\/2020\/10\/parachute-paragliding-extreme-sport-sport-68693-915x686.jpeg 915w, https:\/\/dein-ferienhaus-lapalma.de\/wp-content\/uploads\/2020\/10\/parachute-paragliding-extreme-sport-sport-68693-1240x930.jpeg 1240w, https:\/\/dein-ferienhaus-lapalma.de\/wp-content\/uploads\/2020\/10\/parachute-paragliding-extreme-sport-sport-68693-1440x1080.jpeg 1440w, https:\/\/dein-ferienhaus-lapalma.de\/wp-content\/uploads\/2020\/10\/parachute-paragliding-extreme-sport-sport-68693.jpeg 2000w\" sizes=\"(max-width: 1024px) 100vw, 1024px\" \/>\t\t\t\t\t\t\t\t\t\t\t\t\t<\/div>\n\t\t\t\t<\/div>\n\t\t\t\t\t<\/div>\n\t\t<\/div>\n\t\t\t\t\t<\/div>\n\t\t<\/section>\n\t\t\t\t<\/div>","protected":false},"excerpt":{"rendered":"<p>La Palma desde las alturas: Parapente La isla de La Palma a vista de p\u00e1jaro es una de las actividades m\u00e1s populares de la isla debido a su orograf\u00eda. Ofrece varias opciones de vuelo en parapente o biplaza. Disfrute del cielo de la isla. Una de las ... <a href=\"https:\/\/dein-ferienhaus-lapalma.de\/es\/aktivitaeten\/paragliding\/\">Seguir leyendo<\/a><\/p>","protected":false},"author":1,"featured_media":0,"parent":36260,"menu_order":0,"comment_status":"closed","ping_status":"closed","template":"","meta":{"footnotes":""},"class_list":["post-36358","page","type-page","status-publish","hentry"],"yoast_head":"<!-- This site is optimized with the Yoast SEO Premium plugin v23.3 (Yoast SEO v27.4) - https:\/\/yoast.com\/product\/yoast-seo-premium-wordpress\/ -->\n<title>Paragliden - dein-ferienhaus-lapalma.de<\/title>\n<meta name=\"robots\" content=\"index, follow, max-snippet:-1, max-image-preview:large, max-video-preview:-1\" \/>\n<link rel=\"canonical\" href=\"https:\/\/dein-ferienhaus-lapalma.de\/es\/aktivitaeten\/paragliding\/\" \/>\n<meta property=\"og:locale\" content=\"es_ES\" \/>\n<meta property=\"og:type\" content=\"article\" \/>\n<meta property=\"og:title\" content=\"Paragliden\" \/>\n<meta property=\"og:description\" content=\"La Palma von oben: Gleitschirmfliegen Die Insel La Palma aus der Vogelperspektive ist aufgrund ihrer Orographie eine der beliebtesten Aktivit\u00e4ten auf der\" \/>\n<meta property=\"og:url\" content=\"https:\/\/dein-ferienhaus-lapalma.de\/es\/aktivitaeten\/paragliding\/\" \/>\n<meta property=\"og:site_name\" content=\"dein-ferienhaus-lapalma.de\" \/>\n<meta property=\"article:publisher\" content=\"https:\/\/www.facebook.com\/Dein-Ferienhaus-LaPalma-100755315590346\" \/>\n<meta property=\"article:modified_time\" content=\"2021-09-11T08:47:36+00:00\" \/>\n<meta property=\"og:image\" content=\"https:\/\/dein-ferienhaus-lapalma.de\/wp-content\/uploads\/2020\/10\/parachute-paragliding-extreme-sport-sport-68693-1024x768.jpeg\" \/>\n<meta name=\"twitter:card\" content=\"summary_large_image\" \/>\n<meta name=\"twitter:label1\" content=\"Tiempo de lectura\" \/>\n\t<meta name=\"twitter:data1\" content=\"1 minuto\" \/>\n<script type=\"application\/ld+json\" class=\"yoast-schema-graph\">{\"@context\":\"https:\\\/\\\/schema.org\",\"@graph\":[{\"@type\":\"WebPage\",\"@id\":\"https:\\\/\\\/dein-ferienhaus-lapalma.de\\\/en\\\/aktivitaeten\\\/paragliding\\\/\",\"url\":\"https:\\\/\\\/dein-ferienhaus-lapalma.de\\\/en\\\/aktivitaeten\\\/paragliding\\\/\",\"name\":\"Paragliden - dein-ferienhaus-lapalma.de\",\"isPartOf\":{\"@id\":\"https:\\\/\\\/dein-ferienhaus-lapalma.de\\\/#website\"},\"primaryImageOfPage\":{\"@id\":\"https:\\\/\\\/dein-ferienhaus-lapalma.de\\\/en\\\/aktivitaeten\\\/paragliding\\\/#primaryimage\"},\"image\":{\"@id\":\"https:\\\/\\\/dein-ferienhaus-lapalma.de\\\/en\\\/aktivitaeten\\\/paragliding\\\/#primaryimage\"},\"thumbnailUrl\":\"https:\\\/\\\/dein-ferienhaus-lapalma.de\\\/wp-content\\\/uploads\\\/2020\\\/10\\\/parachute-paragliding-extreme-sport-sport-68693-1024x768.jpeg\",\"datePublished\":\"2020-10-23T17:43:02+00:00\",\"dateModified\":\"2021-09-11T08:47:36+00:00\",\"breadcrumb\":{\"@id\":\"https:\\\/\\\/dein-ferienhaus-lapalma.de\\\/en\\\/aktivitaeten\\\/paragliding\\\/#breadcrumb\"},\"inLanguage\":\"es\",\"potentialAction\":[{\"@type\":\"ReadAction\",\"target\":[\"https:\\\/\\\/dein-ferienhaus-lapalma.de\\\/en\\\/aktivitaeten\\\/paragliding\\\/\"]}]},{\"@type\":\"ImageObject\",\"inLanguage\":\"es\",\"@id\":\"https:\\\/\\\/dein-ferienhaus-lapalma.de\\\/en\\\/aktivitaeten\\\/paragliding\\\/#primaryimage\",\"url\":\"https:\\\/\\\/dein-ferienhaus-lapalma.de\\\/wp-content\\\/uploads\\\/2020\\\/10\\\/parachute-paragliding-extreme-sport-sport-68693-1024x768.jpeg\",\"contentUrl\":\"https:\\\/\\\/dein-ferienhaus-lapalma.de\\\/wp-content\\\/uploads\\\/2020\\\/10\\\/parachute-paragliding-extreme-sport-sport-68693-1024x768.jpeg\"},{\"@type\":\"BreadcrumbList\",\"@id\":\"https:\\\/\\\/dein-ferienhaus-lapalma.de\\\/en\\\/aktivitaeten\\\/paragliding\\\/#breadcrumb\",\"itemListElement\":[{\"@type\":\"ListItem\",\"position\":1,\"name\":\"Home\",\"item\":\"https:\\\/\\\/dein-ferienhaus-lapalma.de\\\/\"},{\"@type\":\"ListItem\",\"position\":2,\"name\":\"Aktivit\u00e4ten\",\"item\":\"https:\\\/\\\/dein-ferienhaus-lapalma.de\\\/en\\\/aktivitaeten\\\/\"},{\"@type\":\"ListItem\",\"position\":3,\"name\":\"Paragliden\"}]},{\"@type\":\"WebSite\",\"@id\":\"https:\\\/\\\/dein-ferienhaus-lapalma.de\\\/#website\",\"url\":\"https:\\\/\\\/dein-ferienhaus-lapalma.de\\\/\",\"name\":\"dein-ferienhaus-lapalma.de\",\"description\":\"Tolle Ferienh\u00e4user auf La Palma\",\"publisher\":{\"@id\":\"https:\\\/\\\/dein-ferienhaus-lapalma.de\\\/#organization\"},\"potentialAction\":[{\"@type\":\"SearchAction\",\"target\":{\"@type\":\"EntryPoint\",\"urlTemplate\":\"https:\\\/\\\/dein-ferienhaus-lapalma.de\\\/?s={search_term_string}\"},\"query-input\":{\"@type\":\"PropertyValueSpecification\",\"valueRequired\":true,\"valueName\":\"search_term_string\"}}],\"inLanguage\":\"es\"},{\"@type\":\"Organization\",\"@id\":\"https:\\\/\\\/dein-ferienhaus-lapalma.de\\\/#organization\",\"name\":\"Dein Ferienhaus La Palma\",\"url\":\"https:\\\/\\\/dein-ferienhaus-lapalma.de\\\/\",\"logo\":{\"@type\":\"ImageObject\",\"inLanguage\":\"es\",\"@id\":\"https:\\\/\\\/dein-ferienhaus-lapalma.de\\\/#\\\/schema\\\/logo\\\/image\\\/\",\"url\":\"\",\"contentUrl\":\"\",\"caption\":\"Dein Ferienhaus La Palma\"},\"image\":{\"@id\":\"https:\\\/\\\/dein-ferienhaus-lapalma.de\\\/#\\\/schema\\\/logo\\\/image\\\/\"},\"sameAs\":[\"https:\\\/\\\/www.facebook.com\\\/Dein-Ferienhaus-LaPalma-100755315590346\"]}]}<\/script>\n<!-- \/ Yoast SEO Premium plugin. -->","yoast_head_json":{"title":"Parapente - your-holiday-home-lapalma.co.uk","robots":{"index":"index","follow":"follow","max-snippet":"max-snippet:-1","max-image-preview":"max-image-preview:large","max-video-preview":"max-video-preview:-1"},"canonical":"https:\/\/dein-ferienhaus-lapalma.de\/es\/aktivitaeten\/paragliding\/","og_locale":"es_ES","og_type":"article","og_title":"Paragliden","og_description":"La Palma von oben: Gleitschirmfliegen Die Insel La Palma aus der Vogelperspektive ist aufgrund ihrer Orographie eine der beliebtesten Aktivit\u00e4ten auf der","og_url":"https:\/\/dein-ferienhaus-lapalma.de\/es\/aktivitaeten\/paragliding\/","og_site_name":"dein-ferienhaus-lapalma.de","article_publisher":"https:\/\/www.facebook.com\/Dein-Ferienhaus-LaPalma-100755315590346","article_modified_time":"2021-09-11T08:47:36+00:00","og_image":[{"url":"https:\/\/dein-ferienhaus-lapalma.de\/wp-content\/uploads\/2020\/10\/parachute-paragliding-extreme-sport-sport-68693-1024x768.jpeg","type":"","width":"","height":""}],"twitter_card":"summary_large_image","twitter_misc":{"Tiempo de lectura":"1 minuto"},"schema":{"@context":"https:\/\/schema.org","@graph":[{"@type":"WebPage","@id":"https:\/\/dein-ferienhaus-lapalma.de\/en\/aktivitaeten\/paragliding\/","url":"https:\/\/dein-ferienhaus-lapalma.de\/en\/aktivitaeten\/paragliding\/","name":"Parapente - your-holiday-home-lapalma.co.uk","isPartOf":{"@id":"https:\/\/dein-ferienhaus-lapalma.de\/#website"},"primaryImageOfPage":{"@id":"https:\/\/dein-ferienhaus-lapalma.de\/en\/aktivitaeten\/paragliding\/#primaryimage"},"image":{"@id":"https:\/\/dein-ferienhaus-lapalma.de\/en\/aktivitaeten\/paragliding\/#primaryimage"},"thumbnailUrl":"https:\/\/dein-ferienhaus-lapalma.de\/wp-content\/uploads\/2020\/10\/parachute-paragliding-extreme-sport-sport-68693-1024x768.jpeg","datePublished":"2020-10-23T17:43:02+00:00","dateModified":"2021-09-11T08:47:36+00:00","breadcrumb":{"@id":"https:\/\/dein-ferienhaus-lapalma.de\/en\/aktivitaeten\/paragliding\/#breadcrumb"},"inLanguage":"es","potentialAction":[{"@type":"ReadAction","target":["https:\/\/dein-ferienhaus-lapalma.de\/en\/aktivitaeten\/paragliding\/"]}]},{"@type":"ImageObject","inLanguage":"es","@id":"https:\/\/dein-ferienhaus-lapalma.de\/en\/aktivitaeten\/paragliding\/#primaryimage","url":"https:\/\/dein-ferienhaus-lapalma.de\/wp-content\/uploads\/2020\/10\/parachute-paragliding-extreme-sport-sport-68693-1024x768.jpeg","contentUrl":"https:\/\/dein-ferienhaus-lapalma.de\/wp-content\/uploads\/2020\/10\/parachute-paragliding-extreme-sport-sport-68693-1024x768.jpeg"},{"@type":"BreadcrumbList","@id":"https:\/\/dein-ferienhaus-lapalma.de\/en\/aktivitaeten\/paragliding\/#breadcrumb","itemListElement":[{"@type":"ListItem","position":1,"name":"Home","item":"https:\/\/dein-ferienhaus-lapalma.de\/"},{"@type":"ListItem","position":2,"name":"Aktivit\u00e4ten","item":"https:\/\/dein-ferienhaus-lapalma.de\/en\/aktivitaeten\/"},{"@type":"ListItem","position":3,"name":"Paragliden"}]},{"@type":"WebSite","@id":"https:\/\/dein-ferienhaus-lapalma.de\/#website","url":"https:\/\/dein-ferienhaus-lapalma.de\/","name":"dein-ferienhaus-lapalma.de","description":"Grandes casas de vacaciones en La Palma","publisher":{"@id":"https:\/\/dein-ferienhaus-lapalma.de\/#organization"},"potentialAction":[{"@type":"SearchAction","target":{"@type":"EntryPoint","urlTemplate":"https:\/\/dein-ferienhaus-lapalma.de\/?s={search_term_string}"},"query-input":{"@type":"PropertyValueSpecification","valueRequired":true,"valueName":"search_term_string"}}],"inLanguage":"es"},{"@type":"Organization","@id":"https:\/\/dein-ferienhaus-lapalma.de\/#organization","name":"Su casa de vacaciones La Palma","url":"https:\/\/dein-ferienhaus-lapalma.de\/","logo":{"@type":"ImageObject","inLanguage":"es","@id":"https:\/\/dein-ferienhaus-lapalma.de\/#\/schema\/logo\/image\/","url":"","contentUrl":"","caption":"Dein Ferienhaus La Palma"},"image":{"@id":"https:\/\/dein-ferienhaus-lapalma.de\/#\/schema\/logo\/image\/"},"sameAs":["https:\/\/www.facebook.com\/Dein-Ferienhaus-LaPalma-100755315590346"]}]}},"_links":{"self":[{"href":"https:\/\/dein-ferienhaus-lapalma.de\/es\/wp-json\/wp\/v2\/pages\/36358","targetHints":{"allow":["GET"]}}],"collection":[{"href":"https:\/\/dein-ferienhaus-lapalma.de\/es\/wp-json\/wp\/v2\/pages"}],"about":[{"href":"https:\/\/dein-ferienhaus-lapalma.de\/es\/wp-json\/wp\/v2\/types\/page"}],"author":[{"embeddable":true,"href":"https:\/\/dein-ferienhaus-lapalma.de\/es\/wp-json\/wp\/v2\/users\/1"}],"replies":[{"embeddable":true,"href":"https:\/\/dein-ferienhaus-lapalma.de\/es\/wp-json\/wp\/v2\/comments?post=36358"}],"version-history":[{"count":0,"href":"https:\/\/dein-ferienhaus-lapalma.de\/es\/wp-json\/wp\/v2\/pages\/36358\/revisions"}],"up":[{"embeddable":true,"href":"https:\/\/dein-ferienhaus-lapalma.de\/es\/wp-json\/wp\/v2\/pages\/36260"}],"wp:attachment":[{"href":"https:\/\/dein-ferienhaus-lapalma.de\/es\/wp-json\/wp\/v2\/media?parent=36358"}],"curies":[{"name":"wp","href":"https:\/\/api.w.org\/{rel}","templated":true}]}}