{"id":37483,"date":"2020-10-29T18:09:07","date_gmt":"2020-10-29T17:09:07","guid":{"rendered":"https:\/\/dein-ferienhaus-lapalma.de\/?page_id=37483"},"modified":"2025-02-11T20:22:33","modified_gmt":"2025-02-11T19:22:33","slug":"agb","status":"publish","type":"page","link":"https:\/\/dein-ferienhaus-lapalma.de\/es\/agb\/","title":{"rendered":"T\u00c9RMINOS Y CONDICIONES GENERALES"},"content":{"rendered":"<div data-elementor-type=\"wp-page\" data-elementor-id=\"37483\" class=\"elementor elementor-37483\" data-elementor-post-type=\"page\">\n\t\t\t\t\t\t<section class=\"elementor-section elementor-top-section elementor-element elementor-element-b773f6c elementor-section-boxed elementor-section-height-default elementor-section-height-default\" data-id=\"b773f6c\" data-element_type=\"section\">\n\t\t\t\t\t\t<div class=\"elementor-container elementor-column-gap-default\">\n\t\t\t\t\t<div class=\"elementor-column elementor-col-100 elementor-top-column elementor-element elementor-element-4290580\" data-id=\"4290580\" data-element_type=\"column\">\n\t\t\t<div class=\"elementor-widget-wrap elementor-element-populated\">\n\t\t\t\t\t\t<div class=\"elementor-element elementor-element-83b4bae elementor-widget elementor-widget-text-editor\" data-id=\"83b4bae\" data-element_type=\"widget\" data-widget_type=\"text-editor.default\">\n\t\t\t\t<div class=\"elementor-widget-container\">\n\t\t\t\t\t\t\t<p>CONDICIONES GENERALES<\/p>\n<p>1. Tipo de contrato y tipo de servicio<\/p>\n<p class=\"translation-block\">1.1 Tipo de contrato<br>El acuerdo de reserva entre el viajero y Dein-Ferienhaus-LaPalma.de es un contrato de intermediaci\u00f3n; los servicios son gestionados o procurados por un tercero.<\/p>\n<p>1.2 Servicio y tipo de servicio<br>El servicio ofrecido por Dein-Ferienhaus-LaPalma.de es el de presentaci\u00f3n e intermediaci\u00f3n. Los inmuebles ofertados son cuidadosamente seleccionados por nosotros y catalogados y descritos seg\u00fan nuestros propios conocimientos. Las fotograf\u00edas son tomadas por nosotros in situ. El servicio de agencia ofrecido por Dein-Ferienhaus-LaPalma.de es un servicio de terceros. El respectivo propietario \/ arrendador de la propiedad de alquiler es responsable del cumplimiento del servicio contractual.<\/p>\n<p>2. Celebraci\u00f3n del contrato<\/p>\n<p>2.1 Reserva<br>Con la reserva, el cliente hace una oferta vinculante para celebrar el contrato. La reserva puede hacerse por escrito, por correo electr\u00f3nico, verbalmente o por tel\u00e9fono. Una vez aceptada la reserva por Dein-Ferienhaus-LaPalma.de, el cliente recibir\u00e1 la confirmaci\u00f3n de la reserva por correo electr\u00f3nico. El cliente se compromete a comprobar inmediatamente la exactitud de la confirmaci\u00f3n de reserva recibida y a informar a la agencia de viajes de cualquier inexactitud. Cualquier discrepancia debe comunicarse inmediatamente. Las inexactitudes o discrepancias comunicadas fuera de plazo no dan derecho al cliente a rescindir el contrato.<\/p>\n<p>2.2 Ocupaci\u00f3n<br>La reserva s\u00f3lo es v\u00e1lida para el n\u00famero de personas indicado en la confirmaci\u00f3n de la reserva. En caso de que la vivienda alquilada sea ocupada por personas adicionales que no figuren en la lista, se cobrar\u00e1 el pago adicional correspondiente. Debe tenerse en cuenta que el objeto respectivo no puede ser ocupado por m\u00e1s personas que el n\u00famero m\u00e1ximo permitido y que las instalaciones s\u00f3lo pueden ser utilizadas para festividades previo acuerdo con Dein-Ferienhaus-LaPalma.de.LaPalma.de para las festividades.<\/p>\n<p>3. Pago<br><span style=\"color: inherit; font-family: inherit; font-size: inherit; font-style: inherit; font-weight: inherit;\">A la recepci\u00f3n de la confirmaci\u00f3n de la reserva se deber\u00e1 abonar un dep\u00f3sito de 15% hasta 50%.<br><\/span><span style=\"color: inherit; font-family: inherit; font-size: inherit; font-style: inherit; font-weight: inherit;\">Al pagar la fianza, usted reconoce estas Condiciones Generales y el contrato de alquiler entre usted y el arrendador pasa a ser jur\u00eddicamente vinculante.&nbsp;<br><\/span><span style=\"color: inherit; font-family: inherit; font-size: inherit; font-style: inherit; font-weight: inherit;\">Por regla general, el importe restante debe abonarse por adelantado 4 semanas antes de la fecha de llegada. Si el plazo al concluir el contrato es de 4 semanas o menos, el importe total es pagadero inmediatamente. Para algunas propiedades, el saldo s\u00f3lo debe pagarse a la llegada. Consulte la confirmaci\u00f3n de la reserva para obtener la informaci\u00f3n pertinente.<\/span><\/p>\n<p>3.1 M\u00e9todo de pago<br>Tenga en cuenta que Dein-Ferienhaus-LaPalma.de no se hace responsable de los gastos bancarios. Al pagar con tarjeta de cr\u00e9dito (Visa, American Express y MasterCard) Dein-Ferienhaus-LaPalma.de cobra una comisi\u00f3n de 1,5% del importe a pagar. (Si el pago no se realiza en los plazos especificados en la confirmaci\u00f3n de la reserva, Dein-Ferienhaus-LaPalma.de se reserva el derecho, en nombre del propietario, de cancelar la reserva y cobrar una tasa de acuerdo con la pol\u00edtica de cancelaci\u00f3n.<\/p>\n<p>3.2 Certificado de garant\u00eda<br>Dein-Ferienhaus-LaPalma.de es una agencia espa\u00f1ola. En Espa\u00f1a no existe certificado de seguridad.<\/p>\n<p>4. Responsabilidad y reclamaciones<\/p>\n<p>4.1 Responsabilidad<br>Dein-Ferienhaus-LaPalma.de se responsabiliza como agente de viajes en el \u00e1mbito de la diligencia debida de la selecci\u00f3n y descripci\u00f3n concienzuda de los inmuebles de alquiler seg\u00fan sus propios conocimientos y la informaci\u00f3n proporcionada por el socio de cooperaci\u00f3n. En caso de que el socio de cooperaci\u00f3n (propietario\/gerente) no informe a Dein-Ferienhaus-LaPalma.de de los cambios posteriores o proporcione informaci\u00f3n incorrecta, la obligaci\u00f3n recae en el socio de cooperaci\u00f3n. Dein-Ferienhaus-LaPalma.de no asegura ni garantiza la exactitud e integridad de la informaci\u00f3n sobre los servicios de viaje.<\/p>\n<p>4.2 Deber de cooperaci\u00f3n<br>Se ruega al inquilino que comunique los defectos de la casa o del mobiliario inmediatamente despu\u00e9s de descubrirlos o en un plazo de 24 horas en Dein-Ferienhaus-LaPalma.de, para que puedan ser reparados inmediatamente. Las reclamaciones posteriores no pueden ser tenidas en cuenta. El inquilino est\u00e1 obligado a tratar la casa y las instalaciones con cuidado, a informar de cualquier da\u00f1o causado por \u00e9l a la propiedad de alquiler al propietario \/ gerente en el sitio y a asumir el costo de la reparaci\u00f3n o sustituci\u00f3n.<\/p>\n<p>5. Retirada y cambio de reserva<\/p>\n<p>5.1 Retirada \/ Anulaci\u00f3n<br>En caso de anulaci\u00f3n del contrato, se aplicar\u00e1n los siguientes gastos de anulaci\u00f3n de aplicaci\u00f3n general, salvo acuerdo en contrario de los arrendadores*: <br>desde la celebraci\u00f3n del contrato y hasta 45 d\u00edas antes del inicio del viaje, los gastos de cancelaci\u00f3n corresponden al importe del dep\u00f3sito abonado, <br>de 44 a 33 d\u00edas antes del inicio de las vacaciones: 40% del precio de las vacaciones excl. limpieza final, <br>de 32 a 23 d\u00edas antes del inicio de las vacaciones: 50% del precio de las vacaciones excl. limpieza final, <br>de 22 a 8 d\u00edas antes del inicio de las vacaciones: 60% del precio de las vacaciones excl. limpieza final, <br>de 7 d\u00edas a 1 d\u00eda antes de la salida: 80% del precio del viaje excl. limpieza final <br>y en caso de no presentarse el d\u00eda de llegada: 100% del precio del viaje, excluida la limpieza final. <br>La anulaci\u00f3n debe hacerse por escrito; la fecha de recepci\u00f3n es determinante. El cliente tiene la posibilidad de demostrar que se ha producido un da\u00f1o menor o que no se ha producido da\u00f1o alguno. Se cobrar\u00e1 una tasa de tramitaci\u00f3n adicional de 50,- euros por cada cancelaci\u00f3n. Le recomendamos que contrate un seguro de anulaci\u00f3n de viaje. Los contratos de alquiler con condiciones de \u00faltima hora o precios especiales no pueden anularse.<\/p>\n<p>* No obstante, lo se\u00f1alaremos por separado en la p\u00e1gina de la propiedad<\/p>\n<p>5.2 Reembolsos<br>El arrendatario puede renunciar a la reserva antes del inicio del viaje si proporciona un sustituto que se haga cargo del contrato en las mismas condiciones. El objeto de alquiler s\u00f3lo puede cambiarse mediante la renuncia a las condiciones descritas anteriormente y un nuevo registro. La duraci\u00f3n del viaje y las fechas pueden modificarse en funci\u00f3n de la disponibilidad, teniendo en cuenta las condiciones de cancelaci\u00f3n. Los contratos de alquiler con condiciones de \u00faltima hora o con precios especiales no se pueden volver a reservar. Por cada cambio de reserva o de contrato se cobrar\u00e1 una tasa de tramitaci\u00f3n adicional de 50,- euros.<\/p>\n<p>6. Protecci\u00f3n de datos<br>Los datos personales facilitados para la tramitaci\u00f3n del contrato de viaje est\u00e1n protegidos contra el uso indebido de acuerdo con las disposiciones de la ley de protecci\u00f3n de datos. Puede encontrar m\u00e1s detalles al respecto en nuestra declaraci\u00f3n de protecci\u00f3n de datos.<\/p>\n<p class=\"translation-block\">7. Lugar de cumplimiento y jurisdicci\u00f3n<br>Las reclamaciones por da\u00f1os y perjuicios deber\u00e1n dirigirse directamente a la parte contratante correspondiente (propietario de la vivienda, arrendador). El lugar de cumplimiento y jurisdicci\u00f3n es Espa\u00f1a, de conformidad con la normativa de la UE.\u00a0\u00a0\u00a0\u00a0\u00a0\u00a0<\/p>\t\t\t\t\t\t<\/div>\n\t\t\t\t<\/div>\n\t\t\t\t\t<\/div>\n\t\t<\/div>\n\t\t\t\t\t<\/div>\n\t\t<\/section>\n\t\t\t\t<\/div>","protected":false},"excerpt":{"rendered":"<p>CONDICIONES GENERALES 1. Tipo de contrato y tipo de servicio 1.1 Tipo de contratoEl contrato de reserva entre el viajero y Dein-Ferienhaus-LaPalma.de es un contrato de agencia de viajes, se organizan o contratan servicios de un tercero. 1.2 Servicio y tipo de servicioEl servicio ofrecido por Dein-Ferienhaus-LaPalma.de es el de ... <a href=\"https:\/\/dein-ferienhaus-lapalma.de\/es\/agb\/\">Seguir leyendo<\/a><\/p>","protected":false},"author":1,"featured_media":0,"parent":0,"menu_order":0,"comment_status":"closed","ping_status":"closed","template":"","meta":{"footnotes":""},"class_list":["post-37483","page","type-page","status-publish","hentry"],"yoast_head":"<!-- This site is optimized with the Yoast SEO Premium plugin v23.3 (Yoast SEO v27.3) - https:\/\/yoast.com\/product\/yoast-seo-premium-wordpress\/ -->\n<title>AGB - dein-ferienhaus-lapalma.de<\/title>\n<meta name=\"robots\" content=\"index, follow, max-snippet:-1, max-image-preview:large, max-video-preview:-1\" \/>\n<link rel=\"canonical\" href=\"https:\/\/dein-ferienhaus-lapalma.de\/es\/agb\/\" \/>\n<meta property=\"og:locale\" content=\"es_ES\" \/>\n<meta property=\"og:type\" content=\"article\" \/>\n<meta property=\"og:title\" content=\"AGB\" \/>\n<meta property=\"og:description\" content=\"ALLGEMEINE GESCH\u00c4FTSBEDINGUNGEN 1. Vertragsart und Leistungsart 1.1 VertragsartBei der Buchungsvereinbarung zwischen dem Reisenden und\" \/>\n<meta property=\"og:url\" content=\"https:\/\/dein-ferienhaus-lapalma.de\/es\/agb\/\" \/>\n<meta property=\"og:site_name\" content=\"dein-ferienhaus-lapalma.de\" \/>\n<meta property=\"article:publisher\" content=\"https:\/\/www.facebook.com\/Dein-Ferienhaus-LaPalma-100755315590346\" \/>\n<meta property=\"article:modified_time\" content=\"2025-02-11T19:22:33+00:00\" \/>\n<meta property=\"og:image\" content=\"https:\/\/dein-ferienhaus-lapalma.de\/wp-content\/uploads\/2020\/12\/Logo-Bild-neu-Final-1200x793-1.png\" \/>\n\t<meta property=\"og:image:width\" content=\"1200\" \/>\n\t<meta property=\"og:image:height\" content=\"793\" \/>\n\t<meta property=\"og:image:type\" content=\"image\/png\" \/>\n<meta name=\"twitter:card\" content=\"summary_large_image\" \/>\n<meta name=\"twitter:label1\" content=\"Tiempo de lectura\" \/>\n\t<meta name=\"twitter:data1\" content=\"5 minutos\" \/>\n<script type=\"application\/ld+json\" class=\"yoast-schema-graph\">{\"@context\":\"https:\\\/\\\/schema.org\",\"@graph\":[{\"@type\":\"WebPage\",\"@id\":\"https:\\\/\\\/dein-ferienhaus-lapalma.de\\\/agb\\\/\",\"url\":\"https:\\\/\\\/dein-ferienhaus-lapalma.de\\\/agb\\\/\",\"name\":\"AGB - dein-ferienhaus-lapalma.de\",\"isPartOf\":{\"@id\":\"https:\\\/\\\/dein-ferienhaus-lapalma.de\\\/#website\"},\"datePublished\":\"2020-10-29T17:09:07+00:00\",\"dateModified\":\"2025-02-11T19:22:33+00:00\",\"breadcrumb\":{\"@id\":\"https:\\\/\\\/dein-ferienhaus-lapalma.de\\\/agb\\\/#breadcrumb\"},\"inLanguage\":\"es\",\"potentialAction\":[{\"@type\":\"ReadAction\",\"target\":[\"https:\\\/\\\/dein-ferienhaus-lapalma.de\\\/agb\\\/\"]}]},{\"@type\":\"BreadcrumbList\",\"@id\":\"https:\\\/\\\/dein-ferienhaus-lapalma.de\\\/agb\\\/#breadcrumb\",\"itemListElement\":[{\"@type\":\"ListItem\",\"position\":1,\"name\":\"Home\",\"item\":\"https:\\\/\\\/dein-ferienhaus-lapalma.de\\\/\"},{\"@type\":\"ListItem\",\"position\":2,\"name\":\"AGB\"}]},{\"@type\":\"WebSite\",\"@id\":\"https:\\\/\\\/dein-ferienhaus-lapalma.de\\\/#website\",\"url\":\"https:\\\/\\\/dein-ferienhaus-lapalma.de\\\/\",\"name\":\"dein-ferienhaus-lapalma.de\",\"description\":\"Tolle Ferienh\u00e4user auf La Palma\",\"publisher\":{\"@id\":\"https:\\\/\\\/dein-ferienhaus-lapalma.de\\\/#organization\"},\"potentialAction\":[{\"@type\":\"SearchAction\",\"target\":{\"@type\":\"EntryPoint\",\"urlTemplate\":\"https:\\\/\\\/dein-ferienhaus-lapalma.de\\\/?s={search_term_string}\"},\"query-input\":{\"@type\":\"PropertyValueSpecification\",\"valueRequired\":true,\"valueName\":\"search_term_string\"}}],\"inLanguage\":\"es\"},{\"@type\":\"Organization\",\"@id\":\"https:\\\/\\\/dein-ferienhaus-lapalma.de\\\/#organization\",\"name\":\"Dein Ferienhaus La Palma\",\"url\":\"https:\\\/\\\/dein-ferienhaus-lapalma.de\\\/\",\"logo\":{\"@type\":\"ImageObject\",\"inLanguage\":\"es\",\"@id\":\"https:\\\/\\\/dein-ferienhaus-lapalma.de\\\/#\\\/schema\\\/logo\\\/image\\\/\",\"url\":\"\",\"contentUrl\":\"\",\"caption\":\"Dein Ferienhaus La Palma\"},\"image\":{\"@id\":\"https:\\\/\\\/dein-ferienhaus-lapalma.de\\\/#\\\/schema\\\/logo\\\/image\\\/\"},\"sameAs\":[\"https:\\\/\\\/www.facebook.com\\\/Dein-Ferienhaus-LaPalma-100755315590346\"]}]}<\/script>\n<!-- \/ Yoast SEO Premium plugin. -->","yoast_head_json":{"title":"AGB - tu-casa-de-vacaciones-lapalma.de","robots":{"index":"index","follow":"follow","max-snippet":"max-snippet:-1","max-image-preview":"max-image-preview:large","max-video-preview":"max-video-preview:-1"},"canonical":"https:\/\/dein-ferienhaus-lapalma.de\/es\/agb\/","og_locale":"es_ES","og_type":"article","og_title":"AGB","og_description":"ALLGEMEINE GESCH\u00c4FTSBEDINGUNGEN 1. Vertragsart und Leistungsart 1.1 VertragsartBei der Buchungsvereinbarung zwischen dem Reisenden und","og_url":"https:\/\/dein-ferienhaus-lapalma.de\/es\/agb\/","og_site_name":"dein-ferienhaus-lapalma.de","article_publisher":"https:\/\/www.facebook.com\/Dein-Ferienhaus-LaPalma-100755315590346","article_modified_time":"2025-02-11T19:22:33+00:00","og_image":[{"width":1200,"height":793,"url":"https:\/\/dein-ferienhaus-lapalma.de\/wp-content\/uploads\/2020\/12\/Logo-Bild-neu-Final-1200x793-1.png","type":"image\/png"}],"twitter_card":"summary_large_image","twitter_misc":{"Tiempo de lectura":"5 minutos"},"schema":{"@context":"https:\/\/schema.org","@graph":[{"@type":"WebPage","@id":"https:\/\/dein-ferienhaus-lapalma.de\/agb\/","url":"https:\/\/dein-ferienhaus-lapalma.de\/agb\/","name":"AGB - tu-casa-de-vacaciones-lapalma.de","isPartOf":{"@id":"https:\/\/dein-ferienhaus-lapalma.de\/#website"},"datePublished":"2020-10-29T17:09:07+00:00","dateModified":"2025-02-11T19:22:33+00:00","breadcrumb":{"@id":"https:\/\/dein-ferienhaus-lapalma.de\/agb\/#breadcrumb"},"inLanguage":"es","potentialAction":[{"@type":"ReadAction","target":["https:\/\/dein-ferienhaus-lapalma.de\/agb\/"]}]},{"@type":"BreadcrumbList","@id":"https:\/\/dein-ferienhaus-lapalma.de\/agb\/#breadcrumb","itemListElement":[{"@type":"ListItem","position":1,"name":"Home","item":"https:\/\/dein-ferienhaus-lapalma.de\/"},{"@type":"ListItem","position":2,"name":"AGB"}]},{"@type":"WebSite","@id":"https:\/\/dein-ferienhaus-lapalma.de\/#website","url":"https:\/\/dein-ferienhaus-lapalma.de\/","name":"dein-ferienhaus-lapalma.de","description":"Grandes casas de vacaciones en La Palma","publisher":{"@id":"https:\/\/dein-ferienhaus-lapalma.de\/#organization"},"potentialAction":[{"@type":"SearchAction","target":{"@type":"EntryPoint","urlTemplate":"https:\/\/dein-ferienhaus-lapalma.de\/?s={search_term_string}"},"query-input":{"@type":"PropertyValueSpecification","valueRequired":true,"valueName":"search_term_string"}}],"inLanguage":"es"},{"@type":"Organization","@id":"https:\/\/dein-ferienhaus-lapalma.de\/#organization","name":"Su casa de vacaciones La Palma","url":"https:\/\/dein-ferienhaus-lapalma.de\/","logo":{"@type":"ImageObject","inLanguage":"es","@id":"https:\/\/dein-ferienhaus-lapalma.de\/#\/schema\/logo\/image\/","url":"","contentUrl":"","caption":"Dein Ferienhaus La Palma"},"image":{"@id":"https:\/\/dein-ferienhaus-lapalma.de\/#\/schema\/logo\/image\/"},"sameAs":["https:\/\/www.facebook.com\/Dein-Ferienhaus-LaPalma-100755315590346"]}]}},"_links":{"self":[{"href":"https:\/\/dein-ferienhaus-lapalma.de\/es\/wp-json\/wp\/v2\/pages\/37483","targetHints":{"allow":["GET"]}}],"collection":[{"href":"https:\/\/dein-ferienhaus-lapalma.de\/es\/wp-json\/wp\/v2\/pages"}],"about":[{"href":"https:\/\/dein-ferienhaus-lapalma.de\/es\/wp-json\/wp\/v2\/types\/page"}],"author":[{"embeddable":true,"href":"https:\/\/dein-ferienhaus-lapalma.de\/es\/wp-json\/wp\/v2\/users\/1"}],"replies":[{"embeddable":true,"href":"https:\/\/dein-ferienhaus-lapalma.de\/es\/wp-json\/wp\/v2\/comments?post=37483"}],"version-history":[{"count":6,"href":"https:\/\/dein-ferienhaus-lapalma.de\/es\/wp-json\/wp\/v2\/pages\/37483\/revisions"}],"predecessor-version":[{"id":270977,"href":"https:\/\/dein-ferienhaus-lapalma.de\/es\/wp-json\/wp\/v2\/pages\/37483\/revisions\/270977"}],"wp:attachment":[{"href":"https:\/\/dein-ferienhaus-lapalma.de\/es\/wp-json\/wp\/v2\/media?parent=37483"}],"curies":[{"name":"wp","href":"https:\/\/api.w.org\/{rel}","templated":true}]}}