{"id":38363,"date":"2020-11-07T21:17:10","date_gmt":"2020-11-07T20:17:10","guid":{"rendered":"https:\/\/dein-ferienhaus-lapalma.de\/?page_id=38363"},"modified":"2020-11-13T00:52:07","modified_gmt":"2020-11-12T23:52:07","slug":"sternenhimmel","status":"publish","type":"page","link":"https:\/\/dein-ferienhaus-lapalma.de\/es\/aktivitaeten\/sternenhimmel\/","title":{"rendered":"Cielo Nocturno"},"content":{"rendered":"<div data-elementor-type=\"wp-page\" data-elementor-id=\"38363\" class=\"elementor elementor-38363\" data-elementor-post-type=\"page\">\n\t\t\t\t\t\t<section class=\"elementor-section elementor-top-section elementor-element elementor-element-b6ffc23 elementor-section-boxed elementor-section-height-default elementor-section-height-default\" data-id=\"b6ffc23\" data-element_type=\"section\">\n\t\t\t\t\t\t<div class=\"elementor-container elementor-column-gap-default\">\n\t\t\t\t\t<div class=\"elementor-column elementor-col-100 elementor-top-column elementor-element elementor-element-aa5e734\" data-id=\"aa5e734\" data-element_type=\"column\">\n\t\t\t<div class=\"elementor-widget-wrap elementor-element-populated\">\n\t\t\t\t\t\t<div class=\"elementor-element elementor-element-0253c03 elementor-widget elementor-widget-heading\" data-id=\"0253c03\" data-element_type=\"widget\" data-widget_type=\"heading.default\">\n\t\t\t\t<div class=\"elementor-widget-container\">\n\t\t\t<h2 class=\"elementor-heading-title elementor-size-default\">Cielo Nocturno<\/h2>\t\t<\/div>\n\t\t\t\t<\/div>\n\t\t\t\t\t<\/div>\n\t\t<\/div>\n\t\t\t\t\t<\/div>\n\t\t<\/section>\n\t\t\t\t<section class=\"elementor-section elementor-top-section elementor-element elementor-element-22133b1 elementor-section-boxed elementor-section-height-default elementor-section-height-default\" data-id=\"22133b1\" data-element_type=\"section\">\n\t\t\t\t\t\t<div class=\"elementor-container elementor-column-gap-default\">\n\t\t\t\t\t<div class=\"elementor-column elementor-col-100 elementor-top-column elementor-element elementor-element-98bc6f7\" data-id=\"98bc6f7\" data-element_type=\"column\">\n\t\t\t<div class=\"elementor-widget-wrap elementor-element-populated\">\n\t\t\t\t\t\t<div class=\"elementor-element elementor-element-8a1be55 elementor-widget elementor-widget-image\" data-id=\"8a1be55\" data-element_type=\"widget\" data-widget_type=\"image.default\">\n\t\t\t\t<div class=\"elementor-widget-container\">\n\t\t\t\t\t\t\t\t\t\t\t\t\t<img fetchpriority=\"high\" decoding=\"async\" width=\"1024\" height=\"606\" src=\"https:\/\/dein-ferienhaus-lapalma.de\/wp-content\/uploads\/2020\/11\/iac-completo-1024x606.jpg\" class=\"attachment-large size-large wp-image-41003\" alt=\"\" srcset=\"https:\/\/dein-ferienhaus-lapalma.de\/wp-content\/uploads\/2020\/11\/iac-completo-1024x606.jpg 1024w, https:\/\/dein-ferienhaus-lapalma.de\/wp-content\/uploads\/2020\/11\/iac-completo-300x178.jpg 300w, https:\/\/dein-ferienhaus-lapalma.de\/wp-content\/uploads\/2020\/11\/iac-completo-768x455.jpg 768w, https:\/\/dein-ferienhaus-lapalma.de\/wp-content\/uploads\/2020\/11\/iac-completo-73x43.jpg 73w, https:\/\/dein-ferienhaus-lapalma.de\/wp-content\/uploads\/2020\/11\/iac-completo-135x80.jpg 135w, https:\/\/dein-ferienhaus-lapalma.de\/wp-content\/uploads\/2020\/11\/iac-completo-394x233.jpg 394w, https:\/\/dein-ferienhaus-lapalma.de\/wp-content\/uploads\/2020\/11\/iac-completo-915x542.jpg 915w, https:\/\/dein-ferienhaus-lapalma.de\/wp-content\/uploads\/2020\/11\/iac-completo-1240x734.jpg 1240w, https:\/\/dein-ferienhaus-lapalma.de\/wp-content\/uploads\/2020\/11\/iac-completo.jpg 1200w\" sizes=\"(max-width: 1024px) 100vw, 1024px\" \/>\t\t\t\t\t\t\t\t\t\t\t\t\t<\/div>\n\t\t\t\t<\/div>\n\t\t\t\t\t<\/div>\n\t\t<\/div>\n\t\t\t\t\t<\/div>\n\t\t<\/section>\n\t\t\t\t<section class=\"elementor-section elementor-top-section elementor-element elementor-element-38af51c elementor-section-boxed elementor-section-height-default elementor-section-height-default\" data-id=\"38af51c\" data-element_type=\"section\">\n\t\t\t\t\t\t<div class=\"elementor-container elementor-column-gap-default\">\n\t\t\t\t\t<div class=\"elementor-column elementor-col-100 elementor-top-column elementor-element elementor-element-2e3c18a\" data-id=\"2e3c18a\" data-element_type=\"column\">\n\t\t\t<div class=\"elementor-widget-wrap elementor-element-populated\">\n\t\t\t\t\t\t<div class=\"elementor-element elementor-element-898d2d3 elementor-widget elementor-widget-text-editor\" data-id=\"898d2d3\" data-element_type=\"widget\" data-widget_type=\"text-editor.default\">\n\t\t\t\t<div class=\"elementor-widget-container\">\n\t\t\t\t\t\t\t<p>La isla de <a href=\"https:\/\/dein-ferienhaus-lapalma.de\/es\/la-palma\/\">La Palma<\/a> es uno de los mejores lugares del mundo para observar las estrellas, entre otros lugares, por la calidad de su aire y su separaci\u00f3n del continente. Es un para\u00edso tanto para los astrof\u00edsicos profesionales como para los aficionados. <br \/>Una de sus caracter\u00edsticas especiales es el claro firmamento del cielo, que lo convierte en uno de los lugares m\u00e1s adecuados para las observaciones astrof\u00edsicas, es decir, para los observadores de estrellas, debido a su posici\u00f3n de isla aislada y a la calidad del aire. Tambi\u00e9n est\u00e1 protegido por la ley de contaminaci\u00f3n lum\u00ednica. Entre otras cosas, la isla alberga el mayor telescopio \u00f3ptico del mundo, el Grantecan, y hay proyectos para instalar uno de los m\u00e1s grandes. Una visita y un paseo guiado por los telescopios es algo que recomendamos a todo vacacionista. Cient\u00edficos de todo el mundo se re\u00fanen en el observatorio para observar las estrellas, medir los rayos gamma o probar teor\u00edas de la f\u00edsica cu\u00e1ntica.<\/p><p>Esto ha llevado a muchos propietarios de casas de vacaciones a instalar telescopios en sus casas de vacaciones La Palma <a href=\"https:\/\/dein-ferienhaus-lapalma.de\/es\/unterkuenfte\/besondere-ausstattung\/\">para sus invitados<\/a> para establecer. Por lo tanto, hemos creado una categor\u00eda separada para usted.<\/p><p><a href=\"http:\/\/grantecan.es\/\">Aqu\u00ed puedes disfrutar de la conexi\u00f3n en vivo de GRANTECAN\u00a0<\/a><\/p><p>Tambi\u00e9n puede participar en las actividades organizadas <a href=\"https:\/\/lapalmastars.com\/de\/\">Tours<\/a> para la observaci\u00f3n astrof\u00edsica.<\/p>\t\t\t\t\t\t<\/div>\n\t\t\t\t<\/div>\n\t\t\t\t\t<\/div>\n\t\t<\/div>\n\t\t\t\t\t<\/div>\n\t\t<\/section>\n\t\t\t\t<\/div>","protected":false},"excerpt":{"rendered":"<p>Cielos estrellados La isla de La Palma es uno de los mejores lugares del mundo para observar las estrellas, entre otros muchos, por la calidad de su aire y su separaci\u00f3n del continente. Es un para\u00edso tanto para profesionales ... <a href=\"https:\/\/dein-ferienhaus-lapalma.de\/es\/aktivitaeten\/sternenhimmel\/\">Seguir leyendo<\/a><\/p>","protected":false},"author":2,"featured_media":0,"parent":36260,"menu_order":0,"comment_status":"closed","ping_status":"closed","template":"","meta":{"footnotes":""},"class_list":["post-38363","page","type-page","status-publish","hentry"],"yoast_head":"<!-- This site is optimized with the Yoast SEO Premium plugin v23.3 (Yoast SEO v27.3) - https:\/\/yoast.com\/product\/yoast-seo-premium-wordpress\/ -->\n<title>Sternenhimmel - dein-ferienhaus-lapalma.de<\/title>\n<meta name=\"robots\" content=\"index, follow, max-snippet:-1, max-image-preview:large, max-video-preview:-1\" \/>\n<link rel=\"canonical\" href=\"https:\/\/dein-ferienhaus-lapalma.de\/es\/aktivitaeten\/sternenhimmel\/\" \/>\n<meta property=\"og:locale\" content=\"es_ES\" \/>\n<meta property=\"og:type\" content=\"article\" \/>\n<meta property=\"og:title\" content=\"Sternenhimmel\" \/>\n<meta property=\"og:description\" content=\"Sternenhimmel Die Insel vom La Palma ist neben einigen anderen Orten auf der Welt einer der besten Orte, um die Sterne zu beobachten, wegen der Qualit\u00e4t\" \/>\n<meta property=\"og:url\" content=\"https:\/\/dein-ferienhaus-lapalma.de\/es\/aktivitaeten\/sternenhimmel\/\" \/>\n<meta property=\"og:site_name\" content=\"dein-ferienhaus-lapalma.de\" \/>\n<meta property=\"article:publisher\" content=\"https:\/\/www.facebook.com\/Dein-Ferienhaus-LaPalma-100755315590346\" \/>\n<meta property=\"article:modified_time\" content=\"2020-11-12T23:52:07+00:00\" \/>\n<meta property=\"og:image\" content=\"https:\/\/dein-ferienhaus-lapalma.de\/wp-content\/uploads\/2020\/11\/iac-completo-1024x606.jpg\" \/>\n<meta name=\"twitter:card\" content=\"summary_large_image\" \/>\n<meta name=\"twitter:label1\" content=\"Tiempo de lectura\" \/>\n\t<meta name=\"twitter:data1\" content=\"1 minuto\" \/>\n<script type=\"application\/ld+json\" class=\"yoast-schema-graph\">{\"@context\":\"https:\\\/\\\/schema.org\",\"@graph\":[{\"@type\":\"WebPage\",\"@id\":\"https:\\\/\\\/dein-ferienhaus-lapalma.de\\\/en\\\/aktivitaeten\\\/sternenhimmel\\\/\",\"url\":\"https:\\\/\\\/dein-ferienhaus-lapalma.de\\\/en\\\/aktivitaeten\\\/sternenhimmel\\\/\",\"name\":\"Sternenhimmel - dein-ferienhaus-lapalma.de\",\"isPartOf\":{\"@id\":\"https:\\\/\\\/dein-ferienhaus-lapalma.de\\\/#website\"},\"primaryImageOfPage\":{\"@id\":\"https:\\\/\\\/dein-ferienhaus-lapalma.de\\\/en\\\/aktivitaeten\\\/sternenhimmel\\\/#primaryimage\"},\"image\":{\"@id\":\"https:\\\/\\\/dein-ferienhaus-lapalma.de\\\/en\\\/aktivitaeten\\\/sternenhimmel\\\/#primaryimage\"},\"thumbnailUrl\":\"https:\\\/\\\/dein-ferienhaus-lapalma.de\\\/wp-content\\\/uploads\\\/2020\\\/11\\\/iac-completo-1024x606.jpg\",\"datePublished\":\"2020-11-07T20:17:10+00:00\",\"dateModified\":\"2020-11-12T23:52:07+00:00\",\"breadcrumb\":{\"@id\":\"https:\\\/\\\/dein-ferienhaus-lapalma.de\\\/en\\\/aktivitaeten\\\/sternenhimmel\\\/#breadcrumb\"},\"inLanguage\":\"es\",\"potentialAction\":[{\"@type\":\"ReadAction\",\"target\":[\"https:\\\/\\\/dein-ferienhaus-lapalma.de\\\/en\\\/aktivitaeten\\\/sternenhimmel\\\/\"]}]},{\"@type\":\"ImageObject\",\"inLanguage\":\"es\",\"@id\":\"https:\\\/\\\/dein-ferienhaus-lapalma.de\\\/en\\\/aktivitaeten\\\/sternenhimmel\\\/#primaryimage\",\"url\":\"https:\\\/\\\/dein-ferienhaus-lapalma.de\\\/wp-content\\\/uploads\\\/2020\\\/11\\\/iac-completo-1024x606.jpg\",\"contentUrl\":\"https:\\\/\\\/dein-ferienhaus-lapalma.de\\\/wp-content\\\/uploads\\\/2020\\\/11\\\/iac-completo-1024x606.jpg\"},{\"@type\":\"BreadcrumbList\",\"@id\":\"https:\\\/\\\/dein-ferienhaus-lapalma.de\\\/en\\\/aktivitaeten\\\/sternenhimmel\\\/#breadcrumb\",\"itemListElement\":[{\"@type\":\"ListItem\",\"position\":1,\"name\":\"Home\",\"item\":\"https:\\\/\\\/dein-ferienhaus-lapalma.de\\\/\"},{\"@type\":\"ListItem\",\"position\":2,\"name\":\"Aktivit\u00e4ten\",\"item\":\"https:\\\/\\\/dein-ferienhaus-lapalma.de\\\/en\\\/aktivitaeten\\\/\"},{\"@type\":\"ListItem\",\"position\":3,\"name\":\"Sternenhimmel\"}]},{\"@type\":\"WebSite\",\"@id\":\"https:\\\/\\\/dein-ferienhaus-lapalma.de\\\/#website\",\"url\":\"https:\\\/\\\/dein-ferienhaus-lapalma.de\\\/\",\"name\":\"dein-ferienhaus-lapalma.de\",\"description\":\"Tolle Ferienh\u00e4user auf La Palma\",\"publisher\":{\"@id\":\"https:\\\/\\\/dein-ferienhaus-lapalma.de\\\/#organization\"},\"potentialAction\":[{\"@type\":\"SearchAction\",\"target\":{\"@type\":\"EntryPoint\",\"urlTemplate\":\"https:\\\/\\\/dein-ferienhaus-lapalma.de\\\/?s={search_term_string}\"},\"query-input\":{\"@type\":\"PropertyValueSpecification\",\"valueRequired\":true,\"valueName\":\"search_term_string\"}}],\"inLanguage\":\"es\"},{\"@type\":\"Organization\",\"@id\":\"https:\\\/\\\/dein-ferienhaus-lapalma.de\\\/#organization\",\"name\":\"Dein Ferienhaus La Palma\",\"url\":\"https:\\\/\\\/dein-ferienhaus-lapalma.de\\\/\",\"logo\":{\"@type\":\"ImageObject\",\"inLanguage\":\"es\",\"@id\":\"https:\\\/\\\/dein-ferienhaus-lapalma.de\\\/#\\\/schema\\\/logo\\\/image\\\/\",\"url\":\"\",\"contentUrl\":\"\",\"caption\":\"Dein Ferienhaus La Palma\"},\"image\":{\"@id\":\"https:\\\/\\\/dein-ferienhaus-lapalma.de\\\/#\\\/schema\\\/logo\\\/image\\\/\"},\"sameAs\":[\"https:\\\/\\\/www.facebook.com\\\/Dein-Ferienhaus-LaPalma-100755315590346\"]}]}<\/script>\n<!-- \/ Yoast SEO Premium plugin. -->","yoast_head_json":{"title":"Cielo estrellado - your-holiday-house-lapalma.com","robots":{"index":"index","follow":"follow","max-snippet":"max-snippet:-1","max-image-preview":"max-image-preview:large","max-video-preview":"max-video-preview:-1"},"canonical":"https:\/\/dein-ferienhaus-lapalma.de\/es\/aktivitaeten\/sternenhimmel\/","og_locale":"es_ES","og_type":"article","og_title":"Sternenhimmel","og_description":"Sternenhimmel Die Insel vom La Palma ist neben einigen anderen Orten auf der Welt einer der besten Orte, um die Sterne zu beobachten, wegen der Qualit\u00e4t","og_url":"https:\/\/dein-ferienhaus-lapalma.de\/es\/aktivitaeten\/sternenhimmel\/","og_site_name":"dein-ferienhaus-lapalma.de","article_publisher":"https:\/\/www.facebook.com\/Dein-Ferienhaus-LaPalma-100755315590346","article_modified_time":"2020-11-12T23:52:07+00:00","og_image":[{"url":"https:\/\/dein-ferienhaus-lapalma.de\/wp-content\/uploads\/2020\/11\/iac-completo-1024x606.jpg","type":"","width":"","height":""}],"twitter_card":"summary_large_image","twitter_misc":{"Tiempo de lectura":"1 minuto"},"schema":{"@context":"https:\/\/schema.org","@graph":[{"@type":"WebPage","@id":"https:\/\/dein-ferienhaus-lapalma.de\/en\/aktivitaeten\/sternenhimmel\/","url":"https:\/\/dein-ferienhaus-lapalma.de\/en\/aktivitaeten\/sternenhimmel\/","name":"Cielo estrellado - your-holiday-house-lapalma.com","isPartOf":{"@id":"https:\/\/dein-ferienhaus-lapalma.de\/#website"},"primaryImageOfPage":{"@id":"https:\/\/dein-ferienhaus-lapalma.de\/en\/aktivitaeten\/sternenhimmel\/#primaryimage"},"image":{"@id":"https:\/\/dein-ferienhaus-lapalma.de\/en\/aktivitaeten\/sternenhimmel\/#primaryimage"},"thumbnailUrl":"https:\/\/dein-ferienhaus-lapalma.de\/wp-content\/uploads\/2020\/11\/iac-completo-1024x606.jpg","datePublished":"2020-11-07T20:17:10+00:00","dateModified":"2020-11-12T23:52:07+00:00","breadcrumb":{"@id":"https:\/\/dein-ferienhaus-lapalma.de\/en\/aktivitaeten\/sternenhimmel\/#breadcrumb"},"inLanguage":"es","potentialAction":[{"@type":"ReadAction","target":["https:\/\/dein-ferienhaus-lapalma.de\/en\/aktivitaeten\/sternenhimmel\/"]}]},{"@type":"ImageObject","inLanguage":"es","@id":"https:\/\/dein-ferienhaus-lapalma.de\/en\/aktivitaeten\/sternenhimmel\/#primaryimage","url":"https:\/\/dein-ferienhaus-lapalma.de\/wp-content\/uploads\/2020\/11\/iac-completo-1024x606.jpg","contentUrl":"https:\/\/dein-ferienhaus-lapalma.de\/wp-content\/uploads\/2020\/11\/iac-completo-1024x606.jpg"},{"@type":"BreadcrumbList","@id":"https:\/\/dein-ferienhaus-lapalma.de\/en\/aktivitaeten\/sternenhimmel\/#breadcrumb","itemListElement":[{"@type":"ListItem","position":1,"name":"Home","item":"https:\/\/dein-ferienhaus-lapalma.de\/"},{"@type":"ListItem","position":2,"name":"Aktivit\u00e4ten","item":"https:\/\/dein-ferienhaus-lapalma.de\/en\/aktivitaeten\/"},{"@type":"ListItem","position":3,"name":"Sternenhimmel"}]},{"@type":"WebSite","@id":"https:\/\/dein-ferienhaus-lapalma.de\/#website","url":"https:\/\/dein-ferienhaus-lapalma.de\/","name":"dein-ferienhaus-lapalma.de","description":"Grandes casas de vacaciones en La Palma","publisher":{"@id":"https:\/\/dein-ferienhaus-lapalma.de\/#organization"},"potentialAction":[{"@type":"SearchAction","target":{"@type":"EntryPoint","urlTemplate":"https:\/\/dein-ferienhaus-lapalma.de\/?s={search_term_string}"},"query-input":{"@type":"PropertyValueSpecification","valueRequired":true,"valueName":"search_term_string"}}],"inLanguage":"es"},{"@type":"Organization","@id":"https:\/\/dein-ferienhaus-lapalma.de\/#organization","name":"Su casa de vacaciones La Palma","url":"https:\/\/dein-ferienhaus-lapalma.de\/","logo":{"@type":"ImageObject","inLanguage":"es","@id":"https:\/\/dein-ferienhaus-lapalma.de\/#\/schema\/logo\/image\/","url":"","contentUrl":"","caption":"Dein Ferienhaus La Palma"},"image":{"@id":"https:\/\/dein-ferienhaus-lapalma.de\/#\/schema\/logo\/image\/"},"sameAs":["https:\/\/www.facebook.com\/Dein-Ferienhaus-LaPalma-100755315590346"]}]}},"_links":{"self":[{"href":"https:\/\/dein-ferienhaus-lapalma.de\/es\/wp-json\/wp\/v2\/pages\/38363","targetHints":{"allow":["GET"]}}],"collection":[{"href":"https:\/\/dein-ferienhaus-lapalma.de\/es\/wp-json\/wp\/v2\/pages"}],"about":[{"href":"https:\/\/dein-ferienhaus-lapalma.de\/es\/wp-json\/wp\/v2\/types\/page"}],"author":[{"embeddable":true,"href":"https:\/\/dein-ferienhaus-lapalma.de\/es\/wp-json\/wp\/v2\/users\/2"}],"replies":[{"embeddable":true,"href":"https:\/\/dein-ferienhaus-lapalma.de\/es\/wp-json\/wp\/v2\/comments?post=38363"}],"version-history":[{"count":0,"href":"https:\/\/dein-ferienhaus-lapalma.de\/es\/wp-json\/wp\/v2\/pages\/38363\/revisions"}],"up":[{"embeddable":true,"href":"https:\/\/dein-ferienhaus-lapalma.de\/es\/wp-json\/wp\/v2\/pages\/36260"}],"wp:attachment":[{"href":"https:\/\/dein-ferienhaus-lapalma.de\/es\/wp-json\/wp\/v2\/media?parent=38363"}],"curies":[{"name":"wp","href":"https:\/\/api.w.org\/{rel}","templated":true}]}}