{"id":39993,"date":"2020-11-10T10:59:21","date_gmt":"2020-11-10T09:59:21","guid":{"rendered":"https:\/\/dein-ferienhaus-lapalma.de\/?page_id=39993"},"modified":"2024-09-24T17:02:45","modified_gmt":"2024-09-24T15:02:45","slug":"boottour","status":"publish","type":"page","link":"https:\/\/dein-ferienhaus-lapalma.de\/es\/aktivitaeten\/boottour\/","title":{"rendered":"Viajes en barco"},"content":{"rendered":"<div data-elementor-type=\"wp-page\" data-elementor-id=\"39993\" class=\"elementor elementor-39993\" data-elementor-post-type=\"page\">\n\t\t\t\t\t\t<section class=\"elementor-section elementor-top-section elementor-element elementor-element-3103263 elementor-section-boxed elementor-section-height-default elementor-section-height-default\" data-id=\"3103263\" data-element_type=\"section\">\n\t\t\t\t\t\t<div class=\"elementor-container elementor-column-gap-default\">\n\t\t\t\t\t<div class=\"elementor-column elementor-col-100 elementor-top-column elementor-element elementor-element-7105a1c\" data-id=\"7105a1c\" data-element_type=\"column\">\n\t\t\t<div class=\"elementor-widget-wrap elementor-element-populated\">\n\t\t\t\t\t\t<div class=\"elementor-element elementor-element-ea75eb5 elementor-widget elementor-widget-heading\" data-id=\"ea75eb5\" data-element_type=\"widget\" data-widget_type=\"heading.default\">\n\t\t\t\t<div class=\"elementor-widget-container\">\n\t\t\t<h2 class=\"elementor-heading-title elementor-size-default\">La Palma por el mar<\/h2>\t\t<\/div>\n\t\t\t\t<\/div>\n\t\t\t\t\t<\/div>\n\t\t<\/div>\n\t\t\t\t\t<\/div>\n\t\t<\/section>\n\t\t\t\t<section class=\"elementor-section elementor-top-section elementor-element elementor-element-1bc63f0 elementor-section-boxed elementor-section-height-default elementor-section-height-default\" data-id=\"1bc63f0\" data-element_type=\"section\">\n\t\t\t\t\t\t<div class=\"elementor-container elementor-column-gap-default\">\n\t\t\t\t\t<div class=\"elementor-column elementor-col-100 elementor-top-column elementor-element elementor-element-476c7d6\" data-id=\"476c7d6\" data-element_type=\"column\">\n\t\t\t<div class=\"elementor-widget-wrap elementor-element-populated\">\n\t\t\t\t\t\t<div class=\"elementor-element elementor-element-d098633 elementor-cta--skin-cover elementor-animated-content elementor-bg-transform elementor-bg-transform-zoom-in elementor-widget elementor-widget-call-to-action\" data-id=\"d098633\" data-element_type=\"widget\" data-widget_type=\"call-to-action.default\">\n\t\t\t\t<div class=\"elementor-widget-container\">\n\t\t\t\t\t<div class=\"elementor-cta\">\n\t\t\t\t\t<div class=\"elementor-cta__bg-wrapper\">\n\t\t\t\t<div class=\"elementor-cta__bg elementor-bg\" style=\"background-image: url(https:\/\/dein-ferienhaus-lapalma.de\/wp-content\/uploads\/elementor\/thumbs\/bussard-ocean-r29v3qnjm1szpjnmjrawwby3ji1z2pdirihj1wd6t4.jpg);\" role=\"img\" aria-label=\"oc\u00e9ano ratonero\"><\/div>\n\t\t\t\t<div class=\"elementor-cta__bg-overlay\"><\/div>\n\t\t\t<\/div>\n\t\t\t\t\t\t\t<div class=\"elementor-cta__content\">\n\t\t\t\t\n\t\t\t\t\t\t\t\t\t<h1 class=\"elementor-cta__title elementor-cta__content-item elementor-content-item elementor-animated-item--grow\">\n\t\t\t\t\t\tLa Palma por el mar\t\t\t\t\t<\/h1>\n\t\t\t\t\n\t\t\t\t\t\t\t\t\t<div class=\"elementor-cta__description elementor-cta__content-item elementor-content-item elementor-animated-item--grow\">\n\t\t\t\t\t\tLa observaci\u00f3n de animales marinos en la Isla Bonita\t\t\t\t\t<\/div>\n\t\t\t\t\n\t\t\t\t\t\t\t<\/div>\n\t\t\t\t\t\t\t<div class=\"elementor-ribbon elementor-ribbon-right\">\n\t\t\t\t<div class=\"elementor-ribbon-inner\">Por el mar<\/div>\n\t\t\t<\/div>\n\t\t\t\t<\/div>\n\t\t\t\t<\/div>\n\t\t\t\t<\/div>\n\t\t\t\t<div class=\"elementor-element elementor-element-3ceb4bc elementor-widget elementor-widget-text-editor\" data-id=\"3ceb4bc\" data-element_type=\"widget\" data-widget_type=\"text-editor.default\">\n\t\t\t\t<div class=\"elementor-widget-container\">\n\t\t\t\t\t\t\t<div id=\"comp-kfokpehl\" class=\"_1Z_nJ\" data-testid=\"richTextElement\"><p class=\"font_2\">Una parte indispensable de unas vacaciones en La Palma son las <a href=\"https:\/\/dein-ferienhaus-lapalma.de\/wp-content\/uploads\/2020\/10\/fancy.jpg\"><img fetchpriority=\"high\" decoding=\"async\" class=\"size-medium wp-image-36718 alignright\" src=\"https:\/\/dein-ferienhaus-lapalma.de\/wp-content\/uploads\/2020\/10\/fancy-300x225.jpg\" alt=\"\" width=\"300\" height=\"225\" srcset=\"https:\/\/dein-ferienhaus-lapalma.de\/wp-content\/uploads\/2020\/10\/fancy-300x225.jpg 300w, https:\/\/dein-ferienhaus-lapalma.de\/wp-content\/uploads\/2020\/10\/fancy-67x50.jpg 67w, https:\/\/dein-ferienhaus-lapalma.de\/wp-content\/uploads\/2020\/10\/fancy-107x80.jpg 107w, https:\/\/dein-ferienhaus-lapalma.de\/wp-content\/uploads\/2020\/10\/fancy-394x295.jpg 394w, https:\/\/dein-ferienhaus-lapalma.de\/wp-content\/uploads\/2020\/10\/fancy.jpg 740w\" sizes=\"(max-width: 300px) 100vw, 300px\" \/><\/a>Paseos en barco para observar la vida marina local y explorar la costa de la isla. En muchos meses del a\u00f1o, esto resulta incluso agradable para quienes se marean con facilidad. El experimentado equipo de Oceanexplorer le proporcionar\u00e1 la mejor informaci\u00f3n sobre cu\u00e1ndo el mar est\u00e1 lo bastante calmado como para aventurarse. <br \/>Tambi\u00e9n puede alquilar un barco para una fiesta privada especial (m\u00e1x. 12 personas). <br \/>Todos los barcos est\u00e1n certificados para la observaci\u00f3n del mar y respetan el ritmo de la vida marina.<\/p><h6>\u00a0<\/h6><p>Los dos recorridos est\u00e1ndar en la vista general, con un enlace a la reserva con el proveedor Oceanexplorer:<\/p><p><span style=\"color: #086a87; font-family: inherit; font-style: inherit; font-weight: inherit;\">\u2665 <\/span><span style=\"color: #333399;\"><span style=\"font-family: inherit; font-style: inherit; font-weight: inherit;\">Buzzard:\u00a0<\/span><span style=\"font-family: inherit; font-size: inherit; font-style: inherit; font-weight: inherit;\">Excursi\u00f3n de 4 horas \"Romance y Nostalg\u00eda<\/span><\/span><span style=\"color: inherit; font-family: inherit; font-size: inherit; font-style: inherit; font-weight: inherit;\">\u00a0<span style=\"color: #086a87;\">\u2665<br \/><\/span><\/span>Adultos: 69 euros<br \/>Ni\u00f1os (hasta 12 a\u00f1os): 55 \u20ac*.<br \/>Excursi\u00f3n en barco de 4 horas con grupos reducidos de pasajeros (m\u00e1x. 12 personas) <br \/><br \/>Una excursi\u00f3n a bordo del Bussard es sin\u00f3nimo de romanticismo, nostalgia y vistas impresionantes.<\/p><p><a href=\"https:\/\/dein-ferienhaus-lapalma.de\/wp-content\/uploads\/2020\/10\/fancy-ii-whale-watching.jpg\"><img decoding=\"async\" class=\"size-medium wp-image-36719 alignright\" src=\"https:\/\/dein-ferienhaus-lapalma.de\/wp-content\/uploads\/2020\/10\/fancy-ii-whale-watching-300x225.jpg\" alt=\"\" width=\"300\" height=\"225\" srcset=\"https:\/\/dein-ferienhaus-lapalma.de\/wp-content\/uploads\/2020\/10\/fancy-ii-whale-watching-300x225.jpg 300w, https:\/\/dein-ferienhaus-lapalma.de\/wp-content\/uploads\/2020\/10\/fancy-ii-whale-watching-67x50.jpg 67w, https:\/\/dein-ferienhaus-lapalma.de\/wp-content\/uploads\/2020\/10\/fancy-ii-whale-watching-107x80.jpg 107w, https:\/\/dein-ferienhaus-lapalma.de\/wp-content\/uploads\/2020\/10\/fancy-ii-whale-watching-394x295.jpg 394w, https:\/\/dein-ferienhaus-lapalma.de\/wp-content\/uploads\/2020\/10\/fancy-ii-whale-watching.jpg 550w\" sizes=\"(max-width: 300px) 100vw, 300px\" \/><\/a><\/p><p><span style=\"color: #086a87; font-family: inherit; font-style: inherit; font-weight: inherit;\">\u2665 <span style=\"color: #333399;\"><a style=\"color: #333399;\" href=\"https:\/\/oceanexplorer.es\/de\/ausfluege\/flipper\/\">M\u00e1quina de pinball<\/a><\/span><\/span><span style=\"color: #333399;\">\u00a0- Excursi\u00f3n de 2,5 horas \"Safari con delfines<\/span>\u00a0<span style=\"color: #086a87; font-family: inherit; font-style: inherit; font-weight: inherit;\">\u2665<\/span><br \/>Adultos: 58<br \/>Ni\u00f1os (hasta 12 a\u00f1os): 35<br \/>Familia (2 adultos + 2 ni\u00f1os): 144<br \/><br \/>Excursi\u00f3n diaria responsable de avistamiento de ballenas<br \/><br \/>* Precios a 24\/09. Consulte los precios actuales en el <span style=\"color: #333399;\"><a style=\"color: #333399;\" href=\"https:\/\/oceanexplorer.es\/de\/\">Sitio web del organizador<\/a><\/span><\/p><\/div>\t\t\t\t\t\t<\/div>\n\t\t\t\t<\/div>\n\t\t\t\t<div class=\"elementor-element elementor-element-48c047c elementor-widget elementor-widget-button\" data-id=\"48c047c\" data-element_type=\"widget\" data-widget_type=\"button.default\">\n\t\t\t\t<div class=\"elementor-widget-container\">\n\t\t\t\t\t\t\t<div class=\"elementor-button-wrapper\">\n\t\t\t\t\t<a class=\"elementor-button elementor-button-link elementor-size-sm\" href=\"#\">\n\t\t\t\t\t\t<span class=\"elementor-button-content-wrapper\">\n\t\t\t\t\t\t\t\t\t<span class=\"elementor-button-text\">Haga clic aqu\u00ed.<\/span>\n\t\t\t\t\t<\/span>\n\t\t\t\t\t<\/a>\n\t\t\t\t<\/div>\n\t\t\t\t\t\t<\/div>\n\t\t\t\t<\/div>\n\t\t\t\t<div class=\"elementor-element elementor-element-b150207 elementor-widget__width-initial elementor-absolute elementor-widget elementor-widget-video\" data-id=\"b150207\" data-element_type=\"widget\" data-settings=\"{&quot;youtube_url&quot;:&quot;https:\\\/\\\/youtu.be\\\/Xb9nX1i965s&quot;,&quot;_position&quot;:&quot;absolute&quot;,&quot;video_type&quot;:&quot;youtube&quot;,&quot;controls&quot;:&quot;yes&quot;}\" data-widget_type=\"video.default\">\n\t\t\t\t<div class=\"elementor-widget-container\">\n\t\t\t\t\t<div class=\"elementor-wrapper elementor-open-inline\">\n\t\t\t<div class=\"elementor-video\"><\/div>\t\t<\/div>\n\t\t\t\t<\/div>\n\t\t\t\t<\/div>\n\t\t\t\t\t<\/div>\n\t\t<\/div>\n\t\t\t\t\t<\/div>\n\t\t<\/section>\n\t\t\t\t<section class=\"elementor-section elementor-top-section elementor-element elementor-element-b1f6b8c elementor-section-boxed elementor-section-height-default elementor-section-height-default\" data-id=\"b1f6b8c\" data-element_type=\"section\">\n\t\t\t\t\t\t<div class=\"elementor-container elementor-column-gap-default\">\n\t\t\t\t\t<div class=\"elementor-column elementor-col-100 elementor-top-column elementor-element elementor-element-f1c12a1\" data-id=\"f1c12a1\" data-element_type=\"column\">\n\t\t\t<div class=\"elementor-widget-wrap elementor-element-populated\">\n\t\t\t\t\t\t<div class=\"elementor-element elementor-element-dbae48a elementor-widget elementor-widget-video\" data-id=\"dbae48a\" data-element_type=\"widget\" data-settings=\"{&quot;youtube_url&quot;:&quot;https:\\\/\\\/youtu.be\\\/Xb9nX1i965s&quot;,&quot;video_type&quot;:&quot;youtube&quot;,&quot;controls&quot;:&quot;yes&quot;}\" data-widget_type=\"video.default\">\n\t\t\t\t<div class=\"elementor-widget-container\">\n\t\t\t\t\t<div class=\"elementor-wrapper elementor-open-inline\">\n\t\t\t<div class=\"elementor-video\"><\/div>\t\t<\/div>\n\t\t\t\t<\/div>\n\t\t\t\t<\/div>\n\t\t\t\t\t<\/div>\n\t\t<\/div>\n\t\t\t\t\t<\/div>\n\t\t<\/section>\n\t\t\t\t<\/div>","protected":false},"excerpt":{"rendered":"<p>La Palma junto al mar La Palma junto al mar Observaci\u00f3n de la fauna en la Isla Bonita Junto al mar Las excursiones en barco para observar la vida marina local y explorar la costa de la isla son una parte esencial de unas vacaciones en La Palma. En muchos ... <a href=\"https:\/\/dein-ferienhaus-lapalma.de\/es\/aktivitaeten\/boottour\/\">Seguir leyendo<\/a><\/p>","protected":false},"author":2,"featured_media":0,"parent":36260,"menu_order":0,"comment_status":"closed","ping_status":"closed","template":"","meta":{"footnotes":""},"class_list":["post-39993","page","type-page","status-publish","hentry"],"yoast_head":"<!-- This site is optimized with the Yoast SEO Premium plugin v23.3 (Yoast SEO v27.3) - https:\/\/yoast.com\/product\/yoast-seo-premium-wordpress\/ -->\n<title>Bootsausfl\u00fcge - dein-ferienhaus-lapalma.de<\/title>\n<meta name=\"robots\" content=\"index, follow, max-snippet:-1, max-image-preview:large, max-video-preview:-1\" \/>\n<link rel=\"canonical\" href=\"https:\/\/dein-ferienhaus-lapalma.de\/es\/aktivitaeten\/boottour\/\" \/>\n<meta property=\"og:locale\" content=\"es_ES\" \/>\n<meta property=\"og:type\" content=\"article\" \/>\n<meta property=\"og:title\" content=\"Bootsausfl\u00fcge\" \/>\n<meta property=\"og:description\" content=\"La Palma am Meer La Palma am Meer Meerestiere-Watching vor der Isla Bonita Am Meer Ein unverzichtbarer Teil des Urlaubs auf La Palma sind die\" \/>\n<meta property=\"og:url\" content=\"https:\/\/dein-ferienhaus-lapalma.de\/es\/aktivitaeten\/boottour\/\" \/>\n<meta property=\"og:site_name\" content=\"dein-ferienhaus-lapalma.de\" \/>\n<meta property=\"article:publisher\" content=\"https:\/\/www.facebook.com\/Dein-Ferienhaus-LaPalma-100755315590346\" \/>\n<meta property=\"article:modified_time\" content=\"2024-09-24T15:02:45+00:00\" \/>\n<meta property=\"og:image\" content=\"https:\/\/dein-ferienhaus-lapalma.de\/wp-content\/uploads\/2020\/10\/fancy-300x225.jpg\" \/>\n<meta name=\"twitter:card\" content=\"summary_large_image\" \/>\n<meta name=\"twitter:label1\" content=\"Tiempo de lectura\" \/>\n\t<meta name=\"twitter:data1\" content=\"2 minutos\" \/>\n<script type=\"application\/ld+json\" class=\"yoast-schema-graph\">{\"@context\":\"https:\\\/\\\/schema.org\",\"@graph\":[{\"@type\":\"WebPage\",\"@id\":\"https:\\\/\\\/dein-ferienhaus-lapalma.de\\\/aktivitaeten\\\/boottour\\\/\",\"url\":\"https:\\\/\\\/dein-ferienhaus-lapalma.de\\\/aktivitaeten\\\/boottour\\\/\",\"name\":\"Bootsausfl\u00fcge - dein-ferienhaus-lapalma.de\",\"isPartOf\":{\"@id\":\"https:\\\/\\\/dein-ferienhaus-lapalma.de\\\/#website\"},\"primaryImageOfPage\":{\"@id\":\"https:\\\/\\\/dein-ferienhaus-lapalma.de\\\/aktivitaeten\\\/boottour\\\/#primaryimage\"},\"image\":{\"@id\":\"https:\\\/\\\/dein-ferienhaus-lapalma.de\\\/aktivitaeten\\\/boottour\\\/#primaryimage\"},\"thumbnailUrl\":\"https:\\\/\\\/dein-ferienhaus-lapalma.de\\\/wp-content\\\/uploads\\\/2020\\\/10\\\/fancy-300x225.jpg\",\"datePublished\":\"2020-11-10T09:59:21+00:00\",\"dateModified\":\"2024-09-24T15:02:45+00:00\",\"breadcrumb\":{\"@id\":\"https:\\\/\\\/dein-ferienhaus-lapalma.de\\\/aktivitaeten\\\/boottour\\\/#breadcrumb\"},\"inLanguage\":\"es\",\"potentialAction\":[{\"@type\":\"ReadAction\",\"target\":[\"https:\\\/\\\/dein-ferienhaus-lapalma.de\\\/aktivitaeten\\\/boottour\\\/\"]}]},{\"@type\":\"ImageObject\",\"inLanguage\":\"es\",\"@id\":\"https:\\\/\\\/dein-ferienhaus-lapalma.de\\\/aktivitaeten\\\/boottour\\\/#primaryimage\",\"url\":\"https:\\\/\\\/dein-ferienhaus-lapalma.de\\\/wp-content\\\/uploads\\\/2020\\\/10\\\/fancy-300x225.jpg\",\"contentUrl\":\"https:\\\/\\\/dein-ferienhaus-lapalma.de\\\/wp-content\\\/uploads\\\/2020\\\/10\\\/fancy-300x225.jpg\"},{\"@type\":\"BreadcrumbList\",\"@id\":\"https:\\\/\\\/dein-ferienhaus-lapalma.de\\\/aktivitaeten\\\/boottour\\\/#breadcrumb\",\"itemListElement\":[{\"@type\":\"ListItem\",\"position\":1,\"name\":\"Home\",\"item\":\"https:\\\/\\\/dein-ferienhaus-lapalma.de\\\/\"},{\"@type\":\"ListItem\",\"position\":2,\"name\":\"Aktivit\u00e4ten\",\"item\":\"https:\\\/\\\/dein-ferienhaus-lapalma.de\\\/en\\\/aktivitaeten\\\/\"},{\"@type\":\"ListItem\",\"position\":3,\"name\":\"Bootsausfl\u00fcge\"}]},{\"@type\":\"WebSite\",\"@id\":\"https:\\\/\\\/dein-ferienhaus-lapalma.de\\\/#website\",\"url\":\"https:\\\/\\\/dein-ferienhaus-lapalma.de\\\/\",\"name\":\"dein-ferienhaus-lapalma.de\",\"description\":\"Tolle Ferienh\u00e4user auf La Palma\",\"publisher\":{\"@id\":\"https:\\\/\\\/dein-ferienhaus-lapalma.de\\\/#organization\"},\"potentialAction\":[{\"@type\":\"SearchAction\",\"target\":{\"@type\":\"EntryPoint\",\"urlTemplate\":\"https:\\\/\\\/dein-ferienhaus-lapalma.de\\\/?s={search_term_string}\"},\"query-input\":{\"@type\":\"PropertyValueSpecification\",\"valueRequired\":true,\"valueName\":\"search_term_string\"}}],\"inLanguage\":\"es\"},{\"@type\":\"Organization\",\"@id\":\"https:\\\/\\\/dein-ferienhaus-lapalma.de\\\/#organization\",\"name\":\"Dein Ferienhaus La Palma\",\"url\":\"https:\\\/\\\/dein-ferienhaus-lapalma.de\\\/\",\"logo\":{\"@type\":\"ImageObject\",\"inLanguage\":\"es\",\"@id\":\"https:\\\/\\\/dein-ferienhaus-lapalma.de\\\/#\\\/schema\\\/logo\\\/image\\\/\",\"url\":\"\",\"contentUrl\":\"\",\"caption\":\"Dein Ferienhaus La Palma\"},\"image\":{\"@id\":\"https:\\\/\\\/dein-ferienhaus-lapalma.de\\\/#\\\/schema\\\/logo\\\/image\\\/\"},\"sameAs\":[\"https:\\\/\\\/www.facebook.com\\\/Dein-Ferienhaus-LaPalma-100755315590346\"]}]}<\/script>\n<!-- \/ Yoast SEO Premium plugin. -->","yoast_head_json":{"title":"Paseos en barco - your-holiday-home-lapalma.co.uk","robots":{"index":"index","follow":"follow","max-snippet":"max-snippet:-1","max-image-preview":"max-image-preview:large","max-video-preview":"max-video-preview:-1"},"canonical":"https:\/\/dein-ferienhaus-lapalma.de\/es\/aktivitaeten\/boottour\/","og_locale":"es_ES","og_type":"article","og_title":"Bootsausfl\u00fcge","og_description":"La Palma am Meer La Palma am Meer Meerestiere-Watching vor der Isla Bonita Am Meer Ein unverzichtbarer Teil des Urlaubs auf La Palma sind die","og_url":"https:\/\/dein-ferienhaus-lapalma.de\/es\/aktivitaeten\/boottour\/","og_site_name":"dein-ferienhaus-lapalma.de","article_publisher":"https:\/\/www.facebook.com\/Dein-Ferienhaus-LaPalma-100755315590346","article_modified_time":"2024-09-24T15:02:45+00:00","og_image":[{"url":"https:\/\/dein-ferienhaus-lapalma.de\/wp-content\/uploads\/2020\/10\/fancy-300x225.jpg","type":"","width":"","height":""}],"twitter_card":"summary_large_image","twitter_misc":{"Tiempo de lectura":"2 minutos"},"schema":{"@context":"https:\/\/schema.org","@graph":[{"@type":"WebPage","@id":"https:\/\/dein-ferienhaus-lapalma.de\/aktivitaeten\/boottour\/","url":"https:\/\/dein-ferienhaus-lapalma.de\/aktivitaeten\/boottour\/","name":"Paseos en barco - your-holiday-home-lapalma.co.uk","isPartOf":{"@id":"https:\/\/dein-ferienhaus-lapalma.de\/#website"},"primaryImageOfPage":{"@id":"https:\/\/dein-ferienhaus-lapalma.de\/aktivitaeten\/boottour\/#primaryimage"},"image":{"@id":"https:\/\/dein-ferienhaus-lapalma.de\/aktivitaeten\/boottour\/#primaryimage"},"thumbnailUrl":"https:\/\/dein-ferienhaus-lapalma.de\/wp-content\/uploads\/2020\/10\/fancy-300x225.jpg","datePublished":"2020-11-10T09:59:21+00:00","dateModified":"2024-09-24T15:02:45+00:00","breadcrumb":{"@id":"https:\/\/dein-ferienhaus-lapalma.de\/aktivitaeten\/boottour\/#breadcrumb"},"inLanguage":"es","potentialAction":[{"@type":"ReadAction","target":["https:\/\/dein-ferienhaus-lapalma.de\/aktivitaeten\/boottour\/"]}]},{"@type":"ImageObject","inLanguage":"es","@id":"https:\/\/dein-ferienhaus-lapalma.de\/aktivitaeten\/boottour\/#primaryimage","url":"https:\/\/dein-ferienhaus-lapalma.de\/wp-content\/uploads\/2020\/10\/fancy-300x225.jpg","contentUrl":"https:\/\/dein-ferienhaus-lapalma.de\/wp-content\/uploads\/2020\/10\/fancy-300x225.jpg"},{"@type":"BreadcrumbList","@id":"https:\/\/dein-ferienhaus-lapalma.de\/aktivitaeten\/boottour\/#breadcrumb","itemListElement":[{"@type":"ListItem","position":1,"name":"Home","item":"https:\/\/dein-ferienhaus-lapalma.de\/"},{"@type":"ListItem","position":2,"name":"Aktivit\u00e4ten","item":"https:\/\/dein-ferienhaus-lapalma.de\/en\/aktivitaeten\/"},{"@type":"ListItem","position":3,"name":"Bootsausfl\u00fcge"}]},{"@type":"WebSite","@id":"https:\/\/dein-ferienhaus-lapalma.de\/#website","url":"https:\/\/dein-ferienhaus-lapalma.de\/","name":"dein-ferienhaus-lapalma.de","description":"Grandes casas de vacaciones en La Palma","publisher":{"@id":"https:\/\/dein-ferienhaus-lapalma.de\/#organization"},"potentialAction":[{"@type":"SearchAction","target":{"@type":"EntryPoint","urlTemplate":"https:\/\/dein-ferienhaus-lapalma.de\/?s={search_term_string}"},"query-input":{"@type":"PropertyValueSpecification","valueRequired":true,"valueName":"search_term_string"}}],"inLanguage":"es"},{"@type":"Organization","@id":"https:\/\/dein-ferienhaus-lapalma.de\/#organization","name":"Su casa de vacaciones La Palma","url":"https:\/\/dein-ferienhaus-lapalma.de\/","logo":{"@type":"ImageObject","inLanguage":"es","@id":"https:\/\/dein-ferienhaus-lapalma.de\/#\/schema\/logo\/image\/","url":"","contentUrl":"","caption":"Dein Ferienhaus La Palma"},"image":{"@id":"https:\/\/dein-ferienhaus-lapalma.de\/#\/schema\/logo\/image\/"},"sameAs":["https:\/\/www.facebook.com\/Dein-Ferienhaus-LaPalma-100755315590346"]}]}},"_links":{"self":[{"href":"https:\/\/dein-ferienhaus-lapalma.de\/es\/wp-json\/wp\/v2\/pages\/39993","targetHints":{"allow":["GET"]}}],"collection":[{"href":"https:\/\/dein-ferienhaus-lapalma.de\/es\/wp-json\/wp\/v2\/pages"}],"about":[{"href":"https:\/\/dein-ferienhaus-lapalma.de\/es\/wp-json\/wp\/v2\/types\/page"}],"author":[{"embeddable":true,"href":"https:\/\/dein-ferienhaus-lapalma.de\/es\/wp-json\/wp\/v2\/users\/2"}],"replies":[{"embeddable":true,"href":"https:\/\/dein-ferienhaus-lapalma.de\/es\/wp-json\/wp\/v2\/comments?post=39993"}],"version-history":[{"count":0,"href":"https:\/\/dein-ferienhaus-lapalma.de\/es\/wp-json\/wp\/v2\/pages\/39993\/revisions"}],"up":[{"embeddable":true,"href":"https:\/\/dein-ferienhaus-lapalma.de\/es\/wp-json\/wp\/v2\/pages\/36260"}],"wp:attachment":[{"href":"https:\/\/dein-ferienhaus-lapalma.de\/es\/wp-json\/wp\/v2\/media?parent=39993"}],"curies":[{"name":"wp","href":"https:\/\/api.w.org\/{rel}","templated":true}]}}