{"id":41697,"date":"2020-11-19T19:20:38","date_gmt":"2020-11-19T18:20:38","guid":{"rendered":"https:\/\/dein-ferienhaus-lapalma.de\/?page_id=41697"},"modified":"2021-09-11T10:52:26","modified_gmt":"2021-09-11T08:52:26","slug":"impressum","status":"publish","type":"page","link":"https:\/\/dein-ferienhaus-lapalma.de\/es\/impressum\/","title":{"rendered":"Impressum"},"content":{"rendered":"<div data-elementor-type=\"wp-page\" data-elementor-id=\"41697\" class=\"elementor elementor-41697\" data-elementor-post-type=\"page\">\n\t\t\t\t\t\t<section class=\"elementor-section elementor-top-section elementor-element elementor-element-db7e5d4 elementor-section-boxed elementor-section-height-default elementor-section-height-default\" data-id=\"db7e5d4\" data-element_type=\"section\">\n\t\t\t\t\t\t<div class=\"elementor-container elementor-column-gap-default\">\n\t\t\t\t\t<div class=\"elementor-column elementor-col-100 elementor-top-column elementor-element elementor-element-25f40e6\" data-id=\"25f40e6\" data-element_type=\"column\">\n\t\t\t<div class=\"elementor-widget-wrap elementor-element-populated\">\n\t\t\t\t\t\t<div class=\"elementor-element elementor-element-34dfe99 elementor-widget elementor-widget-html\" data-id=\"34dfe99\" data-element_type=\"widget\" data-widget_type=\"html.default\">\n\t\t\t\t<div class=\"elementor-widget-container\">\n\t\t\t<h1>Impressum<\/h1>\r\n<h2 id=\"m46\">Proveedor de servicios<\/h2>\r\n<p><\/p>\r\n<p>Juliette Pinther <p><\/p>\r\n\r\n<p>38769, Los Llanos de Aridane<\/p>\r\n<p>La Palma, Islas Canarias, Espa\u00f1a<\/p>\r\n<h2 id=\"m56\">Opciones de contacto<\/h2><p><strong>direcci\u00f3n de correo electr\u00f3nico:<\/strong> urlaub@dein-ferienhaus-lapalma.de <\/p>\r\n<p><strong>Tel\u00e9fono:<\/strong> +49 - 40 - 22 85 20 95<\/p>\r\n<h2 id=\"m58\">datos de la empresa<\/h2><p><strong>AGB:<\/strong> <a href=\"https:\/\/dein-ferienhaus-lapalma.de\/es\/agb\/\" target=\"_blank\">https:\/\/dein-ferienhaus-lapalma.de\/agb\/<\/a><\/p>\r\n<h2 id=\"m174\">Resoluci\u00f3n de litigios en l\u00ednea (OS)<\/h2><p>Resoluci\u00f3n de litigios en l\u00ednea: La Comisi\u00f3n Europea ofrece una plataforma de resoluci\u00f3n de litigios en l\u00ednea (OS), a la que puede acceder en <a href=\"https:\/\/ec.europa.eu\/consumers\/odr\/\" target=\"_blank\">https:\/\/ec.europa.eu\/consumers\/odr\/<\/a> encontrar. Los consumidores tienen la posibilidad de utilizar esta plataforma para la resoluci\u00f3n de sus litigios. <\/p>\r\n<h2 id=\"m65\">Responsabilidad y derechos de propiedad<\/h2><p><strong>Descargo de responsabilidad<\/strong>Los contenidos de esta oferta online han sido elaborados cuidadosamente y de acuerdo con nuestros conocimientos actuales, pero tienen un car\u00e1cter meramente informativo y no tienen ning\u00fan efecto jur\u00eddicamente vinculante, a no ser que se trate de informaci\u00f3n jur\u00eddicamente vinculante (por ejemplo, el pie de imprenta, la declaraci\u00f3n de protecci\u00f3n de datos, las condiciones generales o las instrucciones obligatorias para los consumidores). Nos reservamos el derecho de modificar o suprimir total o parcialmente los contenidos, siempre que las obligaciones contractuales no se vean afectadas. Todas las ofertas est\u00e1n sujetas a cambios y no son vinculantes. <\/p>\r\n<p><strong>Enlaces a sitios web externos<\/strong>Los contenidos de los sitios web externos a los que remitimos directa o indirectamente est\u00e1n fuera de nuestro \u00e1mbito de responsabilidad y no los hacemos nuestros. El proveedor de los sitios web enlazados es el \u00fanico responsable de todos los contenidos y, en particular, de los da\u00f1os derivados del uso de la informaci\u00f3n disponible en los sitios web enlazados.<\/p>\r\n<p><strong>Derechos de autor y de marca<\/strong>Todos los contenidos que aparecen en este sitio web, como textos, fotograf\u00edas, gr\u00e1ficos, marcas y marcas comerciales, est\u00e1n protegidos por los respectivos derechos de protecci\u00f3n (derechos de autor, derechos de marca). El uso, la reproducci\u00f3n, etc. est\u00e1n sujetos a nuestros derechos o a los derechos de los respectivos autores o gestores de derechos.<\/p>\r\n<p><strong>Informaci\u00f3n sobre infracciones legales<\/strong>Si observa alguna infracci\u00f3n legal en nuestro sitio web, le rogamos que nos lo comunique. Eliminaremos los contenidos y enlaces ilegales inmediatamente despu\u00e9s de tener conocimiento de ellos.<\/p><\/p>\t\t<\/div>\n\t\t\t\t<\/div>\n\t\t\t\t\t<\/div>\n\t\t<\/div>\n\t\t\t\t\t<\/div>\n\t\t<\/section>\n\t\t\t\t<\/div>","protected":false},"excerpt":{"rendered":"<p>Impressum Diensteanbieter Juliette Pinther 38769, Los Llanos de Aridane La Palma, Kanarische Inseln, Spanien Kontaktm\u00f6glichkeiten E-Mail-Adresse: urlaub@dein-ferienhaus-lapalma.de Telefon: +49 \u2013 40 \u2013 22 85 20 95 Angaben zum Unternehmen AGB: https:\/\/dein-ferienhaus-lapalma.de\/agb\/ Online-Streitbeilegung (OS) Online-Streitbeilegung: Die Europ\u00e4ische Kommission stellt eine Plattform &hellip; <a href=\"https:\/\/dein-ferienhaus-lapalma.de\/es\/impressum\/\">Seguir leyendo<\/a><\/p>","protected":false},"author":1,"featured_media":0,"parent":0,"menu_order":0,"comment_status":"closed","ping_status":"closed","template":"","meta":{"footnotes":""},"class_list":["post-41697","page","type-page","status-publish","hentry"],"yoast_head":"<!-- This site is optimized with the Yoast SEO Premium plugin v23.3 (Yoast SEO v27.5) - https:\/\/yoast.com\/product\/yoast-seo-premium-wordpress\/ -->\n<title>Impressum - dein-ferienhaus-lapalma.de<\/title>\n<meta name=\"robots\" content=\"index, follow, max-snippet:-1, max-image-preview:large, max-video-preview:-1\" \/>\n<link rel=\"canonical\" href=\"https:\/\/dein-ferienhaus-lapalma.de\/es\/impressum\/\" \/>\n<meta property=\"og:locale\" content=\"es_ES\" \/>\n<meta property=\"og:type\" content=\"article\" \/>\n<meta property=\"og:title\" content=\"Impressum\" \/>\n<meta property=\"og:description\" content=\"Impressum Diensteanbieter Juliette Pinther 38769, Los Llanos de Aridane La Palma, Kanarische Inseln, Spanien Kontaktm\u00f6glichkeitenE-Mail-Adresse:\" \/>\n<meta property=\"og:url\" content=\"https:\/\/dein-ferienhaus-lapalma.de\/es\/impressum\/\" \/>\n<meta property=\"og:site_name\" content=\"dein-ferienhaus-lapalma.de\" \/>\n<meta property=\"article:publisher\" content=\"https:\/\/www.facebook.com\/Dein-Ferienhaus-LaPalma-100755315590346\" \/>\n<meta property=\"article:modified_time\" content=\"2021-09-11T08:52:26+00:00\" \/>\n<meta property=\"og:image\" content=\"https:\/\/dein-ferienhaus-lapalma.de\/wp-content\/uploads\/2020\/12\/Logo-Bild-neu-Final-1200x793-1.png\" \/>\n\t<meta property=\"og:image:width\" content=\"1200\" \/>\n\t<meta property=\"og:image:height\" content=\"793\" \/>\n\t<meta property=\"og:image:type\" content=\"image\/png\" \/>\n<meta name=\"twitter:card\" content=\"summary_large_image\" \/>\n<meta name=\"twitter:label1\" content=\"Tiempo de lectura\" \/>\n\t<meta name=\"twitter:data1\" content=\"2 minutos\" \/>\n<script type=\"application\/ld+json\" class=\"yoast-schema-graph\">{\"@context\":\"https:\\\/\\\/schema.org\",\"@graph\":[{\"@type\":\"WebPage\",\"@id\":\"https:\\\/\\\/dein-ferienhaus-lapalma.de\\\/impressum\\\/\",\"url\":\"https:\\\/\\\/dein-ferienhaus-lapalma.de\\\/impressum\\\/\",\"name\":\"Impressum - dein-ferienhaus-lapalma.de\",\"isPartOf\":{\"@id\":\"https:\\\/\\\/dein-ferienhaus-lapalma.de\\\/#website\"},\"datePublished\":\"2020-11-19T18:20:38+00:00\",\"dateModified\":\"2021-09-11T08:52:26+00:00\",\"breadcrumb\":{\"@id\":\"https:\\\/\\\/dein-ferienhaus-lapalma.de\\\/impressum\\\/#breadcrumb\"},\"inLanguage\":\"es\",\"potentialAction\":[{\"@type\":\"ReadAction\",\"target\":[\"https:\\\/\\\/dein-ferienhaus-lapalma.de\\\/impressum\\\/\"]}]},{\"@type\":\"BreadcrumbList\",\"@id\":\"https:\\\/\\\/dein-ferienhaus-lapalma.de\\\/impressum\\\/#breadcrumb\",\"itemListElement\":[{\"@type\":\"ListItem\",\"position\":1,\"name\":\"Home\",\"item\":\"https:\\\/\\\/dein-ferienhaus-lapalma.de\\\/\"},{\"@type\":\"ListItem\",\"position\":2,\"name\":\"Impressum\"}]},{\"@type\":\"WebSite\",\"@id\":\"https:\\\/\\\/dein-ferienhaus-lapalma.de\\\/#website\",\"url\":\"https:\\\/\\\/dein-ferienhaus-lapalma.de\\\/\",\"name\":\"dein-ferienhaus-lapalma.de\",\"description\":\"Tolle Ferienh\u00e4user auf La Palma\",\"publisher\":{\"@id\":\"https:\\\/\\\/dein-ferienhaus-lapalma.de\\\/#organization\"},\"potentialAction\":[{\"@type\":\"SearchAction\",\"target\":{\"@type\":\"EntryPoint\",\"urlTemplate\":\"https:\\\/\\\/dein-ferienhaus-lapalma.de\\\/?s={search_term_string}\"},\"query-input\":{\"@type\":\"PropertyValueSpecification\",\"valueRequired\":true,\"valueName\":\"search_term_string\"}}],\"inLanguage\":\"es\"},{\"@type\":\"Organization\",\"@id\":\"https:\\\/\\\/dein-ferienhaus-lapalma.de\\\/#organization\",\"name\":\"Dein Ferienhaus La Palma\",\"url\":\"https:\\\/\\\/dein-ferienhaus-lapalma.de\\\/\",\"logo\":{\"@type\":\"ImageObject\",\"inLanguage\":\"es\",\"@id\":\"https:\\\/\\\/dein-ferienhaus-lapalma.de\\\/#\\\/schema\\\/logo\\\/image\\\/\",\"url\":\"\",\"contentUrl\":\"\",\"caption\":\"Dein Ferienhaus La Palma\"},\"image\":{\"@id\":\"https:\\\/\\\/dein-ferienhaus-lapalma.de\\\/#\\\/schema\\\/logo\\\/image\\\/\"},\"sameAs\":[\"https:\\\/\\\/www.facebook.com\\\/Dein-Ferienhaus-LaPalma-100755315590346\"]}]}<\/script>\n<!-- \/ Yoast SEO Premium plugin. -->","yoast_head_json":{"title":"Pie de imprenta - your-holiday-home-lapalma.com","robots":{"index":"index","follow":"follow","max-snippet":"max-snippet:-1","max-image-preview":"max-image-preview:large","max-video-preview":"max-video-preview:-1"},"canonical":"https:\/\/dein-ferienhaus-lapalma.de\/es\/impressum\/","og_locale":"es_ES","og_type":"article","og_title":"Impressum","og_description":"Impressum Diensteanbieter Juliette Pinther 38769, Los Llanos de Aridane La Palma, Kanarische Inseln, Spanien Kontaktm\u00f6glichkeitenE-Mail-Adresse:","og_url":"https:\/\/dein-ferienhaus-lapalma.de\/es\/impressum\/","og_site_name":"dein-ferienhaus-lapalma.de","article_publisher":"https:\/\/www.facebook.com\/Dein-Ferienhaus-LaPalma-100755315590346","article_modified_time":"2021-09-11T08:52:26+00:00","og_image":[{"width":1200,"height":793,"url":"https:\/\/dein-ferienhaus-lapalma.de\/wp-content\/uploads\/2020\/12\/Logo-Bild-neu-Final-1200x793-1.png","type":"image\/png"}],"twitter_card":"summary_large_image","twitter_misc":{"Tiempo de lectura":"2 minutos"},"schema":{"@context":"https:\/\/schema.org","@graph":[{"@type":"WebPage","@id":"https:\/\/dein-ferienhaus-lapalma.de\/impressum\/","url":"https:\/\/dein-ferienhaus-lapalma.de\/impressum\/","name":"Pie de imprenta - your-holiday-home-lapalma.com","isPartOf":{"@id":"https:\/\/dein-ferienhaus-lapalma.de\/#website"},"datePublished":"2020-11-19T18:20:38+00:00","dateModified":"2021-09-11T08:52:26+00:00","breadcrumb":{"@id":"https:\/\/dein-ferienhaus-lapalma.de\/impressum\/#breadcrumb"},"inLanguage":"es","potentialAction":[{"@type":"ReadAction","target":["https:\/\/dein-ferienhaus-lapalma.de\/impressum\/"]}]},{"@type":"BreadcrumbList","@id":"https:\/\/dein-ferienhaus-lapalma.de\/impressum\/#breadcrumb","itemListElement":[{"@type":"ListItem","position":1,"name":"Home","item":"https:\/\/dein-ferienhaus-lapalma.de\/"},{"@type":"ListItem","position":2,"name":"Impressum"}]},{"@type":"WebSite","@id":"https:\/\/dein-ferienhaus-lapalma.de\/#website","url":"https:\/\/dein-ferienhaus-lapalma.de\/","name":"dein-ferienhaus-lapalma.de","description":"Grandes casas de vacaciones en La Palma","publisher":{"@id":"https:\/\/dein-ferienhaus-lapalma.de\/#organization"},"potentialAction":[{"@type":"SearchAction","target":{"@type":"EntryPoint","urlTemplate":"https:\/\/dein-ferienhaus-lapalma.de\/?s={search_term_string}"},"query-input":{"@type":"PropertyValueSpecification","valueRequired":true,"valueName":"search_term_string"}}],"inLanguage":"es"},{"@type":"Organization","@id":"https:\/\/dein-ferienhaus-lapalma.de\/#organization","name":"Su casa de vacaciones La Palma","url":"https:\/\/dein-ferienhaus-lapalma.de\/","logo":{"@type":"ImageObject","inLanguage":"es","@id":"https:\/\/dein-ferienhaus-lapalma.de\/#\/schema\/logo\/image\/","url":"","contentUrl":"","caption":"Dein Ferienhaus La Palma"},"image":{"@id":"https:\/\/dein-ferienhaus-lapalma.de\/#\/schema\/logo\/image\/"},"sameAs":["https:\/\/www.facebook.com\/Dein-Ferienhaus-LaPalma-100755315590346"]}]}},"_links":{"self":[{"href":"https:\/\/dein-ferienhaus-lapalma.de\/es\/wp-json\/wp\/v2\/pages\/41697","targetHints":{"allow":["GET"]}}],"collection":[{"href":"https:\/\/dein-ferienhaus-lapalma.de\/es\/wp-json\/wp\/v2\/pages"}],"about":[{"href":"https:\/\/dein-ferienhaus-lapalma.de\/es\/wp-json\/wp\/v2\/types\/page"}],"author":[{"embeddable":true,"href":"https:\/\/dein-ferienhaus-lapalma.de\/es\/wp-json\/wp\/v2\/users\/1"}],"replies":[{"embeddable":true,"href":"https:\/\/dein-ferienhaus-lapalma.de\/es\/wp-json\/wp\/v2\/comments?post=41697"}],"version-history":[{"count":0,"href":"https:\/\/dein-ferienhaus-lapalma.de\/es\/wp-json\/wp\/v2\/pages\/41697\/revisions"}],"wp:attachment":[{"href":"https:\/\/dein-ferienhaus-lapalma.de\/es\/wp-json\/wp\/v2\/media?parent=41697"}],"curies":[{"name":"wp","href":"https:\/\/api.w.org\/{rel}","templated":true}]}}