{"id":36163,"date":"2020-10-23T16:40:09","date_gmt":"2020-10-23T14:40:09","guid":{"rendered":"https:\/\/dein-ferienhaus-lapalma.de\/?page_id=36163"},"modified":"2025-04-28T16:02:49","modified_gmt":"2025-04-28T14:02:49","slug":"immobilien","status":"publish","type":"page","link":"https:\/\/dein-ferienhaus-lapalma.de\/nl\/unser-service\/immobilien\/","title":{"rendered":"Onroerend goed"},"content":{"rendered":"<div data-elementor-type=\"wp-page\" data-elementor-id=\"36163\" class=\"elementor elementor-36163\" data-elementor-post-type=\"page\">\n\t\t\t\t\t\t<section class=\"elementor-section elementor-top-section elementor-element elementor-element-41272be elementor-section-boxed elementor-section-height-default elementor-section-height-default\" data-id=\"41272be\" data-element_type=\"section\">\n\t\t\t\t\t\t<div class=\"elementor-container elementor-column-gap-default\">\n\t\t\t\t\t<div class=\"elementor-column elementor-col-100 elementor-top-column elementor-element elementor-element-1ef8957\" data-id=\"1ef8957\" data-element_type=\"column\">\n\t\t\t<div class=\"elementor-widget-wrap elementor-element-populated\">\n\t\t\t\t\t\t<div class=\"elementor-element elementor-element-2834a8e elementor-widget elementor-widget-text-editor\" data-id=\"2834a8e\" data-element_type=\"widget\" data-widget_type=\"text-editor.default\">\n\t\t\t\t<div class=\"elementor-widget-container\">\n\t\t\t\t\t\t\t<p class=\"font_8\"><a href=\"https:\/\/dein-ferienhaus-lapalma.de\/wp-content\/uploads\/2020\/10\/people-shaking-hands-toy-model-house-scaled.jpg\"><img fetchpriority=\"high\" decoding=\"async\" class=\"size-medium wp-image-36412 alignright\" src=\"https:\/\/dein-ferienhaus-lapalma.de\/wp-content\/uploads\/2020\/10\/people-shaking-hands-toy-model-house-300x200.jpg\" alt=\"\" width=\"300\" height=\"200\" srcset=\"https:\/\/dein-ferienhaus-lapalma.de\/wp-content\/uploads\/2020\/10\/people-shaking-hands-toy-model-house-300x200.jpg 300w, https:\/\/dein-ferienhaus-lapalma.de\/wp-content\/uploads\/2020\/10\/people-shaking-hands-toy-model-house-1024x684.jpg 1024w, https:\/\/dein-ferienhaus-lapalma.de\/wp-content\/uploads\/2020\/10\/people-shaking-hands-toy-model-house-768x513.jpg 768w, https:\/\/dein-ferienhaus-lapalma.de\/wp-content\/uploads\/2020\/10\/people-shaking-hands-toy-model-house-1536x1025.jpg 1536w, https:\/\/dein-ferienhaus-lapalma.de\/wp-content\/uploads\/2020\/10\/people-shaking-hands-toy-model-house-2048x1367.jpg 2048w, https:\/\/dein-ferienhaus-lapalma.de\/wp-content\/uploads\/2020\/10\/people-shaking-hands-toy-model-house-75x50.jpg 75w, https:\/\/dein-ferienhaus-lapalma.de\/wp-content\/uploads\/2020\/10\/people-shaking-hands-toy-model-house-120x80.jpg 120w, https:\/\/dein-ferienhaus-lapalma.de\/wp-content\/uploads\/2020\/10\/people-shaking-hands-toy-model-house-394x263.jpg 394w, https:\/\/dein-ferienhaus-lapalma.de\/wp-content\/uploads\/2020\/10\/people-shaking-hands-toy-model-house-915x611.jpg 915w, https:\/\/dein-ferienhaus-lapalma.de\/wp-content\/uploads\/2020\/10\/people-shaking-hands-toy-model-house-1240x828.jpg 1240w, https:\/\/dein-ferienhaus-lapalma.de\/wp-content\/uploads\/2020\/10\/people-shaking-hands-toy-model-house-1618x1080.jpg 1618w\" sizes=\"(max-width: 300px) 100vw, 300px\" \/><\/a><\/p><p>Wilt u een klein stukje eilandparadijs kopen en ontsnappen aan de drukte van de grote stad? Als u op zoek bent naar een unieke enclave van natuurlijke schoonheid en rust, wilt u zich dan wijden aan de zon en de kwaliteit van het leven?<br \/>U kunt een stuk grond kopen en het huis van uw dromen bouwen, met de hulp van professionals die wij u zullen doorverwijzen.<br \/>Het eiland verwelkomt zonnige, digitale of gewoon eilandliefhebbende mensen.<br \/>Vul ons formulier in en wij brengen u in contact met professionals uit de sector.<\/p><p>\u00a0<\/p>\t\t\t\t\t\t<\/div>\n\t\t\t\t<\/div>\n\t\t\t\t\t<\/div>\n\t\t<\/div>\n\t\t\t\t\t<\/div>\n\t\t<\/section>\n\t\t\t\t<\/div>","protected":false},"excerpt":{"rendered":"<p>Wil je een stukje paradijselijk eiland kopen en ontsnappen aan de drukte van de grote stad? Als je op zoek bent naar een unieke enclave van natuurlijke schoonheid en rust, je wilt wijden aan de zon en de kwaliteit van het leven, dan kun je een ... <a href=\"https:\/\/dein-ferienhaus-lapalma.de\/nl\/unser-service\/immobilien\/\">Meer lezen<\/a><\/p>","protected":false},"author":1,"featured_media":0,"parent":36142,"menu_order":6,"comment_status":"closed","ping_status":"closed","template":"","meta":{"footnotes":""},"class_list":["post-36163","page","type-page","status-publish","hentry"],"yoast_head":"<!-- This site is optimized with the Yoast SEO Premium plugin v23.3 (Yoast SEO v27.3) - https:\/\/yoast.com\/product\/yoast-seo-premium-wordpress\/ -->\n<title>Immobilien - dein-ferienhaus-lapalma.de<\/title>\n<meta name=\"robots\" content=\"index, follow, max-snippet:-1, max-image-preview:large, max-video-preview:-1\" \/>\n<link rel=\"canonical\" href=\"https:\/\/dein-ferienhaus-lapalma.de\/nl\/unser-service\/immobilien\/\" \/>\n<meta property=\"og:locale\" content=\"nl_NL\" \/>\n<meta property=\"og:type\" content=\"article\" \/>\n<meta property=\"og:title\" content=\"Immobilien\" \/>\n<meta property=\"og:description\" content=\"M\u00f6chten Sie ein kleines St\u00fcck des Inselparadieses kaufen und dem Trubel der Gro\u00dfstadt entfliehen? Wenn Sie auf der Suche nach einer einzigartigen Enklave\" \/>\n<meta property=\"og:url\" content=\"https:\/\/dein-ferienhaus-lapalma.de\/nl\/unser-service\/immobilien\/\" \/>\n<meta property=\"og:site_name\" content=\"dein-ferienhaus-lapalma.de\" \/>\n<meta property=\"article:publisher\" content=\"https:\/\/www.facebook.com\/Dein-Ferienhaus-LaPalma-100755315590346\" \/>\n<meta property=\"article:modified_time\" content=\"2025-04-28T14:02:49+00:00\" \/>\n<meta property=\"og:image\" content=\"https:\/\/dein-ferienhaus-lapalma.de\/wp-content\/uploads\/2020\/10\/people-shaking-hands-toy-model-house-scaled.jpg\" \/>\n\t<meta property=\"og:image:width\" content=\"2560\" \/>\n\t<meta property=\"og:image:height\" content=\"1709\" \/>\n\t<meta property=\"og:image:type\" content=\"image\/jpeg\" \/>\n<meta name=\"twitter:card\" content=\"summary_large_image\" \/>\n<meta name=\"twitter:label1\" content=\"Geschatte leestijd\" \/>\n\t<meta name=\"twitter:data1\" content=\"1 minuut\" \/>\n<script type=\"application\/ld+json\" class=\"yoast-schema-graph\">{\"@context\":\"https:\\\/\\\/schema.org\",\"@graph\":[{\"@type\":\"WebPage\",\"@id\":\"https:\\\/\\\/dein-ferienhaus-lapalma.de\\\/unser-service\\\/immobilien\\\/\",\"url\":\"https:\\\/\\\/dein-ferienhaus-lapalma.de\\\/unser-service\\\/immobilien\\\/\",\"name\":\"Immobilien - dein-ferienhaus-lapalma.de\",\"isPartOf\":{\"@id\":\"https:\\\/\\\/dein-ferienhaus-lapalma.de\\\/#website\"},\"primaryImageOfPage\":{\"@id\":\"https:\\\/\\\/dein-ferienhaus-lapalma.de\\\/unser-service\\\/immobilien\\\/#primaryimage\"},\"image\":{\"@id\":\"https:\\\/\\\/dein-ferienhaus-lapalma.de\\\/unser-service\\\/immobilien\\\/#primaryimage\"},\"thumbnailUrl\":\"https:\\\/\\\/dein-ferienhaus-lapalma.de\\\/wp-content\\\/uploads\\\/2020\\\/10\\\/people-shaking-hands-toy-model-house-300x200.jpg\",\"datePublished\":\"2020-10-23T14:40:09+00:00\",\"dateModified\":\"2025-04-28T14:02:49+00:00\",\"breadcrumb\":{\"@id\":\"https:\\\/\\\/dein-ferienhaus-lapalma.de\\\/unser-service\\\/immobilien\\\/#breadcrumb\"},\"inLanguage\":\"nl-NL\",\"potentialAction\":[{\"@type\":\"ReadAction\",\"target\":[\"https:\\\/\\\/dein-ferienhaus-lapalma.de\\\/unser-service\\\/immobilien\\\/\"]}]},{\"@type\":\"ImageObject\",\"inLanguage\":\"nl-NL\",\"@id\":\"https:\\\/\\\/dein-ferienhaus-lapalma.de\\\/unser-service\\\/immobilien\\\/#primaryimage\",\"url\":\"https:\\\/\\\/dein-ferienhaus-lapalma.de\\\/wp-content\\\/uploads\\\/2020\\\/10\\\/people-shaking-hands-toy-model-house-300x200.jpg\",\"contentUrl\":\"https:\\\/\\\/dein-ferienhaus-lapalma.de\\\/wp-content\\\/uploads\\\/2020\\\/10\\\/people-shaking-hands-toy-model-house-300x200.jpg\"},{\"@type\":\"BreadcrumbList\",\"@id\":\"https:\\\/\\\/dein-ferienhaus-lapalma.de\\\/unser-service\\\/immobilien\\\/#breadcrumb\",\"itemListElement\":[{\"@type\":\"ListItem\",\"position\":1,\"name\":\"Home\",\"item\":\"https:\\\/\\\/dein-ferienhaus-lapalma.de\\\/\"},{\"@type\":\"ListItem\",\"position\":2,\"name\":\"Unser Service\",\"item\":\"https:\\\/\\\/dein-ferienhaus-lapalma.de\\\/unser-service\\\/\"},{\"@type\":\"ListItem\",\"position\":3,\"name\":\"Immobilien\"}]},{\"@type\":\"WebSite\",\"@id\":\"https:\\\/\\\/dein-ferienhaus-lapalma.de\\\/#website\",\"url\":\"https:\\\/\\\/dein-ferienhaus-lapalma.de\\\/\",\"name\":\"dein-ferienhaus-lapalma.de\",\"description\":\"Tolle Ferienh\u00e4user auf La Palma\",\"publisher\":{\"@id\":\"https:\\\/\\\/dein-ferienhaus-lapalma.de\\\/#organization\"},\"potentialAction\":[{\"@type\":\"SearchAction\",\"target\":{\"@type\":\"EntryPoint\",\"urlTemplate\":\"https:\\\/\\\/dein-ferienhaus-lapalma.de\\\/?s={search_term_string}\"},\"query-input\":{\"@type\":\"PropertyValueSpecification\",\"valueRequired\":true,\"valueName\":\"search_term_string\"}}],\"inLanguage\":\"nl-NL\"},{\"@type\":\"Organization\",\"@id\":\"https:\\\/\\\/dein-ferienhaus-lapalma.de\\\/#organization\",\"name\":\"Dein Ferienhaus La Palma\",\"url\":\"https:\\\/\\\/dein-ferienhaus-lapalma.de\\\/\",\"logo\":{\"@type\":\"ImageObject\",\"inLanguage\":\"nl-NL\",\"@id\":\"https:\\\/\\\/dein-ferienhaus-lapalma.de\\\/#\\\/schema\\\/logo\\\/image\\\/\",\"url\":\"\",\"contentUrl\":\"\",\"caption\":\"Dein Ferienhaus La Palma\"},\"image\":{\"@id\":\"https:\\\/\\\/dein-ferienhaus-lapalma.de\\\/#\\\/schema\\\/logo\\\/image\\\/\"},\"sameAs\":[\"https:\\\/\\\/www.facebook.com\\\/Dein-Ferienhaus-LaPalma-100755315590346\"]}]}<\/script>\n<!-- \/ Yoast SEO Premium plugin. -->","yoast_head_json":{"title":"Onroerend goed - uw-vakantie-huis-lapalma.com","robots":{"index":"index","follow":"follow","max-snippet":"max-snippet:-1","max-image-preview":"max-image-preview:large","max-video-preview":"max-video-preview:-1"},"canonical":"https:\/\/dein-ferienhaus-lapalma.de\/nl\/unser-service\/immobilien\/","og_locale":"nl_NL","og_type":"article","og_title":"Immobilien","og_description":"M\u00f6chten Sie ein kleines St\u00fcck des Inselparadieses kaufen und dem Trubel der Gro\u00dfstadt entfliehen? Wenn Sie auf der Suche nach einer einzigartigen Enklave","og_url":"https:\/\/dein-ferienhaus-lapalma.de\/nl\/unser-service\/immobilien\/","og_site_name":"dein-ferienhaus-lapalma.de","article_publisher":"https:\/\/www.facebook.com\/Dein-Ferienhaus-LaPalma-100755315590346","article_modified_time":"2025-04-28T14:02:49+00:00","og_image":[{"width":2560,"height":1709,"url":"https:\/\/dein-ferienhaus-lapalma.de\/wp-content\/uploads\/2020\/10\/people-shaking-hands-toy-model-house-scaled.jpg","type":"image\/jpeg"}],"twitter_card":"summary_large_image","twitter_misc":{"Geschatte leestijd":"1 minuut"},"schema":{"@context":"https:\/\/schema.org","@graph":[{"@type":"WebPage","@id":"https:\/\/dein-ferienhaus-lapalma.de\/unser-service\/immobilien\/","url":"https:\/\/dein-ferienhaus-lapalma.de\/unser-service\/immobilien\/","name":"Onroerend goed - uw-vakantie-huis-lapalma.com","isPartOf":{"@id":"https:\/\/dein-ferienhaus-lapalma.de\/#website"},"primaryImageOfPage":{"@id":"https:\/\/dein-ferienhaus-lapalma.de\/unser-service\/immobilien\/#primaryimage"},"image":{"@id":"https:\/\/dein-ferienhaus-lapalma.de\/unser-service\/immobilien\/#primaryimage"},"thumbnailUrl":"https:\/\/dein-ferienhaus-lapalma.de\/wp-content\/uploads\/2020\/10\/people-shaking-hands-toy-model-house-300x200.jpg","datePublished":"2020-10-23T14:40:09+00:00","dateModified":"2025-04-28T14:02:49+00:00","breadcrumb":{"@id":"https:\/\/dein-ferienhaus-lapalma.de\/unser-service\/immobilien\/#breadcrumb"},"inLanguage":"nl-NL","potentialAction":[{"@type":"ReadAction","target":["https:\/\/dein-ferienhaus-lapalma.de\/unser-service\/immobilien\/"]}]},{"@type":"ImageObject","inLanguage":"nl-NL","@id":"https:\/\/dein-ferienhaus-lapalma.de\/unser-service\/immobilien\/#primaryimage","url":"https:\/\/dein-ferienhaus-lapalma.de\/wp-content\/uploads\/2020\/10\/people-shaking-hands-toy-model-house-300x200.jpg","contentUrl":"https:\/\/dein-ferienhaus-lapalma.de\/wp-content\/uploads\/2020\/10\/people-shaking-hands-toy-model-house-300x200.jpg"},{"@type":"BreadcrumbList","@id":"https:\/\/dein-ferienhaus-lapalma.de\/unser-service\/immobilien\/#breadcrumb","itemListElement":[{"@type":"ListItem","position":1,"name":"Home","item":"https:\/\/dein-ferienhaus-lapalma.de\/"},{"@type":"ListItem","position":2,"name":"Unser Service","item":"https:\/\/dein-ferienhaus-lapalma.de\/unser-service\/"},{"@type":"ListItem","position":3,"name":"Immobilien"}]},{"@type":"WebSite","@id":"https:\/\/dein-ferienhaus-lapalma.de\/#website","url":"https:\/\/dein-ferienhaus-lapalma.de\/","name":"dein-ferienhaus-lapalma.de","description":"Geweldige vakantiehuizen op La Palma","publisher":{"@id":"https:\/\/dein-ferienhaus-lapalma.de\/#organization"},"potentialAction":[{"@type":"SearchAction","target":{"@type":"EntryPoint","urlTemplate":"https:\/\/dein-ferienhaus-lapalma.de\/?s={search_term_string}"},"query-input":{"@type":"PropertyValueSpecification","valueRequired":true,"valueName":"search_term_string"}}],"inLanguage":"nl-NL"},{"@type":"Organization","@id":"https:\/\/dein-ferienhaus-lapalma.de\/#organization","name":"Je vakantiehuis La Palma","url":"https:\/\/dein-ferienhaus-lapalma.de\/","logo":{"@type":"ImageObject","inLanguage":"nl-NL","@id":"https:\/\/dein-ferienhaus-lapalma.de\/#\/schema\/logo\/image\/","url":"","contentUrl":"","caption":"Dein Ferienhaus La Palma"},"image":{"@id":"https:\/\/dein-ferienhaus-lapalma.de\/#\/schema\/logo\/image\/"},"sameAs":["https:\/\/www.facebook.com\/Dein-Ferienhaus-LaPalma-100755315590346"]}]}},"_links":{"self":[{"href":"https:\/\/dein-ferienhaus-lapalma.de\/nl\/wp-json\/wp\/v2\/pages\/36163","targetHints":{"allow":["GET"]}}],"collection":[{"href":"https:\/\/dein-ferienhaus-lapalma.de\/nl\/wp-json\/wp\/v2\/pages"}],"about":[{"href":"https:\/\/dein-ferienhaus-lapalma.de\/nl\/wp-json\/wp\/v2\/types\/page"}],"author":[{"embeddable":true,"href":"https:\/\/dein-ferienhaus-lapalma.de\/nl\/wp-json\/wp\/v2\/users\/1"}],"replies":[{"embeddable":true,"href":"https:\/\/dein-ferienhaus-lapalma.de\/nl\/wp-json\/wp\/v2\/comments?post=36163"}],"version-history":[{"count":3,"href":"https:\/\/dein-ferienhaus-lapalma.de\/nl\/wp-json\/wp\/v2\/pages\/36163\/revisions"}],"predecessor-version":[{"id":372747,"href":"https:\/\/dein-ferienhaus-lapalma.de\/nl\/wp-json\/wp\/v2\/pages\/36163\/revisions\/372747"}],"up":[{"embeddable":true,"href":"https:\/\/dein-ferienhaus-lapalma.de\/nl\/wp-json\/wp\/v2\/pages\/36142"}],"wp:attachment":[{"href":"https:\/\/dein-ferienhaus-lapalma.de\/nl\/wp-json\/wp\/v2\/media?parent=36163"}],"curies":[{"name":"wp","href":"https:\/\/api.w.org\/{rel}","templated":true}]}}