{"id":36215,"date":"2020-10-23T16:54:44","date_gmt":"2020-10-23T14:54:44","guid":{"rendered":"https:\/\/dein-ferienhaus-lapalma.de\/?page_id=36215"},"modified":"2024-10-16T20:57:30","modified_gmt":"2024-10-16T18:57:30","slug":"la-palma","status":"publish","type":"page","link":"https:\/\/dein-ferienhaus-lapalma.de\/nl\/la-palma\/","title":{"rendered":"La Palma"},"content":{"rendered":"<div data-elementor-type=\"wp-page\" data-elementor-id=\"36215\" class=\"elementor elementor-36215\" data-elementor-post-type=\"page\">\n\t\t\t\t\t\t<section class=\"elementor-section elementor-top-section elementor-element elementor-element-016ac04 elementor-section-boxed elementor-section-height-default elementor-section-height-default\" data-id=\"016ac04\" data-element_type=\"section\">\n\t\t\t\t\t\t<div class=\"elementor-container elementor-column-gap-default\">\n\t\t\t\t\t<div class=\"elementor-column elementor-col-100 elementor-top-column elementor-element elementor-element-d95f2f7\" data-id=\"d95f2f7\" data-element_type=\"column\">\n\t\t\t<div class=\"elementor-widget-wrap elementor-element-populated\">\n\t\t\t\t\t\t<div class=\"elementor-element elementor-element-08bcad7 elementor-widget__width-initial elementor-widget elementor-widget-video\" data-id=\"08bcad7\" data-element_type=\"widget\" data-settings=\"{&quot;video_type&quot;:&quot;hosted&quot;,&quot;autoplay&quot;:&quot;yes&quot;,&quot;play_on_mobile&quot;:&quot;yes&quot;,&quot;mute&quot;:&quot;yes&quot;,&quot;loop&quot;:&quot;yes&quot;}\" data-widget_type=\"video.default\">\n\t\t\t\t<div class=\"elementor-widget-container\">\n\t\t\t\t\t<div class=\"e-hosted-video elementor-wrapper elementor-open-inline\">\n\t\t\t\t\t<video class=\"elementor-video\" src=\"https:\/\/dein-ferienhaus-lapalma.de\/wp-content\/uploads\/2020\/10\/cascada-nubes-LA-PALMA-7-seg.mp4\" autoplay=\"\" loop=\"\" muted=\"muted\" playsinline=\"\" controlslist=\"nodownload\"><\/video>\n\t\t\t\t<\/div>\n\t\t\t\t<\/div>\n\t\t\t\t<\/div>\n\t\t\t\t<div class=\"elementor-element elementor-element-313db59 elementor-widget__width-initial elementor-widget elementor-widget-video\" data-id=\"313db59\" data-element_type=\"widget\" data-settings=\"{&quot;video_type&quot;:&quot;hosted&quot;,&quot;autoplay&quot;:&quot;yes&quot;,&quot;play_on_mobile&quot;:&quot;yes&quot;,&quot;mute&quot;:&quot;yes&quot;,&quot;loop&quot;:&quot;yes&quot;}\" data-widget_type=\"video.default\">\n\t\t\t\t<div class=\"elementor-widget-container\">\n\t\t\t\t\t<div class=\"e-hosted-video elementor-wrapper elementor-open-inline\">\n\t\t\t\t\t<video class=\"elementor-video\" src=\"https:\/\/dein-ferienhaus-lapalma.de\/wp-content\/uploads\/2020\/10\/cascada-nubes-LA-PALMA-7-seg.mp4\" autoplay=\"\" loop=\"\" muted=\"muted\" playsinline=\"\" controlslist=\"nodownload\"><\/video>\n\t\t\t\t<\/div>\n\t\t\t\t<\/div>\n\t\t\t\t<\/div>\n\t\t\t\t<div class=\"elementor-element elementor-element-f74b505 elementor-widget elementor-widget-heading\" data-id=\"f74b505\" data-element_type=\"widget\" data-widget_type=\"heading.default\">\n\t\t\t\t<div class=\"elementor-widget-container\">\n\t\t\t<h2 class=\"elementor-heading-title elementor-size-default\"><br>La Palma<\/h2>\t\t<\/div>\n\t\t\t\t<\/div>\n\t\t\t\t\t<\/div>\n\t\t<\/div>\n\t\t\t\t\t<\/div>\n\t\t<\/section>\n\t\t\t\t<section class=\"elementor-section elementor-top-section elementor-element elementor-element-ab296b0 elementor-section-boxed elementor-section-height-default elementor-section-height-default\" data-id=\"ab296b0\" data-element_type=\"section\">\n\t\t\t\t\t\t<div class=\"elementor-container elementor-column-gap-default\">\n\t\t\t\t\t<div class=\"elementor-column elementor-col-100 elementor-top-column elementor-element elementor-element-8d4ebba\" data-id=\"8d4ebba\" data-element_type=\"column\">\n\t\t\t<div class=\"elementor-widget-wrap elementor-element-populated\">\n\t\t\t\t\t\t<div class=\"elementor-element elementor-element-af25d71 elementor-widget elementor-widget-text-editor\" data-id=\"af25d71\" data-element_type=\"widget\" data-widget_type=\"text-editor.default\">\n\t\t\t\t<div class=\"elementor-widget-container\">\n\t\t\t\t\t\t\t<p>San Miguel de la Palma is het meest noordwestelijke eiland van de Canarische Eilanden in de Atlantische Oceaan.  Het is van vulkanische oorsprong en heeft zich gevormd met vele vulkanische kraters en lavastromen. In het centrum ervan, in het Nationaal Park Caldera de Taburiente, de grootste vulkanische caldera ter wereld, bevindt zich een inactieve vulkaan.<\/p><p>La Palma staat bekend als \"la Isla Bonita\", het mooie eiland. Vooral vanwege zijn laurierbossen, de Canarische dennenbossen die water direct uit de wolken opvangen, waardoor een atmosferisch verschijnsel ontstaat dat bekend staat als horinzontale regen. Dankzij het milde klimaat kunnen de bezoekers van het eiland genieten. Het eiland heeft 11 verschillende microklimaten. In het midden van het eiland is een tunnel die de bergketen doorkruist die het eiland scheidt.het is bekend als de weertunnel \"de windtunnel\", het kan van de mist naar de zon.<\/p><p>\u00a0<\/p><p>Dat maakt het tot een plaats die door zijn orografie uniek is in de wereld en die goede energie\u00ebn in je ziel zal sturen.<\/p><p><a href=\"https:\/\/dein-ferienhaus-lapalma.de\/nl\/aktivitaeten\/wandern\/\">Wandelaars<\/a>Natuurliefhebbers en zonaanbidders zullen verrukt zijn door de onvergelijkbare charme.<\/p><p>Vanwege de ligging in de wereld en de zuiverheid van de lucht, hebben wetenschappers op de Roque de los Muchachos, met 2426m hoogte de hoogste berg van La Palma een keten van stene observatoria ge\u00efnstalleerd, waarvan er \u00e9\u00e9n de grootste astronomische telescoop van het noordelijk halfrond is, de <a href=\"http:\/\/www.gtc.iac.es\/\">GRANTECAN<\/a> (Gran Telecopio de Canarias) met een diameter van 10,40 meter.of zelfs Cherenkov-telescopen voor het meten van gammastralen. Momenteel wordt gesproken over een alternatieve locatie voor de nieuwe TMT-reuzentelescoop op Hawaii.<\/p><p>De bosbranden, die het gevolg zijn van de vulkaanuitbarstingen, hebben de groei gestimuleerd van een aan de omgeving aangepaste Canarische den, die zich in 8 tot 10 jaar na de passage van de brand regenereert. Al na een jaar ontspruiten de jonge dennennaalden uit de verkoolde schors van de dennen.<\/p><p>Laat u imponeren door de contrastrijke landschappen van dennenbossen, laurierbossen, <a href=\"https:\/\/dein-ferienhaus-lapalma.de\/nl\/weine\/\">Wijngaarden<\/a>bananenplantages, verschillende fruitplantages, die bijzonder tropisch zijn door het klimaat van het eiland, tot diepe kloven of inhammen en verborgen <a href=\"https:\/\/dein-ferienhaus-lapalma.de\/nl\/la-palma\/straende\/\">Stranden<\/a>.<\/p><p>La Palma nodigt haar passieve of actieve vakantiegangers uit om deel te nemen aan sportieve activiteiten zoals <a href=\"https:\/\/dein-ferienhaus-lapalma.de\/nl\/aktivitaeten\/wandern\/\">Wandelen<\/a>, <a href=\"https:\/\/dein-ferienhaus-lapalma.de\/nl\/aktivitaeten\/biken\/\">Mountainbike<\/a>- of <a href=\"https:\/\/dein-ferienhaus-lapalma.de\/nl\/aktivitaeten\/\">Paardrijtochten<\/a> en nog veel meer, zoals een <a href=\"https:\/\/dein-ferienhaus-lapalma.de\/nl\/aktivitaeten\/\">Boottocht<\/a>om het eiland beter te leren kennen vanuit zee, met waarnemingen van dolfijnen, walvissen en allerlei soorten zeefauna.<\/p><p>Een van de kenmerken van de Canarische Eilanden is de vriendelijke bevolking. Hun dorpen hebben hun eigen bijzondere charme en hun steden zijn vol winkels waar u een souvenir, een blouse voor deze vakantie of een wijn van het eiland kunt kopen. Mis niet de vele <a href=\"https:\/\/dein-ferienhaus-lapalma.de\/nl\/la-palma\/restaurants\/\">Restaurants op La Palma<\/a>die, naast de typische Canarische keuken met zijn onmiskenbare \"papas arrugadas\" (gerimpelde aardappelen) en zijn beroemde \"mojos\"-sauzen en avant-garde keuken, ook verrassingen hebben zoals veganistisch en vegetarisch eten en gerechten voor mensen met lactose- en glutenallergie. U kunt ook kleine restaurantjes aan de kust bezoeken om verse vis of zeevruchten van het eiland te proeven.<br \/>De architectuur van hun huizen of onze vakantiewoningen heeft muren van zwarte lavastenen en hun daken zijn gemaakt van tea-hout (het hart van de Canarische dennen).<br \/>De stranden van La Palma zijn van zwart zand, ideaal voor zonaanbidders, en hebben kleine baaien waar u in de Atlantische Oceaan kunt zwemmen, vaak alleen voor uzelf.<\/p><p>\u00a0<\/p>\t\t\t\t\t\t<\/div>\n\t\t\t\t<\/div>\n\t\t\t\t<section class=\"elementor-section elementor-inner-section elementor-element elementor-element-f01838d elementor-section-boxed elementor-section-height-default elementor-section-height-default\" data-id=\"f01838d\" data-element_type=\"section\">\n\t\t\t\t\t\t<div class=\"elementor-container elementor-column-gap-default\">\n\t\t\t\t\t<div class=\"elementor-column elementor-col-50 elementor-inner-column elementor-element elementor-element-75559ed\" data-id=\"75559ed\" data-element_type=\"column\">\n\t\t\t<div class=\"elementor-widget-wrap elementor-element-populated\">\n\t\t\t\t\t\t<div class=\"elementor-element elementor-element-ce9955a elementor-widget elementor-widget-text-editor\" data-id=\"ce9955a\" data-element_type=\"widget\" data-widget_type=\"text-editor.default\">\n\t\t\t\t<div class=\"elementor-widget-container\">\n\t\t\t\t\t\t\t<p class=\"font_8\">Om dit gevoel dat het \"mooie eiland\" uitdrukt tot uitdrukking te brengen, bevelen wij een boek aan van een auteur die op het eiland woont.<\/p><p class=\"font_8\">\u00a0<\/p><p class=\"font_8\">\u00a0<\/p><p class=\"font_8\">\u00a0<\/p><p class=\"font_8\">\u00a0<\/p><p>\u00a0<\/p><p>\u00a0<\/p>\t\t\t\t\t\t<\/div>\n\t\t\t\t<\/div>\n\t\t\t\t\t<\/div>\n\t\t<\/div>\n\t\t\t\t<div class=\"elementor-column elementor-col-50 elementor-inner-column elementor-element elementor-element-2efcf35\" data-id=\"2efcf35\" data-element_type=\"column\">\n\t\t\t<div class=\"elementor-widget-wrap elementor-element-populated\">\n\t\t\t\t\t\t<div class=\"elementor-element elementor-element-c0e1133 elementor-widget__width-initial elementor-absolute elementor-widget elementor-widget-image\" data-id=\"c0e1133\" data-element_type=\"widget\" data-settings=\"{&quot;_position&quot;:&quot;absolute&quot;}\" data-widget_type=\"image.default\">\n\t\t\t\t<div class=\"elementor-widget-container\">\n\t\t\t\t\t\t\t\t\t\t\t\t\t\t<a href=\"https:\/\/ines-dietrich.jimdofree.com\/\">\n\t\t\t\t\t\t\t<img fetchpriority=\"high\" decoding=\"async\" width=\"189\" height=\"300\" src=\"https:\/\/dein-ferienhaus-lapalma.de\/wp-content\/uploads\/2020\/10\/LIBRO-INES-189x300.jpg\" class=\"attachment-medium size-medium wp-image-37424\" alt=\"\" srcset=\"https:\/\/dein-ferienhaus-lapalma.de\/wp-content\/uploads\/2020\/10\/LIBRO-INES-189x300.jpg 189w, https:\/\/dein-ferienhaus-lapalma.de\/wp-content\/uploads\/2020\/10\/LIBRO-INES-32x50.jpg 32w, https:\/\/dein-ferienhaus-lapalma.de\/wp-content\/uploads\/2020\/10\/LIBRO-INES-50x80.jpg 50w, https:\/\/dein-ferienhaus-lapalma.de\/wp-content\/uploads\/2020\/10\/LIBRO-INES-191x303.jpg 191w, https:\/\/dein-ferienhaus-lapalma.de\/wp-content\/uploads\/2020\/10\/LIBRO-INES-442x700.jpg 442w, https:\/\/dein-ferienhaus-lapalma.de\/wp-content\/uploads\/2020\/10\/LIBRO-INES-600x950.jpg 600w, https:\/\/dein-ferienhaus-lapalma.de\/wp-content\/uploads\/2020\/10\/LIBRO-INES.jpg 640w\" sizes=\"(max-width: 189px) 100vw, 189px\" \/>\t\t\t\t\t\t\t\t<\/a>\n\t\t\t\t\t\t\t\t\t\t\t\t\t<\/div>\n\t\t\t\t<\/div>\n\t\t\t\t\t<\/div>\n\t\t<\/div>\n\t\t\t\t\t<\/div>\n\t\t<\/section>\n\t\t\t\t\t<\/div>\n\t\t<\/div>\n\t\t\t\t\t<\/div>\n\t\t<\/section>\n\t\t\t\t<section class=\"elementor-section elementor-top-section elementor-element elementor-element-53dada7 elementor-section-boxed elementor-section-height-default elementor-section-height-default\" data-id=\"53dada7\" data-element_type=\"section\">\n\t\t\t\t\t\t<div class=\"elementor-container elementor-column-gap-default\">\n\t\t\t\t\t<div class=\"elementor-column elementor-col-100 elementor-top-column elementor-element elementor-element-256d159\" data-id=\"256d159\" data-element_type=\"column\">\n\t\t\t<div class=\"elementor-widget-wrap elementor-element-populated\">\n\t\t\t\t\t\t<div class=\"elementor-element elementor-element-e6cb652 elementor-widget__width-initial elementor-widget elementor-widget-text-editor\" data-id=\"e6cb652\" data-element_type=\"widget\" data-widget_type=\"text-editor.default\">\n\t\t\t\t<div class=\"elementor-widget-container\">\n\t\t\t\t\t\t\t<p class=\"font_8\">La Palma is met zijn gevarieerde omgeving en natuur de perfecte locatie voor het opnemen van films, documentaires, televisieprogramma's en reclamespots. Wat van de regering zulke producties vergemakkelijkt. Een voorbeeld hiervan is de verfilming van de <a href=\"https:\/\/www.facebook.com\/lapalmafilm\/\">Film<\/a> \"La Palma\" van regisseur Erec Brehmer, waaraan acteurs Marlen Lohse en Daniel Strasse meewerkten.<\/p><p class=\"font_8\">\u00a0<\/p>\t\t\t\t\t\t<\/div>\n\t\t\t\t<\/div>\n\t\t\t\t<div class=\"elementor-element elementor-element-4acc89d elementor-widget__width-initial elementor-widget elementor-widget-video\" data-id=\"4acc89d\" data-element_type=\"widget\" data-settings=\"{&quot;youtube_url&quot;:&quot;https:\\\/\\\/www.youtube.com\\\/watch?v=8hlPyeSZTvk&amp;t=41s&quot;,&quot;mute&quot;:&quot;yes&quot;,&quot;video_type&quot;:&quot;youtube&quot;,&quot;controls&quot;:&quot;yes&quot;}\" data-widget_type=\"video.default\">\n\t\t\t\t<div class=\"elementor-widget-container\">\n\t\t\t\t\t<div class=\"elementor-wrapper elementor-open-inline\">\n\t\t\t<div class=\"elementor-video\"><\/div>\t\t<\/div>\n\t\t\t\t<\/div>\n\t\t\t\t<\/div>\n\t\t\t\t\t<\/div>\n\t\t<\/div>\n\t\t\t\t\t<\/div>\n\t\t<\/section>\n\t\t\t\t<\/div>","protected":false},"excerpt":{"rendered":"<p>https:\/\/dein-ferienhaus-lapalma.de\/wp-content\/uploads\/2020\/10\/cascada-nubes-LA-PALMA-7-seg.mp4https:\/\/dein-ferienhaus-lapalma.de\/wp-content\/uploads\/2020\/10\/cascada-nubes-LA-PALMA-7-seg.mp4 La Palma San Miguel de la Palma is het meest noordwestelijke eiland van de Canarische Eilanden in de Atlantische Oceaan.  Het is van vulkanische oorsprong en heeft zich gevormd met vele vulkaankraters en lavastromen. In het midden, in het Nationaal Park Caldera de Taburiente, ... <a href=\"https:\/\/dein-ferienhaus-lapalma.de\/nl\/la-palma\/\">Meer lezen<\/a><\/p>","protected":false},"author":1,"featured_media":51794,"parent":0,"menu_order":0,"comment_status":"closed","ping_status":"closed","template":"","meta":{"footnotes":""},"class_list":["post-36215","page","type-page","status-publish","has-post-thumbnail","hentry"],"yoast_head":"<!-- This site is optimized with the Yoast SEO Premium plugin v23.3 (Yoast SEO v27.4) - https:\/\/yoast.com\/product\/yoast-seo-premium-wordpress\/ -->\n<title>La Palma - dein-ferienhaus-lapalma.de<\/title>\n<meta name=\"description\" content=\"La Palma, die wundersch\u00f6ne, authentische Kanareninsel im Atlantik mit ihrer vielf\u00e4ltigen Natur, den hohen Bergen, ihren herzlichen Menschen\" \/>\n<meta name=\"robots\" content=\"index, follow, max-snippet:-1, max-image-preview:large, max-video-preview:-1\" \/>\n<link rel=\"canonical\" href=\"https:\/\/dein-ferienhaus-lapalma.de\/nl\/la-palma\/\" \/>\n<meta property=\"og:locale\" content=\"nl_NL\" \/>\n<meta property=\"og:type\" content=\"article\" \/>\n<meta property=\"og:title\" content=\"La Palma\" \/>\n<meta property=\"og:description\" content=\"https:\/\/dein-ferienhaus-lapalma.de\/wp-content\/uploads\/2020\/10\/cascada-nubes-LA-PALMA-7-seg.mp4https:\/\/dein-ferienhaus-lapalma.de\/wp-content\/uploads\/2020\/10\/\" \/>\n<meta property=\"og:url\" content=\"https:\/\/dein-ferienhaus-lapalma.de\/nl\/la-palma\/\" \/>\n<meta property=\"og:site_name\" content=\"dein-ferienhaus-lapalma.de\" \/>\n<meta property=\"article:publisher\" content=\"https:\/\/www.facebook.com\/Dein-Ferienhaus-LaPalma-100755315590346\" \/>\n<meta property=\"article:modified_time\" content=\"2024-10-16T18:57:30+00:00\" \/>\n<meta property=\"og:image\" content=\"https:\/\/dein-ferienhaus-lapalma.de\/wp-content\/uploads\/2022\/04\/pabellon-de-miramar-ferienhaus-lapalma-006.jpg\" \/>\n\t<meta property=\"og:image:width\" content=\"750\" \/>\n\t<meta property=\"og:image:height\" content=\"485\" \/>\n\t<meta property=\"og:image:type\" content=\"image\/jpeg\" \/>\n<meta name=\"twitter:card\" content=\"summary_large_image\" \/>\n<meta name=\"twitter:label1\" content=\"Geschatte leestijd\" \/>\n\t<meta name=\"twitter:data1\" content=\"4 minuten\" \/>\n<script type=\"application\/ld+json\" class=\"yoast-schema-graph\">{\"@context\":\"https:\\\/\\\/schema.org\",\"@graph\":[{\"@type\":\"WebPage\",\"@id\":\"https:\\\/\\\/dein-ferienhaus-lapalma.de\\\/la-palma\\\/\",\"url\":\"https:\\\/\\\/dein-ferienhaus-lapalma.de\\\/la-palma\\\/\",\"name\":\"La Palma - dein-ferienhaus-lapalma.de\",\"isPartOf\":{\"@id\":\"https:\\\/\\\/dein-ferienhaus-lapalma.de\\\/#website\"},\"primaryImageOfPage\":{\"@id\":\"https:\\\/\\\/dein-ferienhaus-lapalma.de\\\/la-palma\\\/#primaryimage\"},\"image\":{\"@id\":\"https:\\\/\\\/dein-ferienhaus-lapalma.de\\\/la-palma\\\/#primaryimage\"},\"thumbnailUrl\":\"https:\\\/\\\/dein-ferienhaus-lapalma.de\\\/wp-content\\\/uploads\\\/2022\\\/04\\\/pabellon-de-miramar-ferienhaus-lapalma-006.jpg\",\"datePublished\":\"2020-10-23T14:54:44+00:00\",\"dateModified\":\"2024-10-16T18:57:30+00:00\",\"description\":\"La Palma, die wundersch\u00f6ne, authentische Kanareninsel im Atlantik mit ihrer vielf\u00e4ltigen Natur, den hohen Bergen, ihren herzlichen Menschen\",\"breadcrumb\":{\"@id\":\"https:\\\/\\\/dein-ferienhaus-lapalma.de\\\/la-palma\\\/#breadcrumb\"},\"inLanguage\":\"nl-NL\",\"potentialAction\":[{\"@type\":\"ReadAction\",\"target\":[\"https:\\\/\\\/dein-ferienhaus-lapalma.de\\\/la-palma\\\/\"]}]},{\"@type\":\"ImageObject\",\"inLanguage\":\"nl-NL\",\"@id\":\"https:\\\/\\\/dein-ferienhaus-lapalma.de\\\/la-palma\\\/#primaryimage\",\"url\":\"https:\\\/\\\/dein-ferienhaus-lapalma.de\\\/wp-content\\\/uploads\\\/2022\\\/04\\\/pabellon-de-miramar-ferienhaus-lapalma-006.jpg\",\"contentUrl\":\"https:\\\/\\\/dein-ferienhaus-lapalma.de\\\/wp-content\\\/uploads\\\/2022\\\/04\\\/pabellon-de-miramar-ferienhaus-lapalma-006.jpg\",\"width\":750,\"height\":485},{\"@type\":\"BreadcrumbList\",\"@id\":\"https:\\\/\\\/dein-ferienhaus-lapalma.de\\\/la-palma\\\/#breadcrumb\",\"itemListElement\":[{\"@type\":\"ListItem\",\"position\":1,\"name\":\"Home\",\"item\":\"https:\\\/\\\/dein-ferienhaus-lapalma.de\\\/\"},{\"@type\":\"ListItem\",\"position\":2,\"name\":\"La Palma\"}]},{\"@type\":\"WebSite\",\"@id\":\"https:\\\/\\\/dein-ferienhaus-lapalma.de\\\/#website\",\"url\":\"https:\\\/\\\/dein-ferienhaus-lapalma.de\\\/\",\"name\":\"dein-ferienhaus-lapalma.de\",\"description\":\"Tolle Ferienh\u00e4user auf La Palma\",\"publisher\":{\"@id\":\"https:\\\/\\\/dein-ferienhaus-lapalma.de\\\/#organization\"},\"potentialAction\":[{\"@type\":\"SearchAction\",\"target\":{\"@type\":\"EntryPoint\",\"urlTemplate\":\"https:\\\/\\\/dein-ferienhaus-lapalma.de\\\/?s={search_term_string}\"},\"query-input\":{\"@type\":\"PropertyValueSpecification\",\"valueRequired\":true,\"valueName\":\"search_term_string\"}}],\"inLanguage\":\"nl-NL\"},{\"@type\":\"Organization\",\"@id\":\"https:\\\/\\\/dein-ferienhaus-lapalma.de\\\/#organization\",\"name\":\"Dein Ferienhaus La Palma\",\"url\":\"https:\\\/\\\/dein-ferienhaus-lapalma.de\\\/\",\"logo\":{\"@type\":\"ImageObject\",\"inLanguage\":\"nl-NL\",\"@id\":\"https:\\\/\\\/dein-ferienhaus-lapalma.de\\\/#\\\/schema\\\/logo\\\/image\\\/\",\"url\":\"\",\"contentUrl\":\"\",\"caption\":\"Dein Ferienhaus La Palma\"},\"image\":{\"@id\":\"https:\\\/\\\/dein-ferienhaus-lapalma.de\\\/#\\\/schema\\\/logo\\\/image\\\/\"},\"sameAs\":[\"https:\\\/\\\/www.facebook.com\\\/Dein-Ferienhaus-LaPalma-100755315590346\"]}]}<\/script>\n<!-- \/ Yoast SEO Premium plugin. -->","yoast_head_json":{"title":"La Palma - uw-vakantiehuis-lapalma.nl","description":"La Palma, het prachtige, authentieke Canarische eiland in de Atlantische Oceaan met zijn gevarieerde natuur, hoge bergen en vriendelijke mensen","robots":{"index":"index","follow":"follow","max-snippet":"max-snippet:-1","max-image-preview":"max-image-preview:large","max-video-preview":"max-video-preview:-1"},"canonical":"https:\/\/dein-ferienhaus-lapalma.de\/nl\/la-palma\/","og_locale":"nl_NL","og_type":"article","og_title":"La Palma","og_description":"https:\/\/dein-ferienhaus-lapalma.de\/wp-content\/uploads\/2020\/10\/cascada-nubes-LA-PALMA-7-seg.mp4https:\/\/dein-ferienhaus-lapalma.de\/wp-content\/uploads\/2020\/10\/","og_url":"https:\/\/dein-ferienhaus-lapalma.de\/nl\/la-palma\/","og_site_name":"dein-ferienhaus-lapalma.de","article_publisher":"https:\/\/www.facebook.com\/Dein-Ferienhaus-LaPalma-100755315590346","article_modified_time":"2024-10-16T18:57:30+00:00","og_image":[{"width":750,"height":485,"url":"https:\/\/dein-ferienhaus-lapalma.de\/wp-content\/uploads\/2022\/04\/pabellon-de-miramar-ferienhaus-lapalma-006.jpg","type":"image\/jpeg"}],"twitter_card":"summary_large_image","twitter_misc":{"Geschatte leestijd":"4 minuten"},"schema":{"@context":"https:\/\/schema.org","@graph":[{"@type":"WebPage","@id":"https:\/\/dein-ferienhaus-lapalma.de\/la-palma\/","url":"https:\/\/dein-ferienhaus-lapalma.de\/la-palma\/","name":"La Palma - uw-vakantiehuis-lapalma.nl","isPartOf":{"@id":"https:\/\/dein-ferienhaus-lapalma.de\/#website"},"primaryImageOfPage":{"@id":"https:\/\/dein-ferienhaus-lapalma.de\/la-palma\/#primaryimage"},"image":{"@id":"https:\/\/dein-ferienhaus-lapalma.de\/la-palma\/#primaryimage"},"thumbnailUrl":"https:\/\/dein-ferienhaus-lapalma.de\/wp-content\/uploads\/2022\/04\/pabellon-de-miramar-ferienhaus-lapalma-006.jpg","datePublished":"2020-10-23T14:54:44+00:00","dateModified":"2024-10-16T18:57:30+00:00","description":"La Palma, het prachtige, authentieke Canarische eiland in de Atlantische Oceaan met zijn gevarieerde natuur, hoge bergen en vriendelijke mensen","breadcrumb":{"@id":"https:\/\/dein-ferienhaus-lapalma.de\/la-palma\/#breadcrumb"},"inLanguage":"nl-NL","potentialAction":[{"@type":"ReadAction","target":["https:\/\/dein-ferienhaus-lapalma.de\/la-palma\/"]}]},{"@type":"ImageObject","inLanguage":"nl-NL","@id":"https:\/\/dein-ferienhaus-lapalma.de\/la-palma\/#primaryimage","url":"https:\/\/dein-ferienhaus-lapalma.de\/wp-content\/uploads\/2022\/04\/pabellon-de-miramar-ferienhaus-lapalma-006.jpg","contentUrl":"https:\/\/dein-ferienhaus-lapalma.de\/wp-content\/uploads\/2022\/04\/pabellon-de-miramar-ferienhaus-lapalma-006.jpg","width":750,"height":485},{"@type":"BreadcrumbList","@id":"https:\/\/dein-ferienhaus-lapalma.de\/la-palma\/#breadcrumb","itemListElement":[{"@type":"ListItem","position":1,"name":"Home","item":"https:\/\/dein-ferienhaus-lapalma.de\/"},{"@type":"ListItem","position":2,"name":"La Palma"}]},{"@type":"WebSite","@id":"https:\/\/dein-ferienhaus-lapalma.de\/#website","url":"https:\/\/dein-ferienhaus-lapalma.de\/","name":"dein-ferienhaus-lapalma.de","description":"Geweldige vakantiehuizen op La Palma","publisher":{"@id":"https:\/\/dein-ferienhaus-lapalma.de\/#organization"},"potentialAction":[{"@type":"SearchAction","target":{"@type":"EntryPoint","urlTemplate":"https:\/\/dein-ferienhaus-lapalma.de\/?s={search_term_string}"},"query-input":{"@type":"PropertyValueSpecification","valueRequired":true,"valueName":"search_term_string"}}],"inLanguage":"nl-NL"},{"@type":"Organization","@id":"https:\/\/dein-ferienhaus-lapalma.de\/#organization","name":"Je vakantiehuis La Palma","url":"https:\/\/dein-ferienhaus-lapalma.de\/","logo":{"@type":"ImageObject","inLanguage":"nl-NL","@id":"https:\/\/dein-ferienhaus-lapalma.de\/#\/schema\/logo\/image\/","url":"","contentUrl":"","caption":"Dein Ferienhaus La Palma"},"image":{"@id":"https:\/\/dein-ferienhaus-lapalma.de\/#\/schema\/logo\/image\/"},"sameAs":["https:\/\/www.facebook.com\/Dein-Ferienhaus-LaPalma-100755315590346"]}]}},"_links":{"self":[{"href":"https:\/\/dein-ferienhaus-lapalma.de\/nl\/wp-json\/wp\/v2\/pages\/36215","targetHints":{"allow":["GET"]}}],"collection":[{"href":"https:\/\/dein-ferienhaus-lapalma.de\/nl\/wp-json\/wp\/v2\/pages"}],"about":[{"href":"https:\/\/dein-ferienhaus-lapalma.de\/nl\/wp-json\/wp\/v2\/types\/page"}],"author":[{"embeddable":true,"href":"https:\/\/dein-ferienhaus-lapalma.de\/nl\/wp-json\/wp\/v2\/users\/1"}],"replies":[{"embeddable":true,"href":"https:\/\/dein-ferienhaus-lapalma.de\/nl\/wp-json\/wp\/v2\/comments?post=36215"}],"version-history":[{"count":1,"href":"https:\/\/dein-ferienhaus-lapalma.de\/nl\/wp-json\/wp\/v2\/pages\/36215\/revisions"}],"predecessor-version":[{"id":65965,"href":"https:\/\/dein-ferienhaus-lapalma.de\/nl\/wp-json\/wp\/v2\/pages\/36215\/revisions\/65965"}],"wp:featuredmedia":[{"embeddable":true,"href":"https:\/\/dein-ferienhaus-lapalma.de\/nl\/wp-json\/wp\/v2\/media\/51794"}],"wp:attachment":[{"href":"https:\/\/dein-ferienhaus-lapalma.de\/nl\/wp-json\/wp\/v2\/media?parent=36215"}],"curies":[{"name":"wp","href":"https:\/\/api.w.org\/{rel}","templated":true}]}}