{"id":36241,"date":"2020-10-23T17:55:07","date_gmt":"2020-10-23T15:55:07","guid":{"rendered":"https:\/\/dein-ferienhaus-lapalma.de\/?page_id=36241"},"modified":"2020-11-29T12:22:38","modified_gmt":"2020-11-29T11:22:38","slug":"straende","status":"publish","type":"page","link":"https:\/\/dein-ferienhaus-lapalma.de\/nl\/la-palma\/straende\/","title":{"rendered":"Stranden"},"content":{"rendered":"<div data-elementor-type=\"wp-page\" data-elementor-id=\"36241\" class=\"elementor elementor-36241\" data-elementor-post-type=\"page\">\n\t\t\t\t\t\t<section class=\"elementor-section elementor-top-section elementor-element elementor-element-ed3d22c elementor-section-boxed elementor-section-height-default elementor-section-height-default\" data-id=\"ed3d22c\" data-element_type=\"section\">\n\t\t\t\t\t\t<div class=\"elementor-container elementor-column-gap-default\">\n\t\t\t\t\t<div class=\"elementor-column elementor-col-100 elementor-top-column elementor-element elementor-element-f2069cf\" data-id=\"f2069cf\" data-element_type=\"column\">\n\t\t\t<div class=\"elementor-widget-wrap elementor-element-populated\">\n\t\t\t\t\t\t<div class=\"elementor-element elementor-element-bf3e854 elementor-widget elementor-widget-heading\" data-id=\"bf3e854\" data-element_type=\"widget\" data-widget_type=\"heading.default\">\n\t\t\t\t<div class=\"elementor-widget-container\">\n\t\t\t<h1 class=\"elementor-heading-title elementor-size-default\">Stranden op La Palma<\/h1>\t\t<\/div>\n\t\t\t\t<\/div>\n\t\t\t\t<div class=\"elementor-element elementor-element-59a1bcf elementor-widget elementor-widget-shortcode\" data-id=\"59a1bcf\" data-element_type=\"widget\" data-widget_type=\"shortcode.default\">\n\t\t\t\t<div class=\"elementor-widget-container\">\n\t\t\t\t\t<div class=\"elementor-shortcode\"><div id=\"image-map-pro-2496\"><\/div><\/div>\n\t\t\t\t<\/div>\n\t\t\t\t<\/div>\n\t\t\t\t\t<\/div>\n\t\t<\/div>\n\t\t\t\t\t<\/div>\n\t\t<\/section>\n\t\t\t\t<section class=\"elementor-section elementor-top-section elementor-element elementor-element-13fbd70 elementor-section-boxed elementor-section-height-default elementor-section-height-default\" data-id=\"13fbd70\" data-element_type=\"section\">\n\t\t\t\t\t\t<div class=\"elementor-container elementor-column-gap-default\">\n\t\t\t\t\t<div class=\"elementor-column elementor-col-100 elementor-top-column elementor-element elementor-element-25fdd65\" data-id=\"25fdd65\" data-element_type=\"column\">\n\t\t\t<div class=\"elementor-widget-wrap elementor-element-populated\">\n\t\t\t\t\t\t<div class=\"elementor-element elementor-element-e0be2da elementor-widget elementor-widget-text-editor\" data-id=\"e0be2da\" data-element_type=\"widget\" data-widget_type=\"text-editor.default\">\n\t\t\t\t<div class=\"elementor-widget-container\">\n\t\t\t\t\t\t\t<p class=\"font_8\">La Palma heeft beide stranden, die zeer populair zijn bij toeristen en bewoners van het eiland en bieden veel diensten voor ontspanning en ontspanning. Omdat het geen eiland van massatoerisme is en ook geen echte zon- en strandbestemming, onderscheidt het zich vooral door de zuiverheid van het water en de ongerepte landschappen en betoverende hoekjes. Het is niet zoals op het continent dat je vroeg op moet staan om naar het strand te gaan om je paraplu op te zetten.<\/p><p class=\"font_8\">In elke regio van het eiland zijn er stranden, elk met een eigen stijl.<\/p><p class=\"font_8\">\u00a0<\/p><p class=\"font_8\">Aan de noordoostelijke kust van het eiland zijn er stranden zoals Los Cancajos, La Salemera, Santa Cruz de la Palma, Nogales, Charco Azul, La Fajana en kleine verborgen badplaatsen.<\/p><p class=\"font_8\">Aan de noordoostelijke kust zijn er hoeken van het type Piratenbaai, vrijwel ongerepte stranden en natuurlijke zwembaden om van de vakantie te genieten zonder te vechten voor een plekje op de rots.<\/p><p class=\"font_8\">In de Aridanevallei zijn er stranden die erg populair zijn bij onze bezoekers, zoals het strand van Puerto Naos, Charco Verde, het strand van de haven van Tazacorte, stranden voor liefhebbers van surfen of boarden en Playa Nueva.<br \/>In het zuiden, waar zich de grootste zwarte vulkanische zandstranden van het eiland bevinden, kunt u genieten van een dagje aan zee, zoals Playa de la Zamora, Playa Echentive en vele andere.<\/p>\t\t\t\t\t\t<\/div>\n\t\t\t\t<\/div>\n\t\t\t\t\t<\/div>\n\t\t<\/div>\n\t\t\t\t\t<\/div>\n\t\t<\/section>\n\t\t\t\t<section class=\"elementor-section elementor-top-section elementor-element elementor-element-c60e383 elementor-section-boxed elementor-section-height-default elementor-section-height-default\" data-id=\"c60e383\" data-element_type=\"section\">\n\t\t\t\t\t\t<div class=\"elementor-container elementor-column-gap-default\">\n\t\t\t\t\t<div class=\"elementor-column elementor-col-100 elementor-top-column elementor-element elementor-element-d548064\" data-id=\"d548064\" data-element_type=\"column\">\n\t\t\t<div class=\"elementor-widget-wrap\">\n\t\t\t\t\t\t\t<\/div>\n\t\t<\/div>\n\t\t\t\t\t<\/div>\n\t\t<\/section>\n\t\t\t\t<section class=\"elementor-section elementor-top-section elementor-element elementor-element-1b3c50f elementor-section-boxed elementor-section-height-default elementor-section-height-default\" data-id=\"1b3c50f\" data-element_type=\"section\">\n\t\t\t\t\t\t<div class=\"elementor-container elementor-column-gap-default\">\n\t\t\t\t\t<div class=\"elementor-column elementor-col-100 elementor-top-column elementor-element elementor-element-19b490a\" data-id=\"19b490a\" data-element_type=\"column\">\n\t\t\t<div class=\"elementor-widget-wrap\">\n\t\t\t\t\t\t\t<\/div>\n\t\t<\/div>\n\t\t\t\t\t<\/div>\n\t\t<\/section>\n\t\t\t\t<\/div>","protected":false},"excerpt":{"rendered":"<p>Stranden op La Palma La Palma heeft beide stranden, die erg populair zijn bij toeristen en bewoners van het eiland en die veel diensten voor ontspanning en recreatie bieden. Omdat het geen eiland is van massatoerisme en ook geen echte zon- en zeevakantiebestemming, ... <a href=\"https:\/\/dein-ferienhaus-lapalma.de\/nl\/la-palma\/straende\/\">Meer lezen<\/a><\/p>","protected":false},"author":1,"featured_media":0,"parent":36215,"menu_order":2,"comment_status":"closed","ping_status":"closed","template":"","meta":{"footnotes":""},"class_list":["post-36241","page","type-page","status-publish","hentry"],"yoast_head":"<!-- This site is optimized with the Yoast SEO Premium plugin v23.3 (Yoast SEO v27.3) - https:\/\/yoast.com\/product\/yoast-seo-premium-wordpress\/ -->\n<title>Str\u00e4nde - dein-ferienhaus-lapalma.de<\/title>\n<meta name=\"robots\" content=\"index, follow, max-snippet:-1, max-image-preview:large, max-video-preview:-1\" \/>\n<link rel=\"canonical\" href=\"https:\/\/dein-ferienhaus-lapalma.de\/nl\/la-palma\/straende\/\" \/>\n<meta property=\"og:locale\" content=\"nl_NL\" \/>\n<meta property=\"og:type\" content=\"article\" \/>\n<meta property=\"og:title\" content=\"Str\u00e4nde\" \/>\n<meta property=\"og:description\" content=\"Str\u00e4nde auf La Palma La Palma verf\u00fcgt \u00fcber beide Str\u00e4nde, die bei Touristen und Bewohnern der Insel sehr beliebt sind und viele Dienstleistungen f\u00fcr\" \/>\n<meta property=\"og:url\" content=\"https:\/\/dein-ferienhaus-lapalma.de\/nl\/la-palma\/straende\/\" \/>\n<meta property=\"og:site_name\" content=\"dein-ferienhaus-lapalma.de\" \/>\n<meta property=\"article:publisher\" content=\"https:\/\/www.facebook.com\/Dein-Ferienhaus-LaPalma-100755315590346\" \/>\n<meta property=\"article:modified_time\" content=\"2020-11-29T11:22:38+00:00\" \/>\n<meta property=\"og:image\" content=\"https:\/\/dein-ferienhaus-lapalma.de\/wp-content\/uploads\/2020\/12\/Logo-Bild-neu-Final-1200x793-1.png\" \/>\n\t<meta property=\"og:image:width\" content=\"1200\" \/>\n\t<meta property=\"og:image:height\" content=\"793\" \/>\n\t<meta property=\"og:image:type\" content=\"image\/png\" \/>\n<meta name=\"twitter:card\" content=\"summary_large_image\" \/>\n<meta name=\"twitter:label1\" content=\"Geschatte leestijd\" \/>\n\t<meta name=\"twitter:data1\" content=\"1 minuut\" \/>\n<script type=\"application\/ld+json\" class=\"yoast-schema-graph\">{\"@context\":\"https:\\\/\\\/schema.org\",\"@graph\":[{\"@type\":\"WebPage\",\"@id\":\"https:\\\/\\\/dein-ferienhaus-lapalma.de\\\/la-palma\\\/straende\\\/\",\"url\":\"https:\\\/\\\/dein-ferienhaus-lapalma.de\\\/la-palma\\\/straende\\\/\",\"name\":\"Str\u00e4nde - dein-ferienhaus-lapalma.de\",\"isPartOf\":{\"@id\":\"https:\\\/\\\/dein-ferienhaus-lapalma.de\\\/#website\"},\"datePublished\":\"2020-10-23T15:55:07+00:00\",\"dateModified\":\"2020-11-29T11:22:38+00:00\",\"breadcrumb\":{\"@id\":\"https:\\\/\\\/dein-ferienhaus-lapalma.de\\\/la-palma\\\/straende\\\/#breadcrumb\"},\"inLanguage\":\"nl-NL\",\"potentialAction\":[{\"@type\":\"ReadAction\",\"target\":[\"https:\\\/\\\/dein-ferienhaus-lapalma.de\\\/la-palma\\\/straende\\\/\"]}]},{\"@type\":\"BreadcrumbList\",\"@id\":\"https:\\\/\\\/dein-ferienhaus-lapalma.de\\\/la-palma\\\/straende\\\/#breadcrumb\",\"itemListElement\":[{\"@type\":\"ListItem\",\"position\":1,\"name\":\"Home\",\"item\":\"https:\\\/\\\/dein-ferienhaus-lapalma.de\\\/\"},{\"@type\":\"ListItem\",\"position\":2,\"name\":\"La Palma\",\"item\":\"https:\\\/\\\/dein-ferienhaus-lapalma.de\\\/la-palma\\\/\"},{\"@type\":\"ListItem\",\"position\":3,\"name\":\"Str\u00e4nde\"}]},{\"@type\":\"WebSite\",\"@id\":\"https:\\\/\\\/dein-ferienhaus-lapalma.de\\\/#website\",\"url\":\"https:\\\/\\\/dein-ferienhaus-lapalma.de\\\/\",\"name\":\"dein-ferienhaus-lapalma.de\",\"description\":\"Tolle Ferienh\u00e4user auf La Palma\",\"publisher\":{\"@id\":\"https:\\\/\\\/dein-ferienhaus-lapalma.de\\\/#organization\"},\"potentialAction\":[{\"@type\":\"SearchAction\",\"target\":{\"@type\":\"EntryPoint\",\"urlTemplate\":\"https:\\\/\\\/dein-ferienhaus-lapalma.de\\\/?s={search_term_string}\"},\"query-input\":{\"@type\":\"PropertyValueSpecification\",\"valueRequired\":true,\"valueName\":\"search_term_string\"}}],\"inLanguage\":\"nl-NL\"},{\"@type\":\"Organization\",\"@id\":\"https:\\\/\\\/dein-ferienhaus-lapalma.de\\\/#organization\",\"name\":\"Dein Ferienhaus La Palma\",\"url\":\"https:\\\/\\\/dein-ferienhaus-lapalma.de\\\/\",\"logo\":{\"@type\":\"ImageObject\",\"inLanguage\":\"nl-NL\",\"@id\":\"https:\\\/\\\/dein-ferienhaus-lapalma.de\\\/#\\\/schema\\\/logo\\\/image\\\/\",\"url\":\"\",\"contentUrl\":\"\",\"caption\":\"Dein Ferienhaus La Palma\"},\"image\":{\"@id\":\"https:\\\/\\\/dein-ferienhaus-lapalma.de\\\/#\\\/schema\\\/logo\\\/image\\\/\"},\"sameAs\":[\"https:\\\/\\\/www.facebook.com\\\/Dein-Ferienhaus-LaPalma-100755315590346\"]}]}<\/script>\n<!-- \/ Yoast SEO Premium plugin. -->","yoast_head_json":{"title":"Stranden - uw-vakantiehuis-lapalma.com","robots":{"index":"index","follow":"follow","max-snippet":"max-snippet:-1","max-image-preview":"max-image-preview:large","max-video-preview":"max-video-preview:-1"},"canonical":"https:\/\/dein-ferienhaus-lapalma.de\/nl\/la-palma\/straende\/","og_locale":"nl_NL","og_type":"article","og_title":"Str\u00e4nde","og_description":"Str\u00e4nde auf La Palma La Palma verf\u00fcgt \u00fcber beide Str\u00e4nde, die bei Touristen und Bewohnern der Insel sehr beliebt sind und viele Dienstleistungen f\u00fcr","og_url":"https:\/\/dein-ferienhaus-lapalma.de\/nl\/la-palma\/straende\/","og_site_name":"dein-ferienhaus-lapalma.de","article_publisher":"https:\/\/www.facebook.com\/Dein-Ferienhaus-LaPalma-100755315590346","article_modified_time":"2020-11-29T11:22:38+00:00","og_image":[{"width":1200,"height":793,"url":"https:\/\/dein-ferienhaus-lapalma.de\/wp-content\/uploads\/2020\/12\/Logo-Bild-neu-Final-1200x793-1.png","type":"image\/png"}],"twitter_card":"summary_large_image","twitter_misc":{"Geschatte leestijd":"1 minuut"},"schema":{"@context":"https:\/\/schema.org","@graph":[{"@type":"WebPage","@id":"https:\/\/dein-ferienhaus-lapalma.de\/la-palma\/straende\/","url":"https:\/\/dein-ferienhaus-lapalma.de\/la-palma\/straende\/","name":"Stranden - uw-vakantiehuis-lapalma.com","isPartOf":{"@id":"https:\/\/dein-ferienhaus-lapalma.de\/#website"},"datePublished":"2020-10-23T15:55:07+00:00","dateModified":"2020-11-29T11:22:38+00:00","breadcrumb":{"@id":"https:\/\/dein-ferienhaus-lapalma.de\/la-palma\/straende\/#breadcrumb"},"inLanguage":"nl-NL","potentialAction":[{"@type":"ReadAction","target":["https:\/\/dein-ferienhaus-lapalma.de\/la-palma\/straende\/"]}]},{"@type":"BreadcrumbList","@id":"https:\/\/dein-ferienhaus-lapalma.de\/la-palma\/straende\/#breadcrumb","itemListElement":[{"@type":"ListItem","position":1,"name":"Home","item":"https:\/\/dein-ferienhaus-lapalma.de\/"},{"@type":"ListItem","position":2,"name":"La Palma","item":"https:\/\/dein-ferienhaus-lapalma.de\/la-palma\/"},{"@type":"ListItem","position":3,"name":"Str\u00e4nde"}]},{"@type":"WebSite","@id":"https:\/\/dein-ferienhaus-lapalma.de\/#website","url":"https:\/\/dein-ferienhaus-lapalma.de\/","name":"dein-ferienhaus-lapalma.de","description":"Geweldige vakantiehuizen op La Palma","publisher":{"@id":"https:\/\/dein-ferienhaus-lapalma.de\/#organization"},"potentialAction":[{"@type":"SearchAction","target":{"@type":"EntryPoint","urlTemplate":"https:\/\/dein-ferienhaus-lapalma.de\/?s={search_term_string}"},"query-input":{"@type":"PropertyValueSpecification","valueRequired":true,"valueName":"search_term_string"}}],"inLanguage":"nl-NL"},{"@type":"Organization","@id":"https:\/\/dein-ferienhaus-lapalma.de\/#organization","name":"Je vakantiehuis La Palma","url":"https:\/\/dein-ferienhaus-lapalma.de\/","logo":{"@type":"ImageObject","inLanguage":"nl-NL","@id":"https:\/\/dein-ferienhaus-lapalma.de\/#\/schema\/logo\/image\/","url":"","contentUrl":"","caption":"Dein Ferienhaus La Palma"},"image":{"@id":"https:\/\/dein-ferienhaus-lapalma.de\/#\/schema\/logo\/image\/"},"sameAs":["https:\/\/www.facebook.com\/Dein-Ferienhaus-LaPalma-100755315590346"]}]}},"_links":{"self":[{"href":"https:\/\/dein-ferienhaus-lapalma.de\/nl\/wp-json\/wp\/v2\/pages\/36241","targetHints":{"allow":["GET"]}}],"collection":[{"href":"https:\/\/dein-ferienhaus-lapalma.de\/nl\/wp-json\/wp\/v2\/pages"}],"about":[{"href":"https:\/\/dein-ferienhaus-lapalma.de\/nl\/wp-json\/wp\/v2\/types\/page"}],"author":[{"embeddable":true,"href":"https:\/\/dein-ferienhaus-lapalma.de\/nl\/wp-json\/wp\/v2\/users\/1"}],"replies":[{"embeddable":true,"href":"https:\/\/dein-ferienhaus-lapalma.de\/nl\/wp-json\/wp\/v2\/comments?post=36241"}],"version-history":[{"count":0,"href":"https:\/\/dein-ferienhaus-lapalma.de\/nl\/wp-json\/wp\/v2\/pages\/36241\/revisions"}],"up":[{"embeddable":true,"href":"https:\/\/dein-ferienhaus-lapalma.de\/nl\/wp-json\/wp\/v2\/pages\/36215"}],"wp:attachment":[{"href":"https:\/\/dein-ferienhaus-lapalma.de\/nl\/wp-json\/wp\/v2\/media?parent=36241"}],"curies":[{"name":"wp","href":"https:\/\/api.w.org\/{rel}","templated":true}]}}