{"id":36271,"date":"2020-10-23T18:40:08","date_gmt":"2020-10-23T16:40:08","guid":{"rendered":"https:\/\/dein-ferienhaus-lapalma.de\/?page_id=36271"},"modified":"2024-10-16T22:03:12","modified_gmt":"2024-10-16T20:03:12","slug":"kontakt","status":"publish","type":"page","link":"https:\/\/dein-ferienhaus-lapalma.de\/nl\/kontakt\/","title":{"rendered":"Contact opnemen met"},"content":{"rendered":"\t\t<div data-elementor-type=\"wp-page\" data-elementor-id=\"36271\" class=\"elementor elementor-36271\" data-elementor-post-type=\"page\">\n\t\t\t\t\t\t<section class=\"elementor-section elementor-top-section elementor-element elementor-element-5ed1f22 elementor-section-boxed elementor-section-height-default elementor-section-height-default\" data-id=\"5ed1f22\" data-element_type=\"section\">\n\t\t\t\t\t\t<div class=\"elementor-container elementor-column-gap-default\">\n\t\t\t\t\t<div class=\"elementor-column elementor-col-100 elementor-top-column elementor-element elementor-element-7ed9946\" data-id=\"7ed9946\" data-element_type=\"column\">\n\t\t\t<div class=\"elementor-widget-wrap elementor-element-populated\">\n\t\t\t\t\t\t<div class=\"elementor-element elementor-element-2d00001 elementor-widget elementor-widget-heading\" data-id=\"2d00001\" data-element_type=\"widget\" data-widget_type=\"heading.default\">\n\t\t\t\t<div class=\"elementor-widget-container\">\n\t\t\t<h2 class=\"elementor-heading-title elementor-size-default\">Schreiben Sie uns<\/h2>\t\t<\/div>\n\t\t\t\t<\/div>\n\t\t\t\t\t<\/div>\n\t\t<\/div>\n\t\t\t\t\t<\/div>\n\t\t<\/section>\n\t\t\t\t<section class=\"elementor-section elementor-top-section elementor-element elementor-element-409c7c0 elementor-section-boxed elementor-section-height-default elementor-section-height-default\" data-id=\"409c7c0\" data-element_type=\"section\">\n\t\t\t\t\t\t<div class=\"elementor-container elementor-column-gap-default\">\n\t\t\t\t\t<div class=\"elementor-column elementor-col-100 elementor-top-column elementor-element elementor-element-5f16065\" data-id=\"5f16065\" data-element_type=\"column\">\n\t\t\t<div class=\"elementor-widget-wrap elementor-element-populated\">\n\t\t\t\t\t\t<div class=\"elementor-element elementor-element-155f621 elementor-widget elementor-widget-text-editor\" data-id=\"155f621\" data-element_type=\"widget\" data-widget_type=\"text-editor.default\">\n\t\t\t\t<div class=\"elementor-widget-container\">\n\t\t\t\t\t\t\t<p>Haben Sie Fragen zu den Ferienh\u00e4usern oder zu La Palma? Schreiben Sie uns eine Nachricht und wir antworten Ihnen gerne<\/p>\t\t\t\t\t\t<\/div>\n\t\t\t\t<\/div>\n\t\t\t\t\t<\/div>\n\t\t<\/div>\n\t\t\t\t\t<\/div>\n\t\t<\/section>\n\t\t\t\t<section class=\"elementor-section elementor-top-section elementor-element elementor-element-31f8ac6 elementor-section-boxed elementor-section-height-default elementor-section-height-default\" data-id=\"31f8ac6\" data-element_type=\"section\">\n\t\t\t\t\t\t<div class=\"elementor-container elementor-column-gap-default\">\n\t\t\t\t\t<div class=\"elementor-column elementor-col-100 elementor-top-column elementor-element elementor-element-22927fd\" data-id=\"22927fd\" data-element_type=\"column\">\n\t\t\t<div class=\"elementor-widget-wrap elementor-element-populated\">\n\t\t\t\t\t\t<div class=\"elementor-element elementor-element-608738e elementor-widget elementor-widget-themo-formidable-form\" data-id=\"608738e\" data-element_type=\"widget\" data-widget_type=\"themo-formidable-form.default\">\n\t\t\t\t<div class=\"elementor-widget-container\">\n\t\t\t            <div class=\"th-fo-form  th-centered th-form-default  th-btn-form btn-standard-primary-form\"><link rel='stylesheet' id='formidable-css' href='https:\/\/dein-ferienhaus-lapalma.de\/wp-content\/plugins\/formidable\/css\/formidableforms.css?ver=3111903' type='text\/css' media='all' \/>\n<div class=\"frm_forms  with_frm_style frm_style_formidable-style\" id=\"frm_form_1_container\" data-token=\"e86b893a69a428d237b4879d7ed1d941\">\n<form enctype=\"multipart\/form-data\" method=\"post\" class=\"frm-show-form  frm_pro_form \" id=\"form_contact-form\" data-token=\"e86b893a69a428d237b4879d7ed1d941\">\n<div class=\"frm_form_fields \">\n<fieldset>\n<legend class=\"frm_screen_reader\">Schreiben Sie uns<\/legend>\r\n\r\n<div class=\"frm_fields_container\">\n<input type=\"hidden\" name=\"frm_action\" value=\"create\" \/>\n<input type=\"hidden\" name=\"form_id\" value=\"1\" \/>\n<input type=\"hidden\" name=\"frm_hide_fields_1\" id=\"frm_hide_fields_1\" value=\"\" \/>\n<input type=\"hidden\" name=\"form_key\" value=\"contact-form\" \/>\n<input type=\"hidden\" name=\"item_meta[0]\" value=\"\" \/>\n<input type=\"hidden\" id=\"frm_submit_entry_1\" name=\"frm_submit_entry_1\" value=\"3d236eb403\" \/><input type=\"hidden\" name=\"_wp_http_referer\" value=\"\/nl\/wp-json\/wp\/v2\/pages\/36271\" \/><div id=\"frm_field_1_container\" class=\"frm_form_field form-field  frm_required_field frm_top_container frm_first frm_half\">\r\n    <label for=\"field_qh4icy\" id=\"field_qh4icy_label\" class=\"frm_primary_label\">Vorname\r\n        <span class=\"frm_required\">*<\/span>\r\n    <\/label>\r\n    <input type=\"text\" id=\"field_qh4icy\" name=\"item_meta[1]\" value=\"\"  data-reqmsg=\"Dieses Feld darf nicht leer sein.\" aria-required=\"true\" data-invmsg=\"Name ist ung\u00fcltig\" aria-invalid=\"false\"  \/>\r\n    \r\n    \r\n<\/div>\n<div id=\"frm_field_40_container\" class=\"frm_form_field form-field  frm_required_field frm_top_container frm_half\">\r\n    <label for=\"field_4hg61\" id=\"field_4hg61_label\" class=\"frm_primary_label\">Nachname\r\n        <span class=\"frm_required\">*<\/span>\r\n    <\/label>\r\n    <input type=\"text\" id=\"field_4hg61\" name=\"item_meta[40]\" value=\"\"  data-reqmsg=\"Dieses Feld darf nicht leer sein.\" aria-required=\"true\" data-invmsg=\"Name ist ung\u00fcltig\" aria-invalid=\"false\"  \/>\r\n    \r\n    \r\n<\/div>\n<div id=\"frm_field_3_container\" class=\"frm_form_field form-field  frm_required_field frm_top_container frm_full\">\r\n    <label for=\"field_29yf4d\" id=\"field_29yf4d_label\" class=\"frm_primary_label\">E-Mail\r\n        <span class=\"frm_required\">*<\/span>\r\n    <\/label>\r\n    <input type=\"email\" id=\"field_29yf4d\" name=\"item_meta[3]\" value=\"\"  data-reqmsg=\"Dieses Feld darf nicht leer sein.\" aria-required=\"true\" data-invmsg=\"Please enter a valid email address\" aria-invalid=\"false\"  \/>\r\n    \r\n    \r\n<\/div>\n<div id=\"frm_field_44_container\" class=\"frm_form_field form-field  frm_required_field frm_top_container\">\r\n    <label for=\"field_jih95\" id=\"field_jih95_label\" class=\"frm_primary_label\">Telefon\r\n        <span class=\"frm_required\" aria-hidden=\"true\">*<\/span>\r\n    <\/label>\r\n    <input type=\"tel\" id=\"field_jih95\" name=\"item_meta[44]\" value=\"\"  data-reqmsg=\"Dieses Feld darf nicht leer sein.\" aria-required=\"true\" data-invmsg=\"Telefon ist ung\u00fcltig\" aria-invalid=\"false\" pattern=\"((\\+\\d{1,3}(-|.| )?\\(?\\d\\)?(-| |.)?\\d{1,5})|(\\(?\\d{2,6}\\)?))(-|.| )?(\\d{3,4})(-|.| )?(\\d{4})(( x| ext)\\d{1,5}){0,1}$\"  \/>\r\n    \r\n    \r\n<\/div>\n<div id=\"frm_field_47_container\" class=\"frm_form_field form-field  frm_required_field frm_top_container\">\r\n    <label for=\"field_emijq\" id=\"field_emijq_label\" class=\"frm_primary_label\">Unterkunftsname bitte mit angeben \ud83d\ude42\r\n        <span class=\"frm_required\" aria-hidden=\"true\">*<\/span>\r\n    <\/label>\r\n    <input type=\"text\" id=\"field_emijq\" name=\"item_meta[47]\" value=\"\"  data-reqmsg=\"Dieses Feld darf nicht leer sein.\" aria-required=\"true\" data-invmsg=\"Text ist ung\u00fcltig\" aria-invalid=\"false\"  \/>\r\n    \r\n    \r\n<\/div>\n<div id=\"frm_field_5_container\" class=\"frm_form_field form-field  frm_required_field frm_top_container frm_full\">\r\n    <label for=\"field_9jv0r1\" id=\"field_9jv0r1_label\" class=\"frm_primary_label\">Nachricht\r\n        <span class=\"frm_required\">*<\/span>\r\n    <\/label>\r\n    <textarea name=\"item_meta[5]\" id=\"field_9jv0r1\" rows=\"5\"  data-reqmsg=\"Dieses Feld darf nicht leer sein.\" aria-required=\"true\" data-invmsg=\"Nachricht is ongeldig\" aria-invalid=\"false\"  ><\/textarea>\r\n    \r\n    \r\n<\/div>\n\t<input type=\"hidden\" name=\"item_key\" value=\"\" \/>\n\t\t\t<div id=\"frm_field_65_container\">\n\t\t\t<label for=\"field_bo5lu\" >\n\t\t\t\tIndien je een mens bent, laat dit veld leeg:.\t\t\t<\/label>\n\t\t\t<input  id=\"field_bo5lu\" type=\"text\" class=\"frm_form_field form-field frm_verify\" name=\"item_meta[65]\" value=\"\"  \/>\n\t\t<\/div>\n\t\t<input name=\"frm_state\" type=\"hidden\" value=\"zhkG4hmzIVsPPR6CEFgpHuwi2toWZBaSh\/DnaMPzS6s=\" \/><div class=\"frm_submit\">\r\n\r\n<button class=\"frm_button_submit frm_final_submit\" type=\"submit\"   formnovalidate=\"formnovalidate\">Abschicken<\/button>\r\n\r\n<\/div><\/div>\n<\/fieldset>\n<\/div>\n\n<p style=\"display: none !important;\" class=\"akismet-fields-container\" data-prefix=\"ak_\"><label>&#916;<textarea name=\"ak_hp_textarea\" cols=\"45\" rows=\"8\" maxlength=\"100\"><\/textarea><\/label><input type=\"hidden\" id=\"ak_js_1\" name=\"ak_js\" value=\"196\"\/><script>document.getElementById( \"ak_js_1\" ).setAttribute( \"value\", ( new Date() ).getTime() );<\/script><\/p><\/form>\n<\/div>\n<\/div>\n            \t\t<\/div>\n\t\t\t\t<\/div>\n\t\t\t\t\t<\/div>\n\t\t<\/div>\n\t\t\t\t\t<\/div>\n\t\t<\/section>\n\t\t\t\t<\/div>\n\t\t","protected":false},"excerpt":{"rendered":"<p>Schrijf ons Heb je vragen over de vakantiehuizen of La Palma? Schrijf ons een bericht en we zullen je graag antwoorden Schrijf ons Voornaam * Voornaam * Laatste e-mail * Onderwerp * Bericht * Verzenden Als ... <a href=\"https:\/\/dein-ferienhaus-lapalma.de\/nl\/kontakt\/\">Meer lezen<\/a><\/p>","protected":false},"author":1,"featured_media":65621,"parent":0,"menu_order":0,"comment_status":"closed","ping_status":"closed","template":"","meta":{"footnotes":""},"class_list":["post-36271","page","type-page","status-publish","has-post-thumbnail","hentry"],"yoast_head":"<!-- This site is optimized with the Yoast SEO Premium plugin v23.3 (Yoast SEO v27.3) - https:\/\/yoast.com\/product\/yoast-seo-premium-wordpress\/ -->\n<title>Kontakt - dein-ferienhaus-lapalma.de<\/title>\n<meta name=\"description\" content=\"Wir sind Mo-So f\u00fcr unsere G\u00e4ste da und auch um Ihren Urlaub k\u00fcmmern mein Team &amp; ich uns gerne! Rufen Sie an oder schreiben Sie uns eine Mail:\" \/>\n<meta name=\"robots\" content=\"index, follow, max-snippet:-1, max-image-preview:large, max-video-preview:-1\" \/>\n<link rel=\"canonical\" href=\"https:\/\/dein-ferienhaus-lapalma.de\/nl\/kontakt\/\" \/>\n<meta property=\"og:locale\" content=\"nl_NL\" \/>\n<meta property=\"og:type\" content=\"article\" \/>\n<meta property=\"og:title\" content=\"Kontakt\" \/>\n<meta property=\"og:description\" content=\"Schreiben Sie uns Haben Sie Fragen zu den Ferienh\u00e4usern oder zu La Palma? Schreiben Sie uns eine Nachricht und wir antworten Ihnen gerne Schreiben Sie uns\" \/>\n<meta property=\"og:url\" content=\"https:\/\/dein-ferienhaus-lapalma.de\/nl\/kontakt\/\" \/>\n<meta property=\"og:site_name\" content=\"dein-ferienhaus-lapalma.de\" \/>\n<meta property=\"article:publisher\" content=\"https:\/\/www.facebook.com\/Dein-Ferienhaus-LaPalma-100755315590346\" \/>\n<meta property=\"article:modified_time\" content=\"2024-10-16T20:03:12+00:00\" \/>\n<meta property=\"og:image\" content=\"https:\/\/dein-ferienhaus-lapalma.de\/wp-content\/uploads\/2024\/10\/juliette-dfhlp.jpg\" \/>\n\t<meta property=\"og:image:width\" content=\"215\" \/>\n\t<meta property=\"og:image:height\" content=\"219\" \/>\n\t<meta property=\"og:image:type\" content=\"image\/jpeg\" \/>\n<meta name=\"twitter:card\" content=\"summary_large_image\" \/>\n<meta name=\"twitter:label1\" content=\"Geschatte leestijd\" \/>\n\t<meta name=\"twitter:data1\" content=\"1 minuut\" \/>\n<script type=\"application\/ld+json\" class=\"yoast-schema-graph\">{\"@context\":\"https:\\\/\\\/schema.org\",\"@graph\":[{\"@type\":\"WebPage\",\"@id\":\"https:\\\/\\\/dein-ferienhaus-lapalma.de\\\/kontakt\\\/\",\"url\":\"https:\\\/\\\/dein-ferienhaus-lapalma.de\\\/kontakt\\\/\",\"name\":\"Kontakt - dein-ferienhaus-lapalma.de\",\"isPartOf\":{\"@id\":\"https:\\\/\\\/dein-ferienhaus-lapalma.de\\\/#website\"},\"primaryImageOfPage\":{\"@id\":\"https:\\\/\\\/dein-ferienhaus-lapalma.de\\\/kontakt\\\/#primaryimage\"},\"image\":{\"@id\":\"https:\\\/\\\/dein-ferienhaus-lapalma.de\\\/kontakt\\\/#primaryimage\"},\"thumbnailUrl\":\"https:\\\/\\\/dein-ferienhaus-lapalma.de\\\/wp-content\\\/uploads\\\/2024\\\/10\\\/juliette-dfhlp.jpg\",\"datePublished\":\"2020-10-23T16:40:08+00:00\",\"dateModified\":\"2024-10-16T20:03:12+00:00\",\"description\":\"Wir sind Mo-So f\u00fcr unsere G\u00e4ste da und auch um Ihren Urlaub k\u00fcmmern mein Team & ich uns gerne! Rufen Sie an oder schreiben Sie uns eine Mail:\",\"breadcrumb\":{\"@id\":\"https:\\\/\\\/dein-ferienhaus-lapalma.de\\\/kontakt\\\/#breadcrumb\"},\"inLanguage\":\"nl-NL\",\"potentialAction\":[{\"@type\":\"ReadAction\",\"target\":[\"https:\\\/\\\/dein-ferienhaus-lapalma.de\\\/kontakt\\\/\"]}]},{\"@type\":\"ImageObject\",\"inLanguage\":\"nl-NL\",\"@id\":\"https:\\\/\\\/dein-ferienhaus-lapalma.de\\\/kontakt\\\/#primaryimage\",\"url\":\"https:\\\/\\\/dein-ferienhaus-lapalma.de\\\/wp-content\\\/uploads\\\/2024\\\/10\\\/juliette-dfhlp.jpg\",\"contentUrl\":\"https:\\\/\\\/dein-ferienhaus-lapalma.de\\\/wp-content\\\/uploads\\\/2024\\\/10\\\/juliette-dfhlp.jpg\",\"width\":215,\"height\":219,\"caption\":\"gesch\u00e4ftsf\u00fchrerin ferienhausagentur la palma, touristischer dienstleister,\"},{\"@type\":\"BreadcrumbList\",\"@id\":\"https:\\\/\\\/dein-ferienhaus-lapalma.de\\\/kontakt\\\/#breadcrumb\",\"itemListElement\":[{\"@type\":\"ListItem\",\"position\":1,\"name\":\"Home\",\"item\":\"https:\\\/\\\/dein-ferienhaus-lapalma.de\\\/\"},{\"@type\":\"ListItem\",\"position\":2,\"name\":\"Kontakt\"}]},{\"@type\":\"WebSite\",\"@id\":\"https:\\\/\\\/dein-ferienhaus-lapalma.de\\\/#website\",\"url\":\"https:\\\/\\\/dein-ferienhaus-lapalma.de\\\/\",\"name\":\"dein-ferienhaus-lapalma.de\",\"description\":\"Tolle Ferienh\u00e4user auf La Palma\",\"publisher\":{\"@id\":\"https:\\\/\\\/dein-ferienhaus-lapalma.de\\\/#organization\"},\"potentialAction\":[{\"@type\":\"SearchAction\",\"target\":{\"@type\":\"EntryPoint\",\"urlTemplate\":\"https:\\\/\\\/dein-ferienhaus-lapalma.de\\\/?s={search_term_string}\"},\"query-input\":{\"@type\":\"PropertyValueSpecification\",\"valueRequired\":true,\"valueName\":\"search_term_string\"}}],\"inLanguage\":\"nl-NL\"},{\"@type\":\"Organization\",\"@id\":\"https:\\\/\\\/dein-ferienhaus-lapalma.de\\\/#organization\",\"name\":\"Dein Ferienhaus La Palma\",\"url\":\"https:\\\/\\\/dein-ferienhaus-lapalma.de\\\/\",\"logo\":{\"@type\":\"ImageObject\",\"inLanguage\":\"nl-NL\",\"@id\":\"https:\\\/\\\/dein-ferienhaus-lapalma.de\\\/#\\\/schema\\\/logo\\\/image\\\/\",\"url\":\"\",\"contentUrl\":\"\",\"caption\":\"Dein Ferienhaus La Palma\"},\"image\":{\"@id\":\"https:\\\/\\\/dein-ferienhaus-lapalma.de\\\/#\\\/schema\\\/logo\\\/image\\\/\"},\"sameAs\":[\"https:\\\/\\\/www.facebook.com\\\/Dein-Ferienhaus-LaPalma-100755315590346\"]}]}<\/script>\n<!-- \/ Yoast SEO Premium plugin. -->","yoast_head_json":{"title":"Contact - your-holiday-home-lapalma.com","description":"We staan van ma-zo voor onze gasten klaar en mijn team &amp; ik verzorgen ook graag jouw vakantie! Bel ons of stuur ons een e-mail:","robots":{"index":"index","follow":"follow","max-snippet":"max-snippet:-1","max-image-preview":"max-image-preview:large","max-video-preview":"max-video-preview:-1"},"canonical":"https:\/\/dein-ferienhaus-lapalma.de\/nl\/kontakt\/","og_locale":"nl_NL","og_type":"article","og_title":"Kontakt","og_description":"Schreiben Sie uns Haben Sie Fragen zu den Ferienh\u00e4usern oder zu La Palma? Schreiben Sie uns eine Nachricht und wir antworten Ihnen gerne Schreiben Sie uns","og_url":"https:\/\/dein-ferienhaus-lapalma.de\/nl\/kontakt\/","og_site_name":"dein-ferienhaus-lapalma.de","article_publisher":"https:\/\/www.facebook.com\/Dein-Ferienhaus-LaPalma-100755315590346","article_modified_time":"2024-10-16T20:03:12+00:00","og_image":[{"width":215,"height":219,"url":"https:\/\/dein-ferienhaus-lapalma.de\/wp-content\/uploads\/2024\/10\/juliette-dfhlp.jpg","type":"image\/jpeg"}],"twitter_card":"summary_large_image","twitter_misc":{"Geschatte leestijd":"1 minuut"},"schema":{"@context":"https:\/\/schema.org","@graph":[{"@type":"WebPage","@id":"https:\/\/dein-ferienhaus-lapalma.de\/kontakt\/","url":"https:\/\/dein-ferienhaus-lapalma.de\/kontakt\/","name":"Contact - your-holiday-home-lapalma.com","isPartOf":{"@id":"https:\/\/dein-ferienhaus-lapalma.de\/#website"},"primaryImageOfPage":{"@id":"https:\/\/dein-ferienhaus-lapalma.de\/kontakt\/#primaryimage"},"image":{"@id":"https:\/\/dein-ferienhaus-lapalma.de\/kontakt\/#primaryimage"},"thumbnailUrl":"https:\/\/dein-ferienhaus-lapalma.de\/wp-content\/uploads\/2024\/10\/juliette-dfhlp.jpg","datePublished":"2020-10-23T16:40:08+00:00","dateModified":"2024-10-16T20:03:12+00:00","description":"We staan van ma-zo voor onze gasten klaar en mijn team &amp; ik verzorgen ook graag jouw vakantie! Bel ons of stuur ons een e-mail:","breadcrumb":{"@id":"https:\/\/dein-ferienhaus-lapalma.de\/kontakt\/#breadcrumb"},"inLanguage":"nl-NL","potentialAction":[{"@type":"ReadAction","target":["https:\/\/dein-ferienhaus-lapalma.de\/kontakt\/"]}]},{"@type":"ImageObject","inLanguage":"nl-NL","@id":"https:\/\/dein-ferienhaus-lapalma.de\/kontakt\/#primaryimage","url":"https:\/\/dein-ferienhaus-lapalma.de\/wp-content\/uploads\/2024\/10\/juliette-dfhlp.jpg","contentUrl":"https:\/\/dein-ferienhaus-lapalma.de\/wp-content\/uploads\/2024\/10\/juliette-dfhlp.jpg","width":215,"height":219,"caption":"gesch\u00e4ftsf\u00fchrerin ferienhausagentur la palma, touristischer dienstleister,"},{"@type":"BreadcrumbList","@id":"https:\/\/dein-ferienhaus-lapalma.de\/kontakt\/#breadcrumb","itemListElement":[{"@type":"ListItem","position":1,"name":"Home","item":"https:\/\/dein-ferienhaus-lapalma.de\/"},{"@type":"ListItem","position":2,"name":"Kontakt"}]},{"@type":"WebSite","@id":"https:\/\/dein-ferienhaus-lapalma.de\/#website","url":"https:\/\/dein-ferienhaus-lapalma.de\/","name":"dein-ferienhaus-lapalma.de","description":"Geweldige vakantiehuizen op La Palma","publisher":{"@id":"https:\/\/dein-ferienhaus-lapalma.de\/#organization"},"potentialAction":[{"@type":"SearchAction","target":{"@type":"EntryPoint","urlTemplate":"https:\/\/dein-ferienhaus-lapalma.de\/?s={search_term_string}"},"query-input":{"@type":"PropertyValueSpecification","valueRequired":true,"valueName":"search_term_string"}}],"inLanguage":"nl-NL"},{"@type":"Organization","@id":"https:\/\/dein-ferienhaus-lapalma.de\/#organization","name":"Je vakantiehuis La Palma","url":"https:\/\/dein-ferienhaus-lapalma.de\/","logo":{"@type":"ImageObject","inLanguage":"nl-NL","@id":"https:\/\/dein-ferienhaus-lapalma.de\/#\/schema\/logo\/image\/","url":"","contentUrl":"","caption":"Dein Ferienhaus La Palma"},"image":{"@id":"https:\/\/dein-ferienhaus-lapalma.de\/#\/schema\/logo\/image\/"},"sameAs":["https:\/\/www.facebook.com\/Dein-Ferienhaus-LaPalma-100755315590346"]}]}},"_links":{"self":[{"href":"https:\/\/dein-ferienhaus-lapalma.de\/nl\/wp-json\/wp\/v2\/pages\/36271","targetHints":{"allow":["GET"]}}],"collection":[{"href":"https:\/\/dein-ferienhaus-lapalma.de\/nl\/wp-json\/wp\/v2\/pages"}],"about":[{"href":"https:\/\/dein-ferienhaus-lapalma.de\/nl\/wp-json\/wp\/v2\/types\/page"}],"author":[{"embeddable":true,"href":"https:\/\/dein-ferienhaus-lapalma.de\/nl\/wp-json\/wp\/v2\/users\/1"}],"replies":[{"embeddable":true,"href":"https:\/\/dein-ferienhaus-lapalma.de\/nl\/wp-json\/wp\/v2\/comments?post=36271"}],"version-history":[{"count":1,"href":"https:\/\/dein-ferienhaus-lapalma.de\/nl\/wp-json\/wp\/v2\/pages\/36271\/revisions"}],"predecessor-version":[{"id":65980,"href":"https:\/\/dein-ferienhaus-lapalma.de\/nl\/wp-json\/wp\/v2\/pages\/36271\/revisions\/65980"}],"wp:featuredmedia":[{"embeddable":true,"href":"https:\/\/dein-ferienhaus-lapalma.de\/nl\/wp-json\/wp\/v2\/media\/65621"}],"wp:attachment":[{"href":"https:\/\/dein-ferienhaus-lapalma.de\/nl\/wp-json\/wp\/v2\/media?parent=36271"}],"curies":[{"name":"wp","href":"https:\/\/api.w.org\/{rel}","templated":true}]}}