{"id":36344,"date":"2020-10-23T19:33:32","date_gmt":"2020-10-23T17:33:32","guid":{"rendered":"https:\/\/dein-ferienhaus-lapalma.de\/?page_id=36344"},"modified":"2020-10-31T20:53:35","modified_gmt":"2020-10-31T19:53:35","slug":"biken","status":"publish","type":"page","link":"https:\/\/dein-ferienhaus-lapalma.de\/nl\/aktivitaeten\/biken\/","title":{"rendered":"Mountainbiken"},"content":{"rendered":"<div data-elementor-type=\"wp-page\" data-elementor-id=\"36344\" class=\"elementor elementor-36344\" data-elementor-post-type=\"page\">\n\t\t\t\t\t\t<section class=\"elementor-section elementor-top-section elementor-element elementor-element-8a7008c elementor-section-boxed elementor-section-height-default elementor-section-height-default\" data-id=\"8a7008c\" data-element_type=\"section\">\n\t\t\t\t\t\t<div class=\"elementor-container elementor-column-gap-default\">\n\t\t\t\t\t<div class=\"elementor-column elementor-col-100 elementor-top-column elementor-element elementor-element-4e6a432\" data-id=\"4e6a432\" data-element_type=\"column\">\n\t\t\t<div class=\"elementor-widget-wrap elementor-element-populated\">\n\t\t\t\t\t\t<div class=\"elementor-element elementor-element-4cfd5b1 elementor-widget elementor-widget-heading\" data-id=\"4cfd5b1\" data-element_type=\"widget\" data-widget_type=\"heading.default\">\n\t\t\t\t<div class=\"elementor-widget-container\">\n\t\t\t<h2 class=\"elementor-heading-title elementor-size-default\">La Palma op twee wielen<\/h2>\t\t<\/div>\n\t\t\t\t<\/div>\n\t\t\t\t\t<\/div>\n\t\t<\/div>\n\t\t\t\t\t<\/div>\n\t\t<\/section>\n\t\t\t\t<section class=\"elementor-section elementor-top-section elementor-element elementor-element-0e3be81 elementor-section-boxed elementor-section-height-default elementor-section-height-default\" data-id=\"0e3be81\" data-element_type=\"section\">\n\t\t\t\t\t\t<div class=\"elementor-container elementor-column-gap-default\">\n\t\t\t\t\t<div class=\"elementor-column elementor-col-50 elementor-top-column elementor-element elementor-element-306136e\" data-id=\"306136e\" data-element_type=\"column\">\n\t\t\t<div class=\"elementor-widget-wrap elementor-element-populated\">\n\t\t\t\t\t\t<div class=\"elementor-element elementor-element-ec53c5a elementor-widget elementor-widget-text-editor\" data-id=\"ec53c5a\" data-element_type=\"widget\" data-widget_type=\"text-editor.default\">\n\t\t\t\t<div class=\"elementor-widget-container\">\n\t\t\t\t\t\t\t<p class=\"font_3\"><a href=\"https:\/\/dein-ferienhaus-lapalma.de\/wp-content\/uploads\/2020\/10\/pexels-photo-2158963-bike-1.jpeg\"><img fetchpriority=\"high\" decoding=\"async\" class=\"size-medium wp-image-36440 alignleft\" src=\"https:\/\/dein-ferienhaus-lapalma.de\/wp-content\/uploads\/2020\/10\/pexels-photo-2158963-bike-1-200x300.jpeg\" alt=\"\" width=\"200\" height=\"300\" srcset=\"https:\/\/dein-ferienhaus-lapalma.de\/wp-content\/uploads\/2020\/10\/pexels-photo-2158963-bike-1-200x300.jpeg 200w, https:\/\/dein-ferienhaus-lapalma.de\/wp-content\/uploads\/2020\/10\/pexels-photo-2158963-bike-1-683x1024.jpeg 683w, https:\/\/dein-ferienhaus-lapalma.de\/wp-content\/uploads\/2020\/10\/pexels-photo-2158963-bike-1-768x1152.jpeg 768w, https:\/\/dein-ferienhaus-lapalma.de\/wp-content\/uploads\/2020\/10\/pexels-photo-2158963-bike-1-33x50.jpeg 33w, https:\/\/dein-ferienhaus-lapalma.de\/wp-content\/uploads\/2020\/10\/pexels-photo-2158963-bike-1-53x80.jpeg 53w, https:\/\/dein-ferienhaus-lapalma.de\/wp-content\/uploads\/2020\/10\/pexels-photo-2158963-bike-1-202x303.jpeg 202w, https:\/\/dein-ferienhaus-lapalma.de\/wp-content\/uploads\/2020\/10\/pexels-photo-2158963-bike-1-467x700.jpeg 467w, https:\/\/dein-ferienhaus-lapalma.de\/wp-content\/uploads\/2020\/10\/pexels-photo-2158963-bike-1-633x950.jpeg 633w, https:\/\/dein-ferienhaus-lapalma.de\/wp-content\/uploads\/2020\/10\/pexels-photo-2158963-bike-1-720x1080.jpeg 720w, https:\/\/dein-ferienhaus-lapalma.de\/wp-content\/uploads\/2020\/10\/pexels-photo-2158963-bike-1.jpeg 1000w\" sizes=\"(max-width: 200px) 100vw, 200px\" \/><\/a>La Palma is een van de oase-eilanden voor tweewielersporten. Het is<\/p><p class=\"font_3\">Orografie maakt het ideaal voor de beoefening van deze sport. Het ruige terrein maakt het tot een fietsersdroom. De routes tussen bossen en vulkanen met een indrukwekkend uitzicht.<\/p><p>Wij bieden verschillende routes voor alle niveaus: Familieroutes tussen vulkanische as en afdalingen tussen kloven op geasfalteerde wegen voor de meest ervaren mensen.<\/p><p>Een van de dingen die het eiland een pluspunt geven is dat het een van de wildste eilanden ter wereld is. In \u00e9\u00e9n dag kunt u in de sneeuw wandelen tussen astronomische observatoria op een hoogte van 2418 meter en 's middags kunt u een bad nemen op een strand op zeeniveau.<\/p><p>U kunt een route met monitor reserveren voor een groep met routes door vulkanisch terrein met uitzichten die u zullen vullen met energie.<\/p><p class=\"font_3\"><span class=\"wixGuard\">\u200b<\/span><\/p><p class=\"font_3\">Vul ons formulier in met uw wensen en wij sturen u een offerte voor u of uw groep vrienden.<\/p>\t\t\t\t\t\t<\/div>\n\t\t\t\t<\/div>\n\t\t\t\t<div class=\"elementor-element elementor-element-28f2416 elementor-widget elementor-widget-video\" data-id=\"28f2416\" data-element_type=\"widget\" data-settings=\"{&quot;youtube_url&quot;:&quot;https:\\\/\\\/www.youtube.com\\\/watch?v=OlD2EkWAKVU&quot;,&quot;video_type&quot;:&quot;youtube&quot;,&quot;controls&quot;:&quot;yes&quot;}\" data-widget_type=\"video.default\">\n\t\t\t\t<div class=\"elementor-widget-container\">\n\t\t\t\t\t<div class=\"elementor-wrapper elementor-open-inline\">\n\t\t\t<div class=\"elementor-video\"><\/div>\t\t<\/div>\n\t\t\t\t<\/div>\n\t\t\t\t<\/div>\n\t\t\t\t\t<\/div>\n\t\t<\/div>\n\t\t\t\t<div class=\"elementor-column elementor-col-50 elementor-top-column elementor-element elementor-element-39ddc61\" data-id=\"39ddc61\" data-element_type=\"column\">\n\t\t\t<div class=\"elementor-widget-wrap elementor-element-populated\">\n\t\t\t\t\t\t<div class=\"elementor-element elementor-element-aa7a304 elementor-widget elementor-widget-image\" data-id=\"aa7a304\" data-element_type=\"widget\" data-widget_type=\"image.default\">\n\t\t\t\t<div class=\"elementor-widget-container\">\n\t\t\t\t\t\t\t\t\t\t\t\t\t<img decoding=\"async\" width=\"683\" height=\"1024\" src=\"https:\/\/dein-ferienhaus-lapalma.de\/wp-content\/uploads\/2020\/10\/pexels-photo-3642537-bike-683x1024.jpeg\" class=\"attachment-large size-large wp-image-36444\" alt=\"\" srcset=\"https:\/\/dein-ferienhaus-lapalma.de\/wp-content\/uploads\/2020\/10\/pexels-photo-3642537-bike-683x1024.jpeg 683w, https:\/\/dein-ferienhaus-lapalma.de\/wp-content\/uploads\/2020\/10\/pexels-photo-3642537-bike-200x300.jpeg 200w, https:\/\/dein-ferienhaus-lapalma.de\/wp-content\/uploads\/2020\/10\/pexels-photo-3642537-bike-768x1152.jpeg 768w, https:\/\/dein-ferienhaus-lapalma.de\/wp-content\/uploads\/2020\/10\/pexels-photo-3642537-bike-33x50.jpeg 33w, https:\/\/dein-ferienhaus-lapalma.de\/wp-content\/uploads\/2020\/10\/pexels-photo-3642537-bike-53x80.jpeg 53w, https:\/\/dein-ferienhaus-lapalma.de\/wp-content\/uploads\/2020\/10\/pexels-photo-3642537-bike-202x303.jpeg 202w, https:\/\/dein-ferienhaus-lapalma.de\/wp-content\/uploads\/2020\/10\/pexels-photo-3642537-bike-467x700.jpeg 467w, https:\/\/dein-ferienhaus-lapalma.de\/wp-content\/uploads\/2020\/10\/pexels-photo-3642537-bike-633x950.jpeg 633w, https:\/\/dein-ferienhaus-lapalma.de\/wp-content\/uploads\/2020\/10\/pexels-photo-3642537-bike-720x1080.jpeg 720w, https:\/\/dein-ferienhaus-lapalma.de\/wp-content\/uploads\/2020\/10\/pexels-photo-3642537-bike.jpeg 1000w\" sizes=\"(max-width: 683px) 100vw, 683px\" \/>\t\t\t\t\t\t\t\t\t\t\t\t\t<\/div>\n\t\t\t\t<\/div>\n\t\t\t\t<div class=\"elementor-element elementor-element-d60711a elementor-widget elementor-widget-video\" data-id=\"d60711a\" data-element_type=\"widget\" data-settings=\"{&quot;youtube_url&quot;:&quot;https:\\\/\\\/www.youtube.com\\\/watch?v=VMeVLdnh0tk&quot;,&quot;video_type&quot;:&quot;youtube&quot;,&quot;controls&quot;:&quot;yes&quot;}\" data-widget_type=\"video.default\">\n\t\t\t\t<div class=\"elementor-widget-container\">\n\t\t\t\t\t<div class=\"elementor-wrapper elementor-open-inline\">\n\t\t\t<div class=\"elementor-video\"><\/div>\t\t<\/div>\n\t\t\t\t<\/div>\n\t\t\t\t<\/div>\n\t\t\t\t\t<\/div>\n\t\t<\/div>\n\t\t\t\t\t<\/div>\n\t\t<\/section>\n\t\t\t\t<\/div>","protected":false},"excerpt":{"rendered":"<p>La Palma op twee banden La Palma is een van de oase-eilanden voor sport op twee wielen. De orografie maakt het ideaal voor het beoefenen van deze sport. Het ruige terrein maakt het een droom voor fietsers. De routes tussen bossen en vulkanen met ... <a href=\"https:\/\/dein-ferienhaus-lapalma.de\/nl\/aktivitaeten\/biken\/\">Meer lezen<\/a><\/p>","protected":false},"author":1,"featured_media":0,"parent":36260,"menu_order":0,"comment_status":"closed","ping_status":"closed","template":"","meta":{"footnotes":""},"class_list":["post-36344","page","type-page","status-publish","hentry"],"yoast_head":"<!-- This site is optimized with the Yoast SEO Premium plugin v23.3 (Yoast SEO v27.3) - https:\/\/yoast.com\/product\/yoast-seo-premium-wordpress\/ -->\n<title>Mountainbiken - dein-ferienhaus-lapalma.de<\/title>\n<meta name=\"robots\" content=\"index, follow, max-snippet:-1, max-image-preview:large, max-video-preview:-1\" \/>\n<link rel=\"canonical\" href=\"https:\/\/dein-ferienhaus-lapalma.de\/nl\/aktivitaeten\/biken\/\" \/>\n<meta property=\"og:locale\" content=\"nl_NL\" \/>\n<meta property=\"og:type\" content=\"article\" \/>\n<meta property=\"og:title\" content=\"Mountainbiken\" \/>\n<meta property=\"og:description\" content=\"La Palma auf Zwei Reifen La Palma ist eine der Oaseninseln f\u00fcr den Zweiradsport. SeineOrographie macht ihn ideal f\u00fcr die Aus\u00fcbung dieses Sports. Sein\" \/>\n<meta property=\"og:url\" content=\"https:\/\/dein-ferienhaus-lapalma.de\/nl\/aktivitaeten\/biken\/\" \/>\n<meta property=\"og:site_name\" content=\"dein-ferienhaus-lapalma.de\" \/>\n<meta property=\"article:publisher\" content=\"https:\/\/www.facebook.com\/Dein-Ferienhaus-LaPalma-100755315590346\" \/>\n<meta property=\"article:modified_time\" content=\"2020-10-31T19:53:35+00:00\" \/>\n<meta property=\"og:image\" content=\"https:\/\/dein-ferienhaus-lapalma.de\/wp-content\/uploads\/2020\/10\/pexels-photo-2158963-bike-1-200x300.jpeg\" \/>\n<meta name=\"twitter:card\" content=\"summary_large_image\" \/>\n<meta name=\"twitter:label1\" content=\"Geschatte leestijd\" \/>\n\t<meta name=\"twitter:data1\" content=\"1 minuut\" \/>\n<script type=\"application\/ld+json\" class=\"yoast-schema-graph\">{\"@context\":\"https:\\\/\\\/schema.org\",\"@graph\":[{\"@type\":\"WebPage\",\"@id\":\"https:\\\/\\\/dein-ferienhaus-lapalma.de\\\/en\\\/aktivitaeten\\\/biken\\\/\",\"url\":\"https:\\\/\\\/dein-ferienhaus-lapalma.de\\\/en\\\/aktivitaeten\\\/biken\\\/\",\"name\":\"Mountainbiken - dein-ferienhaus-lapalma.de\",\"isPartOf\":{\"@id\":\"https:\\\/\\\/dein-ferienhaus-lapalma.de\\\/#website\"},\"primaryImageOfPage\":{\"@id\":\"https:\\\/\\\/dein-ferienhaus-lapalma.de\\\/en\\\/aktivitaeten\\\/biken\\\/#primaryimage\"},\"image\":{\"@id\":\"https:\\\/\\\/dein-ferienhaus-lapalma.de\\\/en\\\/aktivitaeten\\\/biken\\\/#primaryimage\"},\"thumbnailUrl\":\"https:\\\/\\\/dein-ferienhaus-lapalma.de\\\/wp-content\\\/uploads\\\/2020\\\/10\\\/pexels-photo-2158963-bike-1-200x300.jpeg\",\"datePublished\":\"2020-10-23T17:33:32+00:00\",\"dateModified\":\"2020-10-31T19:53:35+00:00\",\"breadcrumb\":{\"@id\":\"https:\\\/\\\/dein-ferienhaus-lapalma.de\\\/en\\\/aktivitaeten\\\/biken\\\/#breadcrumb\"},\"inLanguage\":\"nl-NL\",\"potentialAction\":[{\"@type\":\"ReadAction\",\"target\":[\"https:\\\/\\\/dein-ferienhaus-lapalma.de\\\/en\\\/aktivitaeten\\\/biken\\\/\"]}]},{\"@type\":\"ImageObject\",\"inLanguage\":\"nl-NL\",\"@id\":\"https:\\\/\\\/dein-ferienhaus-lapalma.de\\\/en\\\/aktivitaeten\\\/biken\\\/#primaryimage\",\"url\":\"https:\\\/\\\/dein-ferienhaus-lapalma.de\\\/wp-content\\\/uploads\\\/2020\\\/10\\\/pexels-photo-2158963-bike-1-200x300.jpeg\",\"contentUrl\":\"https:\\\/\\\/dein-ferienhaus-lapalma.de\\\/wp-content\\\/uploads\\\/2020\\\/10\\\/pexels-photo-2158963-bike-1-200x300.jpeg\"},{\"@type\":\"BreadcrumbList\",\"@id\":\"https:\\\/\\\/dein-ferienhaus-lapalma.de\\\/en\\\/aktivitaeten\\\/biken\\\/#breadcrumb\",\"itemListElement\":[{\"@type\":\"ListItem\",\"position\":1,\"name\":\"Home\",\"item\":\"https:\\\/\\\/dein-ferienhaus-lapalma.de\\\/\"},{\"@type\":\"ListItem\",\"position\":2,\"name\":\"Aktivit\u00e4ten\",\"item\":\"https:\\\/\\\/dein-ferienhaus-lapalma.de\\\/en\\\/aktivitaeten\\\/\"},{\"@type\":\"ListItem\",\"position\":3,\"name\":\"Mountainbiken\"}]},{\"@type\":\"WebSite\",\"@id\":\"https:\\\/\\\/dein-ferienhaus-lapalma.de\\\/#website\",\"url\":\"https:\\\/\\\/dein-ferienhaus-lapalma.de\\\/\",\"name\":\"dein-ferienhaus-lapalma.de\",\"description\":\"Tolle Ferienh\u00e4user auf La Palma\",\"publisher\":{\"@id\":\"https:\\\/\\\/dein-ferienhaus-lapalma.de\\\/#organization\"},\"potentialAction\":[{\"@type\":\"SearchAction\",\"target\":{\"@type\":\"EntryPoint\",\"urlTemplate\":\"https:\\\/\\\/dein-ferienhaus-lapalma.de\\\/?s={search_term_string}\"},\"query-input\":{\"@type\":\"PropertyValueSpecification\",\"valueRequired\":true,\"valueName\":\"search_term_string\"}}],\"inLanguage\":\"nl-NL\"},{\"@type\":\"Organization\",\"@id\":\"https:\\\/\\\/dein-ferienhaus-lapalma.de\\\/#organization\",\"name\":\"Dein Ferienhaus La Palma\",\"url\":\"https:\\\/\\\/dein-ferienhaus-lapalma.de\\\/\",\"logo\":{\"@type\":\"ImageObject\",\"inLanguage\":\"nl-NL\",\"@id\":\"https:\\\/\\\/dein-ferienhaus-lapalma.de\\\/#\\\/schema\\\/logo\\\/image\\\/\",\"url\":\"\",\"contentUrl\":\"\",\"caption\":\"Dein Ferienhaus La Palma\"},\"image\":{\"@id\":\"https:\\\/\\\/dein-ferienhaus-lapalma.de\\\/#\\\/schema\\\/logo\\\/image\\\/\"},\"sameAs\":[\"https:\\\/\\\/www.facebook.com\\\/Dein-Ferienhaus-LaPalma-100755315590346\"]}]}<\/script>\n<!-- \/ Yoast SEO Premium plugin. -->","yoast_head_json":{"title":"Mountainbiken - uw-vakantiehuis-lapalma.com","robots":{"index":"index","follow":"follow","max-snippet":"max-snippet:-1","max-image-preview":"max-image-preview:large","max-video-preview":"max-video-preview:-1"},"canonical":"https:\/\/dein-ferienhaus-lapalma.de\/nl\/aktivitaeten\/biken\/","og_locale":"nl_NL","og_type":"article","og_title":"Mountainbiken","og_description":"La Palma auf Zwei Reifen La Palma ist eine der Oaseninseln f\u00fcr den Zweiradsport. SeineOrographie macht ihn ideal f\u00fcr die Aus\u00fcbung dieses Sports. Sein","og_url":"https:\/\/dein-ferienhaus-lapalma.de\/nl\/aktivitaeten\/biken\/","og_site_name":"dein-ferienhaus-lapalma.de","article_publisher":"https:\/\/www.facebook.com\/Dein-Ferienhaus-LaPalma-100755315590346","article_modified_time":"2020-10-31T19:53:35+00:00","og_image":[{"url":"https:\/\/dein-ferienhaus-lapalma.de\/wp-content\/uploads\/2020\/10\/pexels-photo-2158963-bike-1-200x300.jpeg","type":"","width":"","height":""}],"twitter_card":"summary_large_image","twitter_misc":{"Geschatte leestijd":"1 minuut"},"schema":{"@context":"https:\/\/schema.org","@graph":[{"@type":"WebPage","@id":"https:\/\/dein-ferienhaus-lapalma.de\/en\/aktivitaeten\/biken\/","url":"https:\/\/dein-ferienhaus-lapalma.de\/en\/aktivitaeten\/biken\/","name":"Mountainbiken - uw-vakantiehuis-lapalma.com","isPartOf":{"@id":"https:\/\/dein-ferienhaus-lapalma.de\/#website"},"primaryImageOfPage":{"@id":"https:\/\/dein-ferienhaus-lapalma.de\/en\/aktivitaeten\/biken\/#primaryimage"},"image":{"@id":"https:\/\/dein-ferienhaus-lapalma.de\/en\/aktivitaeten\/biken\/#primaryimage"},"thumbnailUrl":"https:\/\/dein-ferienhaus-lapalma.de\/wp-content\/uploads\/2020\/10\/pexels-photo-2158963-bike-1-200x300.jpeg","datePublished":"2020-10-23T17:33:32+00:00","dateModified":"2020-10-31T19:53:35+00:00","breadcrumb":{"@id":"https:\/\/dein-ferienhaus-lapalma.de\/en\/aktivitaeten\/biken\/#breadcrumb"},"inLanguage":"nl-NL","potentialAction":[{"@type":"ReadAction","target":["https:\/\/dein-ferienhaus-lapalma.de\/en\/aktivitaeten\/biken\/"]}]},{"@type":"ImageObject","inLanguage":"nl-NL","@id":"https:\/\/dein-ferienhaus-lapalma.de\/en\/aktivitaeten\/biken\/#primaryimage","url":"https:\/\/dein-ferienhaus-lapalma.de\/wp-content\/uploads\/2020\/10\/pexels-photo-2158963-bike-1-200x300.jpeg","contentUrl":"https:\/\/dein-ferienhaus-lapalma.de\/wp-content\/uploads\/2020\/10\/pexels-photo-2158963-bike-1-200x300.jpeg"},{"@type":"BreadcrumbList","@id":"https:\/\/dein-ferienhaus-lapalma.de\/en\/aktivitaeten\/biken\/#breadcrumb","itemListElement":[{"@type":"ListItem","position":1,"name":"Home","item":"https:\/\/dein-ferienhaus-lapalma.de\/"},{"@type":"ListItem","position":2,"name":"Aktivit\u00e4ten","item":"https:\/\/dein-ferienhaus-lapalma.de\/en\/aktivitaeten\/"},{"@type":"ListItem","position":3,"name":"Mountainbiken"}]},{"@type":"WebSite","@id":"https:\/\/dein-ferienhaus-lapalma.de\/#website","url":"https:\/\/dein-ferienhaus-lapalma.de\/","name":"dein-ferienhaus-lapalma.de","description":"Geweldige vakantiehuizen op La Palma","publisher":{"@id":"https:\/\/dein-ferienhaus-lapalma.de\/#organization"},"potentialAction":[{"@type":"SearchAction","target":{"@type":"EntryPoint","urlTemplate":"https:\/\/dein-ferienhaus-lapalma.de\/?s={search_term_string}"},"query-input":{"@type":"PropertyValueSpecification","valueRequired":true,"valueName":"search_term_string"}}],"inLanguage":"nl-NL"},{"@type":"Organization","@id":"https:\/\/dein-ferienhaus-lapalma.de\/#organization","name":"Je vakantiehuis La Palma","url":"https:\/\/dein-ferienhaus-lapalma.de\/","logo":{"@type":"ImageObject","inLanguage":"nl-NL","@id":"https:\/\/dein-ferienhaus-lapalma.de\/#\/schema\/logo\/image\/","url":"","contentUrl":"","caption":"Dein Ferienhaus La Palma"},"image":{"@id":"https:\/\/dein-ferienhaus-lapalma.de\/#\/schema\/logo\/image\/"},"sameAs":["https:\/\/www.facebook.com\/Dein-Ferienhaus-LaPalma-100755315590346"]}]}},"_links":{"self":[{"href":"https:\/\/dein-ferienhaus-lapalma.de\/nl\/wp-json\/wp\/v2\/pages\/36344","targetHints":{"allow":["GET"]}}],"collection":[{"href":"https:\/\/dein-ferienhaus-lapalma.de\/nl\/wp-json\/wp\/v2\/pages"}],"about":[{"href":"https:\/\/dein-ferienhaus-lapalma.de\/nl\/wp-json\/wp\/v2\/types\/page"}],"author":[{"embeddable":true,"href":"https:\/\/dein-ferienhaus-lapalma.de\/nl\/wp-json\/wp\/v2\/users\/1"}],"replies":[{"embeddable":true,"href":"https:\/\/dein-ferienhaus-lapalma.de\/nl\/wp-json\/wp\/v2\/comments?post=36344"}],"version-history":[{"count":0,"href":"https:\/\/dein-ferienhaus-lapalma.de\/nl\/wp-json\/wp\/v2\/pages\/36344\/revisions"}],"up":[{"embeddable":true,"href":"https:\/\/dein-ferienhaus-lapalma.de\/nl\/wp-json\/wp\/v2\/pages\/36260"}],"wp:attachment":[{"href":"https:\/\/dein-ferienhaus-lapalma.de\/nl\/wp-json\/wp\/v2\/media?parent=36344"}],"curies":[{"name":"wp","href":"https:\/\/api.w.org\/{rel}","templated":true}]}}